{"id":11774,"date":"2024-02-19T11:49:30","date_gmt":"2024-02-19T10:49:30","guid":{"rendered":"https:\/\/agora.xtec.cat\/escsantsabdoisenen\/?page_id=11774"},"modified":"2025-10-28T13:04:57","modified_gmt":"2025-10-28T12:04:57","slug":"consell-escolar","status":"publish","type":"page","link":"https:\/\/agora.xtec.cat\/escsantsabdoisenen\/consell-escolar\/","title":{"rendered":"CONSELL ESCOLAR"},"content":{"rendered":"<h4><span style=\"color: #339966;\">Normativa<\/span><\/h4>\n<p>La Llei 19\/2014, del 29 de desembre, de transpar\u00e8ncia, acc\u00e9s a la informaci\u00f3 p\u00fablica i bon govern (en endavant, LTAIPBG), va entrar en vigor l\u20191 de juliol de 2015. Aquesta Llei regula les obligacions de publicitat activa de les administracions p\u00fabliques i detalla la informaci\u00f3 que s\u2019ha de publicar de forma obligat\u00f2ria al portal de la Transpar\u00e8ncia de la Generalitat de Catalunya. Tamb\u00e9 estableix el dret d\u2019acc\u00e9s a la informaci\u00f3 p\u00fablica per part de la ciutadania i crea la Comissi\u00f3 de Garantia del Dret d\u2019Acc\u00e9s a la Informaci\u00f3 P\u00fablica (GAIP), que \u00e9s l\u2019encarregada de vetllar pel compliment i les garanties del dret d\u2019acc\u00e9s a la informaci\u00f3 p\u00fablica. En aquest \u00e0mbit, el Departament d\u2019Educaci\u00f3 ha aprovat la seva pol\u00edtica de transpar\u00e8ncia i la Instrucci\u00f3 2\/2019, de 25 de febrer, per a la tramitaci\u00f3 de les sol\u00b7licituds de dret d\u2019acc\u00e9s a la informaci\u00f3 p\u00fablica i al compliment de les obligacions de publicitat activa, obertura de dades p\u00fabliques, bon govern i participaci\u00f3 ciutadana, que es regulen a la Llei esmentada de transpar\u00e8ncia, acc\u00e9s a la informaci\u00f3 p\u00fablica i bon govern. Els centres educatius han de publicar al seu web els documents vigents (PEC, PL, NOFC) i els acords presos al Consell escolar, aix\u00ed com els imports sobre les aportacions de les fam\u00edlies, l\u2019estructura organitzativa interna, el pressupost i els convenis vigents.<\/p>\n<h3><span style=\"color: #339966;\">ACORDS CURS 2024-25<\/span><\/h3>\n<p><a href=\"https:\/\/agora.xtec.cat\/escsantsabdoisenen\/wp-content\/uploads\/usu554\/2024\/10\/CONSELL-ESCOLAR-FIRMAR-4.pdf\"><span style=\"color: #339966;\">\u2666 Acords del Consell Escolar del dia 16\/10\/2024- ACTA 1\u00a0<\/span><\/a><\/p>\n<p><a href=\"https:\/\/drive.google.com\/file\/d\/1HSpPLBvajLVRDRZKA0oWxKyrgsGnY0lC\/view?usp=sharing\"><span style=\"color: #339966;\">\u2666<\/span>\u00a0<span style=\"color: #339966;\">Acords del Consell Escolar del dia 19\/02\/2025- ACTA 2\u00a0<\/span><\/a><\/p>\n<p><a href=\"https:\/\/drive.google.com\/file\/d\/1w4ursZircJ2Xh97mIJBDmcwVokK9YxJZ\/view?usp=sharing\"><span style=\"color: #339966;\">\u2666<\/span>\u00a0<span style=\"color: #339966;\">Acords del Consell Escolar del dia 29\/05\/2025- ACTA 3<\/span><\/a><\/p>\n<p><a href=\"https:\/\/drive.google.com\/file\/d\/14RC-F94bgfRSeK8uraFL5ZQRkBa45RlD\/view?usp=sharing\"><span style=\"color: #339966;\">\u2666\u00a0Acords del Consell Escolar del dia 07\/07\/2025- ACTA 4\u00a0\u00a0<\/span><\/a><\/p>\n<h3><\/h3>\n<h3><span style=\"color: #339966;\">ACORDS CURS 2025-26<\/span><\/h3>\n<p><span style=\"color: #339966;\"><a href=\"https:\/\/agora.xtec.cat\/escsantsabdoisenen\/wp-content\/uploads\/usu554\/2025\/10\/CONSELL-ESCOLAR-1-FIRMAR.pdf\">\u2666 Acords del Consell Escolar del dia 22\/10\/2025- ACTA\u00a0 1 <\/a>\u00a0<\/span><\/p>\n","protected":false},"excerpt":{"rendered":"<p>Normativa<br \/>\nLa Llei 19\/2014, del 29 de desembre, de transpar\u00e8ncia, acc\u00e9s a la informaci\u00f3 p\u00fablica i bon govern (en endavant, LTAIPBG), va entrar en vigor l\u20191 de juliol de 2015. Aquesta Llei regula les obligacions de publicitat activa de les administracions p\u00fabliques i detalla la informaci\u00f3&hellip;  <a href=\"https:\/\/agora.xtec.cat\/escsantsabdoisenen\/consell-escolar\/\" title=\"Read CONSELL ESCOLAR\">Llegeix m\u00e9s\u00bb<\/a><\/p>\n","protected":false},"author":8,"featured_media":0,"parent":0,"menu_order":0,"comment_status":"closed","ping_status":"closed","template":"","meta":{"_bbp_topic_count":0,"_bbp_reply_count":0,"_bbp_total_topic_count":0,"_bbp_total_reply_count":0,"_bbp_voice_count":0,"_bbp_anonymous_reply_count":0,"_bbp_topic_count_hidden":0,"_bbp_reply_count_hidden":0,"_bbp_forum_subforum_count":0,"footnotes":""},"class_list":["post-11774","page","type-page","status-publish","hentry"],"post_mailing_queue_ids":[],"_links":{"self":[{"href":"https:\/\/agora.xtec.cat\/escsantsabdoisenen\/wp-json\/wp\/v2\/pages\/11774","targetHints":{"allow":["GET"]}}],"collection":[{"href":"https:\/\/agora.xtec.cat\/escsantsabdoisenen\/wp-json\/wp\/v2\/pages"}],"about":[{"href":"https:\/\/agora.xtec.cat\/escsantsabdoisenen\/wp-json\/wp\/v2\/types\/page"}],"author":[{"embeddable":true,"href":"https:\/\/agora.xtec.cat\/escsantsabdoisenen\/wp-json\/wp\/v2\/users\/8"}],"replies":[{"embeddable":true,"href":"https:\/\/agora.xtec.cat\/escsantsabdoisenen\/wp-json\/wp\/v2\/comments?post=11774"}],"version-history":[{"count":7,"href":"https:\/\/agora.xtec.cat\/escsantsabdoisenen\/wp-json\/wp\/v2\/pages\/11774\/revisions"}],"predecessor-version":[{"id":13186,"href":"https:\/\/agora.xtec.cat\/escsantsabdoisenen\/wp-json\/wp\/v2\/pages\/11774\/revisions\/13186"}],"wp:attachment":[{"href":"https:\/\/agora.xtec.cat\/escsantsabdoisenen\/wp-json\/wp\/v2\/media?parent=11774"}],"curies":[{"name":"wp","href":"https:\/\/api.w.org\/{rel}","templated":true}]}}