{"id":64,"date":"2014-09-18T12:39:08","date_gmt":"2014-09-18T12:39:08","guid":{"rendered":"http:\/\/agora.xtec.cat\/escsantnicolau\/?page_id=64"},"modified":"2023-04-13T14:41:57","modified_gmt":"2023-04-13T12:41:57","slug":"estrategiadigital","status":"publish","type":"page","link":"https:\/\/agora.xtec.cat\/escsantnicolau\/estrategiadigital\/","title":{"rendered":"Estrat\u00e8gia digital de centre"},"content":{"rendered":"<p><span style=\"font-weight: 400;\">L\u2019Estrat\u00e8gia digital de centre s\u2019ha realitzat despr\u00e9s d\u2019una diagnosi tenint en compte: la <\/span><b>visi\u00f3 del centre<\/b><span style=\"font-weight: 400;\"> en l\u2019\u00e0mbit digital, els<\/span><b> objectius del PEC i del PdD<\/b><span style=\"font-weight: 400;\">, sense perdre de vista els <\/span><b>objectius del <\/b><a href=\"https:\/\/educacio.gencat.cat\/web\/.content\/home\/departament\/publicacions\/colleccions\/pla-educacio-digital\/pla-educacio-digital-catalunya\/pla-educacio-digital.pdf\"><b>PEDC<\/b><\/a><span style=\"font-weight: 400;\">. La comissi\u00f3 digital ha fet una selecci\u00f3 d\u2019objectius prioritaris per avan\u00e7ar i millorar la compet\u00e8ncia digital. Per cada objectiu plantejat, s\u2019han dissenyat activitats que permeten el seu assoliment amb els seus corresponents indicadors d\u2019impacte. Com l&#8217;EDC \u00e9s a mitj\u00e0 termini (4 anys), cal fer un seguiment per cursos que es far\u00e0 mitjan\u00e7ant la Programaci\u00f3 General Anual (PGA).<\/span><\/p>\n<p>&nbsp;<\/p>\n","protected":false},"excerpt":{"rendered":"<p>L\u2019Estrat\u00e8gia digital de centre s\u2019ha realitzat despr\u00e9s d\u2019una diagnosi tenint en compte: la visi\u00f3 del centre en l\u2019\u00e0mbit digital, els objectius del PEC i del PdD, sense perdre de vista els objectius del <a href=\"https:\/\/educacio.gencat.cat\/web\/.content\/home\/departament\/publicacions\/colleccions\/pla-educacio-digital\/pla-educacio-digital-catalunya\/pla-educacio-digital.pdf\">PEDC<\/a>. La comissi\u00f3 digital ha fet una selecci\u00f3 d\u2019objectius prioritaris per&hellip;  <a href=\"https:\/\/agora.xtec.cat\/escsantnicolau\/estrategiadigital\/\" title=\"Read Estrat\u00e8gia digital de centre\">Llegeix m\u00e9s\u00bb<\/a><\/p>\n","protected":false},"author":2,"featured_media":0,"parent":0,"menu_order":0,"comment_status":"closed","ping_status":"closed","template":"page-templates\/side-menu.php","meta":{"_bbp_topic_count":0,"_bbp_reply_count":0,"_bbp_total_topic_count":0,"_bbp_total_reply_count":0,"_bbp_voice_count":0,"_bbp_anonymous_reply_count":0,"_bbp_topic_count_hidden":0,"_bbp_reply_count_hidden":0,"_bbp_forum_subforum_count":0,"footnotes":""},"class_list":["post-64","page","type-page","status-publish","hentry"],"post_mailing_queue_ids":[],"_links":{"self":[{"href":"https:\/\/agora.xtec.cat\/escsantnicolau\/wp-json\/wp\/v2\/pages\/64","targetHints":{"allow":["GET"]}}],"collection":[{"href":"https:\/\/agora.xtec.cat\/escsantnicolau\/wp-json\/wp\/v2\/pages"}],"about":[{"href":"https:\/\/agora.xtec.cat\/escsantnicolau\/wp-json\/wp\/v2\/types\/page"}],"author":[{"embeddable":true,"href":"https:\/\/agora.xtec.cat\/escsantnicolau\/wp-json\/wp\/v2\/users\/2"}],"replies":[{"embeddable":true,"href":"https:\/\/agora.xtec.cat\/escsantnicolau\/wp-json\/wp\/v2\/comments?post=64"}],"version-history":[{"count":3,"href":"https:\/\/agora.xtec.cat\/escsantnicolau\/wp-json\/wp\/v2\/pages\/64\/revisions"}],"predecessor-version":[{"id":2836,"href":"https:\/\/agora.xtec.cat\/escsantnicolau\/wp-json\/wp\/v2\/pages\/64\/revisions\/2836"}],"wp:attachment":[{"href":"https:\/\/agora.xtec.cat\/escsantnicolau\/wp-json\/wp\/v2\/media?parent=64"}],"curies":[{"name":"wp","href":"https:\/\/api.w.org\/{rel}","templated":true}]}}