{"id":2715,"date":"2022-10-21T13:53:51","date_gmt":"2022-10-21T11:53:51","guid":{"rendered":"https:\/\/agora.xtec.cat\/escsantnicolau\/?page_id=2715"},"modified":"2023-01-13T12:23:31","modified_gmt":"2023-01-13T11:23:31","slug":"que-fem-a-lescola","status":"publish","type":"page","link":"https:\/\/agora.xtec.cat\/escsantnicolau\/que-fem-a-lescola\/","title":{"rendered":"Qu\u00e8 fem a l&#8217;escola?"},"content":{"rendered":"<p>AMBIENTS A INFANTIL:<\/p>\n<p class=\"western\" align=\"justify\">El treball per ambients \u00e9s una metodologia que consisteix en organitzar els alumnes en diferents espais on puguin construir els seus aprenentatges de manera espont\u00e0nia.Els nens i nenes passen a ser protagonistes on aprenen per si mateixos, lliurement i d\u2019una manera constructiva i activa.<\/p>\n<p class=\"western\" align=\"justify\"><a href=\"https:\/\/agora.xtec.cat\/escsantnicolau\/wp-content\/uploads\/usu1034\/2023\/01\/IMG_2757.jpg\"><img loading=\"lazy\" decoding=\"async\" class=\"alignnone wp-image-2721\" src=\"https:\/\/agora.xtec.cat\/escsantnicolau\/wp-content\/uploads\/usu1034\/2023\/01\/IMG_2757-1024x1024.jpg\" alt=\"\" width=\"217\" height=\"217\" srcset=\"https:\/\/agora.xtec.cat\/escsantnicolau\/wp-content\/uploads\/usu1034\/2023\/01\/IMG_2757-1024x1024.jpg 1024w, https:\/\/agora.xtec.cat\/escsantnicolau\/wp-content\/uploads\/usu1034\/2023\/01\/IMG_2757-300x300.jpg 300w, https:\/\/agora.xtec.cat\/escsantnicolau\/wp-content\/uploads\/usu1034\/2023\/01\/IMG_2757-150x150.jpg 150w, https:\/\/agora.xtec.cat\/escsantnicolau\/wp-content\/uploads\/usu1034\/2023\/01\/IMG_2757-768x768.jpg 768w, https:\/\/agora.xtec.cat\/escsantnicolau\/wp-content\/uploads\/usu1034\/2023\/01\/IMG_2757.jpg 1280w\" sizes=\"auto, (max-width: 217px) 100vw, 217px\" \/>\u00a0 \u00a0 <\/a><a href=\"https:\/\/agora.xtec.cat\/escsantnicolau\/wp-content\/uploads\/usu1034\/2023\/01\/IMG_2756.jpg\"><img loading=\"lazy\" decoding=\"async\" class=\"alignnone wp-image-2720\" src=\"https:\/\/agora.xtec.cat\/escsantnicolau\/wp-content\/uploads\/usu1034\/2023\/01\/IMG_2756-1024x1024.jpg\" alt=\"\" width=\"202\" height=\"202\" srcset=\"https:\/\/agora.xtec.cat\/escsantnicolau\/wp-content\/uploads\/usu1034\/2023\/01\/IMG_2756-1024x1024.jpg 1024w, https:\/\/agora.xtec.cat\/escsantnicolau\/wp-content\/uploads\/usu1034\/2023\/01\/IMG_2756-300x300.jpg 300w, https:\/\/agora.xtec.cat\/escsantnicolau\/wp-content\/uploads\/usu1034\/2023\/01\/IMG_2756-150x150.jpg 150w, https:\/\/agora.xtec.cat\/escsantnicolau\/wp-content\/uploads\/usu1034\/2023\/01\/IMG_2756-768x768.jpg 768w, https:\/\/agora.xtec.cat\/escsantnicolau\/wp-content\/uploads\/usu1034\/2023\/01\/IMG_2756.jpg 1080w\" sizes=\"auto, (max-width: 202px) 100vw, 202px\" \/>\u00a0 \u00a0<\/a><a href=\"https:\/\/agora.xtec.cat\/escsantnicolau\/wp-content\/uploads\/usu1034\/2023\/01\/IMG_2755.jpg\"><img loading=\"lazy\" decoding=\"async\" class=\"alignnone wp-image-2722\" src=\"https:\/\/agora.xtec.cat\/escsantnicolau\/wp-content\/uploads\/usu1034\/2023\/01\/IMG_2755-1024x1024.jpg\" alt=\"\" width=\"202\" height=\"202\" srcset=\"https:\/\/agora.xtec.cat\/escsantnicolau\/wp-content\/uploads\/usu1034\/2023\/01\/IMG_2755-1024x1024.jpg 1024w, https:\/\/agora.xtec.cat\/escsantnicolau\/wp-content\/uploads\/usu1034\/2023\/01\/IMG_2755-300x300.jpg 300w, https:\/\/agora.xtec.cat\/escsantnicolau\/wp-content\/uploads\/usu1034\/2023\/01\/IMG_2755-150x150.jpg 150w, https:\/\/agora.xtec.cat\/escsantnicolau\/wp-content\/uploads\/usu1034\/2023\/01\/IMG_2755-768x768.jpg 768w, https:\/\/agora.xtec.cat\/escsantnicolau\/wp-content\/uploads\/usu1034\/2023\/01\/IMG_2755.jpg 1280w\" sizes=\"auto, (max-width: 202px) 100vw, 202px\" \/><\/a><\/p>\n<p>TREBALL GLOBALITZAT:<\/p>\n<p>Des de l&#8217;escola\u00a0 apostem per un aprenentatge globalitzat, a partir de diferents metodologies basades en la resoluci\u00f3 de problemes, l\u2019aprenentatge per descobriment, o partint d&#8217;una pregunta oberta. A m\u00e9s, pretenem donar el protagonisme a l\u2019alumnat, fent-lo responsable del seu propi aprenentatge. El nostre objectiu \u00e9s abordar els continguts de forma globalitzada.<\/p>\n<p><a href=\"https:\/\/agora.xtec.cat\/escsantnicolau\/wp-content\/uploads\/usu1034\/2023\/01\/photo_5827897946815970223_y.jpg\"><img loading=\"lazy\" decoding=\"async\" class=\"alignnone wp-image-2724\" src=\"https:\/\/agora.xtec.cat\/escsantnicolau\/wp-content\/uploads\/usu1034\/2023\/01\/photo_5827897946815970223_y-1024x766.jpg\" alt=\"\" width=\"258\" height=\"193\" srcset=\"https:\/\/agora.xtec.cat\/escsantnicolau\/wp-content\/uploads\/usu1034\/2023\/01\/photo_5827897946815970223_y-1024x766.jpg 1024w, https:\/\/agora.xtec.cat\/escsantnicolau\/wp-content\/uploads\/usu1034\/2023\/01\/photo_5827897946815970223_y-300x225.jpg 300w, https:\/\/agora.xtec.cat\/escsantnicolau\/wp-content\/uploads\/usu1034\/2023\/01\/photo_5827897946815970223_y-768x575.jpg 768w, https:\/\/agora.xtec.cat\/escsantnicolau\/wp-content\/uploads\/usu1034\/2023\/01\/photo_5827897946815970223_y-200x150.jpg 200w, https:\/\/agora.xtec.cat\/escsantnicolau\/wp-content\/uploads\/usu1034\/2023\/01\/photo_5827897946815970223_y.jpg 1280w\" sizes=\"auto, (max-width: 258px) 100vw, 258px\" \/><\/a> <a href=\"https:\/\/agora.xtec.cat\/escsantnicolau\/wp-content\/uploads\/usu1034\/2023\/01\/photo_5841494808252759000_y.jpg\"><img loading=\"lazy\" decoding=\"async\" class=\"alignnone wp-image-2725\" src=\"https:\/\/agora.xtec.cat\/escsantnicolau\/wp-content\/uploads\/usu1034\/2023\/01\/photo_5841494808252759000_y-1024x768.jpg\" alt=\"\" width=\"262\" height=\"196\" srcset=\"https:\/\/agora.xtec.cat\/escsantnicolau\/wp-content\/uploads\/usu1034\/2023\/01\/photo_5841494808252759000_y-1024x768.jpg 1024w, https:\/\/agora.xtec.cat\/escsantnicolau\/wp-content\/uploads\/usu1034\/2023\/01\/photo_5841494808252759000_y-300x225.jpg 300w, https:\/\/agora.xtec.cat\/escsantnicolau\/wp-content\/uploads\/usu1034\/2023\/01\/photo_5841494808252759000_y-768x576.jpg 768w, https:\/\/agora.xtec.cat\/escsantnicolau\/wp-content\/uploads\/usu1034\/2023\/01\/photo_5841494808252759000_y-200x150.jpg 200w, https:\/\/agora.xtec.cat\/escsantnicolau\/wp-content\/uploads\/usu1034\/2023\/01\/photo_5841494808252759000_y.jpg 1280w\" sizes=\"auto, (max-width: 262px) 100vw, 262px\" \/><\/a> <a href=\"https:\/\/agora.xtec.cat\/escsantnicolau\/wp-content\/uploads\/usu1034\/2023\/01\/photo_5825646147002284589_y.jpg\"><img loading=\"lazy\" decoding=\"async\" class=\"alignnone wp-image-2723\" src=\"https:\/\/agora.xtec.cat\/escsantnicolau\/wp-content\/uploads\/usu1034\/2023\/01\/photo_5825646147002284589_y-768x1024.jpg\" alt=\"\" width=\"169\" height=\"226\" srcset=\"https:\/\/agora.xtec.cat\/escsantnicolau\/wp-content\/uploads\/usu1034\/2023\/01\/photo_5825646147002284589_y-768x1024.jpg 768w, https:\/\/agora.xtec.cat\/escsantnicolau\/wp-content\/uploads\/usu1034\/2023\/01\/photo_5825646147002284589_y-225x300.jpg 225w, https:\/\/agora.xtec.cat\/escsantnicolau\/wp-content\/uploads\/usu1034\/2023\/01\/photo_5825646147002284589_y.jpg 960w\" sizes=\"auto, (max-width: 169px) 100vw, 169px\" \/><\/a><\/p>\n<p>ROB\u00d2TICA:<\/p>\n<p>Els objectius principals de les capses\u00a0<strong>Lego Wedo 2.0<\/strong>\u00a0s\u00f3n introduir l\u2019alumnat i el professorat d\u2019ensenyament primari i\u00a0 secundari en els conceptes b\u00e0sics de:<\/p>\n<ul>\n<li>Investigar, crear models i dissenyar solucions.<\/li>\n<li>Involucrar a l\u2019alumnat en les ci\u00e8ncies, al convertir-les en una cosa real i rellevant.<\/li>\n<li>Generar habilitats b\u00e0siques de programaci\u00f3, pensament cr\u00edtic i resoluci\u00f3 de problemes.<\/li>\n<li>Impulsar habilitats de col\u00b7laboraci\u00f3 i presentaci\u00f3.<\/li>\n<li>Millorar l\u2019\u00fas de la tecnologia instrumental promovent l\u2019empoderament de les dones.<\/li>\n<\/ul>\n<p>La rob\u00f2tica educativa tamb\u00e9 vol fomentar l\u2019inter\u00e8s i\u00a0<strong>crear vocacions<\/strong>\u00a0dels alumnes per les disciplines\u00a0<strong>cientifico-t\u00e8cniques,<\/strong>\u00a0i crear una<strong>\u00a0xarxa d\u2019intercanvi de coneixement i col\u00b7laboraci\u00f3 permanent<\/strong>\u00a0entre professional investigador i docents en actiu.<\/p>\n<p><a href=\"https:\/\/agora.xtec.cat\/escsantnicolau\/wp-content\/uploads\/usu1034\/2023\/01\/IMG_3390.jpg\"><img loading=\"lazy\" decoding=\"async\" class=\"alignnone wp-image-2718\" src=\"https:\/\/agora.xtec.cat\/escsantnicolau\/wp-content\/uploads\/usu1034\/2023\/01\/IMG_3390.jpg\" alt=\"\" width=\"390\" height=\"381\" srcset=\"https:\/\/agora.xtec.cat\/escsantnicolau\/wp-content\/uploads\/usu1034\/2023\/01\/IMG_3390.jpg 828w, https:\/\/agora.xtec.cat\/escsantnicolau\/wp-content\/uploads\/usu1034\/2023\/01\/IMG_3390-300x293.jpg 300w, https:\/\/agora.xtec.cat\/escsantnicolau\/wp-content\/uploads\/usu1034\/2023\/01\/IMG_3390-768x750.jpg 768w\" sizes=\"auto, (max-width: 390px) 100vw, 390px\" \/><\/a><\/p>\n<p>INNOVAMAT:<\/p>\n<p><strong>Innovamat<\/strong> \u00e9s una proposta de matem\u00e0tiques per a l\u2019aula d\u2019Infantil i Prim\u00e0ria que vetlla per aconseguir que els infants\u00a0aprenguin de manera m\u00e9s\u00a0<b>competencial\u00a0<\/b>i\u00a0<b>significativa<\/b>, a trav\u00e9s de la\u00a0<b>manipulaci\u00f3\u00a0<\/b>i la\u00a0<b>conversa<\/b>.<\/p>\n<p><iframe loading=\"lazy\" title=\"Innovamat: qu\u00e8 \u00e9s fer matem\u00e0tiques?\" width=\"500\" height=\"281\" src=\"https:\/\/www.youtube.com\/embed\/pERXXiZjS14?start=84&#038;feature=oembed\" frameborder=\"0\" allow=\"accelerometer; autoplay; clipboard-write; encrypted-media; gyroscope; picture-in-picture; web-share\" referrerpolicy=\"strict-origin-when-cross-origin\" allowfullscreen><\/iframe><\/p>\n","protected":false},"excerpt":{"rendered":"<p>AMBIENTS A INFANTIL:<br \/>\nEl treball per ambients \u00e9s una metodologia que consisteix en organitzar els alumnes en diferents espais on puguin construir els seus aprenentatges de manera espont\u00e0nia.Els nens i nenes passen a ser protagonistes on aprenen per si mateixos, lliurement i d\u2019una manera constructiva i&hellip;  <a href=\"https:\/\/agora.xtec.cat\/escsantnicolau\/que-fem-a-lescola\/\" title=\"Read Qu\u00e8 fem a l&#8217;escola?\">Llegeix m\u00e9s\u00bb<\/a><\/p>\n","protected":false},"author":1,"featured_media":0,"parent":0,"menu_order":0,"comment_status":"closed","ping_status":"closed","template":"","meta":{"_bbp_topic_count":0,"_bbp_reply_count":0,"_bbp_total_topic_count":0,"_bbp_total_reply_count":0,"_bbp_voice_count":0,"_bbp_anonymous_reply_count":0,"_bbp_topic_count_hidden":0,"_bbp_reply_count_hidden":0,"_bbp_forum_subforum_count":0,"footnotes":""},"class_list":["post-2715","page","type-page","status-publish","hentry"],"post_mailing_queue_ids":[],"_links":{"self":[{"href":"https:\/\/agora.xtec.cat\/escsantnicolau\/wp-json\/wp\/v2\/pages\/2715","targetHints":{"allow":["GET"]}}],"collection":[{"href":"https:\/\/agora.xtec.cat\/escsantnicolau\/wp-json\/wp\/v2\/pages"}],"about":[{"href":"https:\/\/agora.xtec.cat\/escsantnicolau\/wp-json\/wp\/v2\/types\/page"}],"author":[{"embeddable":true,"href":"https:\/\/agora.xtec.cat\/escsantnicolau\/wp-json\/wp\/v2\/users\/1"}],"replies":[{"embeddable":true,"href":"https:\/\/agora.xtec.cat\/escsantnicolau\/wp-json\/wp\/v2\/comments?post=2715"}],"version-history":[{"count":3,"href":"https:\/\/agora.xtec.cat\/escsantnicolau\/wp-json\/wp\/v2\/pages\/2715\/revisions"}],"predecessor-version":[{"id":2719,"href":"https:\/\/agora.xtec.cat\/escsantnicolau\/wp-json\/wp\/v2\/pages\/2715\/revisions\/2719"}],"wp:attachment":[{"href":"https:\/\/agora.xtec.cat\/escsantnicolau\/wp-json\/wp\/v2\/media?parent=2715"}],"curies":[{"name":"wp","href":"https:\/\/api.w.org\/{rel}","templated":true}]}}