{"id":26,"date":"2014-09-18T12:24:32","date_gmt":"2014-09-18T12:24:32","guid":{"rendered":"http:\/\/agora.xtec.cat\/escsantnicolau\/?page_id=26"},"modified":"2015-07-24T20:38:49","modified_gmt":"2015-07-24T19:38:49","slug":"historia","status":"publish","type":"page","link":"https:\/\/agora.xtec.cat\/escsantnicolau\/lescola\/historia\/","title":{"rendered":"Hist\u00f2ria"},"content":{"rendered":"<p>&#8220;L&#8217;educaci\u00f3 \u00e9s un art dif\u00edcil, perqu\u00e8 s&#8217;ha de saber dirigir sense ofegar. El nen \u00e9s com un motor que s&#8217;ha d&#8217;esmotllar. Ha de c\u00f3rrer s\u00ed, per\u00f2 no de forma que l&#8217;inutilitzi per futures etapes de la seva vida. El terme mig \u00e9s dif\u00edcil en tot i en l&#8217;educaci\u00f3 ho \u00e9s en particular&#8221;. Amb aquestes paraules s&#8217;inaugurava el 8 de desembre del 1974 l&#8217;escola Sant Nicolau.<\/p>\n<p>&nbsp;<\/p>\n","protected":false},"excerpt":{"rendered":"<p>&#8220;L&#8217;educaci\u00f3 \u00e9s un art dif\u00edcil, perqu\u00e8 s&#8217;ha de saber dirigir sense ofegar. El nen \u00e9s com un motor que s&#8217;ha d&#8217;esmotllar. Ha de c\u00f3rrer s\u00ed, per\u00f2 no de forma que l&#8217;inutilitzi per futures etapes de la seva vida. El terme mig \u00e9s dif\u00edcil en tot&hellip;  <a href=\"https:\/\/agora.xtec.cat\/escsantnicolau\/lescola\/historia\/\" title=\"Read Hist\u00f2ria\">Llegeix m\u00e9s\u00bb<\/a><\/p>\n","protected":false},"author":2,"featured_media":0,"parent":22,"menu_order":20,"comment_status":"closed","ping_status":"closed","template":"page-templates\/side-menu.php","meta":{"_bbp_topic_count":0,"_bbp_reply_count":0,"_bbp_total_topic_count":0,"_bbp_total_reply_count":0,"_bbp_voice_count":0,"_bbp_anonymous_reply_count":0,"_bbp_topic_count_hidden":0,"_bbp_reply_count_hidden":0,"_bbp_forum_subforum_count":0,"footnotes":""},"class_list":["post-26","page","type-page","status-publish","hentry"],"post_mailing_queue_ids":[],"_links":{"self":[{"href":"https:\/\/agora.xtec.cat\/escsantnicolau\/wp-json\/wp\/v2\/pages\/26","targetHints":{"allow":["GET"]}}],"collection":[{"href":"https:\/\/agora.xtec.cat\/escsantnicolau\/wp-json\/wp\/v2\/pages"}],"about":[{"href":"https:\/\/agora.xtec.cat\/escsantnicolau\/wp-json\/wp\/v2\/types\/page"}],"author":[{"embeddable":true,"href":"https:\/\/agora.xtec.cat\/escsantnicolau\/wp-json\/wp\/v2\/users\/2"}],"replies":[{"embeddable":true,"href":"https:\/\/agora.xtec.cat\/escsantnicolau\/wp-json\/wp\/v2\/comments?post=26"}],"version-history":[{"count":2,"href":"https:\/\/agora.xtec.cat\/escsantnicolau\/wp-json\/wp\/v2\/pages\/26\/revisions"}],"predecessor-version":[{"id":173,"href":"https:\/\/agora.xtec.cat\/escsantnicolau\/wp-json\/wp\/v2\/pages\/26\/revisions\/173"}],"up":[{"embeddable":true,"href":"https:\/\/agora.xtec.cat\/escsantnicolau\/wp-json\/wp\/v2\/pages\/22"}],"wp:attachment":[{"href":"https:\/\/agora.xtec.cat\/escsantnicolau\/wp-json\/wp\/v2\/media?parent=26"}],"curies":[{"name":"wp","href":"https:\/\/api.w.org\/{rel}","templated":true}]}}