{"id":678,"date":"2020-12-04T11:04:17","date_gmt":"2020-12-04T10:04:17","guid":{"rendered":"https:\/\/agora.xtec.cat\/escsantllatzer\/?page_id=678"},"modified":"2025-10-27T09:27:36","modified_gmt":"2025-10-27T08:27:36","slug":"capsules-digitals","status":"publish","type":"page","link":"https:\/\/agora.xtec.cat\/escsantllatzer\/capsules-digitals\/","title":{"rendered":"C\u00c0PSULES DIGITALS"},"content":{"rendered":"<table style=\"border-collapse: collapse; width: 100%;\">\n<tbody>\n<tr>\n<td style=\"width: 50%;\">En\u00a0 aquest espai us compartim una presentaci\u00f3 amb les diferents eines digitals d&#8217;aprenentatge i comunicaci\u00f3 que us poden ser \u00fatils consultar.<\/p>\n<p>(Cliqueu a sobre de la imatge situada a la dreta).<\/td>\n<td style=\"width: 50%;\"><a href=\"https:\/\/drive.google.com\/file\/d\/1_wy3lpdkh4p-SDhIlEWMr1WNU25YqmNd\/view?usp=sharing\"><img loading=\"lazy\" decoding=\"async\" class=\"aligncenter wp-image-1673 size-medium\" src=\"https:\/\/agora.xtec.cat\/escsantllatzer\/wp-content\/uploads\/usu2138\/2025\/10\/Captura-de-pantalla-2025-10-23-141131-210x300.png\" alt=\"\" width=\"210\" height=\"300\" srcset=\"https:\/\/agora.xtec.cat\/escsantllatzer\/wp-content\/uploads\/usu2138\/2025\/10\/Captura-de-pantalla-2025-10-23-141131-210x300.png 210w, https:\/\/agora.xtec.cat\/escsantllatzer\/wp-content\/uploads\/usu2138\/2025\/10\/Captura-de-pantalla-2025-10-23-141131.png 616w\" sizes=\"auto, (max-width: 210px) 100vw, 210px\" \/><\/a><\/td>\n<\/tr>\n<\/tbody>\n<\/table>\n<p>A m\u00e9s a m\u00e9s, us adjuntem diferents tutorials que us poden ajudar en l&#8217;\u00fas d&#8217;aquestes eines.<\/p>\n<ul>\n<li><a href=\"https:\/\/drive.google.com\/file\/d\/1u1lAtABAaQT8YJ6Lcalpfnxka-Zf8fsf\/view?usp=sharing\">Com iniciar sessi\u00f3 a Google Classroom<\/a><\/li>\n<li><a href=\"https:\/\/drive.google.com\/file\/d\/183CqmGlQTSWklXK4k0gOKLixanyTTs8B\/view?usp=sharing\">Com penjar una tasca a Google Classroom<\/a><\/li>\n<li><a href=\"https:\/\/drive.google.com\/file\/d\/1NX5v8ey_XqLVpkTJnDGmzDLmXLZzAIxu\/view?usp=sharing\">Com penjar un arxiu del Drive a una tasca del Google Classroom<\/a><\/li>\n<li><a href=\"https:\/\/drive.google.com\/file\/d\/1Jojh0xXyCWb5wx9LZYzObFsfTXJxeojK\/view\">Orientacions per fer les maletes viatgeres<\/a><\/li>\n<\/ul>\n<p>Esperem que us siguin interessants i d&#8217;ajuda.<\/p>\n<p>&nbsp;<\/p>\n<p>&nbsp;<\/p>\n<p><!--a=1--><\/p>\n<p><!--a=1--><!--a=1--><\/p>\n<p><!--a=1--><\/p>\n<p><!--a=1--><\/p>\n<p><!--a=1--><\/p>\n<p><!--a=1--><\/p>\n<p><!--a=1--><\/p>\n<p><!--a=1--><\/p>\n<p><!----comment node----><!--a=1--><\/p>\n","protected":false},"excerpt":{"rendered":"<p>En\u00a0 aquest espai us compartim una presentaci\u00f3 amb les diferents eines digitals d&#8217;aprenentatge i comunicaci\u00f3 que us poden ser \u00fatils consultar. (Cliqueu a sobre de la imatge situada a la dreta). A m\u00e9s a m\u00e9s, us adjuntem diferents tutorials que us poden ajudar en l&#8217;\u00fas d&#8217;aquestes eines. Com iniciar sessi\u00f3 a Google Classroom Com penjar [&hellip;]<\/p>\n","protected":false},"author":1,"featured_media":0,"parent":0,"menu_order":0,"comment_status":"closed","ping_status":"closed","template":"","meta":{"_bbp_topic_count":0,"_bbp_reply_count":0,"_bbp_total_topic_count":0,"_bbp_total_reply_count":0,"_bbp_voice_count":0,"_bbp_anonymous_reply_count":0,"_bbp_topic_count_hidden":0,"_bbp_reply_count_hidden":0,"_bbp_forum_subforum_count":0,"site-sidebar-layout":"no-sidebar","site-content-layout":"","ast-site-content-layout":"default","site-content-style":"default","site-sidebar-style":"default","ast-global-header-display":"","ast-banner-title-visibility":"","ast-main-header-display":"","ast-hfb-above-header-display":"","ast-hfb-below-header-display":"","ast-hfb-mobile-header-display":"","site-post-title":"","ast-breadcrumbs-content":"","ast-featured-img":"","footer-sml-layout":"","theme-transparent-header-meta":"default","adv-header-id-meta":"","stick-header-meta":"","header-above-stick-meta":"","header-main-stick-meta":"","header-below-stick-meta":"","astra-migrate-meta-layouts":"set","ast-page-background-enabled":"default","ast-page-background-meta":{"desktop":{"background-color":"var(--ast-global-color-4)","background-image":"","background-repeat":"repeat","background-position":"center center","background-size":"auto","background-attachment":"scroll","background-type":"","background-media":"","overlay-type":"","overlay-color":"","overlay-opacity":"","overlay-gradient":""},"tablet":{"background-color":"","background-image":"","background-repeat":"repeat","background-position":"center center","background-size":"auto","background-attachment":"scroll","background-type":"","background-media":"","overlay-type":"","overlay-color":"","overlay-opacity":"","overlay-gradient":""},"mobile":{"background-color":"","background-image":"","background-repeat":"repeat","background-position":"center center","background-size":"auto","background-attachment":"scroll","background-type":"","background-media":"","overlay-type":"","overlay-color":"","overlay-opacity":"","overlay-gradient":""}},"ast-content-background-meta":{"desktop":{"background-color":"var(--ast-global-color-5)","background-image":"","background-repeat":"repeat","background-position":"center center","background-size":"auto","background-attachment":"scroll","background-type":"","background-media":"","overlay-type":"","overlay-color":"","overlay-opacity":"","overlay-gradient":""},"tablet":{"background-color":"var(--ast-global-color-5)","background-image":"","background-repeat":"repeat","background-position":"center center","background-size":"auto","background-attachment":"scroll","background-type":"","background-media":"","overlay-type":"","overlay-color":"","overlay-opacity":"","overlay-gradient":""},"mobile":{"background-color":"var(--ast-global-color-5)","background-image":"","background-repeat":"repeat","background-position":"center center","background-size":"auto","background-attachment":"scroll","background-type":"","background-media":"","overlay-type":"","overlay-color":"","overlay-opacity":"","overlay-gradient":""}},"footnotes":""},"class_list":["post-678","page","type-page","status-publish","hentry"],"post_mailing_queue_ids":[],"_links":{"self":[{"href":"https:\/\/agora.xtec.cat\/escsantllatzer\/wp-json\/wp\/v2\/pages\/678","targetHints":{"allow":["GET"]}}],"collection":[{"href":"https:\/\/agora.xtec.cat\/escsantllatzer\/wp-json\/wp\/v2\/pages"}],"about":[{"href":"https:\/\/agora.xtec.cat\/escsantllatzer\/wp-json\/wp\/v2\/types\/page"}],"author":[{"embeddable":true,"href":"https:\/\/agora.xtec.cat\/escsantllatzer\/wp-json\/wp\/v2\/users\/1"}],"replies":[{"embeddable":true,"href":"https:\/\/agora.xtec.cat\/escsantllatzer\/wp-json\/wp\/v2\/comments?post=678"}],"version-history":[{"count":6,"href":"https:\/\/agora.xtec.cat\/escsantllatzer\/wp-json\/wp\/v2\/pages\/678\/revisions"}],"predecessor-version":[{"id":1894,"href":"https:\/\/agora.xtec.cat\/escsantllatzer\/wp-json\/wp\/v2\/pages\/678\/revisions\/1894"}],"wp:attachment":[{"href":"https:\/\/agora.xtec.cat\/escsantllatzer\/wp-json\/wp\/v2\/media?parent=678"}],"curies":[{"name":"wp","href":"https:\/\/api.w.org\/{rel}","templated":true}]}}