{"id":598,"date":"2020-04-06T10:38:08","date_gmt":"2020-04-06T08:38:08","guid":{"rendered":"https:\/\/agora.xtec.cat\/escsantllatzer\/?page_id=598"},"modified":"2025-11-10T09:57:03","modified_gmt":"2025-11-10T08:57:03","slug":"projectes","status":"publish","type":"page","link":"https:\/\/agora.xtec.cat\/escsantllatzer\/projectes\/","title":{"rendered":"Projectes"},"content":{"rendered":"<p>Actualment, l&#8217;escola est\u00e0 duent a terme diversos projectes. Aquests projectes enriqueixen les nostres experi\u00e8ncies d\u2019aprenentatge i enforteixen la nostra l\u00ednia de centre.<\/p>\n<table style=\"border-collapse: collapse; width: 100%;\">\n<tbody>\n<tr>\n<td style=\"width: 33.3333%;\"><a href=\"https:\/\/agora.xtec.cat\/escsantllatzer\/wp-content\/uploads\/usu2138\/2025\/10\/FAIG.jpg\"><img loading=\"lazy\" decoding=\"async\" class=\"aligncenter size-medium wp-image-1858\" src=\"https:\/\/agora.xtec.cat\/escsantllatzer\/wp-content\/uploads\/usu2138\/2025\/10\/FAIG-300x166.jpg\" alt=\"\" width=\"300\" height=\"166\" srcset=\"https:\/\/agora.xtec.cat\/escsantllatzer\/wp-content\/uploads\/usu2138\/2025\/10\/FAIG-300x166.jpg 300w, https:\/\/agora.xtec.cat\/escsantllatzer\/wp-content\/uploads\/usu2138\/2025\/10\/FAIG-768x424.jpg 768w, https:\/\/agora.xtec.cat\/escsantllatzer\/wp-content\/uploads\/usu2138\/2025\/10\/FAIG.jpg 987w\" sizes=\"auto, (max-width: 300px) 100vw, 300px\" \/><\/a><\/td>\n<td style=\"width: 33.3333%;\"><a href=\"https:\/\/agora.xtec.cat\/escsantllatzer\/wp-content\/uploads\/usu2138\/2025\/10\/Logo-cb.jpg\"><img loading=\"lazy\" decoding=\"async\" class=\"aligncenter size-medium wp-image-1859\" src=\"https:\/\/agora.xtec.cat\/escsantllatzer\/wp-content\/uploads\/usu2138\/2025\/10\/Logo-cb-300x106.jpg\" alt=\"\" width=\"300\" height=\"106\" srcset=\"https:\/\/agora.xtec.cat\/escsantllatzer\/wp-content\/uploads\/usu2138\/2025\/10\/Logo-cb-300x106.jpg 300w, https:\/\/agora.xtec.cat\/escsantllatzer\/wp-content\/uploads\/usu2138\/2025\/10\/Logo-cb-1024x363.jpg 1024w, https:\/\/agora.xtec.cat\/escsantllatzer\/wp-content\/uploads\/usu2138\/2025\/10\/Logo-cb-768x272.jpg 768w, https:\/\/agora.xtec.cat\/escsantllatzer\/wp-content\/uploads\/usu2138\/2025\/10\/Logo-cb-1536x544.jpg 1536w, https:\/\/agora.xtec.cat\/escsantllatzer\/wp-content\/uploads\/usu2138\/2025\/10\/Logo-cb.jpg 2048w\" sizes=\"auto, (max-width: 300px) 100vw, 300px\" \/><\/a><\/td>\n<td style=\"width: 33.3333%;\"><a href=\"https:\/\/agora.xtec.cat\/escsantllatzer\/wp-content\/uploads\/usu2138\/2025\/10\/LOGO-pmoe-proa.png\"><img loading=\"lazy\" decoding=\"async\" class=\"aligncenter size-medium wp-image-1860\" src=\"https:\/\/agora.xtec.cat\/escsantllatzer\/wp-content\/uploads\/usu2138\/2025\/10\/LOGO-pmoe-proa-300x180.png\" alt=\"\" width=\"300\" height=\"180\" srcset=\"https:\/\/agora.xtec.cat\/escsantllatzer\/wp-content\/uploads\/usu2138\/2025\/10\/LOGO-pmoe-proa-300x180.png 300w, https:\/\/agora.xtec.cat\/escsantllatzer\/wp-content\/uploads\/usu2138\/2025\/10\/LOGO-pmoe-proa.png 375w\" sizes=\"auto, (max-width: 300px) 100vw, 300px\" \/><\/a><\/td>\n<\/tr>\n<\/tbody>\n<\/table>\n<h2><b>FAIG (Fer per Aprendre, Imaginant Globalment)<\/b><b>\u00a0<\/b><\/h2>\n<p><span style=\"font-weight: 400;\">Aquest curs encetem el <\/span><b>quart i \u00faltim any<\/b><span style=\"font-weight: 400;\"> del projecte d&#8217;Innovaci\u00f3 Educativa <\/span><b>FAIG (Fer per Aprendre, Imaginant Globalment)<\/b><span style=\"font-weight: 400;\">, impulsat pel Cesire i el Departament d\u2019Educaci\u00f3 juntament amb la resta de centres pilots de Catalunya participants en aquesta iniciativa transformadora.<\/span><\/p>\n<p><span style=\"font-weight: 400;\">Durant aquests anys de reflexi\u00f3 i formaci\u00f3 intensa en clau digital i metodologia STEAM (Ci\u00e8ncia, Tecnologia, Enginyeria, Art i Matem\u00e0tiques), hem aconseguit un gran \u00e8xit: la <\/span><b>consolidaci\u00f3 de l&#8217;Aprenentatge per Projectes (AxP)<\/b><span style=\"font-weight: 400;\"> a l&#8217;escola.<\/span><\/p>\n<p><span style=\"font-weight: 400;\">El programa FAIG \u00e9s una oportunitat que ens permet crear entorns d\u2019aprenentatge amb sentit, on seguir posant l\u2019alumnat al centre, sentint la seva veu per a crear un m\u00f3n millor on viure i conviure.<\/span><\/p>\n<p><span style=\"font-weight: 400;\">Us convidem a visitar la seva<\/span><a href=\"https:\/\/serveiseducatius.xtec.cat\/cesire\/faig-fent-per-aprendre-imaginant-globalment\/\"><span style=\"font-weight: 400;\"> p\u00e0gina web<\/span><\/a><span style=\"font-weight: 400;\">, on podreu veure de manera m\u00e9s detallada informaci\u00f3 sobre aquest programa.<\/span><\/p>\n<h2><b>Xarxa de compet\u00e8ncies<\/b><\/h2>\n<p><span style=\"font-weight: 400;\">El curs 2023-24 vam prendre la decisi\u00f3 d\u2019entrat a formar part de la Xarxa de Compet\u00e8ncies amb l\u2019objectiu d\u2019enriquir el nostre Projecte Educatiu de Centre.<\/span><\/p>\n<p><span style=\"font-weight: 400;\">La <\/span><a href=\"https:\/\/xtec.gencat.cat\/ca\/curriculum\/xarxa-de-competencies\/\"><span style=\"font-weight: 400;\">Xarxa de Compet\u00e8ncie<\/span><span style=\"font-weight: 400;\">s<\/span><\/a><span style=\"font-weight: 400;\"> \u00e9s una modalitat de formaci\u00f3 i desenvolupament professional docent basat en <strong>l\u2019aprenentatge entre iguals i en xarxa<\/strong>, promoguda pel Departament d\u2019Educaci\u00f3, dins el seu pla de formaci\u00f3 permanent. La Xarxa de Compet\u00e8ncies est\u00e0 formada per equips docents de centres d\u2019educaci\u00f3 infantil, prim\u00e0ria, secund\u00e0ria i batxillerat que <strong>volen iniciar, mantenir o consolidar processos de reflexi\u00f3-acci\u00f3 en equip i en xarxa per transformar l\u2019escola<\/strong> en un espai que afavoreixi l\u2019aprenentatge i ajudi els docents a millorar el seu desenvolupament professional i als centres a constituir-se en organitzacions que aprenen.<\/span><\/p>\n<h2><b>PMOE-PROA+<\/b><\/h2>\n<p><span style=\"font-weight: 400;\">Des del curs 24\/25, l\u2019escola forma part del programa Pla de millora d&#8217;oportunitats educatives (PMOE &#8211; PROA+), un projecte finan\u00e7at pel Ministeri d\u2019Educaci\u00f3 i Formaci\u00f3 Professional, destinat a impulsar la <\/span><b>transformaci\u00f3 metodol\u00f2gica<\/b><span style=\"font-weight: 400;\"> i garantir l&#8217;<\/span><b>\u00e8xit educatiu<\/b><span style=\"font-weight: 400;\"> de tot l&#8217;alumnat. Aquest programa permet als centres dissenyar i implementar el seu propi <\/span><b>Pla Estrat\u00e8gic de Millora (PEM)<\/b><span style=\"font-weight: 400;\"> amb una visi\u00f3 a llarg termini (2024-2028).<\/span><\/p>\n<p><span style=\"font-weight: 400;\">A trav\u00e9s d\u2019aquest programa podem:<\/span><\/p>\n<ul>\n<li style=\"font-weight: 400;\" aria-level=\"1\"><b>Consolidar la Innovaci\u00f3:<\/b><span style=\"font-weight: 400;\"> Ens dota de recursos per enfortir i fer sostenibles els nostres <\/span><b>projectes<\/b><span style=\"font-weight: 400;\"> garantint el seu manteniment a mitj\u00e0 i llarg termini.<\/span><\/li>\n<li style=\"font-weight: 400;\" aria-level=\"1\"><b>Enriquir la Comunitat:<\/b><span style=\"font-weight: 400;\"> Ens permet <\/span><b>obrir l&#8217;escola a l&#8217;entorn<\/b><span style=\"font-weight: 400;\"> i oferir noves oportunitats formatives, culturals i esportives, implicant activament les fam\u00edlies i l&#8217;entorn c\u00edvic.<\/span><\/li>\n<li style=\"font-weight: 400;\" aria-level=\"1\"><b>Refor\u00e7ar l&#8217;Acompanyament:<\/b><span style=\"font-weight: 400;\"> Garantir la millor atenci\u00f3 i <\/span><b>orientaci\u00f3 educativa<\/b><span style=\"font-weight: 400;\"> per a tot l&#8217;alumnat, treballant per reduir qualsevol mena de bretxa.<\/span><\/li>\n<\/ul>\n<p><span style=\"font-weight: 400;\">Per a m\u00e9s informaci\u00f3, podeu consultar la p\u00e0gina <\/span><a href=\"https:\/\/educacio.gencat.cat\/ca\/departament\/linies-estrategiques\/equitat-educativa\/pla-millora-oportunitats-educatives\/\"><span style=\"font-weight: 400;\">web <\/span><\/a><span style=\"font-weight: 400;\">del programa.\u00a0<\/span><\/p>\n<h1><em>Projectes que han deixat petjada<\/em><\/h1>\n<p>Aquests s\u00f3n els projectes els quals el centre ha format part i s&#8217;ha quedat la seva ess\u00e8ncia en la nostra l\u00ednia d&#8217;escola.<\/p>\n<table style=\"border-collapse: collapse; width: 100%;\">\n<tbody>\n<tr>\n<td style=\"width: 25%;\"><a href=\"https:\/\/agora.xtec.cat\/escsantllatzer\/wp-content\/uploads\/usu2138\/2025\/10\/logo-ev.png\"><img loading=\"lazy\" decoding=\"async\" class=\"aligncenter size-medium wp-image-1862\" src=\"https:\/\/agora.xtec.cat\/escsantllatzer\/wp-content\/uploads\/usu2138\/2025\/10\/logo-ev-300x278.png\" alt=\"\" width=\"300\" height=\"278\" srcset=\"https:\/\/agora.xtec.cat\/escsantllatzer\/wp-content\/uploads\/usu2138\/2025\/10\/logo-ev-300x278.png 300w, https:\/\/agora.xtec.cat\/escsantllatzer\/wp-content\/uploads\/usu2138\/2025\/10\/logo-ev.png 450w\" sizes=\"auto, (max-width: 300px) 100vw, 300px\" \/><\/a><\/td>\n<td style=\"width: 25%;\"><a href=\"https:\/\/agora.xtec.cat\/escsantllatzer\/wp-content\/uploads\/usu2138\/2025\/10\/centres-en-dansa.png\"><img loading=\"lazy\" decoding=\"async\" class=\"aligncenter size-medium wp-image-1863\" src=\"https:\/\/agora.xtec.cat\/escsantllatzer\/wp-content\/uploads\/usu2138\/2025\/10\/centres-en-dansa-300x204.png\" alt=\"\" width=\"300\" height=\"204\" srcset=\"https:\/\/agora.xtec.cat\/escsantllatzer\/wp-content\/uploads\/usu2138\/2025\/10\/centres-en-dansa-300x204.png 300w, https:\/\/agora.xtec.cat\/escsantllatzer\/wp-content\/uploads\/usu2138\/2025\/10\/centres-en-dansa.png 552w\" sizes=\"auto, (max-width: 300px) 100vw, 300px\" \/><\/a><\/td>\n<td style=\"width: 25%;\"><a href=\"https:\/\/agora.xtec.cat\/escsantllatzer\/wp-content\/uploads\/usu2138\/2025\/10\/araart-logo.jpg_1595044798.jpg\"><img loading=\"lazy\" decoding=\"async\" class=\"aligncenter wp-image-1864 size-medium\" src=\"https:\/\/agora.xtec.cat\/escsantllatzer\/wp-content\/uploads\/usu2138\/2025\/10\/araart-logo.jpg_1595044798-e1761490020517-300x178.jpg\" alt=\"\" width=\"300\" height=\"178\" srcset=\"https:\/\/agora.xtec.cat\/escsantllatzer\/wp-content\/uploads\/usu2138\/2025\/10\/araart-logo.jpg_1595044798-e1761490020517-300x178.jpg 300w, https:\/\/agora.xtec.cat\/escsantllatzer\/wp-content\/uploads\/usu2138\/2025\/10\/araart-logo.jpg_1595044798-e1761490020517.jpg 537w\" sizes=\"auto, (max-width: 300px) 100vw, 300px\" \/><\/a><\/td>\n<td style=\"width: 25%;\"><a href=\"https:\/\/agora.xtec.cat\/escsantllatzer\/wp-content\/uploads\/usu2138\/2025\/10\/Erasmus-_vect_POS.png\"><img loading=\"lazy\" decoding=\"async\" class=\"aligncenter size-medium wp-image-1865\" src=\"https:\/\/agora.xtec.cat\/escsantllatzer\/wp-content\/uploads\/usu2138\/2025\/10\/Erasmus-_vect_POS-300x86.png\" alt=\"\" width=\"300\" height=\"86\" srcset=\"https:\/\/agora.xtec.cat\/escsantllatzer\/wp-content\/uploads\/usu2138\/2025\/10\/Erasmus-_vect_POS-300x86.png 300w, https:\/\/agora.xtec.cat\/escsantllatzer\/wp-content\/uploads\/usu2138\/2025\/10\/Erasmus-_vect_POS-768x219.png 768w, https:\/\/agora.xtec.cat\/escsantllatzer\/wp-content\/uploads\/usu2138\/2025\/10\/Erasmus-_vect_POS.png 943w\" sizes=\"auto, (max-width: 300px) 100vw, 300px\" \/><\/a><\/td>\n<\/tr>\n<\/tbody>\n<\/table>\n<h3>Escoles Verdes<\/h3>\n<p id=\"m_-5993945959049780961gmail-docs-internal-guid-69d28afa-7fff-5b8b-95a4-a5e867a493b1\" dir=\"ltr\"><span style=\"font-weight: 400;\">L\u2019escola Sant Ll\u00e0tzer ha format part del programa Escoles Verdes des de l\u2019any 2017. Com a escola verda, hem anat <strong>planificant diferents accions i actuacions directes amb la comunitat i en l\u2019entorn<\/strong> que han arrelat en la nostra <strong>identitat<\/strong> i segueixen amb nosaltres, en el nostre dia a dia. <\/span><\/p>\n<p dir=\"ltr\">En l&#8217;apartat &#8220;<a href=\"https:\/\/agora.xtec.cat\/escsantllatzer\/accions-verdes\/\"><strong>Accions Verdes<\/strong><\/a>&#8221; de la web podreu veure un seguit d&#8217;accions presents a l&#8217;escola.<\/p>\n<p dir=\"ltr\"><span style=\"font-weight: 400;\">A m\u00e9s a m\u00e9s, som una escola que tamb\u00e9 <strong>aposta per espais verds<\/strong>. Tots i totes plegades somiem en aquests espais, compartim i escoltem les diferents propostes i idees per arribar a una construcci\u00f3 conjunta. El Consell d&#8217;infants esdev\u00e9 un dels pilars d&#8217;aquesta construcci\u00f3 conjunta.\u00a0\u00a0<\/span><\/p>\n<p dir=\"ltr\"><span style=\"font-weight: 400;\">Per \u00faltim, l\u2019escola tamb\u00e9 aposta per una <strong>col\u00b7laboraci\u00f3 amb entitats de l\u2019entorn<\/strong> per fer m\u00e9s proper el territori i ser conscients de la import\u00e0ncia de cuidar el nostre barri i ciutat. Gr\u00e0cies al projecte de centre d\u2019<strong>Escola Natura<\/strong> aix\u00ed com el d\u2019<strong>Alian\u00e7a<\/strong>, podem dur a terme activitats in situ com la viv\u00e8ncia i aprenentatge dels elements naturals, socials i culturals de l\u2019entorn. En aquest \u00e0mbit, l\u2019any 2022, v\u00e0rem participar en el concurs de Premi Escoles Verdes, un premi per recon\u00e8ixer p\u00fablicament iniciatives exemplars d&#8217;educaci\u00f3 per a la sostenibilitat. Podreu veure el v\u00eddeo <a href=\"https:\/\/www.youtube.com\/watch?v=Mbx8y4QnAwU\">aqu\u00ed<\/a>.\u00a0<\/span><\/p>\n<h3>Centres en dansa per la inclusi\u00f3<\/h3>\n<p>Durant el curs 2023-24, ens vam unir al Projecte &#8220;Centres en Dansa per la Inclusi\u00f3&#8221;. Projecte promou la Direcci\u00f3 General d\u2019Educaci\u00f3 Inclusiva del Departament d\u2019Educaci\u00f3 de la Generalitat de Catalunya.<\/p>\n<p>La coordinaci\u00f3 t\u00e8cnica del programa recau sobre professionals de la Universitat Aut\u00f2noma de Barcelona, la Universitat Rovira i Virgili i la Universitat de Barcelona. <span style=\"font-size: 16px; font-style: normal; font-weight: 400;\">Aquest programa i guia van n\u00e9ixer en el marc de la Taula de Participaci\u00f3 per un Sistema Educatiu Inclusiu (TaPSEI) des d&#8217;on es va veure la <strong>necessitat de fer extensiva als infants<\/strong>, els principals protagonistes, aquesta <strong>mirada inclusiva<\/strong>.<\/span><\/p>\n<p>Des de l&#8217;escola i mitjan\u00e7ant l\u2019acompanyament de les dinamitzadores d\u2019educaci\u00f3 inclusiva (DEI) d&#8217;aquell curs, vam dur a terme diferents <strong>din\u00e0miques d&#8217;acci\u00f3 amb la intenci\u00f3 d&#8217;afavorir el pas de la reflexi\u00f3 a la transformaci\u00f3<\/strong>.<\/p>\n<h3>Ara Art<\/h3>\n<p>El nostre projecte de col\u00b7laboraci\u00f3 amb l\u2019Escola d\u2019Art de la Diputaci\u00f3 a Tortosa va n\u00e9ixer amb la voluntat de <strong>projectar el fet art\u00edstic fora dels espais de l\u2019escola<\/strong>, tot oferint noves formes de comunicaci\u00f3 i expressi\u00f3 que ens permetessin aprofundir i fonamentar els<strong> processos art\u00edstics del nostre alumnat<\/strong>. L\u2019alumnat de prim\u00e0ria disposa d\u2019un atelier art\u00edstic al centre on pot accedir de forma volunt\u00e0ria i realitzar aquelles creacions que responguin als seus interessos i necessitats vitals. Amb aquest projecte vam incloure la <strong>figura dels professionals art\u00edstics<\/strong> capa\u00e7os de <strong>compartir<\/strong> aquests moments de creaci\u00f3 amb els nostres infants i de <strong>generar un di\u00e0leg<\/strong> basat en la reflexi\u00f3 sobre la mateixa pr\u00e0ctica. La figura de l\u2019adult artista va esdevenir un element m\u00e9s dels nostres espais que ens permetia compartir espais de creaci\u00f3 en directe. La planificaci\u00f3 de praxis art\u00edstiques variades va possibilitar aix\u00ed mateix <strong>nous processos creatius contextualitzats basats en el respecte dels processos individuals<\/strong>. Aix\u00ed mateix, la interacci\u00f3 i reflexi\u00f3 del fet expositiu va ser present al llarg de tot el projecte gr\u00e0cies a l\u2019acompanyament dels professionals. La nostra escola va esdevenir aix\u00ed un espai m\u00e9s de l\u2019escola d\u2019art i l\u2019escola d\u2019art un espai m\u00e9s de la nostra escola. Altrament, aquest conveni ens va permetre establir noves sinergies que van donar resposta a les inquietuds dels infants en el treball globalitzat, podent engegar projectes de col\u00b7laboraci\u00f3 entre ambd\u00f3s centres.<\/p>\n<p><span style=\"font-weight: 400;\">Per a m\u00e9s informaci\u00f3, podeu consultar la p\u00e0gina <\/span><a href=\"https:\/\/xtec.gencat.cat\/ca\/innovacio\/programes_innovacio\/educacio-infantil-i-primaria\/araart\/\"><span style=\"font-weight: 400;\">web <\/span><\/a><span style=\"font-weight: 400;\">del programa.\u00a0<\/span><\/p>\n<h3 class=\"selectable-text copyable-text iq0m558w g0rxnol2\" dir=\"ltr\"><strong><span class=\"selectable-text copyable-text\">Erasmus &#8211; &#8220;Learning Outdoors: Lifelong Learning&#8221;<\/span><\/strong><\/h3>\n<p dir=\"ltr\"><span class=\"selectable-text copyable-text\">El Projecte Erasmus va estar coordinat per la nostra escola amb la col\u00b7laboraci\u00f3 d&#8217;altres cinc centres europeus. <\/span><\/p>\n<p class=\"selectable-text copyable-text iq0m558w g0rxnol2\" dir=\"ltr\"><span class=\"selectable-text copyable-text\">Les escoles participants en el projecte van ser:\u00a0<\/span><\/p>\n<ul>\n<li class=\"selectable-text copyable-text iq0m558w g0rxnol2\" dir=\"ltr\">Ecole Communale (Mons &#8211; B\u00e8lgica)<\/li>\n<li class=\"selectable-text copyable-text iq0m558w g0rxnol2\" dir=\"ltr\">21st Primary School (Heraklion &#8211; Gr\u00e8cia)<\/li>\n<li class=\"selectable-text copyable-text iq0m558w g0rxnol2\" dir=\"ltr\">Nahkiala School (Akaa &#8211; Finl\u00e0ndia)<\/li>\n<li class=\"selectable-text copyable-text iq0m558w g0rxnol2\" dir=\"ltr\">EB1\/PE da Cruz de Carvalho (Funchal -Portugal)<\/li>\n<\/ul>\n<p class=\"selectable-text copyable-text iq0m558w g0rxnol2\" dir=\"ltr\"><span class=\"selectable-text copyable-text\">El projecte va n\u00e9ixer de la necessitat d&#8217;aprofundir en la riquesa que ens aporta l&#8217;aprenentatge del nostre entorn natural i cultural m\u00e9s proper amb l&#8217;objectiu principal d&#8217;acabar amb la creaci\u00f3 d&#8217;una guia docent. Aquesta guia docent ha estat possible a partir de les diferents trobades i activitats que s&#8217;han anat fent durant els dos anys del projecte i dels diferents acords pedag\u00f2gics que s&#8217;han anat elaborant a partir de reflexions de les pr\u00f2pies pr\u00e0ctiques educatives.\u00a0<\/span><\/p>\n<p class=\"selectable-text copyable-text iq0m558w g0rxnol2\" dir=\"ltr\"><span class=\"selectable-text copyable-text\">Aquest projecte ha estat una oportunitat molt profitosa tant per als docents com tamb\u00e9 per a l&#8217;alumnat, ja que l&#8217;angl\u00e8s ha estat la llengua de comunicaci\u00f3 en tot moment i, a m\u00e9s a m\u00e9s, ens hem enriquit d&#8217;altres experi\u00e8ncies. En el seg\u00fcent <a href=\"http:\/\/sepie.es\/doc\/newsletter\/2024\/especial_ka2\/sepie_especial_ka2.html\">enlla\u00e7<\/a> podeu llegir petites reflexions que apareixen en un reportatge elaborat pel Sepie.<\/span><\/p>\n<p dir=\"ltr\">A continuaci\u00f3 facilitem la p\u00e0gina <a href=\"http:\/\/loll.eb1peccarvalho.eu\/\">web<\/a> del projecte aix\u00ed com l&#8217;<a href=\"https:\/\/www.instagram.com\/learning.outdoors22?igshid=OGQ5ZDc2ODk2ZA%3D%3D\">Instagram<\/a>, a trav\u00e9s de les xarxes es pot con\u00e8ixer el proc\u00e9s del projecte. D&#8217;altra banda, tamb\u00e9 compartim el producte final del projecte: <a href=\"https:\/\/drive.google.com\/file\/d\/1q60pvt4duxDbyI9dafEc778MYcw6y56L\/view?usp=drive_link\">Guia docent.<\/a><\/p>\n<p><!--a=1--><\/p>\n<p><!--a=1--><!--a=1--><!--a=1--><\/p>\n<p><!--a=1--><!--a=1--><\/p>\n<p><!--a=1--><\/p>\n<p><!--a=1--><\/p>\n<p><!--a=1--><\/p>\n<p><!--a=1--><\/p>\n<p><!--a=1--><\/p>\n<p><!--a=1--><\/p>\n<p><!--a=1--><\/p>\n<p><!--a=1--><\/p>\n<p><!--a=1--><\/p>\n<p><!--a=1--><\/p>\n","protected":false},"excerpt":{"rendered":"<p>Actualment, l&#8217;escola est\u00e0 duent a terme diversos projectes. Aquests projectes enriqueixen les nostres experi\u00e8ncies d\u2019aprenentatge i enforteixen la nostra l\u00ednia de centre. FAIG (Fer per Aprendre, Imaginant Globalment)\u00a0 Aquest curs encetem el quart i \u00faltim any del projecte d&#8217;Innovaci\u00f3 Educativa FAIG (Fer per Aprendre, Imaginant Globalment), impulsat pel Cesire i el Departament d\u2019Educaci\u00f3 juntament amb [&hellip;]<\/p>\n","protected":false},"author":1,"featured_media":0,"parent":0,"menu_order":0,"comment_status":"closed","ping_status":"closed","template":"","meta":{"_bbp_topic_count":0,"_bbp_reply_count":0,"_bbp_total_topic_count":0,"_bbp_total_reply_count":0,"_bbp_voice_count":0,"_bbp_anonymous_reply_count":0,"_bbp_topic_count_hidden":0,"_bbp_reply_count_hidden":0,"_bbp_forum_subforum_count":0,"site-sidebar-layout":"no-sidebar","site-content-layout":"","ast-site-content-layout":"default","site-content-style":"default","site-sidebar-style":"default","ast-global-header-display":"","ast-banner-title-visibility":"","ast-main-header-display":"","ast-hfb-above-header-display":"","ast-hfb-below-header-display":"","ast-hfb-mobile-header-display":"","site-post-title":"","ast-breadcrumbs-content":"","ast-featured-img":"","footer-sml-layout":"","theme-transparent-header-meta":"default","adv-header-id-meta":"","stick-header-meta":"","header-above-stick-meta":"","header-main-stick-meta":"","header-below-stick-meta":"","astra-migrate-meta-layouts":"set","ast-page-background-enabled":"default","ast-page-background-meta":{"desktop":{"background-color":"var(--ast-global-color-4)","background-image":"","background-repeat":"repeat","background-position":"center center","background-size":"auto","background-attachment":"scroll","background-type":"","background-media":"","overlay-type":"","overlay-color":"","overlay-opacity":"","overlay-gradient":""},"tablet":{"background-color":"","background-image":"","background-repeat":"repeat","background-position":"center center","background-size":"auto","background-attachment":"scroll","background-type":"","background-media":"","overlay-type":"","overlay-color":"","overlay-opacity":"","overlay-gradient":""},"mobile":{"background-color":"","background-image":"","background-repeat":"repeat","background-position":"center center","background-size":"auto","background-attachment":"scroll","background-type":"","background-media":"","overlay-type":"","overlay-color":"","overlay-opacity":"","overlay-gradient":""}},"ast-content-background-meta":{"desktop":{"background-color":"var(--ast-global-color-5)","background-image":"","background-repeat":"repeat","background-position":"center center","background-size":"auto","background-attachment":"scroll","background-type":"","background-media":"","overlay-type":"","overlay-color":"","overlay-opacity":"","overlay-gradient":""},"tablet":{"background-color":"var(--ast-global-color-5)","background-image":"","background-repeat":"repeat","background-position":"center center","background-size":"auto","background-attachment":"scroll","background-type":"","background-media":"","overlay-type":"","overlay-color":"","overlay-opacity":"","overlay-gradient":""},"mobile":{"background-color":"var(--ast-global-color-5)","background-image":"","background-repeat":"repeat","background-position":"center center","background-size":"auto","background-attachment":"scroll","background-type":"","background-media":"","overlay-type":"","overlay-color":"","overlay-opacity":"","overlay-gradient":""}},"footnotes":""},"class_list":["post-598","page","type-page","status-publish","hentry"],"post_mailing_queue_ids":[],"_links":{"self":[{"href":"https:\/\/agora.xtec.cat\/escsantllatzer\/wp-json\/wp\/v2\/pages\/598","targetHints":{"allow":["GET"]}}],"collection":[{"href":"https:\/\/agora.xtec.cat\/escsantllatzer\/wp-json\/wp\/v2\/pages"}],"about":[{"href":"https:\/\/agora.xtec.cat\/escsantllatzer\/wp-json\/wp\/v2\/types\/page"}],"author":[{"embeddable":true,"href":"https:\/\/agora.xtec.cat\/escsantllatzer\/wp-json\/wp\/v2\/users\/1"}],"replies":[{"embeddable":true,"href":"https:\/\/agora.xtec.cat\/escsantllatzer\/wp-json\/wp\/v2\/comments?post=598"}],"version-history":[{"count":6,"href":"https:\/\/agora.xtec.cat\/escsantllatzer\/wp-json\/wp\/v2\/pages\/598\/revisions"}],"predecessor-version":[{"id":2030,"href":"https:\/\/agora.xtec.cat\/escsantllatzer\/wp-json\/wp\/v2\/pages\/598\/revisions\/2030"}],"wp:attachment":[{"href":"https:\/\/agora.xtec.cat\/escsantllatzer\/wp-json\/wp\/v2\/media?parent=598"}],"curies":[{"name":"wp","href":"https:\/\/api.w.org\/{rel}","templated":true}]}}