{"id":513,"date":"2020-03-30T19:14:05","date_gmt":"2020-03-30T17:14:05","guid":{"rendered":"https:\/\/agora.xtec.cat\/escsantllatzer\/?page_id=513"},"modified":"2025-11-27T10:17:54","modified_gmt":"2025-11-27T09:17:54","slug":"documents","status":"publish","type":"page","link":"https:\/\/agora.xtec.cat\/escsantllatzer\/documents\/","title":{"rendered":"Documents de centre"},"content":{"rendered":"<p>Un recull de documents que reflecteixen la nostra manera d\u2019educar i de ser escola.<\/p>\n<table style=\"font-size: 16px; font-style: normal; border-collapse: collapse; width: 100%;\">\n<tbody>\n<tr>\n<td style=\"width: 46.6357%;\"><a href=\"https:\/\/agora.xtec.cat\/escsantllatzer\/wp-content\/uploads\/usu2138\/2025\/10\/Disseny-sense-titol-4.jpg\"><img loading=\"lazy\" decoding=\"async\" class=\"aligncenter wp-image-1685\" src=\"https:\/\/agora.xtec.cat\/escsantllatzer\/wp-content\/uploads\/usu2138\/2025\/10\/Disseny-sense-titol-4-212x300.jpg\" alt=\"\" width=\"261\" height=\"370\" srcset=\"https:\/\/agora.xtec.cat\/escsantllatzer\/wp-content\/uploads\/usu2138\/2025\/10\/Disseny-sense-titol-4-212x300.jpg 212w, https:\/\/agora.xtec.cat\/escsantllatzer\/wp-content\/uploads\/usu2138\/2025\/10\/Disseny-sense-titol-4-724x1024.jpg 724w, https:\/\/agora.xtec.cat\/escsantllatzer\/wp-content\/uploads\/usu2138\/2025\/10\/Disseny-sense-titol-4-768x1086.jpg 768w, https:\/\/agora.xtec.cat\/escsantllatzer\/wp-content\/uploads\/usu2138\/2025\/10\/Disseny-sense-titol-4-1086x1536.jpg 1086w, https:\/\/agora.xtec.cat\/escsantllatzer\/wp-content\/uploads\/usu2138\/2025\/10\/Disseny-sense-titol-4-1448x2048.jpg 1448w, https:\/\/agora.xtec.cat\/escsantllatzer\/wp-content\/uploads\/usu2138\/2025\/10\/Disseny-sense-titol-4.jpg 1587w\" sizes=\"auto, (max-width: 261px) 100vw, 261px\" \/><\/a><\/td>\n<td style=\"width: 53.3643%;\">\n<ul>\n<li><a href=\"https:\/\/drive.google.com\/file\/d\/1159hpze_yiOi8kBqyuWQf2L7z_u4GB2d\/view?usp=drive_link\">Calendari escolar 2025\/26<\/a><\/li>\n<li><a href=\"https:\/\/drive.google.com\/file\/d\/0Bxu5SFK6sqAcNE1wc016UmwwbXM\/view\" target=\"_blank\" rel=\"noopener noreferrer\">Autoritzaci\u00f3 administraci\u00f3 medicaments.<\/a><\/li>\n<li><a href=\"https:\/\/drive.google.com\/file\/d\/1f3-ElV-HO7kDu7Bud6Wa1OeqWTIuxXbY\/view?usp=sharing\" target=\"_blank\" rel=\"noopener noreferrer\">Projecte educatiu de centre (revisat abril 2021)<\/a><\/li>\n<li><a href=\"https:\/\/drive.google.com\/file\/d\/10i_gBF339DFY-8wg5CSB_Avdtn7tUsIV\/view?usp=drive_link\">Projecte de direcci\u00f3 2024-28<\/a><\/li>\n<li><a href=\"https:\/\/drive.google.com\/file\/d\/1V3E9ufCtXr39llwnD9f3SL8RiqsDiUQD\/view?usp=drive_link\">Normes d\u2019organitzaci\u00f3 i funcionament del centre (revisat juny 2025)<\/a><\/li>\n<li><a href=\"https:\/\/drive.google.com\/file\/d\/1BJsUt1joXnU9iY25yMNtfIGQQ3Y9A-Un\/view?usp=sharing\">Projecte ling\u00fc\u00edstic de centre (revisat juny 2022)<\/a><\/li>\n<li><a href=\"https:\/\/docs.google.com\/document\/d\/1DM3AdSGAgUmgPp94OhHdY0KvHOG7XbBXGDAwU-0NkOA\/edit?usp=sharing\">Pla d\u2019acollida (revisat octubre 2025)<\/a><\/li>\n<li><a href=\"https:\/\/sites.google.com\/escolasantllatzer.cat\/estrategiadigitaldecentre\/introducci%C3%B3\">Web d&#8217;estrat\u00e8gia digital de centre (EDC) (revisat juny 2025)<\/a><\/li>\n<li><a href=\"https:\/\/drive.google.com\/file\/d\/1_C4EG_rl7Jgq4Fr0y9B91kZI53G6u9td\/view?usp=drive_link\">Pla Estrat\u00e8gic per a la Millora de l&#8217;\u00c8xit Educatiu de tot l&#8217;alumnat<\/a><\/li>\n<li><a href=\"https:\/\/drive.google.com\/file\/d\/1Obr54RzNalaXeh6CaThMGp-pDzsS-E03\/view?usp=sharing\">Carta de comprom\u00eds (revisat juny 2024)<\/a><\/li>\n<\/ul>\n<\/td>\n<\/tr>\n<\/tbody>\n<\/table>\n<p><!--a=1--><\/p>\n<p><!--a=1--><\/p>\n<p><!--a=1--><\/p>\n<p><!--a=1--><\/p>\n<p><!--a=1--><\/p>\n<p><!--a=1--><!--a=1--><!--a=1--><\/p>\n<p><!--a=1--><\/p>\n<p><!--a=1--><\/p>\n<p><!--a=1--><\/p>\n<p><!----comment node----><!--a=1--><\/p>\n<p><!--a=1--><!--a=1--><\/p>\n<p><!--a=1--><\/p>\n","protected":false},"excerpt":{"rendered":"<p>Un recull de documents que reflecteixen la nostra manera d\u2019educar i de ser escola. Calendari escolar 2025\/26 Autoritzaci\u00f3 administraci\u00f3 medicaments. Projecte educatiu de centre (revisat abril 2021) Projecte de direcci\u00f3 2024-28 Normes d\u2019organitzaci\u00f3 i funcionament del centre (revisat juny 2025) Projecte ling\u00fc\u00edstic de centre (revisat juny 2022) Pla d\u2019acollida (revisat octubre 2025) Web d&#8217;estrat\u00e8gia digital [&hellip;]<\/p>\n","protected":false},"author":1,"featured_media":0,"parent":0,"menu_order":0,"comment_status":"closed","ping_status":"closed","template":"","meta":{"_bbp_topic_count":0,"_bbp_reply_count":0,"_bbp_total_topic_count":0,"_bbp_total_reply_count":0,"_bbp_voice_count":0,"_bbp_anonymous_reply_count":0,"_bbp_topic_count_hidden":0,"_bbp_reply_count_hidden":0,"_bbp_forum_subforum_count":0,"site-sidebar-layout":"no-sidebar","site-content-layout":"","ast-site-content-layout":"default","site-content-style":"default","site-sidebar-style":"default","ast-global-header-display":"","ast-banner-title-visibility":"","ast-main-header-display":"","ast-hfb-above-header-display":"","ast-hfb-below-header-display":"","ast-hfb-mobile-header-display":"","site-post-title":"","ast-breadcrumbs-content":"","ast-featured-img":"","footer-sml-layout":"","theme-transparent-header-meta":"default","adv-header-id-meta":"","stick-header-meta":"","header-above-stick-meta":"","header-main-stick-meta":"","header-below-stick-meta":"","astra-migrate-meta-layouts":"set","ast-page-background-enabled":"default","ast-page-background-meta":{"desktop":{"background-color":"var(--ast-global-color-4)","background-image":"","background-repeat":"repeat","background-position":"center center","background-size":"auto","background-attachment":"scroll","background-type":"","background-media":"","overlay-type":"","overlay-color":"","overlay-opacity":"","overlay-gradient":""},"tablet":{"background-color":"","background-image":"","background-repeat":"repeat","background-position":"center center","background-size":"auto","background-attachment":"scroll","background-type":"","background-media":"","overlay-type":"","overlay-color":"","overlay-opacity":"","overlay-gradient":""},"mobile":{"background-color":"","background-image":"","background-repeat":"repeat","background-position":"center center","background-size":"auto","background-attachment":"scroll","background-type":"","background-media":"","overlay-type":"","overlay-color":"","overlay-opacity":"","overlay-gradient":""}},"ast-content-background-meta":{"desktop":{"background-color":"var(--ast-global-color-5)","background-image":"","background-repeat":"repeat","background-position":"center center","background-size":"auto","background-attachment":"scroll","background-type":"","background-media":"","overlay-type":"","overlay-color":"","overlay-opacity":"","overlay-gradient":""},"tablet":{"background-color":"var(--ast-global-color-5)","background-image":"","background-repeat":"repeat","background-position":"center center","background-size":"auto","background-attachment":"scroll","background-type":"","background-media":"","overlay-type":"","overlay-color":"","overlay-opacity":"","overlay-gradient":""},"mobile":{"background-color":"var(--ast-global-color-5)","background-image":"","background-repeat":"repeat","background-position":"center center","background-size":"auto","background-attachment":"scroll","background-type":"","background-media":"","overlay-type":"","overlay-color":"","overlay-opacity":"","overlay-gradient":""}},"footnotes":""},"class_list":["post-513","page","type-page","status-publish","hentry"],"post_mailing_queue_ids":[],"_links":{"self":[{"href":"https:\/\/agora.xtec.cat\/escsantllatzer\/wp-json\/wp\/v2\/pages\/513","targetHints":{"allow":["GET"]}}],"collection":[{"href":"https:\/\/agora.xtec.cat\/escsantllatzer\/wp-json\/wp\/v2\/pages"}],"about":[{"href":"https:\/\/agora.xtec.cat\/escsantllatzer\/wp-json\/wp\/v2\/types\/page"}],"author":[{"embeddable":true,"href":"https:\/\/agora.xtec.cat\/escsantllatzer\/wp-json\/wp\/v2\/users\/1"}],"replies":[{"embeddable":true,"href":"https:\/\/agora.xtec.cat\/escsantllatzer\/wp-json\/wp\/v2\/comments?post=513"}],"version-history":[{"count":6,"href":"https:\/\/agora.xtec.cat\/escsantllatzer\/wp-json\/wp\/v2\/pages\/513\/revisions"}],"predecessor-version":[{"id":2103,"href":"https:\/\/agora.xtec.cat\/escsantllatzer\/wp-json\/wp\/v2\/pages\/513\/revisions\/2103"}],"wp:attachment":[{"href":"https:\/\/agora.xtec.cat\/escsantllatzer\/wp-json\/wp\/v2\/media?parent=513"}],"curies":[{"name":"wp","href":"https:\/\/api.w.org\/{rel}","templated":true}]}}