{"id":511,"date":"2020-03-30T19:08:45","date_gmt":"2020-03-30T17:08:45","guid":{"rendered":"https:\/\/agora.xtec.cat\/escsantllatzer\/?page_id=511"},"modified":"2025-10-25T22:23:07","modified_gmt":"2025-10-25T20:23:07","slug":"participacio","status":"publish","type":"page","link":"https:\/\/agora.xtec.cat\/escsantllatzer\/participacio\/","title":{"rendered":"Participaci\u00f3"},"content":{"rendered":"<h4 class=\"entry-header\"><span style=\"font-family: inherit; font-size: 1em; font-weight: normal;\">Obrim l\u2019escola a la comunitat i compartim el fet educatiu amb les fam\u00edlies. Les fam\u00edlies participen i col\u00b7laboren en el nostre projecte.<\/span><a href=\"https:\/\/agora.xtec.cat\/escsantllatzer\/wp-content\/uploads\/usu2138\/2025\/10\/WEB-2-e1761423593204.png\"><img loading=\"lazy\" decoding=\"async\" class=\"aligncenter wp-image-1854\" src=\"https:\/\/agora.xtec.cat\/escsantllatzer\/wp-content\/uploads\/usu2138\/2025\/10\/WEB-2-e1761423593204-300x165.png\" alt=\"\" width=\"530\" height=\"292\" srcset=\"https:\/\/agora.xtec.cat\/escsantllatzer\/wp-content\/uploads\/usu2138\/2025\/10\/WEB-2-e1761423593204-300x165.png 300w, https:\/\/agora.xtec.cat\/escsantllatzer\/wp-content\/uploads\/usu2138\/2025\/10\/WEB-2-e1761423593204-1024x564.png 1024w, https:\/\/agora.xtec.cat\/escsantllatzer\/wp-content\/uploads\/usu2138\/2025\/10\/WEB-2-e1761423593204-768x423.png 768w, https:\/\/agora.xtec.cat\/escsantllatzer\/wp-content\/uploads\/usu2138\/2025\/10\/WEB-2-e1761423593204.png 1230w\" sizes=\"auto, (max-width: 530px) 100vw, 530px\" \/><\/a><\/h4>\n<div class=\"entry-content\">\n<h3 style=\"text-align: justify;\"><strong>Delegats\/des\u00a0<\/strong><\/h3>\n<p style=\"text-align: justify;\">Cada aula est\u00e0 representada per un pare\/mare delegat escollit per la resta de fam\u00edlies. Aquest \u00e9s el contacte directe amb l\u2019escola i permet una comunicaci\u00f3 m\u00e9s r\u00e0pida i flu\u00efda entre les fam\u00edlies i l\u2019equip de mestres. Conjuntament, formem el que anomenem <strong>Consell de fam\u00edlies<\/strong>. A m\u00e9s a m\u00e9s, aquest \u00f2rgan es reuneix una vegada al trimestre amb el <strong>Consell de mestres<\/strong> i s&#8217;organitzen algunes festes i tamb\u00e9 es duen a terme din\u00e0miques que ens permeten reflexionar, treballar conjuntament i aix\u00ed, seguir millorant com a escola.<\/p>\n<p style=\"text-align: justify;\"><a href=\"https:\/\/agora.xtec.cat\/escsantllatzer\/wp-content\/uploads\/usu2138\/2024\/02\/Consell-de-Families.png\"><img loading=\"lazy\" decoding=\"async\" class=\"aligncenter wp-image-1295 \" src=\"https:\/\/agora.xtec.cat\/escsantllatzer\/wp-content\/uploads\/usu2138\/2024\/02\/Consell-de-Families-300x169.png\" alt=\"\" width=\"663\" height=\"373\" srcset=\"https:\/\/agora.xtec.cat\/escsantllatzer\/wp-content\/uploads\/usu2138\/2024\/02\/Consell-de-Families-300x169.png 300w, https:\/\/agora.xtec.cat\/escsantllatzer\/wp-content\/uploads\/usu2138\/2024\/02\/Consell-de-Families-1024x576.png 1024w, https:\/\/agora.xtec.cat\/escsantllatzer\/wp-content\/uploads\/usu2138\/2024\/02\/Consell-de-Families-768x432.png 768w, https:\/\/agora.xtec.cat\/escsantllatzer\/wp-content\/uploads\/usu2138\/2024\/02\/Consell-de-Families-1536x864.png 1536w, https:\/\/agora.xtec.cat\/escsantllatzer\/wp-content\/uploads\/usu2138\/2024\/02\/Consell-de-Families.png 1920w\" sizes=\"auto, (max-width: 663px) 100vw, 663px\" \/><\/a><\/p>\n<h3 style=\"text-align: justify;\"><strong>Voluntariat als espais de la comunitat de mitjans<\/strong><\/h3>\n<p><span style=\"font-weight: 400;\">Aquestes persones volunt\u00e0ries s\u00f3n familiars dels infants o antics alumnes de l\u2019escola. E<\/span><span style=\"font-weight: 400;\">ns fan un suport en l\u2019acompanyament dels infants dins dels espais. Suport directe en les propostes com tamb\u00e9 compartint coneixements i experi\u00e8ncies des de l\u2019expertesa en l\u2019\u00e0mbit\/tem\u00e0tica de l\u2019espai.<\/span><\/p>\n<p style=\"text-align: left;\"><span style=\"font-weight: 400;\">Per tal de vetllar per un \u00f2ptim acompanyament, considerem essencial que totes les persones volunt\u00e0ries rebin una formaci\u00f3 inicial la qual es realitza dins de l\u2019escola.\u00a0 En aquesta formaci\u00f3 se\u2019ls facilita informaci\u00f3 sobre qu\u00e8 es pret\u00e9n aconseguir en aquests espais, les seves\u00a0 caracter\u00edstiques, quins s\u00f3n els espais que trobem a la Comunitat de Mitjans, les seves normes i com es desenvolupa una sessi\u00f3. Tamb\u00e9 i molt important s\u2019acompanya a aquestes persones volunt\u00e0ries sobre el seu paper, com s\u2019han d\u2019apropar als infants i com els han d\u2019acompanyar. En finalitzar la formaci\u00f3 les persones volunt\u00e0ries signen un contracte de confidencialitat d\u2019informaci\u00f3.<\/span><\/p>\n<p><a href=\"https:\/\/agora.xtec.cat\/escsantllatzer\/wp-content\/uploads\/usu2138\/2025\/10\/Cartell-voluntaris-espais.jpg\"><img loading=\"lazy\" decoding=\"async\" class=\"aligncenter size-medium wp-image-1827\" src=\"https:\/\/agora.xtec.cat\/escsantllatzer\/wp-content\/uploads\/usu2138\/2025\/10\/Cartell-voluntaris-espais-300x300.jpg\" alt=\"\" width=\"300\" height=\"300\" srcset=\"https:\/\/agora.xtec.cat\/escsantllatzer\/wp-content\/uploads\/usu2138\/2025\/10\/Cartell-voluntaris-espais-300x300.jpg 300w, https:\/\/agora.xtec.cat\/escsantllatzer\/wp-content\/uploads\/usu2138\/2025\/10\/Cartell-voluntaris-espais-1024x1024.jpg 1024w, https:\/\/agora.xtec.cat\/escsantllatzer\/wp-content\/uploads\/usu2138\/2025\/10\/Cartell-voluntaris-espais-150x150.jpg 150w, https:\/\/agora.xtec.cat\/escsantllatzer\/wp-content\/uploads\/usu2138\/2025\/10\/Cartell-voluntaris-espais-768x768.jpg 768w, https:\/\/agora.xtec.cat\/escsantllatzer\/wp-content\/uploads\/usu2138\/2025\/10\/Cartell-voluntaris-espais.jpg 1080w\" sizes=\"auto, (max-width: 300px) 100vw, 300px\" \/><\/a><\/p>\n<p style=\"text-align: left;\"><strong style=\"font-size: 1.5em; text-align: justify;\">Banc d&#8217;experts\/es<\/strong><\/p>\n<\/div>\n<p>La veu i el coneixement de persones expertes permeten enriquir els processos d&#8217;aprenentatge dels infants de l&#8217;escola, fet que esdev\u00e9 molt important per donar vida i vincular l&#8217;emoci\u00f3 a aquestes experi\u00e8ncies de recerca, investigaci\u00f3&#8230; com tamb\u00e9 per aprofundir en el proc\u00e9s i anar m\u00e9s enll\u00e0. Les persones expertes s\u00f3n familiars dels infants de l&#8217;escola que, de manera volunt\u00e0ria, ofereixen el seu temps per compartir-lo amb les tribus de l&#8217;escola.<\/p>\n<p><a href=\"https:\/\/agora.xtec.cat\/escsantllatzer\/wp-content\/uploads\/usu2138\/2024\/02\/WhatsApp-Image-2023-09-21-at-16.10.51-1.jpeg\"><img loading=\"lazy\" decoding=\"async\" class=\"aligncenter size-medium wp-image-1303\" src=\"https:\/\/agora.xtec.cat\/escsantllatzer\/wp-content\/uploads\/usu2138\/2024\/02\/WhatsApp-Image-2023-09-21-at-16.10.51-1-300x263.jpeg\" alt=\"\" width=\"300\" height=\"263\" srcset=\"https:\/\/agora.xtec.cat\/escsantllatzer\/wp-content\/uploads\/usu2138\/2024\/02\/WhatsApp-Image-2023-09-21-at-16.10.51-1-300x263.jpeg 300w, https:\/\/agora.xtec.cat\/escsantllatzer\/wp-content\/uploads\/usu2138\/2024\/02\/WhatsApp-Image-2023-09-21-at-16.10.51-1-1024x899.jpeg 1024w, https:\/\/agora.xtec.cat\/escsantllatzer\/wp-content\/uploads\/usu2138\/2024\/02\/WhatsApp-Image-2023-09-21-at-16.10.51-1-768x674.jpeg 768w, https:\/\/agora.xtec.cat\/escsantllatzer\/wp-content\/uploads\/usu2138\/2024\/02\/WhatsApp-Image-2023-09-21-at-16.10.51-1-1536x1349.jpeg 1536w, https:\/\/agora.xtec.cat\/escsantllatzer\/wp-content\/uploads\/usu2138\/2024\/02\/WhatsApp-Image-2023-09-21-at-16.10.51-1.jpeg 1599w\" sizes=\"auto, (max-width: 300px) 100vw, 300px\" \/><\/a><\/p>\n<p><!----comment node----><!--a=1--><\/p>\n<p><!----comment node----><!--a=1--><\/p>\n<p><!----comment node----><!--a=1--><\/p>\n<p><!----comment node----><!--a=1--><!--a=1--><!--a=1--><\/p>\n<p><!----comment node----><!--a=1--><\/p>\n<p><!----comment node----><!--a=1--><\/p>\n","protected":false},"excerpt":{"rendered":"<p>Obrim l\u2019escola a la comunitat i compartim el fet educatiu amb les fam\u00edlies. Les fam\u00edlies participen i col\u00b7laboren en el nostre projecte. Delegats\/des\u00a0 Cada aula est\u00e0 representada per un pare\/mare delegat escollit per la resta de fam\u00edlies. Aquest \u00e9s el contacte directe amb l\u2019escola i permet una comunicaci\u00f3 m\u00e9s r\u00e0pida i flu\u00efda entre les fam\u00edlies [&hellip;]<\/p>\n","protected":false},"author":1,"featured_media":0,"parent":0,"menu_order":0,"comment_status":"closed","ping_status":"closed","template":"","meta":{"_bbp_topic_count":0,"_bbp_reply_count":0,"_bbp_total_topic_count":0,"_bbp_total_reply_count":0,"_bbp_voice_count":0,"_bbp_anonymous_reply_count":0,"_bbp_topic_count_hidden":0,"_bbp_reply_count_hidden":0,"_bbp_forum_subforum_count":0,"site-sidebar-layout":"no-sidebar","site-content-layout":"","ast-site-content-layout":"default","site-content-style":"default","site-sidebar-style":"default","ast-global-header-display":"","ast-banner-title-visibility":"","ast-main-header-display":"","ast-hfb-above-header-display":"","ast-hfb-below-header-display":"","ast-hfb-mobile-header-display":"","site-post-title":"","ast-breadcrumbs-content":"","ast-featured-img":"","footer-sml-layout":"","theme-transparent-header-meta":"default","adv-header-id-meta":"","stick-header-meta":"","header-above-stick-meta":"","header-main-stick-meta":"","header-below-stick-meta":"","astra-migrate-meta-layouts":"set","ast-page-background-enabled":"default","ast-page-background-meta":{"desktop":{"background-color":"var(--ast-global-color-4)","background-image":"","background-repeat":"repeat","background-position":"center center","background-size":"auto","background-attachment":"scroll","background-type":"","background-media":"","overlay-type":"","overlay-color":"","overlay-opacity":"","overlay-gradient":""},"tablet":{"background-color":"","background-image":"","background-repeat":"repeat","background-position":"center center","background-size":"auto","background-attachment":"scroll","background-type":"","background-media":"","overlay-type":"","overlay-color":"","overlay-opacity":"","overlay-gradient":""},"mobile":{"background-color":"","background-image":"","background-repeat":"repeat","background-position":"center center","background-size":"auto","background-attachment":"scroll","background-type":"","background-media":"","overlay-type":"","overlay-color":"","overlay-opacity":"","overlay-gradient":""}},"ast-content-background-meta":{"desktop":{"background-color":"var(--ast-global-color-5)","background-image":"","background-repeat":"repeat","background-position":"center center","background-size":"auto","background-attachment":"scroll","background-type":"","background-media":"","overlay-type":"","overlay-color":"","overlay-opacity":"","overlay-gradient":""},"tablet":{"background-color":"var(--ast-global-color-5)","background-image":"","background-repeat":"repeat","background-position":"center center","background-size":"auto","background-attachment":"scroll","background-type":"","background-media":"","overlay-type":"","overlay-color":"","overlay-opacity":"","overlay-gradient":""},"mobile":{"background-color":"var(--ast-global-color-5)","background-image":"","background-repeat":"repeat","background-position":"center center","background-size":"auto","background-attachment":"scroll","background-type":"","background-media":"","overlay-type":"","overlay-color":"","overlay-opacity":"","overlay-gradient":""}},"footnotes":""},"class_list":["post-511","page","type-page","status-publish","hentry"],"post_mailing_queue_ids":[],"_links":{"self":[{"href":"https:\/\/agora.xtec.cat\/escsantllatzer\/wp-json\/wp\/v2\/pages\/511","targetHints":{"allow":["GET"]}}],"collection":[{"href":"https:\/\/agora.xtec.cat\/escsantllatzer\/wp-json\/wp\/v2\/pages"}],"about":[{"href":"https:\/\/agora.xtec.cat\/escsantllatzer\/wp-json\/wp\/v2\/types\/page"}],"author":[{"embeddable":true,"href":"https:\/\/agora.xtec.cat\/escsantllatzer\/wp-json\/wp\/v2\/users\/1"}],"replies":[{"embeddable":true,"href":"https:\/\/agora.xtec.cat\/escsantllatzer\/wp-json\/wp\/v2\/comments?post=511"}],"version-history":[{"count":6,"href":"https:\/\/agora.xtec.cat\/escsantllatzer\/wp-json\/wp\/v2\/pages\/511\/revisions"}],"predecessor-version":[{"id":1857,"href":"https:\/\/agora.xtec.cat\/escsantllatzer\/wp-json\/wp\/v2\/pages\/511\/revisions\/1857"}],"wp:attachment":[{"href":"https:\/\/agora.xtec.cat\/escsantllatzer\/wp-json\/wp\/v2\/media?parent=511"}],"curies":[{"name":"wp","href":"https:\/\/api.w.org\/{rel}","templated":true}]}}