{"id":509,"date":"2020-03-30T19:08:04","date_gmt":"2020-03-30T17:08:04","guid":{"rendered":"https:\/\/agora.xtec.cat\/escsantllatzer\/?page_id=509"},"modified":"2025-11-11T22:51:44","modified_gmt":"2025-11-11T21:51:44","slug":"families","status":"publish","type":"page","link":"https:\/\/agora.xtec.cat\/escsantllatzer\/families\/","title":{"rendered":"Fam\u00edlies"},"content":{"rendered":"<p>En aquesta secci\u00f3 trobareu tota la informaci\u00f3 sobre la relaci\u00f3 i la participaci\u00f3 de les fam\u00edlies a l\u2019escola:<\/p>\n<table style=\"border-collapse: collapse; width: 100%;\">\n<tbody>\n<tr>\n<td style=\"width: 50%;\"><a href=\"https:\/\/agora.xtec.cat\/escsantllatzer\/wp-content\/uploads\/usu2138\/2025\/11\/Yellow-Illustrated-Web-Designer-Open-Recruitment-Instagram-Post-1.png\"><img loading=\"lazy\" decoding=\"async\" class=\"aligncenter  wp-image-2081\" src=\"https:\/\/agora.xtec.cat\/escsantllatzer\/wp-content\/uploads\/usu2138\/2025\/11\/Yellow-Illustrated-Web-Designer-Open-Recruitment-Instagram-Post-1-300x300.png\" alt=\"\" width=\"345\" height=\"345\" srcset=\"https:\/\/agora.xtec.cat\/escsantllatzer\/wp-content\/uploads\/usu2138\/2025\/11\/Yellow-Illustrated-Web-Designer-Open-Recruitment-Instagram-Post-1-300x300.png 300w, https:\/\/agora.xtec.cat\/escsantllatzer\/wp-content\/uploads\/usu2138\/2025\/11\/Yellow-Illustrated-Web-Designer-Open-Recruitment-Instagram-Post-1-1024x1024.png 1024w, https:\/\/agora.xtec.cat\/escsantllatzer\/wp-content\/uploads\/usu2138\/2025\/11\/Yellow-Illustrated-Web-Designer-Open-Recruitment-Instagram-Post-1-150x150.png 150w, https:\/\/agora.xtec.cat\/escsantllatzer\/wp-content\/uploads\/usu2138\/2025\/11\/Yellow-Illustrated-Web-Designer-Open-Recruitment-Instagram-Post-1-768x768.png 768w, https:\/\/agora.xtec.cat\/escsantllatzer\/wp-content\/uploads\/usu2138\/2025\/11\/Yellow-Illustrated-Web-Designer-Open-Recruitment-Instagram-Post-1.png 1080w\" sizes=\"auto, (max-width: 345px) 100vw, 345px\" \/><\/a><\/td>\n<td style=\"width: 50%;\">\n<ul>\n<li><strong><a href=\"https:\/\/agora.xtec.cat\/escsantllatzer\/participacio\/\">Participaci\u00f3<\/a><\/strong><\/li>\n<li><strong><a href=\"https:\/\/agora.xtec.cat\/escsantllatzer\/afa\/\">AFA<\/a><\/strong><\/li>\n<li><a href=\"https:\/\/educacio.gencat.cat\/ca\/arees-actuacio\/families\/\"><strong>Fam\u00edlia i escola<\/strong><\/a><\/li>\n<li><a href=\"https:\/\/agora.xtec.cat\/escsantllatzer\/jo-parlo-catala\/\"><strong>Jo aprenc catal\u00e0<\/strong><\/a><\/li>\n<\/ul>\n<\/td>\n<\/tr>\n<\/tbody>\n<\/table>\n<p><!--a=1--><!--a=1--><\/p>\n","protected":false},"excerpt":{"rendered":"<p>En aquesta secci\u00f3 trobareu tota la informaci\u00f3 sobre la relaci\u00f3 i la participaci\u00f3 de les fam\u00edlies a l\u2019escola: Participaci\u00f3 AFA Fam\u00edlia i escola Jo aprenc catal\u00e0<\/p>\n","protected":false},"author":1,"featured_media":0,"parent":0,"menu_order":0,"comment_status":"closed","ping_status":"closed","template":"","meta":{"_bbp_topic_count":0,"_bbp_reply_count":0,"_bbp_total_topic_count":0,"_bbp_total_reply_count":0,"_bbp_voice_count":0,"_bbp_anonymous_reply_count":0,"_bbp_topic_count_hidden":0,"_bbp_reply_count_hidden":0,"_bbp_forum_subforum_count":0,"site-sidebar-layout":"no-sidebar","site-content-layout":"","ast-site-content-layout":"default","site-content-style":"default","site-sidebar-style":"default","ast-global-header-display":"","ast-banner-title-visibility":"","ast-main-header-display":"","ast-hfb-above-header-display":"","ast-hfb-below-header-display":"","ast-hfb-mobile-header-display":"","site-post-title":"","ast-breadcrumbs-content":"","ast-featured-img":"","footer-sml-layout":"","theme-transparent-header-meta":"default","adv-header-id-meta":"","stick-header-meta":"","header-above-stick-meta":"","header-main-stick-meta":"","header-below-stick-meta":"","astra-migrate-meta-layouts":"set","ast-page-background-enabled":"default","ast-page-background-meta":{"desktop":{"background-color":"var(--ast-global-color-4)","background-image":"","background-repeat":"repeat","background-position":"center center","background-size":"auto","background-attachment":"scroll","background-type":"","background-media":"","overlay-type":"","overlay-color":"","overlay-opacity":"","overlay-gradient":""},"tablet":{"background-color":"","background-image":"","background-repeat":"repeat","background-position":"center center","background-size":"auto","background-attachment":"scroll","background-type":"","background-media":"","overlay-type":"","overlay-color":"","overlay-opacity":"","overlay-gradient":""},"mobile":{"background-color":"","background-image":"","background-repeat":"repeat","background-position":"center center","background-size":"auto","background-attachment":"scroll","background-type":"","background-media":"","overlay-type":"","overlay-color":"","overlay-opacity":"","overlay-gradient":""}},"ast-content-background-meta":{"desktop":{"background-color":"var(--ast-global-color-5)","background-image":"","background-repeat":"repeat","background-position":"center center","background-size":"auto","background-attachment":"scroll","background-type":"","background-media":"","overlay-type":"","overlay-color":"","overlay-opacity":"","overlay-gradient":""},"tablet":{"background-color":"var(--ast-global-color-5)","background-image":"","background-repeat":"repeat","background-position":"center center","background-size":"auto","background-attachment":"scroll","background-type":"","background-media":"","overlay-type":"","overlay-color":"","overlay-opacity":"","overlay-gradient":""},"mobile":{"background-color":"var(--ast-global-color-5)","background-image":"","background-repeat":"repeat","background-position":"center center","background-size":"auto","background-attachment":"scroll","background-type":"","background-media":"","overlay-type":"","overlay-color":"","overlay-opacity":"","overlay-gradient":""}},"footnotes":""},"class_list":["post-509","page","type-page","status-publish","hentry"],"post_mailing_queue_ids":[],"_links":{"self":[{"href":"https:\/\/agora.xtec.cat\/escsantllatzer\/wp-json\/wp\/v2\/pages\/509","targetHints":{"allow":["GET"]}}],"collection":[{"href":"https:\/\/agora.xtec.cat\/escsantllatzer\/wp-json\/wp\/v2\/pages"}],"about":[{"href":"https:\/\/agora.xtec.cat\/escsantllatzer\/wp-json\/wp\/v2\/types\/page"}],"author":[{"embeddable":true,"href":"https:\/\/agora.xtec.cat\/escsantllatzer\/wp-json\/wp\/v2\/users\/1"}],"replies":[{"embeddable":true,"href":"https:\/\/agora.xtec.cat\/escsantllatzer\/wp-json\/wp\/v2\/comments?post=509"}],"version-history":[{"count":3,"href":"https:\/\/agora.xtec.cat\/escsantllatzer\/wp-json\/wp\/v2\/pages\/509\/revisions"}],"predecessor-version":[{"id":2095,"href":"https:\/\/agora.xtec.cat\/escsantllatzer\/wp-json\/wp\/v2\/pages\/509\/revisions\/2095"}],"wp:attachment":[{"href":"https:\/\/agora.xtec.cat\/escsantllatzer\/wp-json\/wp\/v2\/media?parent=509"}],"curies":[{"name":"wp","href":"https:\/\/api.w.org\/{rel}","templated":true}]}}