{"id":507,"date":"2020-03-30T19:07:20","date_gmt":"2020-03-30T17:07:20","guid":{"rendered":"https:\/\/agora.xtec.cat\/escsantllatzer\/?page_id=507"},"modified":"2025-10-26T16:14:44","modified_gmt":"2025-10-26T15:14:44","slug":"acompanyament","status":"publish","type":"page","link":"https:\/\/agora.xtec.cat\/escsantllatzer\/acompanyament\/","title":{"rendered":"Acompanyament"},"content":{"rendered":"<table style=\"border-collapse: collapse; width: 100%;\">\n<tbody>\n<tr>\n<td style=\"width: 38.0511%;\">\n<h4 style=\"text-align: center;\"><em><a href=\"https:\/\/agora.xtec.cat\/escsantllatzer\/wp-content\/uploads\/usu2138\/2025\/10\/WEB-e1761490996398.jpg\"><img loading=\"lazy\" decoding=\"async\" class=\"wp-image-1870 alignleft\" src=\"https:\/\/agora.xtec.cat\/escsantllatzer\/wp-content\/uploads\/usu2138\/2025\/10\/WEB-e1761490996398-300x250.jpg\" alt=\"\" width=\"129\" height=\"108\" srcset=\"https:\/\/agora.xtec.cat\/escsantllatzer\/wp-content\/uploads\/usu2138\/2025\/10\/WEB-e1761490996398-300x250.jpg 300w, https:\/\/agora.xtec.cat\/escsantllatzer\/wp-content\/uploads\/usu2138\/2025\/10\/WEB-e1761490996398-768x640.jpg 768w, https:\/\/agora.xtec.cat\/escsantllatzer\/wp-content\/uploads\/usu2138\/2025\/10\/WEB-e1761490996398.jpg 1010w\" sizes=\"auto, (max-width: 129px) 100vw, 129px\" \/><\/a><a href=\"https:\/\/agora.xtec.cat\/escsantllatzer\/wp-content\/uploads\/usu2138\/2025\/10\/WhatsApp-Image-2025-10-25-at-16.32.46.jpeg\"><img loading=\"lazy\" decoding=\"async\" class=\"aligncenter wp-image-1831\" src=\"https:\/\/agora.xtec.cat\/escsantllatzer\/wp-content\/uploads\/usu2138\/2025\/10\/WhatsApp-Image-2025-10-25-at-16.32.46-241x300.jpeg\" alt=\"\" width=\"306\" height=\"381\" srcset=\"https:\/\/agora.xtec.cat\/escsantllatzer\/wp-content\/uploads\/usu2138\/2025\/10\/WhatsApp-Image-2025-10-25-at-16.32.46-241x300.jpeg 241w, https:\/\/agora.xtec.cat\/escsantllatzer\/wp-content\/uploads\/usu2138\/2025\/10\/WhatsApp-Image-2025-10-25-at-16.32.46-823x1024.jpeg 823w, https:\/\/agora.xtec.cat\/escsantllatzer\/wp-content\/uploads\/usu2138\/2025\/10\/WhatsApp-Image-2025-10-25-at-16.32.46-768x956.jpeg 768w, https:\/\/agora.xtec.cat\/escsantllatzer\/wp-content\/uploads\/usu2138\/2025\/10\/WhatsApp-Image-2025-10-25-at-16.32.46.jpeg 1220w\" sizes=\"auto, (max-width: 306px) 100vw, 306px\" \/><\/a><\/em><\/h4>\n<\/td>\n<td style=\"width: 61.9489%;\">\n<h3><strong>COM ACOMPANYEM ELS INFANTS<\/strong><\/h3>\n<p>L\u2019acompanyament a l\u2019infant \u00e9s un dels pilars en qu\u00e8 es fonamenta el nostre dia a dia a l\u2019escola.<\/p>\n<p>Un acompanyament que es basa en una mirada\u00a0 basada en el\u00a0<strong>respecte<\/strong>\u00a0i\u00a0<strong>l\u2019amor<\/strong>.<\/p>\n<p>Respectem els seus ritmes. Respectem el seu temps. Respectem els seus processos. Respectem les seves potencialitats. Respectem les seves necessitats.<\/p>\n<p>Un amor basat en el reconeixement de l\u2019infant, acompanyant-lo en els seus sentiments. Acompanyant-lo amb la nostra pres\u00e8ncia. Sent-hi.<\/p>\n<p><strong>L\u2019adult observa, escolta i tamb\u00e9 enriqueix i problematitza<\/strong>. Crea un ambient acollidor, segur i ple de provocacions per anar m\u00e9s enll\u00e0. Acull a l\u2019infant amb una mirada positiva, sense jutjar-lo ni etiquetar-lo. Confia en l\u2019infant i en els seus processos i li permet actuar en llibertat. Fa propostes per afavorir viv\u00e8ncies basades en l\u2019autonomia de l\u2019infant. Estableix l\u00edmits segurs i clars que ens permeten conviure i actuar, en conseq\u00fc\u00e8ncia, a les nostres accions.<\/p>\n<h4 style=\"text-align: center;\"><em>&#8220;Sols en un ambient on els conceptes de llibertat i l\u00edmits s\u00f3n viscuts en coher\u00e8ncia, ser\u00e0 possible una conviv\u00e8ncia harm\u00f2nica&#8221;.<\/em><\/h4>\n<h4 style=\"text-align: center;\"><em>(Rebeca Wild)<\/em><\/h4>\n<\/td>\n<\/tr>\n<\/tbody>\n<\/table>\n<h4 style=\"text-align: center;\"><\/h4>\n<p><!--a=1--><\/p>\n<p><!--a=1--><\/p>\n<p><!--a=1--><\/p>\n<p><!--a=1--><\/p>\n<p><!--a=1--><\/p>\n<p><!--a=1--><\/p>\n<p><!--a=1--><\/p>\n<p><!--a=1--><!--a=1--><\/p>\n<p><!--a=1--><\/p>\n","protected":false},"excerpt":{"rendered":"<p>COM ACOMPANYEM ELS INFANTS L\u2019acompanyament a l\u2019infant \u00e9s un dels pilars en qu\u00e8 es fonamenta el nostre dia a dia a l\u2019escola. Un acompanyament que es basa en una mirada\u00a0 basada en el\u00a0respecte\u00a0i\u00a0l\u2019amor. Respectem els seus ritmes. Respectem el seu temps. Respectem els seus processos. Respectem les seves potencialitats. Respectem les seves necessitats. Un amor [&hellip;]<\/p>\n","protected":false},"author":1,"featured_media":0,"parent":0,"menu_order":0,"comment_status":"closed","ping_status":"closed","template":"","meta":{"_bbp_topic_count":0,"_bbp_reply_count":0,"_bbp_total_topic_count":0,"_bbp_total_reply_count":0,"_bbp_voice_count":0,"_bbp_anonymous_reply_count":0,"_bbp_topic_count_hidden":0,"_bbp_reply_count_hidden":0,"_bbp_forum_subforum_count":0,"site-sidebar-layout":"no-sidebar","site-content-layout":"","ast-site-content-layout":"default","site-content-style":"default","site-sidebar-style":"default","ast-global-header-display":"","ast-banner-title-visibility":"","ast-main-header-display":"","ast-hfb-above-header-display":"","ast-hfb-below-header-display":"","ast-hfb-mobile-header-display":"","site-post-title":"","ast-breadcrumbs-content":"","ast-featured-img":"","footer-sml-layout":"","theme-transparent-header-meta":"default","adv-header-id-meta":"","stick-header-meta":"","header-above-stick-meta":"","header-main-stick-meta":"","header-below-stick-meta":"","astra-migrate-meta-layouts":"set","ast-page-background-enabled":"default","ast-page-background-meta":{"desktop":{"background-color":"var(--ast-global-color-4)","background-image":"","background-repeat":"repeat","background-position":"center center","background-size":"auto","background-attachment":"scroll","background-type":"","background-media":"","overlay-type":"","overlay-color":"","overlay-opacity":"","overlay-gradient":""},"tablet":{"background-color":"","background-image":"","background-repeat":"repeat","background-position":"center center","background-size":"auto","background-attachment":"scroll","background-type":"","background-media":"","overlay-type":"","overlay-color":"","overlay-opacity":"","overlay-gradient":""},"mobile":{"background-color":"","background-image":"","background-repeat":"repeat","background-position":"center center","background-size":"auto","background-attachment":"scroll","background-type":"","background-media":"","overlay-type":"","overlay-color":"","overlay-opacity":"","overlay-gradient":""}},"ast-content-background-meta":{"desktop":{"background-color":"var(--ast-global-color-5)","background-image":"","background-repeat":"repeat","background-position":"center center","background-size":"auto","background-attachment":"scroll","background-type":"","background-media":"","overlay-type":"","overlay-color":"","overlay-opacity":"","overlay-gradient":""},"tablet":{"background-color":"var(--ast-global-color-5)","background-image":"","background-repeat":"repeat","background-position":"center center","background-size":"auto","background-attachment":"scroll","background-type":"","background-media":"","overlay-type":"","overlay-color":"","overlay-opacity":"","overlay-gradient":""},"mobile":{"background-color":"var(--ast-global-color-5)","background-image":"","background-repeat":"repeat","background-position":"center center","background-size":"auto","background-attachment":"scroll","background-type":"","background-media":"","overlay-type":"","overlay-color":"","overlay-opacity":"","overlay-gradient":""}},"footnotes":""},"class_list":["post-507","page","type-page","status-publish","hentry"],"post_mailing_queue_ids":[],"_links":{"self":[{"href":"https:\/\/agora.xtec.cat\/escsantllatzer\/wp-json\/wp\/v2\/pages\/507","targetHints":{"allow":["GET"]}}],"collection":[{"href":"https:\/\/agora.xtec.cat\/escsantllatzer\/wp-json\/wp\/v2\/pages"}],"about":[{"href":"https:\/\/agora.xtec.cat\/escsantllatzer\/wp-json\/wp\/v2\/types\/page"}],"author":[{"embeddable":true,"href":"https:\/\/agora.xtec.cat\/escsantllatzer\/wp-json\/wp\/v2\/users\/1"}],"replies":[{"embeddable":true,"href":"https:\/\/agora.xtec.cat\/escsantllatzer\/wp-json\/wp\/v2\/comments?post=507"}],"version-history":[{"count":6,"href":"https:\/\/agora.xtec.cat\/escsantllatzer\/wp-json\/wp\/v2\/pages\/507\/revisions"}],"predecessor-version":[{"id":1878,"href":"https:\/\/agora.xtec.cat\/escsantllatzer\/wp-json\/wp\/v2\/pages\/507\/revisions\/1878"}],"wp:attachment":[{"href":"https:\/\/agora.xtec.cat\/escsantllatzer\/wp-json\/wp\/v2\/media?parent=507"}],"curies":[{"name":"wp","href":"https:\/\/api.w.org\/{rel}","templated":true}]}}