{"id":499,"date":"2020-03-30T19:03:52","date_gmt":"2020-03-30T17:03:52","guid":{"rendered":"https:\/\/agora.xtec.cat\/escsantllatzer\/?page_id=499"},"modified":"2025-11-11T22:42:58","modified_gmt":"2025-11-11T21:42:58","slug":"comunitats","status":"publish","type":"page","link":"https:\/\/agora.xtec.cat\/escsantllatzer\/comunitats\/","title":{"rendered":"Comunitats"},"content":{"rendered":"<div>\n<p>L\u2019escola i els seus infants s\u2019organitzen en comunitats que ens permeten estructurar els diferents moments d\u2019escola i els recursos sota un mateix projecte com\u00fa.<\/p>\n<p>Aquestes comunitats s\u2019aniran ampliant a mesura que la l\u00ednia de centre es vagi completant.<\/p>\n<p>Les comunitats que hi trobem fins al moment s\u00f3n:<\/p>\n<ul>\n<li><a href=\"https:\/\/agora.xtec.cat\/escsantllatzer\/comunitat-de-menuts\/\">Comunitat de menuts<\/a>: formada pels infants, fam\u00edlies i mestres d&#8217;I3, I4 i I5.<\/li>\n<li><a href=\"https:\/\/agora.xtec.cat\/escsantllatzer\/comunitat-de-mitjans\/\">Comunitat de mitjans<\/a>: formada pels infants, fam\u00edlies i mestres de 1r, 2n i 3r.<\/li>\n<li><a href=\"https:\/\/agora.xtec.cat\/escsantllatzer\/comunitat-de-grans\/\" target=\"_blank\" rel=\"noopener noreferrer\">Comunitat de grans:<\/a> formada pels infants, fam\u00edlies i mestres de 4t, 5\u00e8 i 6\u00e8.<\/li>\n<\/ul>\n<\/div>\n<p><!----comment node----><!--a=1--><\/p>\n<p><!----comment node----><!--a=1--><\/p>\n","protected":false},"excerpt":{"rendered":"<p>L\u2019escola i els seus infants s\u2019organitzen en comunitats que ens permeten estructurar els diferents moments d\u2019escola i els recursos sota un mateix projecte com\u00fa. Aquestes comunitats s\u2019aniran ampliant a mesura que la l\u00ednia de centre es vagi completant. Les comunitats que hi trobem fins al moment s\u00f3n: Comunitat de menuts: formada pels infants, fam\u00edlies i [&hellip;]<\/p>\n","protected":false},"author":1,"featured_media":0,"parent":0,"menu_order":0,"comment_status":"closed","ping_status":"closed","template":"","meta":{"_bbp_topic_count":0,"_bbp_reply_count":0,"_bbp_total_topic_count":0,"_bbp_total_reply_count":0,"_bbp_voice_count":0,"_bbp_anonymous_reply_count":0,"_bbp_topic_count_hidden":0,"_bbp_reply_count_hidden":0,"_bbp_forum_subforum_count":0,"site-sidebar-layout":"no-sidebar","site-content-layout":"","ast-site-content-layout":"default","site-content-style":"default","site-sidebar-style":"default","ast-global-header-display":"","ast-banner-title-visibility":"","ast-main-header-display":"","ast-hfb-above-header-display":"","ast-hfb-below-header-display":"","ast-hfb-mobile-header-display":"","site-post-title":"","ast-breadcrumbs-content":"","ast-featured-img":"","footer-sml-layout":"","theme-transparent-header-meta":"default","adv-header-id-meta":"","stick-header-meta":"","header-above-stick-meta":"","header-main-stick-meta":"","header-below-stick-meta":"","astra-migrate-meta-layouts":"set","ast-page-background-enabled":"default","ast-page-background-meta":{"desktop":{"background-color":"var(--ast-global-color-4)","background-image":"","background-repeat":"repeat","background-position":"center center","background-size":"auto","background-attachment":"scroll","background-type":"","background-media":"","overlay-type":"","overlay-color":"","overlay-opacity":"","overlay-gradient":""},"tablet":{"background-color":"","background-image":"","background-repeat":"repeat","background-position":"center center","background-size":"auto","background-attachment":"scroll","background-type":"","background-media":"","overlay-type":"","overlay-color":"","overlay-opacity":"","overlay-gradient":""},"mobile":{"background-color":"","background-image":"","background-repeat":"repeat","background-position":"center center","background-size":"auto","background-attachment":"scroll","background-type":"","background-media":"","overlay-type":"","overlay-color":"","overlay-opacity":"","overlay-gradient":""}},"ast-content-background-meta":{"desktop":{"background-color":"var(--ast-global-color-5)","background-image":"","background-repeat":"repeat","background-position":"center center","background-size":"auto","background-attachment":"scroll","background-type":"","background-media":"","overlay-type":"","overlay-color":"","overlay-opacity":"","overlay-gradient":""},"tablet":{"background-color":"var(--ast-global-color-5)","background-image":"","background-repeat":"repeat","background-position":"center center","background-size":"auto","background-attachment":"scroll","background-type":"","background-media":"","overlay-type":"","overlay-color":"","overlay-opacity":"","overlay-gradient":""},"mobile":{"background-color":"var(--ast-global-color-5)","background-image":"","background-repeat":"repeat","background-position":"center center","background-size":"auto","background-attachment":"scroll","background-type":"","background-media":"","overlay-type":"","overlay-color":"","overlay-opacity":"","overlay-gradient":""}},"footnotes":""},"class_list":["post-499","page","type-page","status-publish","hentry"],"post_mailing_queue_ids":[],"_links":{"self":[{"href":"https:\/\/agora.xtec.cat\/escsantllatzer\/wp-json\/wp\/v2\/pages\/499","targetHints":{"allow":["GET"]}}],"collection":[{"href":"https:\/\/agora.xtec.cat\/escsantllatzer\/wp-json\/wp\/v2\/pages"}],"about":[{"href":"https:\/\/agora.xtec.cat\/escsantllatzer\/wp-json\/wp\/v2\/types\/page"}],"author":[{"embeddable":true,"href":"https:\/\/agora.xtec.cat\/escsantllatzer\/wp-json\/wp\/v2\/users\/1"}],"replies":[{"embeddable":true,"href":"https:\/\/agora.xtec.cat\/escsantllatzer\/wp-json\/wp\/v2\/comments?post=499"}],"version-history":[{"count":5,"href":"https:\/\/agora.xtec.cat\/escsantllatzer\/wp-json\/wp\/v2\/pages\/499\/revisions"}],"predecessor-version":[{"id":2092,"href":"https:\/\/agora.xtec.cat\/escsantllatzer\/wp-json\/wp\/v2\/pages\/499\/revisions\/2092"}],"wp:attachment":[{"href":"https:\/\/agora.xtec.cat\/escsantllatzer\/wp-json\/wp\/v2\/media?parent=499"}],"curies":[{"name":"wp","href":"https:\/\/api.w.org\/{rel}","templated":true}]}}