{"id":497,"date":"2020-03-30T19:02:30","date_gmt":"2020-03-30T17:02:30","guid":{"rendered":"https:\/\/agora.xtec.cat\/escsantllatzer\/?page_id=497"},"modified":"2025-11-03T16:25:27","modified_gmt":"2025-11-03T15:25:27","slug":"linia-descola","status":"publish","type":"page","link":"https:\/\/agora.xtec.cat\/escsantllatzer\/linia-descola\/","title":{"rendered":"L\u00ednia d&#8217;escola"},"content":{"rendered":"<p>L&#8217;escola Sant Ll\u00e0tzer es defineix com <strong>una escola activa, respectuosa i participativa.<\/strong><\/p>\n<p><strong>Activa<\/strong> pel que fa al paper de l&#8217;infant com a protagonista dels seus aprenentatges. Un\u00a0 infant que descobreix, experimenta, investiga, crea i imagina, acompanyat per adults que confien en la seva capacitat i dissenyen oportunitats que li permeten aprendre de manera aut\u00f2noma i personalitzada.<\/p>\n<p><strong>Respectuosa<\/strong> amb els processos de vida i la diversitat. Amb les aptituds, potencialitats i necessitats dels infants. Amb la identitat pr\u00f2pia de totes i tots els que formem part de l&#8217;escola. Amb el nostre entorn i la nostra cultura.<\/p>\n<p><strong>Participativa<\/strong> i proactiva. Consensuant, debatent i escoltant des del respecte totes les veus que ens permeten anar construint un projecte de centre encoratjador i sempre en moviment.<\/p>\n<p><a href=\"https:\/\/agora.xtec.cat\/escsantllatzer\/wp-content\/uploads\/usu2138\/2025\/10\/3-mantres-1-scaled.jpg\"><img loading=\"lazy\" decoding=\"async\" class=\"aligncenter wp-image-1784\" src=\"https:\/\/agora.xtec.cat\/escsantllatzer\/wp-content\/uploads\/usu2138\/2025\/10\/3-mantres-1-300x93.jpg\" alt=\"\" width=\"833\" height=\"258\" srcset=\"https:\/\/agora.xtec.cat\/escsantllatzer\/wp-content\/uploads\/usu2138\/2025\/10\/3-mantres-1-300x93.jpg 300w, https:\/\/agora.xtec.cat\/escsantllatzer\/wp-content\/uploads\/usu2138\/2025\/10\/3-mantres-1-1024x316.jpg 1024w, https:\/\/agora.xtec.cat\/escsantllatzer\/wp-content\/uploads\/usu2138\/2025\/10\/3-mantres-1-768x237.jpg 768w, https:\/\/agora.xtec.cat\/escsantllatzer\/wp-content\/uploads\/usu2138\/2025\/10\/3-mantres-1-1536x474.jpg 1536w, https:\/\/agora.xtec.cat\/escsantllatzer\/wp-content\/uploads\/usu2138\/2025\/10\/3-mantres-1-2048x632.jpg 2048w\" sizes=\"auto, (max-width: 833px) 100vw, 833px\" \/><\/a><\/p>\n<p>Una escola que forma una gran tribu, en qu\u00e8 tothom t\u00e9 cabuda. <strong>Una educaci\u00f3 basada en la vida i per a la vida. <\/strong><\/p>\n<p><span style=\"font-weight: 400;\">Tamb\u00e9 ens definim com una escola transformadora i oberta a l\u2019entorn, amb un projecte com\u00fa i il\u00b7lusionador, en qu\u00e8 la veu dels infants, fam\u00edlies i equip de mestres ens permet teixir una mirada respectuosa amb la realitat que l\u2019envolta en tant que es nodreix de les sinergies que es creen en l\u2019entorn m\u00e9s immediat.\u00a0<\/span><\/p>\n<p><span style=\"font-weight: 400;\">A m\u00e9s a m\u00e9s, pensem que cal entendre l\u2019<strong>educaci\u00f3 com a motor de transformaci\u00f3 social<\/strong>, una educaci\u00f3 que va m\u00e9s enll\u00e0 dels murs de l\u2019escola, per tal d\u2019acompanyar a infants que esdevinguin <strong>ciutadans aut\u00f2noms, cr\u00edtics, reflexius<\/strong> i capa\u00e7os de con\u00e8ixer, conviure i buscar solucions als reptes del futur. <\/span><\/p>\n<p>Una escola que sempre t\u00e9 presents les seves arrels, per\u00f2 que vetlla per tal que tots els infants puguin desplegar les seves ales.<\/p>\n<p>&nbsp;<\/p>\n<h6 style=\"text-align: center;\"><strong><em>&#8220;No hi ha dem\u00e0 sense projecte, sense somnis, sense utopies, sense esperan\u00e7a, <\/em><\/strong><\/h6>\n<h6 style=\"text-align: center;\"><strong><em>sense treball per crear i desenvolupar les possibilitats que permetin la seva realitzaci\u00f3&#8221;.<\/em><\/strong><\/h6>\n<h6 style=\"text-align: center;\"><strong>\u00a0 \u00a0(Paulo Freire)<\/strong><\/h6>\n<h6><\/h6>\n<p><!--a=1--><!--a=1--><\/p>\n<p><!--a=1--><\/p>\n<p><!--a=1--><\/p>\n<p><!--a=1--><\/p>\n<p><!--a=1--><\/p>\n<p><!--a=1--><\/p>\n<p><!--a=1--><\/p>\n<p><!--a=1--><\/p>\n<p><!--a=1--><\/p>\n<p><!--a=1--><\/p>\n<p><!--a=1--><\/p>\n<p><!--a=1--><\/p>\n<p><!--a=1--><\/p>\n<p><!--a=1--><\/p>\n<p><!--a=1--><\/p>\n","protected":false},"excerpt":{"rendered":"<p>L&#8217;escola Sant Ll\u00e0tzer es defineix com una escola activa, respectuosa i participativa. Activa pel que fa al paper de l&#8217;infant com a protagonista dels seus aprenentatges. Un\u00a0 infant que descobreix, experimenta, investiga, crea i imagina, acompanyat per adults que confien en la seva capacitat i dissenyen oportunitats que li permeten aprendre de manera aut\u00f2noma i [&hellip;]<\/p>\n","protected":false},"author":1,"featured_media":0,"parent":0,"menu_order":0,"comment_status":"closed","ping_status":"closed","template":"","meta":{"_bbp_topic_count":0,"_bbp_reply_count":0,"_bbp_total_topic_count":0,"_bbp_total_reply_count":0,"_bbp_voice_count":0,"_bbp_anonymous_reply_count":0,"_bbp_topic_count_hidden":0,"_bbp_reply_count_hidden":0,"_bbp_forum_subforum_count":0,"site-sidebar-layout":"no-sidebar","site-content-layout":"","ast-site-content-layout":"default","site-content-style":"default","site-sidebar-style":"default","ast-global-header-display":"","ast-banner-title-visibility":"","ast-main-header-display":"","ast-hfb-above-header-display":"","ast-hfb-below-header-display":"","ast-hfb-mobile-header-display":"","site-post-title":"","ast-breadcrumbs-content":"","ast-featured-img":"","footer-sml-layout":"","theme-transparent-header-meta":"default","adv-header-id-meta":"","stick-header-meta":"","header-above-stick-meta":"","header-main-stick-meta":"","header-below-stick-meta":"","astra-migrate-meta-layouts":"set","ast-page-background-enabled":"default","ast-page-background-meta":{"desktop":{"background-color":"var(--ast-global-color-4)","background-image":"","background-repeat":"repeat","background-position":"center center","background-size":"auto","background-attachment":"scroll","background-type":"","background-media":"","overlay-type":"","overlay-color":"","overlay-opacity":"","overlay-gradient":""},"tablet":{"background-color":"","background-image":"","background-repeat":"repeat","background-position":"center center","background-size":"auto","background-attachment":"scroll","background-type":"","background-media":"","overlay-type":"","overlay-color":"","overlay-opacity":"","overlay-gradient":""},"mobile":{"background-color":"","background-image":"","background-repeat":"repeat","background-position":"center center","background-size":"auto","background-attachment":"scroll","background-type":"","background-media":"","overlay-type":"","overlay-color":"","overlay-opacity":"","overlay-gradient":""}},"ast-content-background-meta":{"desktop":{"background-color":"var(--ast-global-color-5)","background-image":"","background-repeat":"repeat","background-position":"center center","background-size":"auto","background-attachment":"scroll","background-type":"","background-media":"","overlay-type":"","overlay-color":"","overlay-opacity":"","overlay-gradient":""},"tablet":{"background-color":"var(--ast-global-color-5)","background-image":"","background-repeat":"repeat","background-position":"center center","background-size":"auto","background-attachment":"scroll","background-type":"","background-media":"","overlay-type":"","overlay-color":"","overlay-opacity":"","overlay-gradient":""},"mobile":{"background-color":"var(--ast-global-color-5)","background-image":"","background-repeat":"repeat","background-position":"center center","background-size":"auto","background-attachment":"scroll","background-type":"","background-media":"","overlay-type":"","overlay-color":"","overlay-opacity":"","overlay-gradient":""}},"footnotes":""},"class_list":["post-497","page","type-page","status-publish","hentry"],"post_mailing_queue_ids":[],"_links":{"self":[{"href":"https:\/\/agora.xtec.cat\/escsantllatzer\/wp-json\/wp\/v2\/pages\/497","targetHints":{"allow":["GET"]}}],"collection":[{"href":"https:\/\/agora.xtec.cat\/escsantllatzer\/wp-json\/wp\/v2\/pages"}],"about":[{"href":"https:\/\/agora.xtec.cat\/escsantllatzer\/wp-json\/wp\/v2\/types\/page"}],"author":[{"embeddable":true,"href":"https:\/\/agora.xtec.cat\/escsantllatzer\/wp-json\/wp\/v2\/users\/1"}],"replies":[{"embeddable":true,"href":"https:\/\/agora.xtec.cat\/escsantllatzer\/wp-json\/wp\/v2\/comments?post=497"}],"version-history":[{"count":7,"href":"https:\/\/agora.xtec.cat\/escsantllatzer\/wp-json\/wp\/v2\/pages\/497\/revisions"}],"predecessor-version":[{"id":1910,"href":"https:\/\/agora.xtec.cat\/escsantllatzer\/wp-json\/wp\/v2\/pages\/497\/revisions\/1910"}],"wp:attachment":[{"href":"https:\/\/agora.xtec.cat\/escsantllatzer\/wp-json\/wp\/v2\/media?parent=497"}],"curies":[{"name":"wp","href":"https:\/\/api.w.org\/{rel}","templated":true}]}}