{"id":1725,"date":"2025-10-24T21:40:59","date_gmt":"2025-10-24T19:40:59","guid":{"rendered":"https:\/\/agora.xtec.cat\/escsantllatzer\/?page_id=1725"},"modified":"2025-11-09T16:44:48","modified_gmt":"2025-11-09T15:44:48","slug":"coeducacio","status":"publish","type":"page","link":"https:\/\/agora.xtec.cat\/escsantllatzer\/coeducacio\/","title":{"rendered":"Coeducaci\u00f3"},"content":{"rendered":"<p>El nou curr\u00edculum incorpora l\u2019educaci\u00f3 en la ciutadania cr\u00edtica, la conviv\u00e8ncia i el benestar com a nucli dels aprenentatges, i situa l\u2019enfocament de g\u00e8nere com a dimensi\u00f3 transversal a trav\u00e9s del vector de<strong data-start=\"382\" data-end=\"417\"> &#8220;Perspectiva de g\u00e8nere&#8221;<\/strong> i en coher\u00e8ncia amb el vector de<strong data-start=\"441\" data-end=\"473\"> &#8220;Ciutadania democr\u00e0tica i consci\u00e8ncia global&#8221;<\/strong>\u00a0i el vector de<strong data-start=\"479\" data-end=\"501\"> &#8220;Benestar emocional&#8221;<\/strong>.<br data-start=\"502\" data-end=\"505\" \/>Aix\u00ed, les escoles han de garantir entorns lliures de discriminacions i viol\u00e8ncies i han de promoure relacions igualit\u00e0ries i bons tractes.<br data-start=\"645\" data-end=\"648\" \/>Treballar la coeducaci\u00f3 no \u00e9s un complement, sin\u00f3 una condici\u00f3 per desenvolupar les compet\u00e8ncies i els drets de tots els infants.<\/p>\n<p>Us compartim algunes de les actuacions que fem com a escola per incorporar la perspectiva de g\u00e8nere en la vida del centre educatiu:<a href=\"https:\/\/agora.xtec.cat\/escsantllatzer\/wp-content\/uploads\/usu2138\/2025\/11\/coeducacio.png\"><br \/>\n<\/a><\/p>\n<p><a href=\"https:\/\/agora.xtec.cat\/escsantllatzer\/wp-content\/uploads\/usu2138\/2025\/11\/coeducacio.png\"><img loading=\"lazy\" decoding=\"async\" class=\"aligncenter wp-image-1920\" src=\"https:\/\/agora.xtec.cat\/escsantllatzer\/wp-content\/uploads\/usu2138\/2025\/11\/coeducacio-300x225.png\" alt=\"\" width=\"495\" height=\"371\" srcset=\"https:\/\/agora.xtec.cat\/escsantllatzer\/wp-content\/uploads\/usu2138\/2025\/11\/coeducacio-300x225.png 300w, https:\/\/agora.xtec.cat\/escsantllatzer\/wp-content\/uploads\/usu2138\/2025\/11\/coeducacio-768x576.png 768w, https:\/\/agora.xtec.cat\/escsantllatzer\/wp-content\/uploads\/usu2138\/2025\/11\/coeducacio.png 1024w\" sizes=\"auto, (max-width: 495px) 100vw, 495px\" \/><\/a><span style=\"color: #c908cc;\"><strong>PATIS COEDUCATIUS:<\/strong><\/span> L\u2019escola dissenya <strong data-start=\"55\" data-end=\"76\">patis coeducatius<\/strong> que ofereixen diversitat d\u2019espais i de possibilitats de joc, evitant jerarquies i afavorint la participaci\u00f3 de tothom. Entenem el pati com un espai educatiu on s&#8217;han de promoure els <strong data-start=\"257\" data-end=\"273\">bons tractes<\/strong>, la conviv\u00e8ncia i la igualtat.<\/p>\n<p><span style=\"color: #c908cc;\"><strong>XARRADES:<\/strong><\/span> El centre programa <strong data-start=\"57\" data-end=\"103\">xarrades<\/strong> adre\u00e7ades a fam\u00edlies, infants i equip docent, per generar llenguatge compartit i criteris comuns en clau de g\u00e8nere i bons tractes. <a href=\"https:\/\/nuriasorribes.com\/\">ENLLA\u00c7<\/a><\/p>\n<p><span style=\"color: #c908cc;\"><strong>CLUB FEMINISTA:<\/strong> <\/span>Els infants de la comunitat de grans es reuneixen de manera <strong>mensual i assemble\u00e0ria<\/strong> per reflexionar sobre viv\u00e8ncies viscudes i dissenyar i organitzar actuacions en clau de g\u00e8nere. <a href=\"https:\/\/agora.xtec.cat\/escsantllatzer\/general\/mes-enlla-dun-club-feminista\/\">ENLLA\u00c7<\/a><\/p>\n<p><span style=\"color: #c908cc;\"><strong>LLENGUATGE INCLUSIU:<\/strong> <\/span>L&#8217;escola vetlla perqu\u00e8 els termes ling\u00fc\u00edstics utilitzats en les comunicacions del centre, internes i externes, estiguin lliures d\u2019estereotips i prejudicis en relaci\u00f3 amb el g\u00e8nere. L\u2019escola promou l\u2019\u00fas <strong data-start=\"47\" data-end=\"86\">conscient i inclusiu del llenguatge.<\/strong><\/p>\n<p><span style=\"color: #c908cc;\"><strong>LAVABOS MIXTES:<\/strong> <\/span>El centre aposta per <strong data-start=\"293\" data-end=\"317\">lavabos sense g\u00e8nere<\/strong> (unisex) per tal que totes les persones se sentin incloses i respectades.<\/p>\n<p><span style=\"color: #c908cc;\"><strong>NOM DE TRIBU SENSE G\u00c8NERE: <\/strong><\/span>En la denominaci\u00f3 dels grups classe, l\u2019escola opta per <strong>noms creatius, col\u00b7lectius i neutrals<\/strong> per promoure un llenguatge inclusiu i no marcar g\u00e8nere.<\/p>\n<p><span style=\"color: #c908cc;\"><strong>CONSCIENCIACI\u00d3 DEL 8M I 25N: <\/strong><\/span>L\u2019escola <strong>visibilitza i dona sentit pedag\u00f2gic<\/strong> al Dia Internacional de les Dones (8 de mar\u00e7) i el Dia Internacional per a l\u2019Eliminaci\u00f3 de la Viol\u00e8ncia envers les Dones (25 de novembre).<\/p>\n<p>&nbsp;<\/p>\n<p>Us adjuntem tamb\u00e9 altres exemples que formen part d&#8217;aquesta mirada respectuosa amb la perspectiva de g\u00e8nere:<\/p>\n<table style=\"border-collapse: collapse; width: 100%; height: 211px;\">\n<tbody>\n<tr style=\"height: 264px;\">\n<td style=\"width: 29.5762%; height: 211px;\"><a href=\"https:\/\/agora.xtec.cat\/escsantllatzer\/wp-content\/uploads\/usu2138\/2025\/11\/WEB-5-e1762207109352.png\"><img loading=\"lazy\" decoding=\"async\" class=\"aligncenter size-medium wp-image-1926\" src=\"https:\/\/agora.xtec.cat\/escsantllatzer\/wp-content\/uploads\/usu2138\/2025\/11\/WEB-5-e1762207109352-300x205.png\" alt=\"\" width=\"300\" height=\"205\" srcset=\"https:\/\/agora.xtec.cat\/escsantllatzer\/wp-content\/uploads\/usu2138\/2025\/11\/WEB-5-e1762207109352-300x205.png 300w, https:\/\/agora.xtec.cat\/escsantllatzer\/wp-content\/uploads\/usu2138\/2025\/11\/WEB-5-e1762207109352-768x524.png 768w, https:\/\/agora.xtec.cat\/escsantllatzer\/wp-content\/uploads\/usu2138\/2025\/11\/WEB-5-e1762207109352.png 806w\" sizes=\"auto, (max-width: 300px) 100vw, 300px\" \/><\/a><\/td>\n<td style=\"width: 70.4238%; height: 211px;\">\n<ul style=\"list-style-type: disc;\">\n<li><a href=\"https:\/\/agora.xtec.cat\/escsantllatzer\/portada\/pubertat-amb-confianca-el-teu-viatge-cap-a-ladolescencia\/\">Caixa de la menarquia i l&#8217;espermarquia.<\/a><\/li>\n<li>Contes en clau de g\u00e8nere.<\/li>\n<li>Fer visibles referents femenins en totes les \u00e0rees i\/o disciplines.<\/li>\n<li>Compartir amb les fam\u00edlies reflexions quotidianes des de la proximitat i el respecte.<\/li>\n<li>Analitzar anuncis, joguines, esports, contes\u2026<\/li>\n<li><a href=\"https:\/\/agora.xtec.cat\/escsantllatzer\/wp-content\/uploads\/usu2138\/2025\/11\/05-4t-QUE-VOL-DIR-ESTIMAR_.pptx.pdf\">Projectes<\/a> on la coeducaci\u00f3 apareix com a contingut de valor.<\/li>\n<li>Identificar i tractar les situacions de conflicte vinculades per comportaments i actituds sexistes i LGTBI-f\u00f2bics que causin viol\u00e8ncia o discriminaci\u00f3. \u00a0<a href=\"https:\/\/www.3cat.cat\/tv3\/sx3\/defensem-larc-de-sant-marti\/video\/6165109\/\">ENLLA\u00c7 L&#8217;ESCOLA SANT LL\u00c0TZER A L&#8217;INFOK<\/a><\/li>\n<\/ul>\n<\/td>\n<\/tr>\n<\/tbody>\n<\/table>\n<ul style=\"list-style-type: disc;\">\n<li>Mantres d&#8217;escola (d&#8217;I3 a 6\u00e8) que tenen molt a veure amb l&#8217;acompanyament respectu\u00f3s i l&#8217;educaci\u00f3 afectivosexual:<\/li>\n<\/ul>\n<p style=\"text-align: center;\"><strong><i>Som una tribu i ens cuidem (fa refer\u00e8ncia a la cura dels altres i d\u2019un mateix).<\/i><\/strong><\/p>\n<p style=\"text-align: center;\"><strong><i>Preguntem abans de fer (t\u00e9 a veure amb el consentiment i el respecte).<\/i><\/strong><\/p>\n<p style=\"text-align: center;\"><strong><i>Si alg\u00fa diu para, hem de parar (\u201cNO \u00e9s NO\u201d \/ L\u00edmits).<\/i><\/strong><\/p>\n<p><!--a=1--><\/p>\n<p><!--a=1--><\/p>\n<p><!--a=1--><!--a=1--><!--a=1--><\/p>\n<p><!--a=1--><\/p>\n<p><!--a=1--><\/p>\n<p><!--a=1--><\/p>\n<p><!--a=1--><!--a=1--><\/p>\n<p><!--a=1--><\/p>\n<p><!--a=1--><\/p>\n<p><!--a=1--><\/p>\n<p><!--a=1--><\/p>\n<p><!--a=1--><\/p>\n<p><!--a=1--><\/p>\n<p><!--a=1--><\/p>\n<p><!--a=1--><!--a=1--><\/p>\n<p><!--a=1--><\/p>\n<p><!--a=1--><\/p>\n<p><!--a=1--><\/p>\n","protected":false},"excerpt":{"rendered":"<p>El nou curr\u00edculum incorpora l\u2019educaci\u00f3 en la ciutadania cr\u00edtica, la conviv\u00e8ncia i el benestar com a nucli dels aprenentatges, i situa l\u2019enfocament de g\u00e8nere com a dimensi\u00f3 transversal a trav\u00e9s del vector de &#8220;Perspectiva de g\u00e8nere&#8221; i en coher\u00e8ncia amb el vector de &#8220;Ciutadania democr\u00e0tica i consci\u00e8ncia global&#8221;\u00a0i el vector de &#8220;Benestar emocional&#8221;.Aix\u00ed, les escoles [&hellip;]<\/p>\n","protected":false},"author":1,"featured_media":0,"parent":0,"menu_order":0,"comment_status":"closed","ping_status":"closed","template":"","meta":{"_bbp_topic_count":0,"_bbp_reply_count":0,"_bbp_total_topic_count":0,"_bbp_total_reply_count":0,"_bbp_voice_count":0,"_bbp_anonymous_reply_count":0,"_bbp_topic_count_hidden":0,"_bbp_reply_count_hidden":0,"_bbp_forum_subforum_count":0,"site-sidebar-layout":"no-sidebar","site-content-layout":"","ast-site-content-layout":"default","site-content-style":"default","site-sidebar-style":"default","ast-global-header-display":"","ast-banner-title-visibility":"","ast-main-header-display":"","ast-hfb-above-header-display":"","ast-hfb-below-header-display":"","ast-hfb-mobile-header-display":"","site-post-title":"","ast-breadcrumbs-content":"","ast-featured-img":"","footer-sml-layout":"","theme-transparent-header-meta":"default","adv-header-id-meta":"","stick-header-meta":"","header-above-stick-meta":"","header-main-stick-meta":"","header-below-stick-meta":"","astra-migrate-meta-layouts":"set","ast-page-background-enabled":"default","ast-page-background-meta":{"desktop":{"background-color":"var(--ast-global-color-4)","background-image":"","background-repeat":"repeat","background-position":"center center","background-size":"auto","background-attachment":"scroll","background-type":"","background-media":"","overlay-type":"","overlay-color":"","overlay-opacity":"","overlay-gradient":""},"tablet":{"background-color":"","background-image":"","background-repeat":"repeat","background-position":"center center","background-size":"auto","background-attachment":"scroll","background-type":"","background-media":"","overlay-type":"","overlay-color":"","overlay-opacity":"","overlay-gradient":""},"mobile":{"background-color":"","background-image":"","background-repeat":"repeat","background-position":"center center","background-size":"auto","background-attachment":"scroll","background-type":"","background-media":"","overlay-type":"","overlay-color":"","overlay-opacity":"","overlay-gradient":""}},"ast-content-background-meta":{"desktop":{"background-color":"var(--ast-global-color-5)","background-image":"","background-repeat":"repeat","background-position":"center center","background-size":"auto","background-attachment":"scroll","background-type":"","background-media":"","overlay-type":"","overlay-color":"","overlay-opacity":"","overlay-gradient":""},"tablet":{"background-color":"var(--ast-global-color-5)","background-image":"","background-repeat":"repeat","background-position":"center center","background-size":"auto","background-attachment":"scroll","background-type":"","background-media":"","overlay-type":"","overlay-color":"","overlay-opacity":"","overlay-gradient":""},"mobile":{"background-color":"var(--ast-global-color-5)","background-image":"","background-repeat":"repeat","background-position":"center center","background-size":"auto","background-attachment":"scroll","background-type":"","background-media":"","overlay-type":"","overlay-color":"","overlay-opacity":"","overlay-gradient":""}},"footnotes":""},"class_list":["post-1725","page","type-page","status-publish","hentry"],"post_mailing_queue_ids":[],"_links":{"self":[{"href":"https:\/\/agora.xtec.cat\/escsantllatzer\/wp-json\/wp\/v2\/pages\/1725","targetHints":{"allow":["GET"]}}],"collection":[{"href":"https:\/\/agora.xtec.cat\/escsantllatzer\/wp-json\/wp\/v2\/pages"}],"about":[{"href":"https:\/\/agora.xtec.cat\/escsantllatzer\/wp-json\/wp\/v2\/types\/page"}],"author":[{"embeddable":true,"href":"https:\/\/agora.xtec.cat\/escsantllatzer\/wp-json\/wp\/v2\/users\/1"}],"replies":[{"embeddable":true,"href":"https:\/\/agora.xtec.cat\/escsantllatzer\/wp-json\/wp\/v2\/comments?post=1725"}],"version-history":[{"count":7,"href":"https:\/\/agora.xtec.cat\/escsantllatzer\/wp-json\/wp\/v2\/pages\/1725\/revisions"}],"predecessor-version":[{"id":1949,"href":"https:\/\/agora.xtec.cat\/escsantllatzer\/wp-json\/wp\/v2\/pages\/1725\/revisions\/1949"}],"wp:attachment":[{"href":"https:\/\/agora.xtec.cat\/escsantllatzer\/wp-json\/wp\/v2\/media?parent=1725"}],"curies":[{"name":"wp","href":"https:\/\/api.w.org\/{rel}","templated":true}]}}