{"id":1723,"date":"2025-10-24T21:40:43","date_gmt":"2025-10-24T19:40:43","guid":{"rendered":"https:\/\/agora.xtec.cat\/escsantllatzer\/?page_id=1723"},"modified":"2025-11-04T07:23:29","modified_gmt":"2025-11-04T06:23:29","slug":"accions-verdes","status":"publish","type":"page","link":"https:\/\/agora.xtec.cat\/escsantllatzer\/accions-verdes\/","title":{"rendered":"Accions verdes"},"content":{"rendered":"<h3>UNA MIRADA SOSTENIBLE: &#8220;Som all\u00f2 que fem&#8221;<\/h3>\n<p data-start=\"62\" data-end=\"271\">A l\u2019escola eduquem per tenir cura del nostre planeta. El nou curr\u00edculum ens demana abordar els reptes ambientals reals del m\u00f3n d\u2019avui i acompanyar els infants a fer-se preguntes i a actuar amb responsabilitat.<\/p>\n<p data-start=\"273\" data-end=\"622\" data-is-last-node=\"\" data-is-only-node=\"\">Treballar la sostenibilitat i el decreixement no vol dir \u201crenunciar\u201d, sin\u00f3 aprendre que sovint, amb menys, vivim millor: <strong>consumir amb criteri, reutilitzar, reparar, compartir i valorar all\u00f2 que ja tenim<\/strong>. Aix\u00ed eduquem infants que entenen el valor dels b\u00e9ns comuns i que saben que <strong>cuidar la Terra \u00e9s cuidar-nos a nosaltres i a les generacions futures<\/strong>.<\/p>\n<p>Us compartim algunes de les accions que formen part de la nostra mirada sostenible, a trav\u00e9s d&#8217;alguns cartells:<\/p>\n<p><a href=\"https:\/\/agora.xtec.cat\/escsantllatzer\/wp-content\/uploads\/usu2138\/2025\/10\/Disseny-sense-titol-10.png\"><img loading=\"lazy\" decoding=\"async\" class=\"aligncenter wp-image-1805\" src=\"https:\/\/agora.xtec.cat\/escsantllatzer\/wp-content\/uploads\/usu2138\/2025\/10\/Disseny-sense-titol-10-300x169.png\" alt=\"\" width=\"779\" height=\"439\" srcset=\"https:\/\/agora.xtec.cat\/escsantllatzer\/wp-content\/uploads\/usu2138\/2025\/10\/Disseny-sense-titol-10-300x169.png 300w, https:\/\/agora.xtec.cat\/escsantllatzer\/wp-content\/uploads\/usu2138\/2025\/10\/Disseny-sense-titol-10-1024x576.png 1024w, https:\/\/agora.xtec.cat\/escsantllatzer\/wp-content\/uploads\/usu2138\/2025\/10\/Disseny-sense-titol-10-768x432.png 768w, https:\/\/agora.xtec.cat\/escsantllatzer\/wp-content\/uploads\/usu2138\/2025\/10\/Disseny-sense-titol-10-1536x864.png 1536w, https:\/\/agora.xtec.cat\/escsantllatzer\/wp-content\/uploads\/usu2138\/2025\/10\/Disseny-sense-titol-10.png 1920w\" sizes=\"auto, (max-width: 779px) 100vw, 779px\" \/><\/a><\/p>\n<table class=\" aligncenter\" style=\"border-collapse: collapse; width: 100%;\">\n<tbody>\n<tr>\n<td style=\"width: 30.9563%;\"><a href=\"https:\/\/agora.xtec.cat\/escsantllatzer\/wp-content\/uploads\/usu2138\/2025\/10\/Environmental-Issues.jpg\"><img loading=\"lazy\" decoding=\"async\" class=\"aligncenter wp-image-1822\" src=\"https:\/\/agora.xtec.cat\/escsantllatzer\/wp-content\/uploads\/usu2138\/2025\/10\/Environmental-Issues-120x300.jpg\" alt=\"\" width=\"180\" height=\"449\" srcset=\"https:\/\/agora.xtec.cat\/escsantllatzer\/wp-content\/uploads\/usu2138\/2025\/10\/Environmental-Issues-120x300.jpg 120w, https:\/\/agora.xtec.cat\/escsantllatzer\/wp-content\/uploads\/usu2138\/2025\/10\/Environmental-Issues-410x1024.jpg 410w, https:\/\/agora.xtec.cat\/escsantllatzer\/wp-content\/uploads\/usu2138\/2025\/10\/Environmental-Issues-768x1920.jpg 768w, https:\/\/agora.xtec.cat\/escsantllatzer\/wp-content\/uploads\/usu2138\/2025\/10\/Environmental-Issues-614x1536.jpg 614w, https:\/\/agora.xtec.cat\/escsantllatzer\/wp-content\/uploads\/usu2138\/2025\/10\/Environmental-Issues.jpg 800w\" sizes=\"auto, (max-width: 180px) 100vw, 180px\" \/><\/a><\/td>\n<td style=\"width: 69.0437%;\"><a href=\"https:\/\/agora.xtec.cat\/escsantllatzer\/wp-content\/uploads\/usu2138\/2025\/10\/Disseny-sense-titol-11-e1761398529980.png\"><img loading=\"lazy\" decoding=\"async\" class=\"wp-image-1806 alignleft\" src=\"https:\/\/agora.xtec.cat\/escsantllatzer\/wp-content\/uploads\/usu2138\/2025\/10\/Disseny-sense-titol-11-e1761398529980-300x155.png\" alt=\"\" width=\"682\" height=\"352\" srcset=\"https:\/\/agora.xtec.cat\/escsantllatzer\/wp-content\/uploads\/usu2138\/2025\/10\/Disseny-sense-titol-11-e1761398529980-300x155.png 300w, https:\/\/agora.xtec.cat\/escsantllatzer\/wp-content\/uploads\/usu2138\/2025\/10\/Disseny-sense-titol-11-e1761398529980-1024x528.png 1024w, https:\/\/agora.xtec.cat\/escsantllatzer\/wp-content\/uploads\/usu2138\/2025\/10\/Disseny-sense-titol-11-e1761398529980-768x396.png 768w, https:\/\/agora.xtec.cat\/escsantllatzer\/wp-content\/uploads\/usu2138\/2025\/10\/Disseny-sense-titol-11-e1761398529980-1536x792.png 1536w, https:\/\/agora.xtec.cat\/escsantllatzer\/wp-content\/uploads\/usu2138\/2025\/10\/Disseny-sense-titol-11-e1761398529980.png 1920w\" sizes=\"auto, (max-width: 682px) 100vw, 682px\" \/><\/a><\/td>\n<\/tr>\n<\/tbody>\n<\/table>\n<p><a href=\"https:\/\/drive.google.com\/file\/d\/1wGjXdIn0Muu4nJbjbz7XHn-HIEwmC9c4\/view?usp=sharing\"><img loading=\"lazy\" decoding=\"async\" class=\" wp-image-1916 aligncenter\" src=\"https:\/\/agora.xtec.cat\/escsantllatzer\/wp-content\/uploads\/usu2138\/2025\/11\/WEB-4-e1762197769828-300x268.png\" alt=\"\" width=\"420\" height=\"375\" srcset=\"https:\/\/agora.xtec.cat\/escsantllatzer\/wp-content\/uploads\/usu2138\/2025\/11\/WEB-4-e1762197769828-300x268.png 300w, https:\/\/agora.xtec.cat\/escsantllatzer\/wp-content\/uploads\/usu2138\/2025\/11\/WEB-4-e1762197769828-768x687.png 768w, https:\/\/agora.xtec.cat\/escsantllatzer\/wp-content\/uploads\/usu2138\/2025\/11\/WEB-4-e1762197769828.png 820w\" sizes=\"auto, (max-width: 420px) 100vw, 420px\" \/><\/a><\/p>\n<p>&nbsp;<\/p>\n<p><!--a=1--><\/p>\n<p><!--a=1--><!--a=1--><\/p>\n<p><!--a=1--><\/p>\n<p><!--a=1--><\/p>\n<p><!--a=1--><!--a=1--><\/p>\n<p><!----comment node----><!--a=1--><\/p>\n<p><!----comment node----><!--a=1--><\/p>\n<p><!----comment node----><!--a=1--><!--a=1--><!--a=1--><!--a=1--><!--a=1--><!--a=1--><!--a=1--><\/p>\n<p><!--a=1--><!--a=1--><\/p>\n<p><!--a=1--><!--a=1--><!--a=1--><\/p>\n<p><!----comment node----><!--a=1--><\/p>\n<p><!----comment node----><!--a=1--><\/p>\n<p><!----comment node----><!--a=1--><\/p>\n<p><!----comment node----><!--a=1--><\/p>\n<p><!----comment node----><!--a=1--><\/p>\n<p><!----comment node----><!--a=1--><\/p>\n<p><!----comment node----><!--a=1--><\/p>\n<p><!----comment node----><!--a=1--><\/p>\n<p><!----comment node----><!--a=1--><\/p>\n<p><!--a=1--><\/p>\n<p><!--a=1--><\/p>\n<p><!--a=1--><\/p>\n<p><!--a=1--><\/p>\n<p><!--a=1--><\/p>\n","protected":false},"excerpt":{"rendered":"<p>UNA MIRADA SOSTENIBLE: &#8220;Som all\u00f2 que fem&#8221; A l\u2019escola eduquem per tenir cura del nostre planeta. El nou curr\u00edculum ens demana abordar els reptes ambientals reals del m\u00f3n d\u2019avui i acompanyar els infants a fer-se preguntes i a actuar amb responsabilitat. Treballar la sostenibilitat i el decreixement no vol dir \u201crenunciar\u201d, sin\u00f3 aprendre que sovint, [&hellip;]<\/p>\n","protected":false},"author":1,"featured_media":0,"parent":0,"menu_order":0,"comment_status":"closed","ping_status":"closed","template":"","meta":{"_bbp_topic_count":0,"_bbp_reply_count":0,"_bbp_total_topic_count":0,"_bbp_total_reply_count":0,"_bbp_voice_count":0,"_bbp_anonymous_reply_count":0,"_bbp_topic_count_hidden":0,"_bbp_reply_count_hidden":0,"_bbp_forum_subforum_count":0,"site-sidebar-layout":"no-sidebar","site-content-layout":"","ast-site-content-layout":"default","site-content-style":"default","site-sidebar-style":"default","ast-global-header-display":"","ast-banner-title-visibility":"","ast-main-header-display":"","ast-hfb-above-header-display":"","ast-hfb-below-header-display":"","ast-hfb-mobile-header-display":"","site-post-title":"","ast-breadcrumbs-content":"","ast-featured-img":"","footer-sml-layout":"","theme-transparent-header-meta":"default","adv-header-id-meta":"","stick-header-meta":"","header-above-stick-meta":"","header-main-stick-meta":"","header-below-stick-meta":"","astra-migrate-meta-layouts":"set","ast-page-background-enabled":"default","ast-page-background-meta":{"desktop":{"background-color":"var(--ast-global-color-4)","background-image":"","background-repeat":"repeat","background-position":"center center","background-size":"auto","background-attachment":"scroll","background-type":"","background-media":"","overlay-type":"","overlay-color":"","overlay-opacity":"","overlay-gradient":""},"tablet":{"background-color":"","background-image":"","background-repeat":"repeat","background-position":"center center","background-size":"auto","background-attachment":"scroll","background-type":"","background-media":"","overlay-type":"","overlay-color":"","overlay-opacity":"","overlay-gradient":""},"mobile":{"background-color":"","background-image":"","background-repeat":"repeat","background-position":"center center","background-size":"auto","background-attachment":"scroll","background-type":"","background-media":"","overlay-type":"","overlay-color":"","overlay-opacity":"","overlay-gradient":""}},"ast-content-background-meta":{"desktop":{"background-color":"var(--ast-global-color-5)","background-image":"","background-repeat":"repeat","background-position":"center center","background-size":"auto","background-attachment":"scroll","background-type":"","background-media":"","overlay-type":"","overlay-color":"","overlay-opacity":"","overlay-gradient":""},"tablet":{"background-color":"var(--ast-global-color-5)","background-image":"","background-repeat":"repeat","background-position":"center center","background-size":"auto","background-attachment":"scroll","background-type":"","background-media":"","overlay-type":"","overlay-color":"","overlay-opacity":"","overlay-gradient":""},"mobile":{"background-color":"var(--ast-global-color-5)","background-image":"","background-repeat":"repeat","background-position":"center center","background-size":"auto","background-attachment":"scroll","background-type":"","background-media":"","overlay-type":"","overlay-color":"","overlay-opacity":"","overlay-gradient":""}},"footnotes":""},"class_list":["post-1723","page","type-page","status-publish","hentry"],"post_mailing_queue_ids":[],"_links":{"self":[{"href":"https:\/\/agora.xtec.cat\/escsantllatzer\/wp-json\/wp\/v2\/pages\/1723","targetHints":{"allow":["GET"]}}],"collection":[{"href":"https:\/\/agora.xtec.cat\/escsantllatzer\/wp-json\/wp\/v2\/pages"}],"about":[{"href":"https:\/\/agora.xtec.cat\/escsantllatzer\/wp-json\/wp\/v2\/types\/page"}],"author":[{"embeddable":true,"href":"https:\/\/agora.xtec.cat\/escsantllatzer\/wp-json\/wp\/v2\/users\/1"}],"replies":[{"embeddable":true,"href":"https:\/\/agora.xtec.cat\/escsantllatzer\/wp-json\/wp\/v2\/comments?post=1723"}],"version-history":[{"count":7,"href":"https:\/\/agora.xtec.cat\/escsantllatzer\/wp-json\/wp\/v2\/pages\/1723\/revisions"}],"predecessor-version":[{"id":1935,"href":"https:\/\/agora.xtec.cat\/escsantllatzer\/wp-json\/wp\/v2\/pages\/1723\/revisions\/1935"}],"wp:attachment":[{"href":"https:\/\/agora.xtec.cat\/escsantllatzer\/wp-json\/wp\/v2\/media?parent=1723"}],"curies":[{"name":"wp","href":"https:\/\/api.w.org\/{rel}","templated":true}]}}