{"id":1721,"date":"2025-10-24T21:39:59","date_gmt":"2025-10-24T19:39:59","guid":{"rendered":"https:\/\/agora.xtec.cat\/escsantllatzer\/?page_id=1721"},"modified":"2025-10-25T12:18:43","modified_gmt":"2025-10-25T10:18:43","slug":"avaluar-per-aprendre","status":"publish","type":"page","link":"https:\/\/agora.xtec.cat\/escsantllatzer\/avaluar-per-aprendre\/","title":{"rendered":"Avaluar per aprendre"},"content":{"rendered":"<table style=\"border-collapse: collapse; width: 100%;\">\n<tbody>\n<tr>\n<td style=\"width: 40.4874%;\">\n<p style=\"text-align: left;\"><a href=\"https:\/\/agora.xtec.cat\/escsantllatzer\/wp-content\/uploads\/usu2138\/2025\/10\/A-continuacio-l-e1761387444690.png\"><img loading=\"lazy\" decoding=\"async\" class=\"size-medium wp-image-1775 alignleft\" src=\"https:\/\/agora.xtec.cat\/escsantllatzer\/wp-content\/uploads\/usu2138\/2025\/10\/A-continuacio-l-e1761387444690-300x119.png\" alt=\"\" width=\"300\" height=\"119\" srcset=\"https:\/\/agora.xtec.cat\/escsantllatzer\/wp-content\/uploads\/usu2138\/2025\/10\/A-continuacio-l-e1761387444690-300x119.png 300w, https:\/\/agora.xtec.cat\/escsantllatzer\/wp-content\/uploads\/usu2138\/2025\/10\/A-continuacio-l-e1761387444690-1024x407.png 1024w, https:\/\/agora.xtec.cat\/escsantllatzer\/wp-content\/uploads\/usu2138\/2025\/10\/A-continuacio-l-e1761387444690-768x305.png 768w, https:\/\/agora.xtec.cat\/escsantllatzer\/wp-content\/uploads\/usu2138\/2025\/10\/A-continuacio-l-e1761387444690.png 1334w\" sizes=\"auto, (max-width: 300px) 100vw, 300px\" \/><\/a><a href=\"https:\/\/www.youtube.com\/watch?v=8ln4-GnIMfA\"><img loading=\"lazy\" decoding=\"async\" class=\"size-medium wp-image-1745 alignleft\" src=\"https:\/\/agora.xtec.cat\/escsantllatzer\/wp-content\/uploads\/usu2138\/2025\/10\/Captura-2111-e1761378902248-300x196.png\" alt=\"\" width=\"300\" height=\"196\" srcset=\"https:\/\/agora.xtec.cat\/escsantllatzer\/wp-content\/uploads\/usu2138\/2025\/10\/Captura-2111-e1761378902248-300x196.png 300w, https:\/\/agora.xtec.cat\/escsantllatzer\/wp-content\/uploads\/usu2138\/2025\/10\/Captura-2111-e1761378902248-768x501.png 768w, https:\/\/agora.xtec.cat\/escsantllatzer\/wp-content\/uploads\/usu2138\/2025\/10\/Captura-2111-e1761378902248.png 1014w\" sizes=\"auto, (max-width: 300px) 100vw, 300px\" \/><\/a><a href=\"https:\/\/www.youtube.com\/watch?v=laMYY8o6CIg\"><img loading=\"lazy\" decoding=\"async\" class=\"size-medium wp-image-1746 alignleft\" src=\"https:\/\/agora.xtec.cat\/escsantllatzer\/wp-content\/uploads\/usu2138\/2025\/10\/Captura-2113-e1761379443428-300x182.png\" alt=\"\" width=\"300\" height=\"182\" srcset=\"https:\/\/agora.xtec.cat\/escsantllatzer\/wp-content\/uploads\/usu2138\/2025\/10\/Captura-2113-e1761379443428-300x182.png 300w, https:\/\/agora.xtec.cat\/escsantllatzer\/wp-content\/uploads\/usu2138\/2025\/10\/Captura-2113-e1761379443428-768x465.png 768w, https:\/\/agora.xtec.cat\/escsantllatzer\/wp-content\/uploads\/usu2138\/2025\/10\/Captura-2113-e1761379443428.png 1008w\" sizes=\"auto, (max-width: 300px) 100vw, 300px\" \/><\/a><a href=\"https:\/\/www.youtube.com\/watch?v=rcM8H_Oua4I\"><img loading=\"lazy\" decoding=\"async\" class=\"size-medium wp-image-1747 alignleft\" src=\"https:\/\/agora.xtec.cat\/escsantllatzer\/wp-content\/uploads\/usu2138\/2025\/10\/Captura-2114-e1761379678191-300x182.png\" alt=\"\" width=\"300\" height=\"182\" srcset=\"https:\/\/agora.xtec.cat\/escsantllatzer\/wp-content\/uploads\/usu2138\/2025\/10\/Captura-2114-e1761379678191-300x182.png 300w, https:\/\/agora.xtec.cat\/escsantllatzer\/wp-content\/uploads\/usu2138\/2025\/10\/Captura-2114-e1761379678191-768x466.png 768w, https:\/\/agora.xtec.cat\/escsantllatzer\/wp-content\/uploads\/usu2138\/2025\/10\/Captura-2114-e1761379678191.png 1018w\" sizes=\"auto, (max-width: 300px) 100vw, 300px\" \/><\/a><a href=\"https:\/\/www.youtube.com\/watch?v=NMiNIbyKNTc\"><img loading=\"lazy\" decoding=\"async\" class=\"size-medium wp-image-1749 alignleft\" src=\"https:\/\/agora.xtec.cat\/escsantllatzer\/wp-content\/uploads\/usu2138\/2025\/10\/Captura-2116-e1761380057262-300x182.png\" alt=\"\" width=\"300\" height=\"182\" srcset=\"https:\/\/agora.xtec.cat\/escsantllatzer\/wp-content\/uploads\/usu2138\/2025\/10\/Captura-2116-e1761380057262-300x182.png 300w, https:\/\/agora.xtec.cat\/escsantllatzer\/wp-content\/uploads\/usu2138\/2025\/10\/Captura-2116-e1761380057262-768x465.png 768w, https:\/\/agora.xtec.cat\/escsantllatzer\/wp-content\/uploads\/usu2138\/2025\/10\/Captura-2116-e1761380057262.png 1014w\" sizes=\"auto, (max-width: 300px) 100vw, 300px\" \/><\/a><a href=\"https:\/\/www.youtube.com\/watch?v=7cc6o6pNMWI\"><img loading=\"lazy\" decoding=\"async\" class=\"size-medium wp-image-1748 alignleft\" src=\"https:\/\/agora.xtec.cat\/escsantllatzer\/wp-content\/uploads\/usu2138\/2025\/10\/Captura-2115-e1761379845589-300x194.png\" alt=\"\" width=\"300\" height=\"194\" srcset=\"https:\/\/agora.xtec.cat\/escsantllatzer\/wp-content\/uploads\/usu2138\/2025\/10\/Captura-2115-e1761379845589-300x194.png 300w, https:\/\/agora.xtec.cat\/escsantllatzer\/wp-content\/uploads\/usu2138\/2025\/10\/Captura-2115-e1761379845589-768x497.png 768w, https:\/\/agora.xtec.cat\/escsantllatzer\/wp-content\/uploads\/usu2138\/2025\/10\/Captura-2115-e1761379845589.png 1020w\" sizes=\"auto, (max-width: 300px) 100vw, 300px\" \/><\/a><\/p>\n<\/td>\n<td style=\"width: 59.5126%;\">\n<h2><b>LA NOSTRA MIRADA SOBRE L\u2019AVALUACI\u00d3<\/b><\/h2>\n<p><span style=\"font-weight: 400;\">A l\u2019escola Sant Ll\u00e0tzer <\/span><b>entenem l\u2019avaluaci\u00f3 com una eina per aprendre m\u00e9s i millor<\/b><span style=\"font-weight: 400;\">. L\u2019avaluaci\u00f3 <\/span><b>forma part de la metodologia de l\u2019escola<\/b><span style=\"font-weight: 400;\"> i del nostre dia a dia com a docents a l\u2019aula. L&#8217;avaluaci\u00f3 <\/span><b>no \u00e9s la finalitat, sin\u00f3 que forma part del propi proc\u00e9s d\u2019aprenentatge<\/b><span style=\"font-weight: 400;\"> dels infants. L\u2019avaluaci\u00f3 <\/span><b>posa a l\u2019alumnat al centre i ens ajuda a prendre consci\u00e8ncia dels seus aprenentatges<\/b><span style=\"font-weight: 400;\"> per a poder millorar.<\/span><\/p>\n<p><em>\u201cL\u2019avaluaci\u00f3 ha de servir perqu\u00e8 l\u2019alumnat prengui consci\u00e8ncia del que sap, del que no sap i de qu\u00e8 pot fer per avan\u00e7ar&#8221;.<\/em><\/p>\n<p style=\"text-align: right;\">Neus Sanmart\u00ed<\/p>\n<p><em>\u201cL\u2019avaluaci\u00f3 defineix el tipus d\u2019educaci\u00f3 i de societat que volem construir\u201d.<\/em><\/p>\n<p style=\"text-align: right;\">Javier Murillo<\/p>\n<p>La nostra xerrada a Docents.cat<a href=\"https:\/\/docents.cat\/xerrada\/el-diari-aprenentatge-una-eina-util-per-avaluar-i-per-aprendre-amb-sentit\/\"><img loading=\"lazy\" decoding=\"async\" class=\"wp-image-1751 aligncenter\" src=\"https:\/\/agora.xtec.cat\/escsantllatzer\/wp-content\/uploads\/usu2138\/2025\/10\/Captura-2117-e1761381403182-300x175.png\" alt=\"\" width=\"364\" height=\"212\" srcset=\"https:\/\/agora.xtec.cat\/escsantllatzer\/wp-content\/uploads\/usu2138\/2025\/10\/Captura-2117-e1761381403182-300x175.png 300w, https:\/\/agora.xtec.cat\/escsantllatzer\/wp-content\/uploads\/usu2138\/2025\/10\/Captura-2117-e1761381403182-768x448.png 768w, https:\/\/agora.xtec.cat\/escsantllatzer\/wp-content\/uploads\/usu2138\/2025\/10\/Captura-2117-e1761381403182.png 883w\" sizes=\"auto, (max-width: 364px) 100vw, 364px\" \/><\/a><\/p>\n<p>El nostre article a la revista d&#8217;educaci\u00f3 GRA\u00d3, en el monogr\u00e0fic &#8220;Educaci\u00f3 clau per aprendre&#8221;.<a href=\"https:\/\/www.grao.cat\/contingut\/el-diari-daprenentatge-una-eina-viva-i-util-per-avaluar-i-aprendre-amb-sentit\/\"><br \/>\n<img loading=\"lazy\" decoding=\"async\" class=\"aligncenter size-medium wp-image-1767\" src=\"https:\/\/agora.xtec.cat\/escsantllatzer\/wp-content\/uploads\/usu2138\/2025\/10\/WhatsApp-Image-2025-10-25-at-12.00.44-219x300.jpeg\" alt=\"\" width=\"219\" height=\"300\" srcset=\"https:\/\/agora.xtec.cat\/escsantllatzer\/wp-content\/uploads\/usu2138\/2025\/10\/WhatsApp-Image-2025-10-25-at-12.00.44-219x300.jpeg 219w, https:\/\/agora.xtec.cat\/escsantllatzer\/wp-content\/uploads\/usu2138\/2025\/10\/WhatsApp-Image-2025-10-25-at-12.00.44.jpeg 684w\" sizes=\"auto, (max-width: 219px) 100vw, 219px\" \/><\/a><\/td>\n<\/tr>\n<\/tbody>\n<\/table>\n<p><!--a=1--><\/p>\n<p><!--a=1--><!--a=1--><\/p>\n<p><!----comment node----><!--a=1--><\/p>\n<p><!----comment node----><!--a=1--><\/p>\n<p><!--a=1--><\/p>\n<p><!--a=1--><!--a=1--><!--a=1--><\/p>\n<p><!--a=1--><\/p>\n<p><!--a=1--><\/p>\n<p><!--a=1--><\/p>\n<p><!--a=1--><\/p>\n<p><!--a=1--><\/p>\n<p><!--a=1--><\/p>\n<p><!--a=1--><\/p>\n<p><!--a=1--><\/p>\n<p><!--a=1--><\/p>\n<p><!--a=1--><\/p>\n<p><!--a=1--><\/p>\n<p><!--a=1--><\/p>\n<p><!--a=1--><\/p>\n<p><!--a=1--><\/p>\n<p><!--a=1--><\/p>\n<p><!--a=1--><\/p>\n<p><!--a=1--><\/p>\n<p><!--a=1--><!--a=1--><\/p>\n<p><!--a=1--><\/p>\n","protected":false},"excerpt":{"rendered":"<p>LA NOSTRA MIRADA SOBRE L\u2019AVALUACI\u00d3 A l\u2019escola Sant Ll\u00e0tzer entenem l\u2019avaluaci\u00f3 com una eina per aprendre m\u00e9s i millor. L\u2019avaluaci\u00f3 forma part de la metodologia de l\u2019escola i del nostre dia a dia com a docents a l\u2019aula. L&#8217;avaluaci\u00f3 no \u00e9s la finalitat, sin\u00f3 que forma part del propi proc\u00e9s d\u2019aprenentatge dels infants. L\u2019avaluaci\u00f3 posa [&hellip;]<\/p>\n","protected":false},"author":1,"featured_media":0,"parent":0,"menu_order":0,"comment_status":"closed","ping_status":"closed","template":"","meta":{"_bbp_topic_count":0,"_bbp_reply_count":0,"_bbp_total_topic_count":0,"_bbp_total_reply_count":0,"_bbp_voice_count":0,"_bbp_anonymous_reply_count":0,"_bbp_topic_count_hidden":0,"_bbp_reply_count_hidden":0,"_bbp_forum_subforum_count":0,"site-sidebar-layout":"no-sidebar","site-content-layout":"","ast-site-content-layout":"default","site-content-style":"default","site-sidebar-style":"default","ast-global-header-display":"","ast-banner-title-visibility":"","ast-main-header-display":"","ast-hfb-above-header-display":"","ast-hfb-below-header-display":"","ast-hfb-mobile-header-display":"","site-post-title":"","ast-breadcrumbs-content":"","ast-featured-img":"","footer-sml-layout":"","theme-transparent-header-meta":"default","adv-header-id-meta":"","stick-header-meta":"","header-above-stick-meta":"","header-main-stick-meta":"","header-below-stick-meta":"","astra-migrate-meta-layouts":"set","ast-page-background-enabled":"default","ast-page-background-meta":{"desktop":{"background-color":"var(--ast-global-color-4)","background-image":"","background-repeat":"repeat","background-position":"center center","background-size":"auto","background-attachment":"scroll","background-type":"","background-media":"","overlay-type":"","overlay-color":"","overlay-opacity":"","overlay-gradient":""},"tablet":{"background-color":"","background-image":"","background-repeat":"repeat","background-position":"center center","background-size":"auto","background-attachment":"scroll","background-type":"","background-media":"","overlay-type":"","overlay-color":"","overlay-opacity":"","overlay-gradient":""},"mobile":{"background-color":"","background-image":"","background-repeat":"repeat","background-position":"center center","background-size":"auto","background-attachment":"scroll","background-type":"","background-media":"","overlay-type":"","overlay-color":"","overlay-opacity":"","overlay-gradient":""}},"ast-content-background-meta":{"desktop":{"background-color":"var(--ast-global-color-5)","background-image":"","background-repeat":"repeat","background-position":"center center","background-size":"auto","background-attachment":"scroll","background-type":"","background-media":"","overlay-type":"","overlay-color":"","overlay-opacity":"","overlay-gradient":""},"tablet":{"background-color":"var(--ast-global-color-5)","background-image":"","background-repeat":"repeat","background-position":"center center","background-size":"auto","background-attachment":"scroll","background-type":"","background-media":"","overlay-type":"","overlay-color":"","overlay-opacity":"","overlay-gradient":""},"mobile":{"background-color":"var(--ast-global-color-5)","background-image":"","background-repeat":"repeat","background-position":"center center","background-size":"auto","background-attachment":"scroll","background-type":"","background-media":"","overlay-type":"","overlay-color":"","overlay-opacity":"","overlay-gradient":""}},"footnotes":""},"class_list":["post-1721","page","type-page","status-publish","hentry"],"post_mailing_queue_ids":[],"_links":{"self":[{"href":"https:\/\/agora.xtec.cat\/escsantllatzer\/wp-json\/wp\/v2\/pages\/1721","targetHints":{"allow":["GET"]}}],"collection":[{"href":"https:\/\/agora.xtec.cat\/escsantllatzer\/wp-json\/wp\/v2\/pages"}],"about":[{"href":"https:\/\/agora.xtec.cat\/escsantllatzer\/wp-json\/wp\/v2\/types\/page"}],"author":[{"embeddable":true,"href":"https:\/\/agora.xtec.cat\/escsantllatzer\/wp-json\/wp\/v2\/users\/1"}],"replies":[{"embeddable":true,"href":"https:\/\/agora.xtec.cat\/escsantllatzer\/wp-json\/wp\/v2\/comments?post=1721"}],"version-history":[{"count":7,"href":"https:\/\/agora.xtec.cat\/escsantllatzer\/wp-json\/wp\/v2\/pages\/1721\/revisions"}],"predecessor-version":[{"id":1777,"href":"https:\/\/agora.xtec.cat\/escsantllatzer\/wp-json\/wp\/v2\/pages\/1721\/revisions\/1777"}],"wp:attachment":[{"href":"https:\/\/agora.xtec.cat\/escsantllatzer\/wp-json\/wp\/v2\/media?parent=1721"}],"curies":[{"name":"wp","href":"https:\/\/api.w.org\/{rel}","templated":true}]}}