{"id":1576,"date":"2025-10-21T11:21:27","date_gmt":"2025-10-21T09:21:27","guid":{"rendered":"https:\/\/agora.xtec.cat\/escsantllatzer\/?page_id=1576"},"modified":"2026-02-15T23:25:40","modified_gmt":"2026-02-15T22:25:40","slug":"construim-relats","status":"publish","type":"page","link":"https:\/\/agora.xtec.cat\/escsantllatzer\/construim-relats\/","title":{"rendered":"Constru\u00efm relats"},"content":{"rendered":"<table style=\"border-collapse: collapse; width: 100%;\">\n<tbody>\n<tr>\n<td style=\"width: 37.8191%;\"><a href=\"https:\/\/agora.xtec.cat\/escsantllatzer\/wp-content\/uploads\/usu2138\/2025\/10\/A-continuacio-l-1-e1761390242118.png\"><img loading=\"lazy\" decoding=\"async\" class=\"size-medium wp-image-1779 alignleft\" src=\"https:\/\/agora.xtec.cat\/escsantllatzer\/wp-content\/uploads\/usu2138\/2025\/10\/A-continuacio-l-1-e1761390242118-300x101.png\" alt=\"\" width=\"300\" height=\"101\" srcset=\"https:\/\/agora.xtec.cat\/escsantllatzer\/wp-content\/uploads\/usu2138\/2025\/10\/A-continuacio-l-1-e1761390242118-300x101.png 300w, https:\/\/agora.xtec.cat\/escsantllatzer\/wp-content\/uploads\/usu2138\/2025\/10\/A-continuacio-l-1-e1761390242118-1024x346.png 1024w, https:\/\/agora.xtec.cat\/escsantllatzer\/wp-content\/uploads\/usu2138\/2025\/10\/A-continuacio-l-1-e1761390242118-768x259.png 768w, https:\/\/agora.xtec.cat\/escsantllatzer\/wp-content\/uploads\/usu2138\/2025\/10\/A-continuacio-l-1-e1761390242118-1536x519.png 1536w, https:\/\/agora.xtec.cat\/escsantllatzer\/wp-content\/uploads\/usu2138\/2025\/10\/A-continuacio-l-1-e1761390242118.png 1610w\" sizes=\"auto, (max-width: 300px) 100vw, 300px\" \/><\/a><a href=\"https:\/\/drive.google.com\/file\/d\/1tM8Yaco_wLi5C2tp2-7JSlcVDcKHGs59\/view?usp=sharing\"><br \/>\n<\/a><a href=\"https:\/\/drive.google.com\/file\/d\/1pzY03WNzwU1xFbCM0G8kVxkkFoPlA-cj\/view?usp=sharing\"><img loading=\"lazy\" decoding=\"async\" class=\"alignleft wp-image-1657 size-medium\" src=\"https:\/\/agora.xtec.cat\/escsantllatzer\/wp-content\/uploads\/usu2138\/2025\/10\/24-25-1-300x173.png\" alt=\"\" width=\"300\" height=\"173\" srcset=\"https:\/\/agora.xtec.cat\/escsantllatzer\/wp-content\/uploads\/usu2138\/2025\/10\/24-25-1-300x173.png 300w, https:\/\/agora.xtec.cat\/escsantllatzer\/wp-content\/uploads\/usu2138\/2025\/10\/24-25-1-1024x591.png 1024w, https:\/\/agora.xtec.cat\/escsantllatzer\/wp-content\/uploads\/usu2138\/2025\/10\/24-25-1-768x443.png 768w, https:\/\/agora.xtec.cat\/escsantllatzer\/wp-content\/uploads\/usu2138\/2025\/10\/24-25-1.png 1071w\" sizes=\"auto, (max-width: 300px) 100vw, 300px\" \/><\/a> <a href=\"https:\/\/drive.google.com\/file\/d\/1qZ0JXqpko6vANQhvuQgBJHeH-aDtRIll\/view?usp=sharing\"><img loading=\"lazy\" decoding=\"async\" class=\"alignleft wp-image-1658 size-medium\" src=\"https:\/\/agora.xtec.cat\/escsantllatzer\/wp-content\/uploads\/usu2138\/2025\/10\/23-24-1-300x164.png\" alt=\"\" width=\"300\" height=\"164\" srcset=\"https:\/\/agora.xtec.cat\/escsantllatzer\/wp-content\/uploads\/usu2138\/2025\/10\/23-24-1-300x164.png 300w, https:\/\/agora.xtec.cat\/escsantllatzer\/wp-content\/uploads\/usu2138\/2025\/10\/23-24-1-1024x559.png 1024w, https:\/\/agora.xtec.cat\/escsantllatzer\/wp-content\/uploads\/usu2138\/2025\/10\/23-24-1-768x419.png 768w, https:\/\/agora.xtec.cat\/escsantllatzer\/wp-content\/uploads\/usu2138\/2025\/10\/23-24-1.png 1066w\" sizes=\"auto, (max-width: 300px) 100vw, 300px\" \/><\/a> <a href=\"https:\/\/drive.google.com\/file\/d\/1fYwHD0atVdW6qKNTxR_gvOHA4ymbBKT1\/view?usp=sharing\"><img loading=\"lazy\" decoding=\"async\" class=\"alignleft wp-image-1659 size-medium\" src=\"https:\/\/agora.xtec.cat\/escsantllatzer\/wp-content\/uploads\/usu2138\/2025\/10\/22-23-1-300x172.png\" alt=\"\" width=\"300\" height=\"172\" srcset=\"https:\/\/agora.xtec.cat\/escsantllatzer\/wp-content\/uploads\/usu2138\/2025\/10\/22-23-1-300x172.png 300w, https:\/\/agora.xtec.cat\/escsantllatzer\/wp-content\/uploads\/usu2138\/2025\/10\/22-23-1-1024x588.png 1024w, https:\/\/agora.xtec.cat\/escsantllatzer\/wp-content\/uploads\/usu2138\/2025\/10\/22-23-1-768x441.png 768w, https:\/\/agora.xtec.cat\/escsantllatzer\/wp-content\/uploads\/usu2138\/2025\/10\/22-23-1.png 1075w\" sizes=\"auto, (max-width: 300px) 100vw, 300px\" \/><\/a> <a href=\"https:\/\/drive.google.com\/file\/d\/16DbWxAGcZkXbsqxYEOByeUP3xGAqW-SD\/view?usp=sharing\"><img loading=\"lazy\" decoding=\"async\" class=\"alignleft wp-image-1660 size-medium\" src=\"https:\/\/agora.xtec.cat\/escsantllatzer\/wp-content\/uploads\/usu2138\/2025\/10\/21-22-1-300x167.png\" alt=\"\" width=\"300\" height=\"167\" srcset=\"https:\/\/agora.xtec.cat\/escsantllatzer\/wp-content\/uploads\/usu2138\/2025\/10\/21-22-1-300x167.png 300w, https:\/\/agora.xtec.cat\/escsantllatzer\/wp-content\/uploads\/usu2138\/2025\/10\/21-22-1-1024x570.png 1024w, https:\/\/agora.xtec.cat\/escsantllatzer\/wp-content\/uploads\/usu2138\/2025\/10\/21-22-1-768x428.png 768w, https:\/\/agora.xtec.cat\/escsantllatzer\/wp-content\/uploads\/usu2138\/2025\/10\/21-22-1.png 1067w\" sizes=\"auto, (max-width: 300px) 100vw, 300px\" \/><\/a> <a href=\"https:\/\/drive.google.com\/file\/d\/1AD2HGbRh6-LaogGYorgk6O4xSVgxG0Hx\/view?usp=sharing\"><img loading=\"lazy\" decoding=\"async\" class=\"alignleft wp-image-1661 size-medium\" src=\"https:\/\/agora.xtec.cat\/escsantllatzer\/wp-content\/uploads\/usu2138\/2025\/10\/20-21-1-1-300x161.png\" alt=\"\" width=\"300\" height=\"161\" srcset=\"https:\/\/agora.xtec.cat\/escsantllatzer\/wp-content\/uploads\/usu2138\/2025\/10\/20-21-1-1-300x161.png 300w, https:\/\/agora.xtec.cat\/escsantllatzer\/wp-content\/uploads\/usu2138\/2025\/10\/20-21-1-1-1024x549.png 1024w, https:\/\/agora.xtec.cat\/escsantllatzer\/wp-content\/uploads\/usu2138\/2025\/10\/20-21-1-1-768x412.png 768w, https:\/\/agora.xtec.cat\/escsantllatzer\/wp-content\/uploads\/usu2138\/2025\/10\/20-21-1-1.png 1072w\" sizes=\"auto, (max-width: 300px) 100vw, 300px\" \/><\/a><\/td>\n<td style=\"width: 62.1809%;\">\n<h2>APRENENTATGE PER PROJECTES<\/h2>\n<p><span style=\"font-size: 16px; font-weight: 400;\">El projecte d&#8217;escola <strong>&#8220;Constru\u00efm relats&#8221;<\/strong> ens permet establir vincles amb entitats i experts sobre diferents problem\u00e0tiques relacionades amb la <strong>just\u00edcia global<\/strong>\u00a0dins del nostre entorn proper. Aquestes aliances ajuden els infants a con\u00e8ixer, identificar i buscar solucions a situacions reals de l\u2019entorn on viuen, a la vegada que esdevenen <strong>ciutadans proactius, reflexius i cr\u00edtics amb el seu territori<\/strong>. Treballar a partir d\u2019aquestes aliances ens permet potenciar l&#8217;aprenentatge globalitzat, donant sentit i resposta a un curr\u00edculum competencial.\u00a0\u00a0<\/span><\/p>\n<p>&nbsp;<\/p>\n<p>Us adjuntem un v\u00eddeo explicatiu del nostre projecte d&#8217;Alian\u00e7a: &#8220;Constru\u00efm relats&#8221;.<\/p>\n<p><a href=\"https:\/\/www.youtube.com\/watch?v=9XNaJLM5Iq4\"><img loading=\"lazy\" decoding=\"async\" class=\"aligncenter wp-image-1781\" src=\"https:\/\/agora.xtec.cat\/escsantllatzer\/wp-content\/uploads\/usu2138\/2025\/10\/A-continuacio-l-2-e1761391300769-300x182.png\" alt=\"\" width=\"339\" height=\"206\" srcset=\"https:\/\/agora.xtec.cat\/escsantllatzer\/wp-content\/uploads\/usu2138\/2025\/10\/A-continuacio-l-2-e1761391300769-300x182.png 300w, https:\/\/agora.xtec.cat\/escsantllatzer\/wp-content\/uploads\/usu2138\/2025\/10\/A-continuacio-l-2-e1761391300769-768x465.png 768w, https:\/\/agora.xtec.cat\/escsantllatzer\/wp-content\/uploads\/usu2138\/2025\/10\/A-continuacio-l-2-e1761391300769.png 787w\" sizes=\"auto, (max-width: 339px) 100vw, 339px\" \/><\/a><\/p>\n<p>I tamb\u00e9 un altre v\u00eddeo del projecte &#8220;Constru\u00efm relats&#8221; com a experi\u00e8ncia premiada a Escoles Verdes.<a href=\"https:\/\/www.youtube.com\/watch?v=Mbx8y4QnAwU&amp;t=147s\"><img loading=\"lazy\" decoding=\"async\" class=\"aligncenter wp-image-1810\" src=\"https:\/\/agora.xtec.cat\/escsantllatzer\/wp-content\/uploads\/usu2138\/2025\/10\/A-continuacio-l-3-e1761399543161-300x191.png\" alt=\"\" width=\"343\" height=\"219\" srcset=\"https:\/\/agora.xtec.cat\/escsantllatzer\/wp-content\/uploads\/usu2138\/2025\/10\/A-continuacio-l-3-e1761399543161-300x191.png 300w, https:\/\/agora.xtec.cat\/escsantllatzer\/wp-content\/uploads\/usu2138\/2025\/10\/A-continuacio-l-3-e1761399543161-768x490.png 768w, https:\/\/agora.xtec.cat\/escsantllatzer\/wp-content\/uploads\/usu2138\/2025\/10\/A-continuacio-l-3-e1761399543161.png 803w\" sizes=\"auto, (max-width: 343px) 100vw, 343px\" \/><\/a><\/td>\n<\/tr>\n<\/tbody>\n<\/table>\n<p>&nbsp;<\/p>\n<p><!--a=1--><!--a=1--><\/p>\n<p><!--a=1--><\/p>\n<p><!--a=1--><\/p>\n<p><!--a=1--><\/p>\n<p><!--a=1--><\/p>\n<p><!--a=1--><\/p>\n<p><!--a=1--><\/p>\n<p><!--a=1--><\/p>\n<p><!--a=1--><\/p>\n<p><!--a=1--><\/p>\n<p><!--a=1--><\/p>\n<p><!----comment node----><!--a=1--><\/p>\n<p><!--a=1--><\/p>\n<p><!--a=1--><\/p>\n<p><!--a=1--><\/p>\n","protected":false},"excerpt":{"rendered":"<p>APRENENTATGE PER PROJECTES El projecte d&#8217;escola &#8220;Constru\u00efm relats&#8221; ens permet establir vincles amb entitats i experts sobre diferents problem\u00e0tiques relacionades amb la just\u00edcia global\u00a0dins del nostre entorn proper. Aquestes aliances ajuden els infants a con\u00e8ixer, identificar i buscar solucions a situacions reals de l\u2019entorn on viuen, a la vegada que esdevenen ciutadans proactius, reflexius i [&hellip;]<\/p>\n","protected":false},"author":1,"featured_media":0,"parent":0,"menu_order":0,"comment_status":"closed","ping_status":"closed","template":"","meta":{"_bbp_topic_count":0,"_bbp_reply_count":0,"_bbp_total_topic_count":0,"_bbp_total_reply_count":0,"_bbp_voice_count":0,"_bbp_anonymous_reply_count":0,"_bbp_topic_count_hidden":0,"_bbp_reply_count_hidden":0,"_bbp_forum_subforum_count":0,"site-sidebar-layout":"no-sidebar","site-content-layout":"","ast-site-content-layout":"default","site-content-style":"default","site-sidebar-style":"default","ast-global-header-display":"","ast-banner-title-visibility":"","ast-main-header-display":"","ast-hfb-above-header-display":"","ast-hfb-below-header-display":"","ast-hfb-mobile-header-display":"","site-post-title":"","ast-breadcrumbs-content":"","ast-featured-img":"","footer-sml-layout":"","theme-transparent-header-meta":"default","adv-header-id-meta":"","stick-header-meta":"","header-above-stick-meta":"","header-main-stick-meta":"","header-below-stick-meta":"","astra-migrate-meta-layouts":"set","ast-page-background-enabled":"default","ast-page-background-meta":{"desktop":{"background-color":"var(--ast-global-color-4)","background-image":"","background-repeat":"repeat","background-position":"center center","background-size":"auto","background-attachment":"scroll","background-type":"","background-media":"","overlay-type":"","overlay-color":"","overlay-opacity":"","overlay-gradient":""},"tablet":{"background-color":"","background-image":"","background-repeat":"repeat","background-position":"center center","background-size":"auto","background-attachment":"scroll","background-type":"","background-media":"","overlay-type":"","overlay-color":"","overlay-opacity":"","overlay-gradient":""},"mobile":{"background-color":"","background-image":"","background-repeat":"repeat","background-position":"center center","background-size":"auto","background-attachment":"scroll","background-type":"","background-media":"","overlay-type":"","overlay-color":"","overlay-opacity":"","overlay-gradient":""}},"ast-content-background-meta":{"desktop":{"background-color":"var(--ast-global-color-5)","background-image":"","background-repeat":"repeat","background-position":"center center","background-size":"auto","background-attachment":"scroll","background-type":"","background-media":"","overlay-type":"","overlay-color":"","overlay-opacity":"","overlay-gradient":""},"tablet":{"background-color":"var(--ast-global-color-5)","background-image":"","background-repeat":"repeat","background-position":"center center","background-size":"auto","background-attachment":"scroll","background-type":"","background-media":"","overlay-type":"","overlay-color":"","overlay-opacity":"","overlay-gradient":""},"mobile":{"background-color":"var(--ast-global-color-5)","background-image":"","background-repeat":"repeat","background-position":"center center","background-size":"auto","background-attachment":"scroll","background-type":"","background-media":"","overlay-type":"","overlay-color":"","overlay-opacity":"","overlay-gradient":""}},"footnotes":""},"class_list":["post-1576","page","type-page","status-publish","hentry"],"post_mailing_queue_ids":[],"_links":{"self":[{"href":"https:\/\/agora.xtec.cat\/escsantllatzer\/wp-json\/wp\/v2\/pages\/1576","targetHints":{"allow":["GET"]}}],"collection":[{"href":"https:\/\/agora.xtec.cat\/escsantllatzer\/wp-json\/wp\/v2\/pages"}],"about":[{"href":"https:\/\/agora.xtec.cat\/escsantllatzer\/wp-json\/wp\/v2\/types\/page"}],"author":[{"embeddable":true,"href":"https:\/\/agora.xtec.cat\/escsantllatzer\/wp-json\/wp\/v2\/users\/1"}],"replies":[{"embeddable":true,"href":"https:\/\/agora.xtec.cat\/escsantllatzer\/wp-json\/wp\/v2\/comments?post=1576"}],"version-history":[{"count":7,"href":"https:\/\/agora.xtec.cat\/escsantllatzer\/wp-json\/wp\/v2\/pages\/1576\/revisions"}],"predecessor-version":[{"id":2138,"href":"https:\/\/agora.xtec.cat\/escsantllatzer\/wp-json\/wp\/v2\/pages\/1576\/revisions\/2138"}],"wp:attachment":[{"href":"https:\/\/agora.xtec.cat\/escsantllatzer\/wp-json\/wp\/v2\/media?parent=1576"}],"curies":[{"name":"wp","href":"https:\/\/api.w.org\/{rel}","templated":true}]}}