{"id":1411,"date":"2024-12-03T07:55:06","date_gmt":"2024-12-03T06:55:06","guid":{"rendered":"https:\/\/agora.xtec.cat\/escsantllatzer\/?page_id=1411"},"modified":"2025-12-17T11:28:20","modified_gmt":"2025-12-17T10:28:20","slug":"music-de-la-7mana","status":"publish","type":"page","link":"https:\/\/agora.xtec.cat\/escsantllatzer\/music-de-la-7mana\/","title":{"rendered":"M\u00fasic de la &#8220;7MANA&#8221;"},"content":{"rendered":"<table style=\"border-collapse: collapse; width: 100%; height: 224px;\">\n<tbody>\n<tr style=\"height: 385px;\">\n<td style=\"width: 38.9792%; height: 224px;\"><a href=\"https:\/\/agora.xtec.cat\/escsantllatzer\/wp-content\/uploads\/usu2138\/2025\/10\/WEB-3-e1761493061808.png\"><img loading=\"lazy\" decoding=\"async\" class=\"aligncenter wp-image-1884\" src=\"https:\/\/agora.xtec.cat\/escsantllatzer\/wp-content\/uploads\/usu2138\/2025\/10\/WEB-3-e1761493061808-300x247.png\" alt=\"\" width=\"327\" height=\"269\" srcset=\"https:\/\/agora.xtec.cat\/escsantllatzer\/wp-content\/uploads\/usu2138\/2025\/10\/WEB-3-e1761493061808-300x247.png 300w, https:\/\/agora.xtec.cat\/escsantllatzer\/wp-content\/uploads\/usu2138\/2025\/10\/WEB-3-e1761493061808-1024x845.png 1024w, https:\/\/agora.xtec.cat\/escsantllatzer\/wp-content\/uploads\/usu2138\/2025\/10\/WEB-3-e1761493061808-768x634.png 768w, https:\/\/agora.xtec.cat\/escsantllatzer\/wp-content\/uploads\/usu2138\/2025\/10\/WEB-3-e1761493061808.png 1222w\" sizes=\"auto, (max-width: 327px) 100vw, 327px\" \/><\/a><\/td>\n<td style=\"width: 61.0208%; height: 224px;\"><span style=\"font-weight: 400;\">En\u00a0 aquest espai compartirem els <\/span><b>diferents m\u00fasics de la 7MANA<\/b><span style=\"font-weight: 400;\"> que hem descobert a la franja de Musiqueja&#8217;t, durant aquest primer trimestre del curs 25-26, a l&#8217;etapa de Prim\u00e0ria.<\/span><\/p>\n<p><span style=\"font-weight: 400;\">D&#8217;altra banda, com ja sabeu, cada divendres al mat\u00ed podreu gaudir d&#8217;una entrada ben especial sentint les diferents propostes musicals. Esperem que us agradin i que les escolteu tamb\u00e9 a casa!<\/span><\/td>\n<\/tr>\n<\/tbody>\n<\/table>\n<ul>\n<li><strong>EXTREMODURO<\/strong> &#8211; T\u00edtol &#8220;<strong><a href=\"https:\/\/www.youtube.com\/watch?v=OgVrAfHmdDg\">AMA, AMA Y ENSANCHA EL ALMA<\/a><\/strong>&#8220;<\/li>\n<\/ul>\n<p>Extremoduro \u00e9s un grup de <strong data-start=\"30\" data-end=\"47\" data-is-only-node=\"\">rock extremeny<\/strong>, creat l\u2019any 1987 per <strong data-start=\"86\" data-end=\"112\">Robe Iniesta<\/strong>. S\u00f3n coneguts pel seu estil anomenat <strong data-start=\"152\" data-end=\"175\">\u201crock transgressiu\u201d<\/strong>, amb lletres <strong data-start=\"189\" data-end=\"234\">po\u00e8tiques i sovint provocadores<\/strong>, que parlen d\u2019amor, llibertat i vida quotidiana. \u201cAma, ama y ensancha el alma\u201d \u00e9s un <strong data-start=\"40\" data-end=\"70\">frase de Miguel de Unamuno<\/strong>, un escriptor i fil\u00f2sof espanyol. Significa que <strong data-start=\"121\" data-end=\"162\">estimant els altres i amb generositat<\/strong>, el cor i l\u2019esperit de cadasc\u00fa creixen i es fan m\u00e9s grans.<\/p>\n<ul>\n<li><strong>QUEEN<\/strong> &#8211; T\u00edtol: \u201c<strong><a href=\"https:\/\/www.youtube.com\/watch?v=fJ9rUzIMcZQ\">BOHEMIAN RHAPSODY<\/a><\/strong>&#8220;<\/li>\n<\/ul>\n<p>Queen \u00e9s un grup de rock angl\u00e8s format als anys 70. Aquesta can\u00e7\u00f3 parla d\u2019un noi que est\u00e0 molt conf\u00f3s i preocupat per una cosa que ha fet. S\u2019adre\u00e7a a la seva mare i li confessa que ha \u201cfet mal\u201d a alg\u00fa. Se sent culpable i t\u00e9 por del que vindr\u00e0. Mostra les seves emocions: tristesa, por i dubte. Els diferents estils de m\u00fasica representen aquests sentiments canviants. Al final ens recorda que <strong data-start=\"256\" data-end=\"280\">equivocar-se \u00e9s hum\u00e0<\/strong> i que cal afrontar les emocions i seguir endavant.<\/p>\n<ul>\n<li><strong>ROZAL\u00c9N<\/strong> &#8211; T\u00edtol: &#8220;<strong><a href=\"https:\/\/youtu.be\/q4oDFPakVBg?si=xt0Dv8cdVmPrgTOy\">LA PUERTA VIOLETA<\/a><\/strong>&#8220;<\/li>\n<\/ul>\n<p>25N &#8211; \u201cLa Puerta Violeta\u201d explica la hist\u00f2ria d\u2019una dona que no se sent b\u00e9 perqu\u00e8 alg\u00fa no la tracta amb respecte. La porta violeta simbolitza un <strong data-start=\"144\" data-end=\"158\">lloc segur<\/strong> on pot ser lliure i estar tranquil\u00b7la. La can\u00e7\u00f3 de Rozal\u00e9n ens recorda que <strong data-start=\"225\" data-end=\"257\">totes les persones mereixen ser ben tractades<\/strong> i que s&#8217;ha de demanar ajuda si alguna cosa ens fa sentir malament.<\/p>\n<ul>\n<li><strong>KELLY ISAIAH<\/strong> &#8211; T\u00edtol: &#8220;<strong><a href=\"https:\/\/www.youtube.com\/watch?v=cOQZbcGinIA\">READY<\/a><\/strong>&#8220;<\/li>\n<\/ul>\n<p><span style=\"font-weight: 400;\">Kelly Isaiah va n\u00e9ixer a Nig\u00e8ria. Quan era petit, es va traslladar a Lleida, on va comen\u00e7ar a interessar\u2011se per la m\u00fasica. Va fundar el grup Koers, una banda que feia reggae en catal\u00e0, barreja de ritmes i lleng\u00fces. <\/span><span style=\"font-weight: 400;\">A \u2018Ready\u2019, ell ens parla de <strong>sentir-nos preparats per afrontar all\u00f2 que ve<\/strong>, de confiar en nosaltres mateixos\/es i de tenir ganes de comen\u00e7ar coses noves. <\/span><span style=\"font-weight: 400;\">\u00c9s una can\u00e7\u00f3 que ens anima a creure en el que podem fer.\u00a0<\/span><\/p>\n<ul>\n<li><strong>ANDREA MOTIS<\/strong> &#8211; T\u00edtol: &#8220;<strong><a href=\"https:\/\/www.youtube.com\/watch?v=6Vfjvs0MP6k\">SISTER SADIE<\/a><\/strong>&#8220;<\/li>\n<\/ul>\n<p>Andrea Motis<span style=\"font-weight: 400;\"> \u00e9s cantant i trompetista. Va comen\u00e7ar a fer jazz quan era adolescent i ara toca arreu del m\u00f3n. <\/span><span style=\"font-weight: 400;\">Li agrada improvisar i el que \u00e9s molt interessant d\u2019ella \u00e9s que <strong>barreja jazz antic amb idees d\u2019ara<\/strong>. No t\u00e9 por de fer servir la seva creativitat. <\/span><span style=\"font-weight: 400;\"><strong>La m\u00fasica l\u2019ajuda a explicar com se sent<\/strong>, i ella diu que <\/span>tothom<span style=\"font-weight: 400;\"> pot fer m\u00fasica, tamb\u00e9 nosaltres.<\/span> <span style=\"font-weight: 400;\">En aquesta can\u00e7\u00f3, dues germanes parlen. Una li diu a l\u2019altra: \u201cno pateixis tant, confia, escolta la m\u00fasica, segueix el ritme\u201d perqu\u00e8 la m\u00fasica ens pot ajudar a sentir-nos millor.<\/span><\/p>\n<ul>\n<li><strong>MOZART<\/strong> &#8211; T\u00edtol: &#8220;<strong><a href=\"https:\/\/www.youtube.com\/watch?v=rrk-zuuc77U\">MARXA TURCA<\/a><\/strong>&#8220;<\/li>\n<\/ul>\n<p>Wolfgang Amadeus Mozart va ser un <strong>m\u00fasic molt important del segle XVIII<\/strong> que va comen\u00e7ar a tocar i compondre quan era molt petit. La seva pe\u00e7a \u201cMarxa Turca\u201d e<span style=\"font-weight: 400;\">st\u00e0 escrita per piano i imita el ritme de les marxes de soldats turcs que en aquella \u00e8poca eren molt populars \u00a0(tenien molta percussi\u00f3: timbals, triangles, plats\u2026). \u00c9s una m\u00fasica r\u00e0pida, viva i divertida, que fa venir ganes de moure\u2019s.<\/span><\/p>\n<ul>\n<li><strong>COETUS<\/strong> &#8211; T\u00edtol: <strong>&#8220;<a href=\"https:\/\/www.youtube.com\/watch?v=kZm_sqTl8y8\">VERDE GAIO<\/a>&#8220;<\/strong><\/li>\n<\/ul>\n<p><span style=\"font-weight: 400;\">La can\u00e7\u00f3 <\/span><i><span style=\"font-weight: 400;\">Verde Gaio<\/span><\/i><span style=\"font-weight: 400;\"> ve de fa molts i molts anys, de Portugal i Gal\u00edcia<\/span><span style=\"font-weight: 400;\">. Era una can\u00e7\u00f3 que la gent del camp cantava quan treballava o quan feia festa. Parla de la natura i de la vida alegre. Com que era una can\u00e7\u00f3 popular, ning\u00fa no en va escriure la m\u00fasica exacta: es va anar passant de boca en boca, fins que ens ha arribat avui. &#8220;<\/span><span style=\"font-weight: 400;\"><em>Verde gaio<\/em>&#8221; \u00e9s una oda a la <strong>vida senzilla, a l&#8217;amor i a la connexi\u00f3 amb la naturalesa i la comunitat.<\/strong><\/span><\/p>\n<ul>\n<li><b>AMY WHINEHOUSE <\/b><span style=\"font-weight: 400;\">&#8211; T\u00edtol:<\/span><b> \u201c<a href=\"https:\/\/www.youtube.com\/watch?v=xZSyeOJZqUE\">MONKEY MAN<\/a><\/b><b>&#8220;<\/b><\/li>\n<\/ul>\n<p><span style=\"font-weight: 400;\">Amy Winehouse, una artista brit\u00e0nica molt famosa per la seva veu especial i molt poderosa. Li agradava barrejar estils com <strong>el jazz, el soul i el reggae<\/strong>, que s\u00f3n m\u00fasiques amb molt de ritme i sentiment. <\/span><span style=\"font-weight: 400;\">La can\u00e7\u00f3 \u201cMonkey Man\u201d \u00e9s divertida i amb molt de moviment, on es nota molt l\u2019estil del reggae, una m\u00fasica alegre que va n\u00e9ixer a Jamaica. Amy la va versionar per donar-li el seu toc personal i ple d\u2019energia.<\/span><\/p>\n<ul style=\"list-style-type: disc;\">\n<li><b>IRON MAIDEN <\/b><span style=\"font-weight: 400;\">&#8211; T\u00edtol:<\/span><b> \u201c<\/b><a href=\"https:\/\/www.youtube.com\/watch?v=6PDMtqejNfs\"><b>FEAR OF THE DARK<\/b><\/a><b>&#8220;<\/b><\/li>\n<\/ul>\n<p><span style=\"font-weight: 400;\">Iron Maiden \u00e9s un grup angl\u00e8s molt fam\u00f3s que fan un tipus de m\u00fasica que es diu <\/span><b>rock o heavy metal<\/b><span style=\"font-weight: 400;\"> i que t\u00e9 molta for\u00e7a i energia. La can\u00e7\u00f3 es diu \u201cFear of the Dark\u201d, que vol dir <\/span><b>por de la foscor<\/b><span style=\"font-weight: 400;\">. Parla d\u2019aquella sensaci\u00f3 que a vegades tenim quan tot \u00e9s fosc i ens sembla que hi ha alguna cosa, per\u00f2 en realitat no hi ha res. Ens recorda que <\/span><b>la por sovint \u00e9s a la nostra imaginaci\u00f3<\/b><span style=\"font-weight: 400;\"> i que podem ser valents i valentes, encara que tinguem una mica de por.<\/span><\/p>\n<ul style=\"list-style-type: disc;\">\n<li><b>PAU CASALS <\/b><span style=\"font-weight: 400;\">&#8211; T\u00edtol:<\/span><b> \u201c<\/b><a href=\"https:\/\/www.youtube.com\/watch?v=Bg7AWdpvm4E\"><b>EL CANT DELS OCELLS<\/b><\/a><b>\u201d<\/b><\/li>\n<\/ul>\n<p><span style=\"font-weight: 400;\">Pau Casals va ser un <\/span><b>gran m\u00fasic i violoncel\u00b7lista catal\u00e0<\/b><span style=\"font-weight: 400;\">. Va tocar aquesta pe\u00e7a moltes vegades perqu\u00e8 volia recordar al m\u00f3n que la m\u00fasica pot portar esperan\u00e7a i fer-nos sentir units i unides, sobretot en moments dif\u00edcils. Quan escolteu la can\u00e7\u00f3, penseu en <\/span><b>ocells volant lliures pel cel<\/b><span style=\"font-weight: 400;\"> i en la calma que ens dona la natura. \u00c9s una m\u00fasica suau, bonica i plena de <\/span><b>pau<\/b><span style=\"font-weight: 400;\">.<\/span><\/p>\n<ul style=\"list-style-type: disc;\">\n<li><b>YOUSSOU N&#8217;DOUR<\/b><span style=\"font-weight: 400;\"> &#8211; T\u00edtol: <strong>&#8220;<\/strong><\/span><strong><a href=\"https:\/\/www.youtube.com\/watch?v=DJwiflxgG9E\">SET<\/a>&#8220;<\/strong><\/li>\n<\/ul>\n<p><span style=\"font-weight: 400;\">Youssou N&#8217;Dour \u00e9s un cantant del Senegal molt important que barreja m\u00fasica tradicional africana amb sons moderns. Les seves can\u00e7ons tracten d\u2019amistat, pau i de cuidar-nos els uns als altres. El mot \u201cSet\u201d en llengua wolof (que es parla al Senegal) vol dir <\/span><b>\u201cneteja\u201d o \u201cpuresa\u201d<\/b><span style=\"font-weight: 400;\">. A la can\u00e7\u00f3, Youssou N\u2019Dour parla de la necessitat de tenir <\/span><b>una societat neta, justa i lliure d&#8217;injust\u00edcies<\/b><span style=\"font-weight: 400;\">.<\/span><\/p>\n<ul>\n<li><b>PATTI SMITH <\/b><span style=\"font-weight: 400;\">&#8211; T\u00edtol: <strong>\u201c<\/strong><\/span><strong><a href=\"https:\/\/www.youtube.com\/watch?v=TZKC7Z8R_LM\">PEOPLE HAVE THE POWER<\/a>\u201d<\/strong><\/li>\n<\/ul>\n<p><span style=\"font-weight: 400;\">Aquesta can\u00e7\u00f3 de la gran Patti Smith diu que <\/span><b>quan la gent s\u2019ajunta i coopera, poden canviar les coses i fer que el m\u00f3n sigui millor<\/b><span style=\"font-weight: 400;\">. La for\u00e7a del col\u00b7lectiu: el poder de les persones est\u00e0 en somiar juntes i actuar juntes. La can\u00e7\u00f3 anima a imaginar un m\u00f3n sense injust\u00edcies i amb m\u00e9s amor i pau.<\/span><\/p>\n<ul>\n<li><b>\u00c0LEX WARREN<\/b><span style=\"font-weight: 400;\"> &#8211; T\u00edtol : <strong>&#8220;<\/strong><\/span><strong><a href=\"https:\/\/www.youtube.com\/watch?v=MA-UvkEfOVA\">ORDINARY&#8221;<\/a><\/strong><\/li>\n<\/ul>\n<p><span style=\"font-weight: 400;\">Alex Warren \u00e9s un m\u00fasic que li agrada parlar dels <\/span><b>sentiments i les emocions<\/b><span style=\"font-weight: 400;\">, com l\u2019amistat, l\u2019amor o les coses que ens fan especials. La can\u00e7\u00f3 es diu <\/span><b>\u201cOrdinary\u201d<\/b><span style=\"font-weight: 400;\">, que vol dir <\/span><i><span style=\"font-weight: 400;\">\u201cnormal\u201d<\/span><\/i><span style=\"font-weight: 400;\"> o <\/span><i><span style=\"font-weight: 400;\">\u201cquotidi\u00e0\u201d<\/span><\/i><span style=\"font-weight: 400;\">. Parla de com, fins i tot en els dies normals, hi pot haver <\/span><b>moments bonics i importants<\/b><span style=\"font-weight: 400;\">.<\/span><\/p>\n<ul style=\"list-style-type: disc;\">\n<li><strong>&#8220;<a href=\"https:\/\/drive.google.com\/file\/d\/1FCfVaH1SDbtFGy656dRfv14DeqNPuRQq\/view?usp=sharing\">ESCOLA PETITA AMB UN SOMNI IMMENS<\/a><\/strong><span style=\"font-weight: 400;\"><strong>&#8220;<\/strong> &#8211; Can\u00e7\u00f3 creada per l&#8217;<\/span><b>equip de mestres de l&#8217;escola<\/b><span style=\"font-weight: 400;\"> amb la veu i guitarra d&#8217;<\/span><b>Alba Vil\u00e0s<\/b><span style=\"font-weight: 400;\"> (mestra de Movem el cos).<\/span><\/li>\n<\/ul>\n<p><!--a=1--><\/p>\n<p><!--a=1--><\/p>\n<p><!--a=1--><\/p>\n<p><!--a=1--><\/p>\n<p><!--a=1--><\/p>\n<p><!--a=1--><\/p>\n<p><!--a=1--><\/p>\n<p><!--a=1--><\/p>\n<p><!--a=1--><\/p>\n<p><!--a=1--><!--a=1--><\/p>\n<p><!--a=1--><\/p>\n<p><!--a=1--><\/p>\n<p><!--a=1--><\/p>\n<p><!--a=1--><\/p>\n<p><!--a=1--><\/p>\n<p><!--a=1--><\/p>\n<p><!--a=1--><!--a=1--><\/p>\n<p><!--a=1--><!--a=1--><\/p>\n<p><!--a=1--><\/p>\n<p><!--a=1--><\/p>\n<p><!--a=1--><\/p>\n<p><!--a=1--><\/p>\n<p><!----comment node----><!--a=1--><\/p>\n<p><!--a=1--><\/p>\n<p><!--a=1--><\/p>\n<p><!--a=1--><!--a=1--><\/p>\n<p><!--a=1--><\/p>\n","protected":false},"excerpt":{"rendered":"<p>En\u00a0 aquest espai compartirem els diferents m\u00fasics de la 7MANA que hem descobert a la franja de Musiqueja&#8217;t, durant aquest primer trimestre del curs 25-26, a l&#8217;etapa de Prim\u00e0ria. D&#8217;altra banda, com ja sabeu, cada divendres al mat\u00ed podreu gaudir d&#8217;una entrada ben especial sentint les diferents propostes musicals. Esperem que us agradin i que [&hellip;]<\/p>\n","protected":false},"author":1,"featured_media":0,"parent":0,"menu_order":0,"comment_status":"closed","ping_status":"closed","template":"","meta":{"_bbp_topic_count":0,"_bbp_reply_count":0,"_bbp_total_topic_count":0,"_bbp_total_reply_count":0,"_bbp_voice_count":0,"_bbp_anonymous_reply_count":0,"_bbp_topic_count_hidden":0,"_bbp_reply_count_hidden":0,"_bbp_forum_subforum_count":0,"site-sidebar-layout":"no-sidebar","site-content-layout":"","ast-site-content-layout":"default","site-content-style":"default","site-sidebar-style":"default","ast-global-header-display":"","ast-banner-title-visibility":"","ast-main-header-display":"","ast-hfb-above-header-display":"","ast-hfb-below-header-display":"","ast-hfb-mobile-header-display":"","site-post-title":"","ast-breadcrumbs-content":"","ast-featured-img":"","footer-sml-layout":"","theme-transparent-header-meta":"default","adv-header-id-meta":"","stick-header-meta":"","header-above-stick-meta":"","header-main-stick-meta":"","header-below-stick-meta":"","astra-migrate-meta-layouts":"set","ast-page-background-enabled":"default","ast-page-background-meta":{"desktop":{"background-color":"var(--ast-global-color-4)","background-image":"","background-repeat":"repeat","background-position":"center center","background-size":"auto","background-attachment":"scroll","background-type":"","background-media":"","overlay-type":"","overlay-color":"","overlay-opacity":"","overlay-gradient":""},"tablet":{"background-color":"","background-image":"","background-repeat":"repeat","background-position":"center center","background-size":"auto","background-attachment":"scroll","background-type":"","background-media":"","overlay-type":"","overlay-color":"","overlay-opacity":"","overlay-gradient":""},"mobile":{"background-color":"","background-image":"","background-repeat":"repeat","background-position":"center center","background-size":"auto","background-attachment":"scroll","background-type":"","background-media":"","overlay-type":"","overlay-color":"","overlay-opacity":"","overlay-gradient":""}},"ast-content-background-meta":{"desktop":{"background-color":"var(--ast-global-color-5)","background-image":"","background-repeat":"repeat","background-position":"center center","background-size":"auto","background-attachment":"scroll","background-type":"","background-media":"","overlay-type":"","overlay-color":"","overlay-opacity":"","overlay-gradient":""},"tablet":{"background-color":"var(--ast-global-color-5)","background-image":"","background-repeat":"repeat","background-position":"center center","background-size":"auto","background-attachment":"scroll","background-type":"","background-media":"","overlay-type":"","overlay-color":"","overlay-opacity":"","overlay-gradient":""},"mobile":{"background-color":"var(--ast-global-color-5)","background-image":"","background-repeat":"repeat","background-position":"center center","background-size":"auto","background-attachment":"scroll","background-type":"","background-media":"","overlay-type":"","overlay-color":"","overlay-opacity":"","overlay-gradient":""}},"footnotes":""},"class_list":["post-1411","page","type-page","status-publish","hentry"],"post_mailing_queue_ids":[],"_links":{"self":[{"href":"https:\/\/agora.xtec.cat\/escsantllatzer\/wp-json\/wp\/v2\/pages\/1411","targetHints":{"allow":["GET"]}}],"collection":[{"href":"https:\/\/agora.xtec.cat\/escsantllatzer\/wp-json\/wp\/v2\/pages"}],"about":[{"href":"https:\/\/agora.xtec.cat\/escsantllatzer\/wp-json\/wp\/v2\/types\/page"}],"author":[{"embeddable":true,"href":"https:\/\/agora.xtec.cat\/escsantllatzer\/wp-json\/wp\/v2\/users\/1"}],"replies":[{"embeddable":true,"href":"https:\/\/agora.xtec.cat\/escsantllatzer\/wp-json\/wp\/v2\/comments?post=1411"}],"version-history":[{"count":6,"href":"https:\/\/agora.xtec.cat\/escsantllatzer\/wp-json\/wp\/v2\/pages\/1411\/revisions"}],"predecessor-version":[{"id":2114,"href":"https:\/\/agora.xtec.cat\/escsantllatzer\/wp-json\/wp\/v2\/pages\/1411\/revisions\/2114"}],"wp:attachment":[{"href":"https:\/\/agora.xtec.cat\/escsantllatzer\/wp-json\/wp\/v2\/media?parent=1411"}],"curies":[{"name":"wp","href":"https:\/\/api.w.org\/{rel}","templated":true}]}}