{"id":1213,"date":"2024-02-01T13:31:15","date_gmt":"2024-02-01T12:31:15","guid":{"rendered":"https:\/\/agora.xtec.cat\/escsantllatzer\/?page_id=1213"},"modified":"2026-04-16T10:09:00","modified_gmt":"2026-04-16T08:09:00","slug":"afa","status":"publish","type":"page","link":"https:\/\/agora.xtec.cat\/escsantllatzer\/afa\/","title":{"rendered":"Associaci\u00f3 de Fam\u00edlies d&#8217;Alumnes"},"content":{"rendered":"<table style=\"border-collapse: collapse; width: 100%;\">\n<tbody>\n<tr>\n<td style=\"width: 46.9486%;\"><a href=\"https:\/\/agora.xtec.cat\/escsantllatzer\/wp-content\/uploads\/usu2138\/2025\/10\/LOGO-AFA-color.jpeg\"><img loading=\"lazy\" decoding=\"async\" class=\"size-medium wp-image-1553 aligncenter\" src=\"https:\/\/agora.xtec.cat\/escsantllatzer\/wp-content\/uploads\/usu2138\/2025\/10\/LOGO-AFA-color-300x272.jpeg\" alt=\"\" width=\"300\" height=\"272\" srcset=\"https:\/\/agora.xtec.cat\/escsantllatzer\/wp-content\/uploads\/usu2138\/2025\/10\/LOGO-AFA-color-300x272.jpeg 300w, https:\/\/agora.xtec.cat\/escsantllatzer\/wp-content\/uploads\/usu2138\/2025\/10\/LOGO-AFA-color-1024x928.jpeg 1024w, https:\/\/agora.xtec.cat\/escsantllatzer\/wp-content\/uploads\/usu2138\/2025\/10\/LOGO-AFA-color-768x696.jpeg 768w, https:\/\/agora.xtec.cat\/escsantllatzer\/wp-content\/uploads\/usu2138\/2025\/10\/LOGO-AFA-color-1536x1393.jpeg 1536w, https:\/\/agora.xtec.cat\/escsantllatzer\/wp-content\/uploads\/usu2138\/2025\/10\/LOGO-AFA-color-2048x1857.jpeg 2048w\" sizes=\"auto, (max-width: 300px) 100vw, 300px\" \/><\/a><\/td>\n<td style=\"width: 53.0514%;\">Us enllacem els diferents documents d&#8217;inter\u00e8s facilitats per l&#8217;AFA.<\/p>\n<ul>\n<li><a href=\"https:\/\/drive.google.com\/file\/d\/1-Lqt5I2jAjV8Aa6jYGoV7hXNifjz2Y7-\/view?usp=sharing\" target=\"_blank\" rel=\"noopener\">AFA: QUI SOM?<\/a><\/li>\n<li><a href=\"https:\/\/drive.google.com\/file\/d\/1IqBsIpspchqAON4Vba_9veitw9CPEXwC\/view?usp=drive_link\">Informaci\u00f3 b\u00e0sica de l&#8217;inici de curs 25-26<\/a><\/li>\n<li><a href=\"https:\/\/docs.google.com\/forms\/d\/e\/1FAIpQLSeY4u_jS2SXIk8msrogDUGnRr4nfVfDsiDj8wzdAXMzOKf4-A\/viewform\">Formulari actualitzaci\u00f3 dades de contacte<\/a><\/li>\n<li><a href=\"https:\/\/drive.google.com\/file\/d\/1xbgEekbl6PJQdirvVxEp7mKF27XOby0n\/view?usp=drive_link\">Horari de l&#8217;espai migdia<\/a><\/li>\n<li><a href=\"https:\/\/drive.google.com\/file\/d\/1phHaF_GKwwyN65EfBHtGLb0Fh86yJ5Xe\/view?usp=sharing\">Projecte d&#8217;infants voluntaris a l&#8217;espai migdia<\/a><\/li>\n<li><a href=\"https:\/\/drive.google.com\/file\/d\/1y5s39LDw1_XB954DVH-4yF66JJncYS6V\/view?usp=sharing\">Patis oberts<\/a><\/li>\n<li><a href=\"https:\/\/drive.google.com\/file\/d\/1Et-xuGVxG0yqkBUWJeOEQiu_RzVE3njE\/view?usp=drive_link\">Secci\u00f3 excursionista &#8211; sortida del mes\u00a0<\/a><\/li>\n<li><a href=\"https:\/\/drive.google.com\/file\/d\/1T1GovyJQ5FcnNpwOA-ltZp-jxqufp8MC\/view?usp=drive_link\">Men\u00fa mensual<\/a><\/li>\n<li><a href=\"https:\/\/drive.google.com\/file\/d\/1Rr6fbP6zheJ1uGM9ykBimXKp1nfyh3nC\/view?usp=drive_link\">Informatiu mensual<\/a><\/li>\n<\/ul>\n<\/td>\n<\/tr>\n<\/tbody>\n<\/table>\n<p>&nbsp;<\/p>\n<p><!--a=1--><\/p>\n<p><!--a=1--><\/p>\n<p><!--a=1--><\/p>\n<p><!--a=1--><\/p>\n<p><!--a=1--><\/p>\n<p><!--a=1--><\/p>\n<p><!--a=1--><!--a=1--><\/p>\n<p><!--a=1--><\/p>\n<p><!--a=1--><\/p>\n<p><!--a=1--><\/p>\n<p><!--a=1--><\/p>\n<p><!--a=1--><\/p>\n<p><!--a=1--><\/p>\n<p><!--a=1--><\/p>\n<p><!--a=1--><\/p>\n<p><!--a=1--><\/p>\n<p><!--a=1--><\/p>\n<p><!--a=1--><\/p>\n<p><!--a=1--><\/p>\n<p><!--a=1--><\/p>\n<p><!----comment node----><!--a=1--><\/p>\n","protected":false},"excerpt":{"rendered":"<p>Us enllacem els diferents documents d&#8217;inter\u00e8s facilitats per l&#8217;AFA. AFA: QUI SOM? Informaci\u00f3 b\u00e0sica de l&#8217;inici de curs 25-26 Formulari actualitzaci\u00f3 dades de contacte Horari de l&#8217;espai migdia Projecte d&#8217;infants voluntaris a l&#8217;espai migdia Patis oberts Secci\u00f3 excursionista &#8211; sortida del mes\u00a0 Men\u00fa mensual Informatiu mensual &nbsp;<\/p>\n","protected":false},"author":1,"featured_media":0,"parent":0,"menu_order":0,"comment_status":"closed","ping_status":"closed","template":"","meta":{"_bbp_topic_count":0,"_bbp_reply_count":0,"_bbp_total_topic_count":0,"_bbp_total_reply_count":0,"_bbp_voice_count":0,"_bbp_anonymous_reply_count":0,"_bbp_topic_count_hidden":0,"_bbp_reply_count_hidden":0,"_bbp_forum_subforum_count":0,"site-sidebar-layout":"no-sidebar","site-content-layout":"","ast-site-content-layout":"default","site-content-style":"default","site-sidebar-style":"default","ast-global-header-display":"","ast-banner-title-visibility":"","ast-main-header-display":"","ast-hfb-above-header-display":"","ast-hfb-below-header-display":"","ast-hfb-mobile-header-display":"","site-post-title":"","ast-breadcrumbs-content":"","ast-featured-img":"","footer-sml-layout":"","theme-transparent-header-meta":"default","adv-header-id-meta":"","stick-header-meta":"","header-above-stick-meta":"","header-main-stick-meta":"","header-below-stick-meta":"","astra-migrate-meta-layouts":"set","ast-page-background-enabled":"default","ast-page-background-meta":{"desktop":{"background-color":"var(--ast-global-color-4)","background-image":"","background-repeat":"repeat","background-position":"center center","background-size":"auto","background-attachment":"scroll","background-type":"","background-media":"","overlay-type":"","overlay-color":"","overlay-opacity":"","overlay-gradient":""},"tablet":{"background-color":"","background-image":"","background-repeat":"repeat","background-position":"center center","background-size":"auto","background-attachment":"scroll","background-type":"","background-media":"","overlay-type":"","overlay-color":"","overlay-opacity":"","overlay-gradient":""},"mobile":{"background-color":"","background-image":"","background-repeat":"repeat","background-position":"center center","background-size":"auto","background-attachment":"scroll","background-type":"","background-media":"","overlay-type":"","overlay-color":"","overlay-opacity":"","overlay-gradient":""}},"ast-content-background-meta":{"desktop":{"background-color":"var(--ast-global-color-5)","background-image":"","background-repeat":"repeat","background-position":"center center","background-size":"auto","background-attachment":"scroll","background-type":"","background-media":"","overlay-type":"","overlay-color":"","overlay-opacity":"","overlay-gradient":""},"tablet":{"background-color":"var(--ast-global-color-5)","background-image":"","background-repeat":"repeat","background-position":"center center","background-size":"auto","background-attachment":"scroll","background-type":"","background-media":"","overlay-type":"","overlay-color":"","overlay-opacity":"","overlay-gradient":""},"mobile":{"background-color":"var(--ast-global-color-5)","background-image":"","background-repeat":"repeat","background-position":"center center","background-size":"auto","background-attachment":"scroll","background-type":"","background-media":"","overlay-type":"","overlay-color":"","overlay-opacity":"","overlay-gradient":""}},"footnotes":""},"class_list":["post-1213","page","type-page","status-publish","hentry"],"post_mailing_queue_ids":[],"_links":{"self":[{"href":"https:\/\/agora.xtec.cat\/escsantllatzer\/wp-json\/wp\/v2\/pages\/1213","targetHints":{"allow":["GET"]}}],"collection":[{"href":"https:\/\/agora.xtec.cat\/escsantllatzer\/wp-json\/wp\/v2\/pages"}],"about":[{"href":"https:\/\/agora.xtec.cat\/escsantllatzer\/wp-json\/wp\/v2\/types\/page"}],"author":[{"embeddable":true,"href":"https:\/\/agora.xtec.cat\/escsantllatzer\/wp-json\/wp\/v2\/users\/1"}],"replies":[{"embeddable":true,"href":"https:\/\/agora.xtec.cat\/escsantllatzer\/wp-json\/wp\/v2\/comments?post=1213"}],"version-history":[{"count":7,"href":"https:\/\/agora.xtec.cat\/escsantllatzer\/wp-json\/wp\/v2\/pages\/1213\/revisions"}],"predecessor-version":[{"id":2148,"href":"https:\/\/agora.xtec.cat\/escsantllatzer\/wp-json\/wp\/v2\/pages\/1213\/revisions\/2148"}],"wp:attachment":[{"href":"https:\/\/agora.xtec.cat\/escsantllatzer\/wp-json\/wp\/v2\/media?parent=1213"}],"curies":[{"name":"wp","href":"https:\/\/api.w.org\/{rel}","templated":true}]}}