{"id":582,"date":"2020-03-24T12:26:55","date_gmt":"2020-03-24T11:26:55","guid":{"rendered":"https:\/\/agora.xtec.cat\/escsantjordi\/?page_id=582"},"modified":"2025-10-02T12:26:21","modified_gmt":"2025-10-02T10:26:21","slug":"cicle-superior","status":"publish","type":"page","link":"https:\/\/agora.xtec.cat\/escsantjordi\/nivells\/cicle-superior\/","title":{"rendered":"Cicle superior"},"content":{"rendered":"<p dir=\"ltr\">Aquest curs a la classe de Cicle Superior som 13 alumnes, 9 de 6\u00e9 i 4 de 5\u00e8.<\/p>\n<p dir=\"ltr\">Hi ha 6 nenes i 7 nens.<\/p>\n<p dir=\"ltr\">Som un grup juganer, actiu, xerraire, treballador i creatiu, entre altres coses.<\/p>\n<p dir=\"ltr\">Tenim 6 mestres que ens fan classe: la Nuri, l\u2019Andrea, la Susana, en Lluc, la Marina i la Cristina.<\/p>\n<p dir=\"ltr\">\u00a0A aquest grup ens encanta fer sortides i la Nuri ens ha dit que aquest curs en farem forces i estem molt contents i contentes.<\/p>\n<p dir=\"ltr\">A 6\u00e8 ja ens comencem a preparar per anar a l&#8217;institut. Als de 6\u00e8 aquest curs toca: la vacuna, dentista, Colera, comiat, presentar la Cantata, compet\u00e8ncies b\u00e0siques, etc.<\/p>\n<p dir=\"ltr\">A 5\u00e9 tamb\u00e9 hem fet un gran canvi de 4t a 5\u00e8. El canvi de classe, de mestra i m\u00e9s feina, tot \u00e9s m\u00e9s dif\u00edcil a 5\u00e8. Espero que ens vagi super b\u00e9 i tinguem un curs incre\u00efble.<\/p>\n<p><a href=\"https:\/\/agora.xtec.cat\/escsantjordi\/wp-content\/uploads\/usu2088\/2025\/10\/IMG20250908150524-1-scaled.jpg\"><img loading=\"lazy\" decoding=\"async\" class=\"alignnone  wp-image-2225\" src=\"https:\/\/agora.xtec.cat\/escsantjordi\/wp-content\/uploads\/usu2088\/2025\/10\/IMG20250908150524-1-300x225.jpg\" alt=\"\" width=\"564\" height=\"423\" srcset=\"https:\/\/agora.xtec.cat\/escsantjordi\/wp-content\/uploads\/usu2088\/2025\/10\/IMG20250908150524-1-300x225.jpg 300w, https:\/\/agora.xtec.cat\/escsantjordi\/wp-content\/uploads\/usu2088\/2025\/10\/IMG20250908150524-1-1024x768.jpg 1024w, https:\/\/agora.xtec.cat\/escsantjordi\/wp-content\/uploads\/usu2088\/2025\/10\/IMG20250908150524-1-768x576.jpg 768w, https:\/\/agora.xtec.cat\/escsantjordi\/wp-content\/uploads\/usu2088\/2025\/10\/IMG20250908150524-1-1536x1152.jpg 1536w, https:\/\/agora.xtec.cat\/escsantjordi\/wp-content\/uploads\/usu2088\/2025\/10\/IMG20250908150524-1-2048x1536.jpg 2048w, https:\/\/agora.xtec.cat\/escsantjordi\/wp-content\/uploads\/usu2088\/2025\/10\/IMG20250908150524-1-200x150.jpg 200w\" sizes=\"auto, (max-width: 564px) 100vw, 564px\" \/><\/a><\/p>\n<p>&nbsp;<\/p>\n","protected":false},"excerpt":{"rendered":"<p>Aquest curs a la classe de Cicle Superior som 13 alumnes, 9 de 6\u00e9 i 4 de 5\u00e8. Hi ha 6 nenes i 7 nens. Som un grup juganer, actiu, xerraire, treballador i creatiu, entre altres coses. Tenim 6 mestres que ens fan classe: la Nuri, l\u2019Andrea, la Susana, en Lluc, la Marina i la [&hellip;]<\/p>\n","protected":false},"author":1,"featured_media":0,"parent":87,"menu_order":4,"comment_status":"closed","ping_status":"closed","template":"page-templates\/side-menu.php","meta":{"_bbp_topic_count":0,"_bbp_reply_count":0,"_bbp_total_topic_count":0,"_bbp_total_reply_count":0,"_bbp_voice_count":0,"_bbp_anonymous_reply_count":0,"_bbp_topic_count_hidden":0,"_bbp_reply_count_hidden":0,"_bbp_forum_subforum_count":0,"site-sidebar-layout":"default","site-content-layout":"","ast-site-content-layout":"","site-content-style":"default","site-sidebar-style":"default","ast-global-header-display":"","ast-banner-title-visibility":"","ast-main-header-display":"","ast-hfb-above-header-display":"","ast-hfb-below-header-display":"","ast-hfb-mobile-header-display":"","site-post-title":"","ast-breadcrumbs-content":"","ast-featured-img":"","footer-sml-layout":"","theme-transparent-header-meta":"","adv-header-id-meta":"","stick-header-meta":"","header-above-stick-meta":"","header-main-stick-meta":"","header-below-stick-meta":"","astra-migrate-meta-layouts":"default","ast-page-background-enabled":"default","ast-page-background-meta":{"desktop":{"background-color":"var(--ast-global-color-4)","background-image":"","background-repeat":"repeat","background-position":"center center","background-size":"auto","background-attachment":"scroll","background-type":"","background-media":"","overlay-type":"","overlay-color":"","overlay-opacity":"","overlay-gradient":""},"tablet":{"background-color":"","background-image":"","background-repeat":"repeat","background-position":"center center","background-size":"auto","background-attachment":"scroll","background-type":"","background-media":"","overlay-type":"","overlay-color":"","overlay-opacity":"","overlay-gradient":""},"mobile":{"background-color":"","background-image":"","background-repeat":"repeat","background-position":"center center","background-size":"auto","background-attachment":"scroll","background-type":"","background-media":"","overlay-type":"","overlay-color":"","overlay-opacity":"","overlay-gradient":""}},"ast-content-background-meta":{"desktop":{"background-color":"var(--ast-global-color-5)","background-image":"","background-repeat":"repeat","background-position":"center center","background-size":"auto","background-attachment":"scroll","background-type":"","background-media":"","overlay-type":"","overlay-color":"","overlay-opacity":"","overlay-gradient":""},"tablet":{"background-color":"var(--ast-global-color-5)","background-image":"","background-repeat":"repeat","background-position":"center center","background-size":"auto","background-attachment":"scroll","background-type":"","background-media":"","overlay-type":"","overlay-color":"","overlay-opacity":"","overlay-gradient":""},"mobile":{"background-color":"var(--ast-global-color-5)","background-image":"","background-repeat":"repeat","background-position":"center center","background-size":"auto","background-attachment":"scroll","background-type":"","background-media":"","overlay-type":"","overlay-color":"","overlay-opacity":"","overlay-gradient":""}},"footnotes":""},"class_list":["post-582","page","type-page","status-publish","hentry"],"post_mailing_queue_ids":[],"_links":{"self":[{"href":"https:\/\/agora.xtec.cat\/escsantjordi\/wp-json\/wp\/v2\/pages\/582","targetHints":{"allow":["GET"]}}],"collection":[{"href":"https:\/\/agora.xtec.cat\/escsantjordi\/wp-json\/wp\/v2\/pages"}],"about":[{"href":"https:\/\/agora.xtec.cat\/escsantjordi\/wp-json\/wp\/v2\/types\/page"}],"author":[{"embeddable":true,"href":"https:\/\/agora.xtec.cat\/escsantjordi\/wp-json\/wp\/v2\/users\/1"}],"replies":[{"embeddable":true,"href":"https:\/\/agora.xtec.cat\/escsantjordi\/wp-json\/wp\/v2\/comments?post=582"}],"version-history":[{"count":6,"href":"https:\/\/agora.xtec.cat\/escsantjordi\/wp-json\/wp\/v2\/pages\/582\/revisions"}],"predecessor-version":[{"id":2226,"href":"https:\/\/agora.xtec.cat\/escsantjordi\/wp-json\/wp\/v2\/pages\/582\/revisions\/2226"}],"up":[{"embeddable":true,"href":"https:\/\/agora.xtec.cat\/escsantjordi\/wp-json\/wp\/v2\/pages\/87"}],"wp:attachment":[{"href":"https:\/\/agora.xtec.cat\/escsantjordi\/wp-json\/wp\/v2\/media?parent=582"}],"curies":[{"name":"wp","href":"https:\/\/api.w.org\/{rel}","templated":true}]}}