{"id":30,"date":"2014-09-18T12:30:23","date_gmt":"2014-09-18T11:30:23","guid":{"rendered":"http:\/\/agora.xtec.cat\/escsantjordi\/?page_id=30"},"modified":"2020-03-25T22:02:05","modified_gmt":"2020-03-25T21:02:05","slug":"instal%c2%b7lacions","status":"publish","type":"page","link":"https:\/\/agora.xtec.cat\/escsantjordi\/lescola\/instal%c2%b7lacions\/","title":{"rendered":"Instal\u00b7lacions"},"content":{"rendered":"<p>El projecte inicial de l\u2019edifici escolar \u00e9s de l\u2019arquitecte Emili Blanch i va ser inaugurat el 24 d\u2019abril de 1934. L\u2019edifici constava de 3 aules i altres depend\u00e8ncies a la planta baixa i 2 pisos per a mestres al primer pis. Al llarg dels anys, l\u2019edifici es va anar deteriorant fins que\u00a0 el curs 1994-1995 es va fer la remodelaci\u00f3 total de l\u2019escola.<\/p>\n<p>En l\u2019actualitat, l\u2019edifici disposa de 5 aules espaioses, una aula petita per a un grup redu\u00eft, una biblioteca que est\u00e0 compartida amb la sala d\u2019ordinadors, una aula petita per fer treball individualitzat amb alumnes, una cuina, un menjador, una sala de mestres, un despatx per direcci\u00f3, lavabos i dutxes. Tamb\u00e9 disposa d\u2019ascensor.<\/p>\n<p>En aquest moment l\u2019edifici s\u2019ha quedat petit, ja que falten aules per fer desdoblaments i sovint hem d\u2019utilitzar el menjador per fer classes.<\/p>\n<p>L&#8217;escola tamb\u00e9 utilitza les seg\u00fcents instal\u00b7lacions municipals:<\/p>\n<ul style=\"list-style-type: disc;\">\n<li>Sala Nova: Per fer educaci\u00f3 f\u00edsica i per celebrar festes escolars.<\/li>\n<li>Polivalent: Per fer activitats o xerrades.<\/li>\n<li>Pavell\u00f3: Per fer educaci\u00f3 f\u00edsica l&#8217;alumnat de cicle superior.<\/li>\n<\/ul>\n","protected":false},"excerpt":{"rendered":"<p>El projecte inicial de l\u2019edifici escolar \u00e9s de l\u2019arquitecte Emili Blanch i va ser inaugurat el 24 d\u2019abril de 1934. L\u2019edifici constava de 3 aules i altres depend\u00e8ncies a la planta baixa i 2 pisos per a mestres al primer pis. Al llarg dels anys, l\u2019edifici es va anar deteriorant fins que\u00a0 el curs 1994-1995 [&hellip;]<\/p>\n","protected":false},"author":1,"featured_media":0,"parent":22,"menu_order":3,"comment_status":"closed","ping_status":"closed","template":"page-templates\/side-menu.php","meta":{"_bbp_topic_count":0,"_bbp_reply_count":0,"_bbp_total_topic_count":0,"_bbp_total_reply_count":0,"_bbp_voice_count":0,"_bbp_anonymous_reply_count":0,"_bbp_topic_count_hidden":0,"_bbp_reply_count_hidden":0,"_bbp_forum_subforum_count":0,"site-sidebar-layout":"default","site-content-layout":"","ast-site-content-layout":"","site-content-style":"default","site-sidebar-style":"default","ast-global-header-display":"","ast-banner-title-visibility":"","ast-main-header-display":"","ast-hfb-above-header-display":"","ast-hfb-below-header-display":"","ast-hfb-mobile-header-display":"","site-post-title":"","ast-breadcrumbs-content":"","ast-featured-img":"","footer-sml-layout":"","theme-transparent-header-meta":"","adv-header-id-meta":"","stick-header-meta":"","header-above-stick-meta":"","header-main-stick-meta":"","header-below-stick-meta":"","astra-migrate-meta-layouts":"default","ast-page-background-enabled":"default","ast-page-background-meta":{"desktop":{"background-color":"var(--ast-global-color-4)","background-image":"","background-repeat":"repeat","background-position":"center center","background-size":"auto","background-attachment":"scroll","background-type":"","background-media":"","overlay-type":"","overlay-color":"","overlay-opacity":"","overlay-gradient":""},"tablet":{"background-color":"","background-image":"","background-repeat":"repeat","background-position":"center center","background-size":"auto","background-attachment":"scroll","background-type":"","background-media":"","overlay-type":"","overlay-color":"","overlay-opacity":"","overlay-gradient":""},"mobile":{"background-color":"","background-image":"","background-repeat":"repeat","background-position":"center center","background-size":"auto","background-attachment":"scroll","background-type":"","background-media":"","overlay-type":"","overlay-color":"","overlay-opacity":"","overlay-gradient":""}},"ast-content-background-meta":{"desktop":{"background-color":"var(--ast-global-color-5)","background-image":"","background-repeat":"repeat","background-position":"center center","background-size":"auto","background-attachment":"scroll","background-type":"","background-media":"","overlay-type":"","overlay-color":"","overlay-opacity":"","overlay-gradient":""},"tablet":{"background-color":"var(--ast-global-color-5)","background-image":"","background-repeat":"repeat","background-position":"center center","background-size":"auto","background-attachment":"scroll","background-type":"","background-media":"","overlay-type":"","overlay-color":"","overlay-opacity":"","overlay-gradient":""},"mobile":{"background-color":"var(--ast-global-color-5)","background-image":"","background-repeat":"repeat","background-position":"center center","background-size":"auto","background-attachment":"scroll","background-type":"","background-media":"","overlay-type":"","overlay-color":"","overlay-opacity":"","overlay-gradient":""}},"footnotes":""},"class_list":["post-30","page","type-page","status-publish","hentry"],"post_mailing_queue_ids":[],"_links":{"self":[{"href":"https:\/\/agora.xtec.cat\/escsantjordi\/wp-json\/wp\/v2\/pages\/30","targetHints":{"allow":["GET"]}}],"collection":[{"href":"https:\/\/agora.xtec.cat\/escsantjordi\/wp-json\/wp\/v2\/pages"}],"about":[{"href":"https:\/\/agora.xtec.cat\/escsantjordi\/wp-json\/wp\/v2\/types\/page"}],"author":[{"embeddable":true,"href":"https:\/\/agora.xtec.cat\/escsantjordi\/wp-json\/wp\/v2\/users\/1"}],"replies":[{"embeddable":true,"href":"https:\/\/agora.xtec.cat\/escsantjordi\/wp-json\/wp\/v2\/comments?post=30"}],"version-history":[{"count":3,"href":"https:\/\/agora.xtec.cat\/escsantjordi\/wp-json\/wp\/v2\/pages\/30\/revisions"}],"predecessor-version":[{"id":682,"href":"https:\/\/agora.xtec.cat\/escsantjordi\/wp-json\/wp\/v2\/pages\/30\/revisions\/682"}],"up":[{"embeddable":true,"href":"https:\/\/agora.xtec.cat\/escsantjordi\/wp-json\/wp\/v2\/pages\/22"}],"wp:attachment":[{"href":"https:\/\/agora.xtec.cat\/escsantjordi\/wp-json\/wp\/v2\/media?parent=30"}],"curies":[{"name":"wp","href":"https:\/\/api.w.org\/{rel}","templated":true}]}}