{"id":688,"date":"2017-11-02T13:07:09","date_gmt":"2017-11-02T12:07:09","guid":{"rendered":"http:\/\/agora.xtec.cat\/escsantesteve\/?page_id=688"},"modified":"2025-09-12T10:59:25","modified_gmt":"2025-09-12T08:59:25","slug":"robotica","status":"publish","type":"page","link":"https:\/\/agora.xtec.cat\/escsantesteve\/robotica\/","title":{"rendered":"Rob\u00f2tica"},"content":{"rendered":"<p>Aqu\u00ed teniu els enlla\u00e7os que hem preparat per treballar el code, dins de la rob\u00f2tica, als diferents cursos de prim\u00e0ria.<\/p>\n<p style=\"text-align: center;\">\u00a0<a href=\"https:\/\/studio.code.org\/sections\/SPWTYP\" target=\"_blank\" rel=\"noopener noreferrer\">1r A<\/a> \u00a0 \u00a0 \u00a0 \u00a0 \u00a0 \u00a0 \u00a0 \u00a0 \u00a0 \u00a0<a href=\"https:\/\/studio.code.org\/sections\/GJHJSJ\" target=\"_blank\" rel=\"noopener noreferrer\">1r B<\/a><\/p>\n<p style=\"text-align: center;\"><a href=\"https:\/\/studio.code.org\/sections\/KZWQFS\" target=\"_blank\" rel=\"noopener noreferrer\">2n A<\/a>\u00a0 \u00a0 \u00a0 \u00a0 \u00a0 \u00a0 \u00a0 \u00a0 \u00a0 \u00a0 <a href=\"https:\/\/studio.code.org\/sections\/MBYRWQ\" target=\"_blank\" rel=\"noopener noreferrer\">2n B<\/a><\/p>\n<p style=\"text-align: center;\">\u00a0 \u00a0 \u00a0 \u00a0<a href=\"https:\/\/studio.code.org\/sections\/LWLRBX\" target=\"_blank\" rel=\"noopener\">3r A<\/a>\u00a0 \u00a0 \u00a0 \u00a0 \u00a0 \u00a0 \u00a0 \u00a0 \u00a0 \u00a0<a href=\"https:\/\/studio.code.org\/sections\/FSKHPX\" target=\"_blank\" rel=\"noopener\">3r B<\/a><\/p>\n<p style=\"text-align: center;\"><a href=\"https:\/\/studio.code.org\/sections\/WLFPXS\" target=\"_blank\" rel=\"noopener\">4t A<\/a>\u00a0 \u00a0 \u00a0 \u00a0 \u00a0 \u00a0 \u00a0 \u00a0 \u00a0 \u00a0 <a href=\"https:\/\/studio.code.org\/sections\/YMZKYM\" target=\"_blank\" rel=\"noopener\">4t B \u00a0<\/a>\u00a0 \u00a0\u00a0 \u00a0\u00a0 \u00a0\u00a0 <a href=\"https:\/\/studio.code.org\/sections\/LZHKTJ\" target=\"_blank\" rel=\"noopener\">4t C<\/a><\/p>\n<p style=\"text-align: center;\"><a href=\"https:\/\/studio.code.org\/sections\/RYXPKM\" target=\"_blank\" rel=\"noopener\">5\u00e8 A<\/a> \u00a0 \u00a0 \u00a0 \u00a0 \u00a0 \u00a0 \u00a0 \u00a0 \u00a0 \u00a0<a href=\"https:\/\/studio.code.org\/sections\/SQDVGR\" target=\"_blank\" rel=\"noopener\">5\u00e8 B<\/a><\/p>\n<p style=\"text-align: center;\"><a href=\"https:\/\/studio.code.org\/sections\/QKSQLW\" target=\"_blank\" rel=\"noopener noreferrer\">6\u00e8 A<\/a> \u00a0 \u00a0 \u00a0 \u00a0 \u00a0 \u00a0 \u00a0 \u00a0 \u00a0 \u00a0<a href=\"https:\/\/studio.code.org\/sections\/MDBYZF\" target=\"_blank\" rel=\"noopener noreferrer\">6\u00e8 B<\/a>\u00a0 \u00a0 \u00a0 \u00a0 \u00a0 \u00a0 \u00a0<a href=\"https:\/\/studio.code.org\/sections\/PWHKPY\" target=\"_blank\" rel=\"noopener\">6\u00e8C<\/a><\/p>\n<p>&nbsp;<\/p>\n<p style=\"text-align: center;\">\n","protected":false},"excerpt":{"rendered":"<p>Aqu\u00ed teniu els enlla\u00e7os que hem preparat per treballar el code, dins de la rob\u00f2tica, als diferents cursos de prim\u00e0ria.<br \/>\n\u00a0<a href=\"https:\/\/studio.code.org\/sections\/SPWTYP\" target=\"_blank\" rel=\"noopener noreferrer\">1r A<\/a> \u00a0 \u00a0 \u00a0 \u00a0 \u00a0 \u00a0 \u00a0 \u00a0 \u00a0 \u00a0<a href=\"https:\/\/studio.code.org\/sections\/GJHJSJ\" target=\"_blank\" rel=\"noopener noreferrer\">1r B<\/a><br \/>\n<a href=\"https:\/\/studio.code.org\/sections\/KZWQFS\" target=\"_blank\" rel=\"noopener noreferrer\">2n A<\/a>\u00a0&hellip;  <a href=\"https:\/\/agora.xtec.cat\/escsantesteve\/robotica\/\" title=\"Read Rob\u00f2tica\">Llegeix m\u00e9s\u00bb<\/a><\/p>\n","protected":false},"author":1,"featured_media":0,"parent":0,"menu_order":0,"comment_status":"closed","ping_status":"closed","template":"","meta":{"_bbp_topic_count":0,"_bbp_reply_count":0,"_bbp_total_topic_count":0,"_bbp_total_reply_count":0,"_bbp_voice_count":0,"_bbp_anonymous_reply_count":0,"_bbp_topic_count_hidden":0,"_bbp_reply_count_hidden":0,"_bbp_forum_subforum_count":0,"footnotes":""},"class_list":["post-688","page","type-page","status-publish","hentry"],"post_mailing_queue_ids":[],"_links":{"self":[{"href":"https:\/\/agora.xtec.cat\/escsantesteve\/wp-json\/wp\/v2\/pages\/688","targetHints":{"allow":["GET"]}}],"collection":[{"href":"https:\/\/agora.xtec.cat\/escsantesteve\/wp-json\/wp\/v2\/pages"}],"about":[{"href":"https:\/\/agora.xtec.cat\/escsantesteve\/wp-json\/wp\/v2\/types\/page"}],"author":[{"embeddable":true,"href":"https:\/\/agora.xtec.cat\/escsantesteve\/wp-json\/wp\/v2\/users\/1"}],"replies":[{"embeddable":true,"href":"https:\/\/agora.xtec.cat\/escsantesteve\/wp-json\/wp\/v2\/comments?post=688"}],"version-history":[{"count":7,"href":"https:\/\/agora.xtec.cat\/escsantesteve\/wp-json\/wp\/v2\/pages\/688\/revisions"}],"predecessor-version":[{"id":2040,"href":"https:\/\/agora.xtec.cat\/escsantesteve\/wp-json\/wp\/v2\/pages\/688\/revisions\/2040"}],"wp:attachment":[{"href":"https:\/\/agora.xtec.cat\/escsantesteve\/wp-json\/wp\/v2\/media?parent=688"}],"curies":[{"name":"wp","href":"https:\/\/api.w.org\/{rel}","templated":true}]}}