{"id":468,"date":"2017-07-03T17:00:42","date_gmt":"2017-07-03T15:00:42","guid":{"rendered":"http:\/\/agora.xtec.cat\/escsantesteve\/?page_id=468"},"modified":"2026-04-10T13:26:12","modified_gmt":"2026-04-10T11:26:12","slug":"equip-docent","status":"publish","type":"page","link":"https:\/\/agora.xtec.cat\/escsantesteve\/lescola\/equip-docent\/","title":{"rendered":"Curs 2025 &#8211; 2026"},"content":{"rendered":"<p>&nbsp;<\/p>\n<table style=\"height: 1418px; width: 93%; background-color: #61a5b8; border-color: #f08f07;\">\n<tbody>\n<tr style=\"height: 31px;\">\n<td style=\"width: 30.131%; text-align: center; height: 31px;\"><strong>EQUIP DIRECTIU<\/strong><\/td>\n<td style=\"width: 27.2198%; text-align: center; height: 31px;\">DIRECTORA<\/td>\n<td style=\"width: 41.1936%; text-align: center; height: 31px;\">Sandra P\u00e1ez<\/td>\n<\/tr>\n<tr style=\"height: 31px;\">\n<td style=\"width: 30.131%; text-align: center; height: 31px;\"><\/td>\n<td style=\"width: 27.2198%; text-align: center; height: 31px;\">CAP D&#8217;ESTUDIS<\/td>\n<td style=\"width: 41.1936%; text-align: center; height: 31px;\">\u00a0Mari L\u00f3pez<\/td>\n<\/tr>\n<tr style=\"height: 31px;\">\n<td style=\"width: 30.131%; text-align: center; height: 31px;\"><\/td>\n<td style=\"width: 27.2198%; text-align: center; height: 31px;\">SECRET\u00c0RIA<\/td>\n<td style=\"width: 41.1936%; text-align: center; height: 31px;\">Gl\u00f2ria Sams\u00f3<\/td>\n<\/tr>\n<tr style=\"height: 31px;\">\n<td style=\"width: 30.131%; text-align: center; height: 31px;\"><strong>EDUCACI\u00d3 INFANTIL<\/strong><\/td>\n<td style=\"width: 27.2198%; text-align: center; height: 31px;\">I3 A<\/td>\n<td style=\"width: 41.1936%; text-align: center; height: 31px;\">Imma Arbus\u00e9<\/td>\n<\/tr>\n<tr style=\"height: 31px;\">\n<td style=\"width: 30.131%; text-align: center; height: 31px;\"><\/td>\n<td style=\"width: 27.2198%; text-align: center; height: 31px;\">I3 B<\/td>\n<td style=\"width: 41.1936%; text-align: center; height: 31px;\">Soraya Fern\u00e1ndez<\/td>\n<\/tr>\n<tr style=\"height: 31px;\">\n<td style=\"width: 30.131%; text-align: center; height: 31px;\"><\/td>\n<td style=\"width: 27.2198%; text-align: center; height: 31px;\">I4 A<\/td>\n<td style=\"width: 41.1936%; text-align: center; height: 31px;\">Anna Bassols<\/td>\n<\/tr>\n<tr style=\"height: 31px;\">\n<td style=\"width: 30.131%; text-align: center; height: 31px;\"><\/td>\n<td style=\"width: 27.2198%; text-align: center; height: 31px;\">I4 B<\/td>\n<td style=\"width: 41.1936%; text-align: center; height: 31px;\">Betlem Serra<\/td>\n<\/tr>\n<tr style=\"height: 31px;\">\n<td style=\"width: 30.131%; text-align: center; height: 31px;\"><\/td>\n<td style=\"width: 27.2198%; text-align: center; height: 31px;\">I5 A<\/td>\n<td style=\"width: 41.1936%; text-align: center; height: 31px;\">Mireia Ca\u00f1averas (Jennifer G\u00f3mez)<\/td>\n<\/tr>\n<tr style=\"height: 31px;\">\n<td style=\"width: 30.131%; text-align: center; height: 31px;\"><\/td>\n<td style=\"width: 27.2198%; text-align: center; height: 31px;\">I5 B<\/td>\n<td style=\"width: 41.1936%; text-align: center; height: 31px;\">Gl\u00f2ria Vi\u00f1uela (Emma Izquierdo)<\/td>\n<\/tr>\n<tr style=\"height: 31px;\">\n<td style=\"width: 30.131%; text-align: center; height: 31px;\"><\/td>\n<td style=\"width: 27.2198%; text-align: center; height: 31px;\">ESPECIALITATS<\/td>\n<td style=\"width: 41.1936%; text-align: center; height: 31px;\">Laura Brugulat &#8211; Judit Jim\u00e9nez<\/td>\n<\/tr>\n<tr style=\"height: 35px;\">\n<td style=\"width: 30.131%; text-align: center; height: 10px;\"><\/td>\n<td style=\"width: 27.2198%; text-align: center; height: 10px;\"><\/td>\n<td style=\"width: 41.1936%; text-align: center; height: 10px;\"><\/td>\n<\/tr>\n<tr style=\"height: 31px;\">\n<td style=\"width: 30.131%; text-align: center; height: 31px;\"><strong>EDUCACI\u00d3 PRIM\u00c0RIA\u00a0<\/strong><\/td>\n<td style=\"width: 27.2198%; text-align: center; height: 31px;\">1r A<\/td>\n<td style=\"width: 41.1936%; text-align: center; height: 31px;\">Marta V\u00e1llez<\/td>\n<\/tr>\n<tr style=\"height: 31px;\">\n<td style=\"width: 30.131%; text-align: center; height: 31px;\"><\/td>\n<td style=\"width: 27.2198%; text-align: center; height: 31px;\">1r B<\/td>\n<td style=\"width: 41.1936%; text-align: center; height: 31px;\">Mireia Burdoy &#8211; Laura L\u00f3pez<\/td>\n<\/tr>\n<tr style=\"height: 31px;\">\n<td style=\"width: 30.131%; text-align: center; height: 31px;\"><\/td>\n<td style=\"width: 27.2198%; text-align: center; height: 31px;\">2n A<\/td>\n<td style=\"width: 41.1936%; text-align: center; height: 31px;\">Dolors Blanch<\/td>\n<\/tr>\n<tr style=\"height: 31px;\">\n<td style=\"width: 30.131%; text-align: center; height: 31px;\"><\/td>\n<td style=\"width: 27.2198%; text-align: center; height: 31px;\">2n B<\/td>\n<td style=\"width: 41.1936%; text-align: center; height: 31px;\">Marta Carreras<\/td>\n<\/tr>\n<tr style=\"height: 31px;\">\n<td style=\"width: 30.131%; text-align: center; height: 31px;\"><\/td>\n<td style=\"width: 27.2198%; text-align: center; height: 31px;\">3r A<\/td>\n<td style=\"width: 41.1936%; text-align: center; height: 31px;\">Txell Massa<\/td>\n<\/tr>\n<tr style=\"height: 31px;\">\n<td style=\"width: 30.131%; text-align: center; height: 31px;\"><\/td>\n<td style=\"width: 27.2198%; text-align: center; height: 31px;\">3r B<\/td>\n<td style=\"width: 41.1936%; text-align: center; height: 31px;\">Cristina Pons<\/td>\n<\/tr>\n<tr style=\"height: 31px;\">\n<td style=\"width: 30.131%; text-align: center; height: 31px;\"><\/td>\n<td style=\"width: 27.2198%; text-align: center; height: 31px;\">4t A<\/td>\n<td style=\"width: 41.1936%; text-align: center; height: 31px;\">L\u00eddia Pujol (Gl\u00f2ria Rodr\u00edguez)<\/td>\n<\/tr>\n<tr style=\"height: 31px;\">\n<td style=\"width: 30.131%; text-align: center; height: 31px;\"><\/td>\n<td style=\"width: 27.2198%; text-align: center; height: 31px;\">4t B<\/td>\n<td style=\"width: 41.1936%; text-align: center; height: 31px;\">J\u00e9sica Est\u00e9vez<\/td>\n<\/tr>\n<tr style=\"height: 31px;\">\n<td style=\"width: 30.131%; text-align: center; height: 31px;\"><\/td>\n<td style=\"width: 27.2198%; text-align: center; height: 31px;\">4t C<\/td>\n<td style=\"width: 41.1936%; text-align: center; height: 31px;\">Anna Berenguel<\/td>\n<\/tr>\n<tr style=\"height: 31px;\">\n<td style=\"width: 30.131%; text-align: center; height: 31px;\"><\/td>\n<td style=\"width: 27.2198%; text-align: center; height: 31px;\">5\u00e8 A<\/td>\n<td style=\"width: 41.1936%; text-align: center; height: 31px;\">Jaume Almar<\/td>\n<\/tr>\n<tr style=\"height: 31px;\">\n<td style=\"width: 30.131%; text-align: center; height: 31px;\"><\/td>\n<td style=\"width: 27.2198%; text-align: center; height: 31px;\">5\u00e8 B<\/td>\n<td style=\"width: 41.1936%; text-align: center; height: 31px;\">Noe Rodr\u00edguez<\/td>\n<\/tr>\n<tr style=\"height: 31px;\">\n<td style=\"width: 30.131%; text-align: center; height: 31px;\"><\/td>\n<td style=\"width: 27.2198%; text-align: center; height: 31px;\">6\u00e8 A<\/td>\n<td style=\"width: 41.1936%; text-align: center; height: 31px;\">Jordi Daus\u00e0<\/td>\n<\/tr>\n<tr style=\"height: 31px;\">\n<td style=\"width: 30.131%; text-align: center; height: 31px;\"><\/td>\n<td style=\"width: 27.2198%; text-align: center; height: 31px;\">6\u00e8 B<\/td>\n<td style=\"width: 41.1936%; text-align: center; height: 31px;\">Yolanda Gonz\u00e1lez<\/td>\n<\/tr>\n<tr style=\"height: 95px;\">\n<td style=\"width: 30.131%; text-align: center; height: 10px;\"><\/td>\n<td style=\"width: 27.2198%; text-align: center; height: 10px;\">6\u00e8 C<\/td>\n<td style=\"width: 41.1936%; text-align: center; height: 10px;\">Isabel del Puerto<\/td>\n<\/tr>\n<tr style=\"height: 174px;\">\n<td style=\"width: 30.131%; text-align: center; height: 174px;\"><\/td>\n<td style=\"width: 27.2198%; text-align: center; height: 174px;\">SUPORT<\/td>\n<td style=\"width: 41.1936%; text-align: center; height: 174px;\">Sandra P\u00e1ez<\/p>\n<p>Gl\u00f2ria Sams\u00f3<\/td>\n<\/tr>\n<tr style=\"height: 174px;\">\n<td style=\"width: 30.131%; text-align: center; height: 174px;\"><strong>ESPECIALISTES<\/strong><\/td>\n<td style=\"width: 27.2198%; text-align: center; height: 174px;\">EDUCACI\u00d3 ESPECIAL<\/td>\n<td style=\"width: 41.1936%; text-align: center; height: 174px;\">M\u00f2nica Rodr\u00edguez<\/p>\n<p>Laia Capdeferro<\/p>\n<p>Judit Molas<\/p>\n<p>S\u00edlvia Conesa<\/td>\n<\/tr>\n<tr style=\"height: 31px;\">\n<td style=\"width: 30.131%; text-align: center; height: 31px;\"><\/td>\n<td style=\"width: 27.2198%; text-align: center; height: 31px;\">EDUCACI\u00d3 F\u00cdSICA<\/td>\n<td style=\"width: 41.1936%; text-align: center; height: 31px;\">\u00a0Jaume Almar<\/p>\n<p>Jordi Vi\u00f1olas<\/td>\n<\/tr>\n<tr style=\"height: 46px;\">\n<td style=\"width: 30.131%; text-align: center; height: 46px;\"><\/td>\n<td style=\"width: 27.2198%; text-align: center; height: 46px;\">EDUCACI\u00d3 MUSICAL<\/td>\n<td style=\"width: 41.1936%; text-align: center; height: 46px;\">Ad\u00e1n Torres<\/td>\n<\/tr>\n<tr style=\"height: 95px;\">\n<td style=\"width: 30.131%; text-align: center; height: 48px;\"><\/td>\n<td style=\"width: 27.2198%; text-align: center; height: 48px;\">LLENGUA ANGLESA<\/td>\n<td style=\"width: 41.1936%; text-align: center; height: 48px;\">Al\u00edcia Amores<\/p>\n<p>Ariadna Trabal<\/p>\n<p>Estel Ciurana<\/p>\n<p>Laura Brugulat<\/td>\n<\/tr>\n<tr style=\"height: 46px;\">\n<td style=\"width: 30.131%; text-align: center; height: 46px;\"><\/td>\n<td style=\"width: 27.2198%; text-align: center; height: 46px;\">RELIGI\u00d3<\/td>\n<td style=\"width: 41.1936%; text-align: center; height: 46px;\">Jessica Pi\u00f1ero<\/td>\n<\/tr>\n<tr style=\"height: 46px;\">\n<td style=\"width: 30.131%; text-align: center; height: 46px;\"><strong>PERSONAL D&#8217;ADMINISTRACI\u00d3 I SERVEIS<\/strong><\/td>\n<td style=\"width: 27.2198%; text-align: center; height: 46px;\">ADMINISTRATIVA<\/td>\n<td style=\"width: 41.1936%; text-align: center; height: 46px;\">\u00a0M\u00aa Teresa Coll<\/td>\n<\/tr>\n<tr style=\"height: 31px;\">\n<td style=\"width: 30.131%; text-align: center; height: 31px;\"><\/td>\n<td style=\"width: 27.2198%; text-align: center; height: 31px;\">VETLLADORES<\/td>\n<td style=\"width: 41.1936%; text-align: center; height: 31px;\">Isabel G\u00f3mez<\/p>\n<p>Cristina Romero<\/td>\n<\/tr>\n<tr style=\"height: 31px;\">\n<td style=\"width: 30.131%; text-align: center; height: 31px;\"><\/td>\n<td style=\"width: 27.2198%; text-align: center; height: 31px;\">TEI<\/td>\n<td style=\"width: 41.1936%; text-align: center; height: 31px;\">Raquel Fern\u00e1ndez (Leti Cannizzaro)<\/td>\n<\/tr>\n<tr style=\"height: 31px;\">\n<td style=\"width: 30.131%; text-align: center; height: 29px;\"><\/td>\n<td style=\"width: 27.2198%; text-align: center; height: 29px;\">BIDELL<\/td>\n<td style=\"width: 41.1936%; text-align: center; height: 29px;\">Jordi Ciurana<\/td>\n<\/tr>\n<tr style=\"height: 31px;\">\n<td style=\"width: 30.131%; text-align: center; height: 29px;\"><\/td>\n<td style=\"width: 27.2198%; text-align: center; height: 29px;\">CUINERA<\/td>\n<td style=\"width: 41.1936%; text-align: center; height: 29px;\">Sara Marull<\/td>\n<\/tr>\n<\/tbody>\n<\/table>\n","protected":false},"excerpt":{"rendered":"<p>&nbsp;<\/p>\n<p>EQUIP DIRECTIU<br \/>\nDIRECTORA<br \/>\nSandra P\u00e1ez<\/p>\n<p>CAP D&#8217;ESTUDIS<br \/>\n\u00a0Mari L\u00f3pez<\/p>\n<p>SECRET\u00c0RIA<br \/>\nGl\u00f2ria Sams\u00f3<\/p>\n<p>EDUCACI\u00d3 INFANTIL<br \/>\nI3 A<br \/>\nImma Arbus\u00e9<\/p>\n<p>I3 B<br \/>\nSoraya Fern\u00e1ndez<\/p>\n<p>I4 A<br \/>\nAnna Bassols<\/p>\n<p>I4 B<br \/>\nBetlem Serra<\/p>\n<p>I5 A<br \/>\nMireia Ca\u00f1averas (Jennifer G\u00f3mez)<\/p>\n<p>I5 B<br \/>\nGl\u00f2ria Vi\u00f1uela (Emma Izquierdo)<\/p>\n<p>ESPECIALITATS<br \/>\nLaura Brugulat &#8211; Judit Jim\u00e9nez<\/p>\n<p>EDUCACI\u00d3 PRIM\u00c0RIA\u00a0<br \/>\n1r A<br \/>\nMarta V\u00e1llez<\/p>\n<p>1r B<br \/>\nMireia Burdoy &#8211; Laura L\u00f3pez<\/p>\n<p>2n A<br \/>\nDolors Blanch<\/p>\n<p>2n B<br \/>\nMarta Carreras<\/p>\n<p>3r A<br \/>\nTxell Massa<\/p>\n<p>3r B<br \/>\nCristina Pons<\/p>\n<p>4t A<br \/>\nL\u00eddia Pujol&hellip;  <a href=\"https:\/\/agora.xtec.cat\/escsantesteve\/lescola\/equip-docent\/\" title=\"Read Curs 2025 &#8211; 2026\">Llegeix m\u00e9s\u00bb<\/a><\/p>\n","protected":false},"author":1,"featured_media":0,"parent":22,"menu_order":30,"comment_status":"closed","ping_status":"closed","template":"page-templates\/side-menu.php","meta":{"_bbp_topic_count":0,"_bbp_reply_count":0,"_bbp_total_topic_count":0,"_bbp_total_reply_count":0,"_bbp_voice_count":0,"_bbp_anonymous_reply_count":0,"_bbp_topic_count_hidden":0,"_bbp_reply_count_hidden":0,"_bbp_forum_subforum_count":0,"footnotes":""},"class_list":["post-468","page","type-page","status-publish","hentry"],"post_mailing_queue_ids":[],"_links":{"self":[{"href":"https:\/\/agora.xtec.cat\/escsantesteve\/wp-json\/wp\/v2\/pages\/468","targetHints":{"allow":["GET"]}}],"collection":[{"href":"https:\/\/agora.xtec.cat\/escsantesteve\/wp-json\/wp\/v2\/pages"}],"about":[{"href":"https:\/\/agora.xtec.cat\/escsantesteve\/wp-json\/wp\/v2\/types\/page"}],"author":[{"embeddable":true,"href":"https:\/\/agora.xtec.cat\/escsantesteve\/wp-json\/wp\/v2\/users\/1"}],"replies":[{"embeddable":true,"href":"https:\/\/agora.xtec.cat\/escsantesteve\/wp-json\/wp\/v2\/comments?post=468"}],"version-history":[{"count":6,"href":"https:\/\/agora.xtec.cat\/escsantesteve\/wp-json\/wp\/v2\/pages\/468\/revisions"}],"predecessor-version":[{"id":2099,"href":"https:\/\/agora.xtec.cat\/escsantesteve\/wp-json\/wp\/v2\/pages\/468\/revisions\/2099"}],"up":[{"embeddable":true,"href":"https:\/\/agora.xtec.cat\/escsantesteve\/wp-json\/wp\/v2\/pages\/22"}],"wp:attachment":[{"href":"https:\/\/agora.xtec.cat\/escsantesteve\/wp-json\/wp\/v2\/media?parent=468"}],"curies":[{"name":"wp","href":"https:\/\/api.w.org\/{rel}","templated":true}]}}