{"id":26,"date":"2014-09-18T12:24:32","date_gmt":"2014-09-18T11:24:32","guid":{"rendered":"http:\/\/agora.xtec.cat\/escsantesteve\/?page_id=26"},"modified":"2017-07-03T17:32:21","modified_gmt":"2017-07-03T15:32:21","slug":"historia","status":"publish","type":"page","link":"https:\/\/agora.xtec.cat\/escsantesteve\/lescola\/historia\/","title":{"rendered":"Hist\u00f2ria"},"content":{"rendered":"<h3 id=\"sites-page-title-header\" align=\"left\"><\/h3>\n<div id=\"sites-canvas-main\" class=\"sites-canvas-main\">\n<div id=\"sites-canvas-main-content\">\n<table class=\"sites-layout-name-one-column sites-layout-hbox\" cellspacing=\"0\">\n<tbody>\n<tr>\n<td class=\"sites-layout-tile sites-tile-name-content-1\">\n<div dir=\"ltr\">\n<div dir=\"ltr\">\n<p lang=\"ca-ES\" align=\"justify\"><span style=\"color: #008080;\"><b>Dades de l&#8217;edifici actual<\/b><\/span><\/p>\n<p lang=\"ca-ES\"><span style=\"color: #000000;\"><span style=\"font-size: small;\">La construcci\u00f3 segueix un projecte redactat l&#8217;any 1954. Les obres van durar aproximadament uns tres anys i es suposa que es van iniciar l&#8217;any 1958. Hi ha una primera intervenci\u00f3 el 1975 seguint un projecte redactat el 1972. \u00c9s l&#8217;ampliaci\u00f3 amb dues aules a sobre de les origin\u00e0riament destinades a parvulari en els extrems de ponent i llevant de l&#8217;edifici. El cost segons projecte va ser de 322.125,21 ptes.<\/span><\/span><\/p>\n<p lang=\"ca-ES\"><span style=\"color: #000000;\"><span style=\"font-size: small;\">Es fa una tanca perimetral del pati els anys 1976 i 77.<\/span><\/span><\/p>\n<p lang=\"ca-ES\"><span style=\"color: #000000;\"><span style=\"font-size: small;\">S&#8217;amplien les aules de parvulari el 1977 i 78.<\/span><\/span><\/p>\n<p lang=\"ca-ES\"><span style=\"color: #000000;\"><span style=\"font-size: small;\">Es fa una intervenci\u00f3 per al tractament de patologies estructurals els anys 1992-93.<\/span><\/span><\/p>\n<p lang=\"ca-ES\"><span style=\"color: #000000;\"><span style=\"font-size: small;\">El 2007 s&#8217;acaben les obres d&#8217;ampliaci\u00f3 del centre per adaptar-lo a un CEIP de dues l\u00ednies. Aquest fet comporta la contrucci\u00f3 d&#8217;un parvulari nou, 3 aules m\u00e9s per a prim\u00e0ria i l&#8217;adequaci\u00f3 de l&#8217;antic parvulari per a aules d&#8217;\u00fas com\u00fa: biblioteca, inform\u00e0tica, m\u00fasica, etc.<\/span><\/span><\/p>\n<\/div>\n<div dir=\"ltr\">\n<p lang=\"ca-ES\" align=\"justify\"><span style=\"color: #008080;\"><b>Dades hist\u00f2riques de la poblaci\u00f3 escolar i dels centres educatius<\/b><\/span><\/p>\n<p lang=\"ca-ES\" align=\"justify\"><span style=\"color: #000000;\"><span style=\"font-size: small;\">Les ubicacions dels edificis escolars de les que hem pogut tenir not\u00edcia s\u00f3n les seg\u00fcents:<\/span><\/span><\/p>\n<p lang=\"ca-ES\" align=\"justify\"><span style=\"color: #000000;\"><span style=\"font-size: small;\">a) A l&#8217;any 1896 tenim coneixement que l&#8217;escola dels nens era a la Pla\u00e7a Petita, n\u00fam.1 o 2, que era el lloc on tenia la resid\u00e8ncia el mestre Joan del Clos Dols. L&#8217;escola de les nenes hem de suposar que era al carrer Major, 24, sense poder-ho afirmar amb total seguretat, per\u00f2 es podria deduir del fet que era al lloc on tenia la resid\u00e8ncia la mestra de les nenes, la Teresa Cusidor Fontcuberta.<\/span><\/span><\/p>\n<p lang=\"ca-ES\" align=\"justify\"><span style=\"color: #000000;\"><span style=\"font-size: small;\">L&#8217;any 1903-04 podrien haver passat part de l&#8217;alumnat a la sala de plens de l&#8217;edifici Consistorial, pels greus d\u00e8ficits de l&#8217;edifici que acollia els escolars, per\u00f2 aquest fet no es pot confirmar d&#8217;una manera definitiva.<\/span><\/span><\/p>\n<p lang=\"ca-ES\" align=\"justify\"><span style=\"color: #000000;\"><span style=\"font-size: small;\">Hi ha const\u00e0ncia documental de l&#8217;exist\u00e8ncia de les Germanes de Sant Josep de Cluny que es dediquen exclusivament a l&#8217;ensenyament de nenes, en un edifici ubicat al final de la Rambla de Recolons al costat del Bell-estar i ocupant l&#8217;espai on s&#8217;ubiquen actualment les Germanes Hospital\u00e0ries. L&#8217;edifici tenia inter\u00e8s arquitect\u00f2nic dintre del seu estil modernista.<\/span><\/span><\/p>\n<p lang=\"ca-ES\" align=\"justify\"><span style=\"color: #000000;\"><span style=\"font-size: small;\">El nombre d&#8217;alumnes \u00e9s molt variable i hi ha queixes constant de la manca d&#8217;assist\u00e8ncia sobre tot de les nenes.<\/span><\/span><\/p>\n<p lang=\"ca-ES\" align=\"justify\"><span style=\"color: #000000;\"><span style=\"font-size: small;\">b) Al voltant dels anys 1920.<\/span><\/span><\/p>\n<p lang=\"ca-ES\" align=\"justify\"><span style=\"color: #000000;\"><span style=\"font-size: small;\">Els nens anaven a l&#8217;edifici de l&#8217;actual Biblioteca, que havia estat utilitzat com a Casal ( Aquest va costar 49.613 pessetes, el Sr. Pla i Daniel en va donar 30.000)<\/span><\/span><\/p>\n<p lang=\"ca-ES\" align=\"justify\"><span style=\"color: #000000;\"><span style=\"font-size: small;\">Les nenes ocupaven junt amb els m\u00e9s petits diferents espais en la planta baixa i la planta pis de les Cases Consistorials. Els baixos de l&#8217;edifici de la Pla\u00e7a de l&#8217;Ajuntament on est\u00e0 ubicat actualment el Pub Th\u00e8rmic tamb\u00e9 havia tingut l&#8217;\u00fas d&#8217;escola per als m\u00e9s petits.<\/span><\/span><\/p>\n<p lang=\"ca-ES\" align=\"justify\"><span style=\"color: #000000;\"><span style=\"font-size: small;\">c) Prop del 1930.<\/span><\/span><\/p>\n<p lang=\"ca-ES\" align=\"justify\"><span style=\"color: #000000;\"><span style=\"font-size: small;\">Apareixen preocupacions per part de l&#8217;ajuntament per buscar uns edificis m\u00e9s adients per a l&#8217;\u00fas escolar i l&#8217;any 1933 es redacta un projecte d&#8217;escola per part de l&#8217;arquitecte Deu i Amat que havia d&#8217;anar situat en part dels terrenys ocupats ara per l&#8217;espai lliure p\u00fablic la Pineda de la Malavella fent fa\u00e7ana en el carrer Trasmuralla i un altre per l&#8217;agregat de Franciac amb un empla\u00e7ament molt semblant a la que t\u00e9 l&#8217;escola actual, tancada.<\/span><\/span><\/p>\n<p lang=\"ca-ES\" align=\"justify\"><span style=\"color: #000000;\"><span style=\"font-size: small;\">Per\u00f2 sense saber-ne la causa al final no s&#8217;utilitza el projecte redactat per l&#8217;Ajuntament i \u00e9s el Ministerio de Instruci\u00f3n P\u00fablica i Bellas Artes qui assumeix la redacci\u00f3 dels projectes dels edificis escolars que l&#8217;Ajuntament havia demanat al Ministeri que constru\u00eds. Recordem que s\u00f3n: els del nucli de poblaci\u00f3 i els dels dos agregats: Santa Seclina i Franciac.<\/span><\/span><\/p>\n<p lang=\"ca-ES\" align=\"justify\"><span style=\"color: #000000;\"><span style=\"font-size: small;\">L&#8217;abril del 1936 l&#8217;Ajuntament rep un comunicat en el qual el Ministeri de Madrid li demana que faci efectiu el dip\u00f2sit de la meitat del 20 % que ha d&#8217;aportar per al finan\u00e7ament de la construcci\u00f3 de l&#8217;escola de Franciac. El lliurament del solar destinat a aquest \u00fas es fa el 14 de juliol del mateix any.<\/span><\/span><\/p>\n<p lang=\"ca-ES\" align=\"justify\"><span style=\"color: #000000;\"><span style=\"font-size: small;\">Despr\u00e9s de la guerra civil els escolars, els nens, ocupaven l&#8217;edifici de l&#8217;actual Biblioteca i les nenes un edifici que havia entre el carrer de Sant Antoni i el de les Absis Rom\u00e0niques , El Colonial, que era un local d&#8217;esbarjo de dues plantes, que fins fa poc a la planta baixa hi havia les oficines de la Caixa i ara \u00e9s la seu de l&#8217;Esplai per als avis.<\/span><\/span><\/p>\n<p lang=\"ca-ES\" align=\"justify\"><span style=\"color: #000000;\"><span style=\"font-size: small;\">El desembre de 1937 Caldes de Malavella tenia 2210 habitants. Hi havia 5 escoles en el casc, 2 a c\u00e0rrec de mestres i 3 de mestresses i es feia necessari crear un nova escola per donar acollida als p\u00e0rvuls, que provisionalment estava atesa per una mestressa provisional, des del 26 de juliol de 1936, i tenia 71 nens. En aquesta \u00e8poca hi un mestre a Santa Seclina.<\/span><\/span><\/p>\n<p lang=\"ca-ES\" align=\"justify\"><span style=\"color: #000000;\"><span style=\"font-size: small;\">L&#8217;edifici de les escoles de Franciac no es va poder finalitzar fins el 9 de juny de 1956.<\/span><\/span><\/p>\n<p lang=\"ca-ES\" align=\"justify\"><span style=\"color: #000000;\"><span style=\"font-size: small;\">Tot seguit reprodu\u00efm dades del n\u00famero d&#8217;alumnes que eren atesos a les escoles de Caldes de Malavella:<\/span><\/span><\/p>\n<table border=\"1\" width=\"665\" cellspacing=\"0\" cellpadding=\"5\">\n<colgroup>\n<col width=\"85\" \/>\n<col width=\"86\" \/>\n<col width=\"86\" \/>\n<col width=\"86\" \/>\n<col width=\"86\" \/>\n<col width=\"86\" \/>\n<col width=\"75\" \/><\/colgroup>\n<tbody>\n<tr valign=\"top\">\n<td width=\"85\"><\/td>\n<td colspan=\"4\" width=\"376\">\n<p lang=\"ca-ES\" align=\"center\"><span style=\"color: #000000;\"><span style=\"font-size: small;\">Escoles P\u00fabliques<\/span><\/span><\/p>\n<\/td>\n<td colspan=\"2\" width=\"172\">\n<p lang=\"ca-ES\" align=\"center\"><span style=\"color: #000000;\"><span style=\"font-size: small;\">GG de S. Josep de Cluny<\/span><\/span><\/p>\n<\/td>\n<\/tr>\n<tr valign=\"top\">\n<td width=\"85\"><\/td>\n<td width=\"86\">\n<p lang=\"ca-ES\" align=\"center\"><span style=\"color: #000000;\"><span style=\"font-size: small;\">n\u00fam. de nens<\/span><\/span><\/p>\n<\/td>\n<td width=\"86\">\n<p lang=\"ca-ES\" align=\"center\"><span style=\"color: #000000;\"><span style=\"font-size: small;\">assisteixen<\/span><\/span><\/p>\n<\/td>\n<td width=\"86\">\n<p lang=\"ca-ES\" align=\"center\"><span style=\"color: #000000;\"><span style=\"font-size: small;\">n\u00fam. de nenes<\/span><\/span><\/p>\n<\/td>\n<td width=\"86\">\n<p lang=\"ca-ES\" align=\"center\"><span style=\"color: #000000;\"><span style=\"font-size: small;\">assisteixen<\/span><\/span><\/p>\n<\/td>\n<td width=\"86\">\n<p lang=\"ca-ES\" align=\"center\"><span style=\"color: #000000;\"><span style=\"font-size: small;\">externes<\/span><\/span><\/p>\n<\/td>\n<td width=\"75\">\n<p lang=\"ca-ES\" align=\"center\"><span style=\"color: #000000;\"><span style=\"font-size: small;\">internes<\/span><\/span><\/p>\n<\/td>\n<\/tr>\n<\/tbody>\n<tbody>\n<tr valign=\"top\">\n<td width=\"85\">\n<p lang=\"ca-ES\" align=\"justify\"><span style=\"color: #000000;\"><span style=\"font-size: small;\">1900<\/span><\/span><\/p>\n<\/td>\n<td width=\"86\">\n<p lang=\"ca-ES\" align=\"center\"><span style=\"color: #000000;\"><span style=\"font-size: small;\">115<\/span><\/span><\/p>\n<\/td>\n<td width=\"86\"><\/td>\n<td width=\"86\"><\/td>\n<td width=\"86\"><\/td>\n<td width=\"86\"><\/td>\n<td width=\"75\"><\/td>\n<\/tr>\n<\/tbody>\n<tbody>\n<tr valign=\"top\">\n<td width=\"85\">\n<p lang=\"ca-ES\" align=\"justify\"><span style=\"color: #000000;\"><span style=\"font-size: small;\">1908<\/span><\/span><\/p>\n<\/td>\n<td width=\"86\">\n<p lang=\"ca-ES\" align=\"center\"><span style=\"color: #000000;\"><span style=\"font-size: small;\">80<\/span><\/span><\/p>\n<\/td>\n<td width=\"86\"><\/td>\n<td width=\"86\">\n<p lang=\"ca-ES\" align=\"center\"><span style=\"color: #000000;\"><span style=\"font-size: small;\">60<\/span><\/span><\/p>\n<\/td>\n<td width=\"86\"><\/td>\n<td width=\"86\"><\/td>\n<td width=\"75\"><\/td>\n<\/tr>\n<\/tbody>\n<tbody>\n<tr valign=\"top\">\n<td width=\"85\">\n<p lang=\"ca-ES\" align=\"justify\"><span style=\"color: #000000;\"><span style=\"font-size: small;\">1921<\/span><\/span><\/p>\n<\/td>\n<td width=\"86\"><\/td>\n<td width=\"86\"><\/td>\n<td width=\"86\">\n<p lang=\"ca-ES\" align=\"center\"><span style=\"color: #000000;\"><span style=\"font-size: small;\">54<\/span><\/span><\/p>\n<\/td>\n<td width=\"86\"><\/td>\n<td width=\"86\"><\/td>\n<td width=\"75\"><\/td>\n<\/tr>\n<\/tbody>\n<tbody>\n<tr valign=\"top\">\n<td width=\"85\">\n<p lang=\"ca-ES\" align=\"justify\"><span style=\"color: #000000;\"><span style=\"font-size: small;\">1922<\/span><\/span><\/p>\n<\/td>\n<td width=\"86\">\n<p lang=\"ca-ES\" align=\"center\"><span style=\"color: #000000;\"><span style=\"font-size: small;\">123<\/span><\/span><\/p>\n<\/td>\n<td width=\"86\"><\/td>\n<td width=\"86\"><\/td>\n<td width=\"86\"><\/td>\n<td width=\"86\"><\/td>\n<td width=\"75\"><\/td>\n<\/tr>\n<\/tbody>\n<tbody>\n<tr valign=\"top\">\n<td width=\"85\">\n<p lang=\"ca-ES\" align=\"justify\"><span style=\"color: #000000;\"><span style=\"font-size: small;\">1924<\/span><\/span><\/p>\n<\/td>\n<td width=\"86\">\n<p lang=\"ca-ES\" align=\"center\"><span style=\"color: #000000;\"><span style=\"font-size: small;\">133<\/span><\/span><\/p>\n<\/td>\n<td width=\"86\">\n<p lang=\"ca-ES\" align=\"center\"><span style=\"color: #000000;\"><span style=\"font-size: small;\">114<\/span><\/span><\/p>\n<\/td>\n<td width=\"86\">\n<p lang=\"ca-ES\" align=\"center\"><span style=\"color: #000000;\"><span style=\"font-size: small;\">120<\/span><\/span><\/p>\n<\/td>\n<td width=\"86\">\n<p lang=\"ca-ES\" align=\"center\"><span style=\"color: #000000;\"><span style=\"font-size: small;\">70<\/span><\/span><\/p>\n<\/td>\n<td width=\"86\">\n<p lang=\"ca-ES\" align=\"center\"><span style=\"color: #000000;\"><span style=\"font-size: small;\">50<\/span><\/span><\/p>\n<\/td>\n<td width=\"75\">\n<p lang=\"ca-ES\" align=\"center\"><span style=\"color: #000000;\"><span style=\"font-size: small;\">60<\/span><\/span><\/p>\n<\/td>\n<\/tr>\n<\/tbody>\n<tbody>\n<tr valign=\"top\">\n<td width=\"85\">\n<p lang=\"ca-ES\" align=\"justify\"><span style=\"color: #000000;\"><span style=\"font-size: small;\">1927<\/span><\/span><\/p>\n<\/td>\n<td width=\"86\">\n<p lang=\"ca-ES\" align=\"center\"><span style=\"color: #000000;\"><span style=\"font-size: small;\">89<\/span><\/span><\/p>\n<\/td>\n<td width=\"86\"><\/td>\n<td width=\"86\"><\/td>\n<td width=\"86\"><\/td>\n<td width=\"86\"><\/td>\n<td width=\"75\"><\/td>\n<\/tr>\n<\/tbody>\n<tbody>\n<tr valign=\"top\">\n<td width=\"85\">\n<p lang=\"ca-ES\" align=\"justify\"><span style=\"color: #000000;\"><span style=\"font-size: small;\">1928<\/span><\/span><\/p>\n<\/td>\n<td width=\"86\">\n<p lang=\"ca-ES\" align=\"center\"><span style=\"color: #000000;\"><span style=\"font-size: small;\">115<\/span><\/span><\/p>\n<\/td>\n<td width=\"86\"><\/td>\n<td width=\"86\"><\/td>\n<td width=\"86\"><\/td>\n<td width=\"86\"><\/td>\n<td width=\"75\"><\/td>\n<\/tr>\n<\/tbody>\n<tbody>\n<tr valign=\"top\">\n<td width=\"85\">\n<p lang=\"ca-ES\" align=\"justify\"><span style=\"color: #000000;\"><span style=\"font-size: small;\">1937<\/span><\/span><\/p>\n<\/td>\n<td width=\"86\">\n<p lang=\"ca-ES\" align=\"center\"><span style=\"color: #000000;\"><span style=\"font-size: small;\">224<\/span><\/span><\/p>\n<\/td>\n<td width=\"86\"><\/td>\n<td width=\"86\">\n<p lang=\"ca-ES\" align=\"center\"><span style=\"color: #000000;\"><span style=\"font-size: small;\">17<\/span><\/span><\/p>\n<\/td>\n<td width=\"86\"><\/td>\n<td width=\"86\"><\/td>\n<td width=\"75\"><\/td>\n<\/tr>\n<\/tbody>\n<\/table>\n<p lang=\"ca-ES\" align=\"justify\"><span style=\"color: #000000;\"><span style=\"font-size: small;\">A l&#8217;any 1937 a Franciac hi havia 50 alumnes i a Santa Seclina 30.<\/span><\/span><\/p>\n<p lang=\"ca-ES\" align=\"justify\"><span style=\"color: #000000;\"><span style=\"font-size: small;\"><i>Font: Arxiu municipal.<\/i><\/span><\/span><\/p>\n<\/div>\n<\/div>\n<\/td>\n<\/tr>\n<\/tbody>\n<\/table>\n<p><a href=\"http:\/\/agora.xtec.cat\/escsantesteve\/wp-content\/uploads\/usu1619\/2014\/09\/llibre.jpg\"><img loading=\"lazy\" decoding=\"async\" class=\"alignnone wp-image-479 size-thumbnail\" src=\"http:\/\/agora.xtec.cat\/escsantesteve\/wp-content\/uploads\/usu1619\/2014\/09\/llibre-150x150.jpg\" alt=\"llibre\" width=\"150\" height=\"150\" \/><\/a> <a href=\"http:\/\/agora.xtec.cat\/escsantesteve\/wp-content\/uploads\/usu1619\/2014\/09\/sardanes.jpg\"><img loading=\"lazy\" decoding=\"async\" class=\"alignnone wp-image-480 size-thumbnail\" src=\"http:\/\/agora.xtec.cat\/escsantesteve\/wp-content\/uploads\/usu1619\/2014\/09\/sardanes-150x150.jpg\" alt=\"sardanes\" width=\"150\" height=\"150\" \/><\/a><\/p>\n<\/div>\n<\/div>\n","protected":false},"excerpt":{"rendered":"<p>Dades de l&#8217;edifici actual<br \/>\nLa construcci\u00f3 segueix un projecte redactat l&#8217;any 1954. Les obres van durar aproximadament uns tres anys i es suposa que es van iniciar l&#8217;any 1958. Hi ha una primera intervenci\u00f3 el 1975 seguint un projecte redactat el 1972. \u00c9s l&#8217;ampliaci\u00f3 amb dues&hellip;  <a href=\"https:\/\/agora.xtec.cat\/escsantesteve\/lescola\/historia\/\" title=\"Read Hist\u00f2ria\">Llegeix m\u00e9s\u00bb<\/a><\/p>\n","protected":false},"author":1,"featured_media":0,"parent":22,"menu_order":20,"comment_status":"closed","ping_status":"closed","template":"page-templates\/side-menu.php","meta":{"_bbp_topic_count":0,"_bbp_reply_count":0,"_bbp_total_topic_count":0,"_bbp_total_reply_count":0,"_bbp_voice_count":0,"_bbp_anonymous_reply_count":0,"_bbp_topic_count_hidden":0,"_bbp_reply_count_hidden":0,"_bbp_forum_subforum_count":0,"footnotes":""},"class_list":["post-26","page","type-page","status-publish","hentry"],"post_mailing_queue_ids":[],"_links":{"self":[{"href":"https:\/\/agora.xtec.cat\/escsantesteve\/wp-json\/wp\/v2\/pages\/26","targetHints":{"allow":["GET"]}}],"collection":[{"href":"https:\/\/agora.xtec.cat\/escsantesteve\/wp-json\/wp\/v2\/pages"}],"about":[{"href":"https:\/\/agora.xtec.cat\/escsantesteve\/wp-json\/wp\/v2\/types\/page"}],"author":[{"embeddable":true,"href":"https:\/\/agora.xtec.cat\/escsantesteve\/wp-json\/wp\/v2\/users\/1"}],"replies":[{"embeddable":true,"href":"https:\/\/agora.xtec.cat\/escsantesteve\/wp-json\/wp\/v2\/comments?post=26"}],"version-history":[{"count":3,"href":"https:\/\/agora.xtec.cat\/escsantesteve\/wp-json\/wp\/v2\/pages\/26\/revisions"}],"predecessor-version":[{"id":481,"href":"https:\/\/agora.xtec.cat\/escsantesteve\/wp-json\/wp\/v2\/pages\/26\/revisions\/481"}],"up":[{"embeddable":true,"href":"https:\/\/agora.xtec.cat\/escsantesteve\/wp-json\/wp\/v2\/pages\/22"}],"wp:attachment":[{"href":"https:\/\/agora.xtec.cat\/escsantesteve\/wp-json\/wp\/v2\/media?parent=26"}],"curies":[{"name":"wp","href":"https:\/\/api.w.org\/{rel}","templated":true}]}}