{"id":87,"date":"2014-09-18T14:28:12","date_gmt":"2014-09-18T14:28:12","guid":{"rendered":"http:\/\/agora.xtec.cat\/escsantangel\/?page_id=87"},"modified":"2026-01-30T09:14:02","modified_gmt":"2026-01-30T08:14:02","slug":"nivells","status":"publish","type":"page","link":"https:\/\/agora.xtec.cat\/escsantangel\/nivells\/","title":{"rendered":"Infants"},"content":{"rendered":"<p style=\"text-align: center;\"><strong>COMUNITATS<\/strong><br \/>\nPrincipis pedag\u00f2gics de la nostra escola<br \/>\nL\u2019objectiu principal de la nostra escola \u00e9s el d\u2019oferir una educaci\u00f3 integral que ajudi<br \/>\nels nostres infants a esdevenir persones aut\u00f2nomes, cr\u00edtiques i compromeses, que<br \/>\npuguin participar de forma activa en el seu entorn i en la societat en general. Tot<br \/>\nafavorint l\u2019adquisici\u00f3 de les compet\u00e8ncies transversals. Aquestes s\u00f3n aquelles<br \/>\ncapacitats que es desenvolupen en totes les \u00e0rees i situacions educatives i que s\u00f3n<br \/>\nessencials per al creixement personal, la conviv\u00e8ncia, la participaci\u00f3 social i<br \/>\nl\u2019aprenentatge al llarg de la vida.<br \/>\nEl principi b\u00e0sic que regeix l\u2019acci\u00f3 educativa en el centre \u00e9s aconseguir que els<br \/>\nxiquets i xiquetes adquireixin les eines necess\u00e0ries per entendre el m\u00f3n i puguin<br \/>\nesdevenir persones capaces d\u2019intervenir activament i cr\u00edtica en la societat plural,<br \/>\ndiversa i en constant canvi.<\/p>\n<p style=\"text-align: center;\">Tot l\u2019alumnat de l\u2019escola es reparteix entre les tres comunitats:<br \/>\n\u25cf Comunitat dels Menuts: I3, I4,I5<br \/>\n\u25cf Comunitat dels Mitjans: 1r, 2n, 3r<br \/>\n\u25cf Comunitats dels Grans: 4t, 5\u00e8, 6\u00e8<br \/>\nA part cada alumne\/a est\u00e0 adscrit a un grup-classe de refer\u00e8ncia a c\u00e0rrec d\u2019un\/a<br \/>\nmestre\/a tutor\/a.<\/p>\n","protected":false},"excerpt":{"rendered":"<p>COMUNITATS Principis pedag\u00f2gics de la nostra escola L\u2019objectiu principal de la nostra escola \u00e9s el d\u2019oferir una educaci\u00f3 integral que ajudi els nostres infants a esdevenir persones aut\u00f2nomes, cr\u00edtiques i compromeses, que puguin participar de forma activa en el seu entorn i en la societat en general. Tot afavorint l\u2019adquisici\u00f3 de les compet\u00e8ncies transversals. Aquestes [&hellip;]<\/p>\n","protected":false},"author":2,"featured_media":0,"parent":0,"menu_order":0,"comment_status":"closed","ping_status":"closed","template":"","meta":{"_bbp_topic_count":0,"_bbp_reply_count":0,"_bbp_total_topic_count":0,"_bbp_total_reply_count":0,"_bbp_voice_count":0,"_bbp_anonymous_reply_count":0,"_bbp_topic_count_hidden":0,"_bbp_reply_count_hidden":0,"_bbp_forum_subforum_count":0,"site-sidebar-layout":"default","site-content-layout":"","ast-site-content-layout":"default","site-content-style":"default","site-sidebar-style":"default","ast-global-header-display":"","ast-banner-title-visibility":"","ast-main-header-display":"","ast-hfb-above-header-display":"","ast-hfb-below-header-display":"","ast-hfb-mobile-header-display":"","site-post-title":"","ast-breadcrumbs-content":"","ast-featured-img":"","footer-sml-layout":"","theme-transparent-header-meta":"default","adv-header-id-meta":"","stick-header-meta":"","header-above-stick-meta":"","header-main-stick-meta":"","header-below-stick-meta":"","astra-migrate-meta-layouts":"set","ast-page-background-enabled":"default","ast-page-background-meta":{"desktop":{"background-color":"var(--ast-global-color-4)","background-image":"","background-repeat":"repeat","background-position":"center center","background-size":"auto","background-attachment":"scroll","background-type":"","background-media":"","overlay-type":"","overlay-color":"","overlay-opacity":"","overlay-gradient":""},"tablet":{"background-color":"","background-image":"","background-repeat":"repeat","background-position":"center center","background-size":"auto","background-attachment":"scroll","background-type":"","background-media":"","overlay-type":"","overlay-color":"","overlay-opacity":"","overlay-gradient":""},"mobile":{"background-color":"","background-image":"","background-repeat":"repeat","background-position":"center center","background-size":"auto","background-attachment":"scroll","background-type":"","background-media":"","overlay-type":"","overlay-color":"","overlay-opacity":"","overlay-gradient":""}},"ast-content-background-meta":{"desktop":{"background-color":"var(--ast-global-color-5)","background-image":"","background-repeat":"repeat","background-position":"center center","background-size":"auto","background-attachment":"scroll","background-type":"","background-media":"","overlay-type":"","overlay-color":"","overlay-opacity":"","overlay-gradient":""},"tablet":{"background-color":"var(--ast-global-color-5)","background-image":"","background-repeat":"repeat","background-position":"center center","background-size":"auto","background-attachment":"scroll","background-type":"","background-media":"","overlay-type":"","overlay-color":"","overlay-opacity":"","overlay-gradient":""},"mobile":{"background-color":"var(--ast-global-color-5)","background-image":"","background-repeat":"repeat","background-position":"center center","background-size":"auto","background-attachment":"scroll","background-type":"","background-media":"","overlay-type":"","overlay-color":"","overlay-opacity":"","overlay-gradient":""}},"footnotes":""},"class_list":["post-87","page","type-page","status-publish","hentry"],"post_mailing_queue_ids":[],"_links":{"self":[{"href":"https:\/\/agora.xtec.cat\/escsantangel\/wp-json\/wp\/v2\/pages\/87","targetHints":{"allow":["GET"]}}],"collection":[{"href":"https:\/\/agora.xtec.cat\/escsantangel\/wp-json\/wp\/v2\/pages"}],"about":[{"href":"https:\/\/agora.xtec.cat\/escsantangel\/wp-json\/wp\/v2\/types\/page"}],"author":[{"embeddable":true,"href":"https:\/\/agora.xtec.cat\/escsantangel\/wp-json\/wp\/v2\/users\/2"}],"replies":[{"embeddable":true,"href":"https:\/\/agora.xtec.cat\/escsantangel\/wp-json\/wp\/v2\/comments?post=87"}],"version-history":[{"count":5,"href":"https:\/\/agora.xtec.cat\/escsantangel\/wp-json\/wp\/v2\/pages\/87\/revisions"}],"predecessor-version":[{"id":5790,"href":"https:\/\/agora.xtec.cat\/escsantangel\/wp-json\/wp\/v2\/pages\/87\/revisions\/5790"}],"wp:attachment":[{"href":"https:\/\/agora.xtec.cat\/escsantangel\/wp-json\/wp\/v2\/media?parent=87"}],"curies":[{"name":"wp","href":"https:\/\/api.w.org\/{rel}","templated":true}]}}