{"id":5375,"date":"2025-12-15T09:34:47","date_gmt":"2025-12-15T08:34:47","guid":{"rendered":"https:\/\/agora.xtec.cat\/escsantangel\/?page_id=5375"},"modified":"2026-03-03T09:29:27","modified_gmt":"2026-03-03T08:29:27","slug":"tauler-danuncis","status":"publish","type":"page","link":"https:\/\/agora.xtec.cat\/escsantangel\/tauler-danuncis\/","title":{"rendered":"Tauler d&#8217;anuncis"},"content":{"rendered":"<p><a href=\"https:\/\/agora.xtec.cat\/escsantangel\/wp-content\/uploads\/usu340\/2025\/09\/CARTELL-INICI-DE-CURS-2526-WEBCLASSDOJO.png\"><img loading=\"lazy\" decoding=\"async\" class=\"aligncenter wp-image-5208 size-large\" src=\"https:\/\/agora.xtec.cat\/escsantangel\/wp-content\/uploads\/usu340\/2025\/09\/CARTELL-INICI-DE-CURS-2526-WEBCLASSDOJO-724x1024.png\" alt=\"\" width=\"724\" height=\"1024\" srcset=\"https:\/\/agora.xtec.cat\/escsantangel\/wp-content\/uploads\/usu340\/2025\/09\/CARTELL-INICI-DE-CURS-2526-WEBCLASSDOJO-724x1024.png 724w, https:\/\/agora.xtec.cat\/escsantangel\/wp-content\/uploads\/usu340\/2025\/09\/CARTELL-INICI-DE-CURS-2526-WEBCLASSDOJO-212x300.png 212w, https:\/\/agora.xtec.cat\/escsantangel\/wp-content\/uploads\/usu340\/2025\/09\/CARTELL-INICI-DE-CURS-2526-WEBCLASSDOJO-768x1086.png 768w, https:\/\/agora.xtec.cat\/escsantangel\/wp-content\/uploads\/usu340\/2025\/09\/CARTELL-INICI-DE-CURS-2526-WEBCLASSDOJO-1086x1536.png 1086w, https:\/\/agora.xtec.cat\/escsantangel\/wp-content\/uploads\/usu340\/2025\/09\/CARTELL-INICI-DE-CURS-2526-WEBCLASSDOJO-1448x2048.png 1448w, https:\/\/agora.xtec.cat\/escsantangel\/wp-content\/uploads\/usu340\/2025\/09\/CARTELL-INICI-DE-CURS-2526-WEBCLASSDOJO.png 1587w\" sizes=\"auto, (max-width: 724px) 100vw, 724px\" \/><\/a><\/p>\n<p style=\"text-align: center;\"><a href=\"https:\/\/agora.xtec.cat\/escsantangel\/wp-content\/uploads\/usu340\/2026\/03\/CALENDARI-ESCOLAR-2526-1.pdf\">CALENDARI ESCOLAR 25-26 <\/a><\/p>\n<p style=\"text-align: center;\"><a href=\"https:\/\/agora.xtec.cat\/escsantangel\/wp-content\/uploads\/usu340\/2025\/06\/MATERIAL-ESCOLAR-INFANTIL-EI3-25-26.docx-.pdf\">MATERIAL ESCOLAR INFANTIL EI3 <\/a><\/p>\n<p style=\"text-align: center;\"><a href=\"https:\/\/agora.xtec.cat\/escsantangel\/wp-content\/uploads\/usu340\/2025\/06\/MATERIAL-ESCOLAR-EI-4-25-26.docx.pdf\">MATERIAL ESCOLAR EI 4 <\/a><\/p>\n<p style=\"text-align: center;\"><a href=\"https:\/\/agora.xtec.cat\/escsantangel\/wp-content\/uploads\/usu340\/2025\/06\/MATERIAL-ESCOLAR-EI-5.docx-1.pdf\">MATERIAL ESCOLAR EI 5<\/a><\/p>\n<p style=\"text-align: center;\"><a href=\"https:\/\/agora.xtec.cat\/escsantangel\/wp-content\/uploads\/usu340\/2025\/06\/MATERIAL-ESCOLAR-1r-2025-2026.docx-1.pdf\">MATERIAL ESCOLAR 1r <\/a><\/p>\n<p style=\"text-align: center;\"><a href=\"https:\/\/agora.xtec.cat\/escsantangel\/wp-content\/uploads\/usu340\/2025\/06\/MATERIAL-ESCOLAR-2n-2025-2026.docx-1.pdf\">MATERIAL ESCOLAR 2n <\/a><\/p>\n<p style=\"text-align: center;\"><a href=\"https:\/\/agora.xtec.cat\/escsantangel\/wp-content\/uploads\/usu340\/2025\/06\/MATERIAL-ESCOLAR-3r-2025-2026.docx-1.pdf\">MATERIAL ESCOLAR 3r <\/a><\/p>\n<p style=\"text-align: center;\"><a href=\"https:\/\/agora.xtec.cat\/escsantangel\/wp-content\/uploads\/usu340\/2025\/06\/MATERIAL-ESCOLAR-4t-2025-2026.docx.pdf\">MATERIAL ESCOLAR 4t <\/a><\/p>\n<p style=\"text-align: center;\"><a href=\"https:\/\/agora.xtec.cat\/escsantangel\/wp-content\/uploads\/usu340\/2025\/06\/MATERIAL-ESCOLAR-5e-2025-2026.docx.pdf\">MATERIAL ESCOLAR 5\u00e8 <\/a><\/p>\n<p style=\"text-align: center;\"><a href=\"https:\/\/agora.xtec.cat\/escsantangel\/wp-content\/uploads\/usu340\/2025\/06\/MATERIAL-ESCOLAR-6e-2025-2026.docx.pdf\">MATERIAL ESCOLAR 6\u00e8 <\/a><\/p>\n<p style=\"text-align: center;\"><a href=\"https:\/\/agora.xtec.cat\/escsantangel\/wp-content\/uploads\/usu340\/2025\/06\/LLIBRES-1r-CI-2025-2026-.docx.pdf\">LLIBRES 1r <\/a><\/p>\n<p style=\"text-align: center;\"><a href=\"https:\/\/agora.xtec.cat\/escsantangel\/wp-content\/uploads\/usu340\/2025\/06\/LLIBRES-CI-2n-2025-2026.docx.pdf\">LLIBRES 2n<\/a><\/p>\n<p style=\"text-align: center;\"><a href=\"https:\/\/agora.xtec.cat\/escsantangel\/wp-content\/uploads\/usu340\/2025\/06\/LLIBRES-CM-3r-2025-2026.pdf\">LLIBRES 3r<\/a><\/p>\n<p style=\"text-align: center;\"><a href=\"https:\/\/agora.xtec.cat\/escsantangel\/wp-content\/uploads\/usu340\/2025\/06\/LLIBRES-4t-2025-2026.pdf\">LLIBRES 4t<\/a><\/p>\n<p style=\"text-align: center;\"><a href=\"https:\/\/agora.xtec.cat\/escsantangel\/wp-content\/uploads\/usu340\/2025\/06\/LLIBRES-5e-2025-2026.pdf\">LLIBRES 5\u00e8<\/a><\/p>\n<p style=\"text-align: center;\"><a href=\"https:\/\/agora.xtec.cat\/escsantangel\/wp-content\/uploads\/usu340\/2025\/06\/LLIBRES-6e-2025-2026.pdf\">LLIBRES 6\u00e8<\/a><\/p>\n<p><!--a=1--><\/p>\n<p><!--a=1--><\/p>\n<p><!--a=1--><\/p>\n\n","protected":false},"excerpt":{"rendered":"<p>CALENDARI ESCOLAR 25-26 MATERIAL ESCOLAR INFANTIL EI3 MATERIAL ESCOLAR EI 4 MATERIAL ESCOLAR EI 5 MATERIAL ESCOLAR 1r MATERIAL ESCOLAR 2n MATERIAL ESCOLAR 3r MATERIAL ESCOLAR 4t MATERIAL ESCOLAR 5\u00e8 MATERIAL ESCOLAR 6\u00e8 LLIBRES 1r LLIBRES 2n LLIBRES 3r LLIBRES 4t LLIBRES 5\u00e8 LLIBRES 6\u00e8<\/p>\n","protected":false},"author":1,"featured_media":0,"parent":0,"menu_order":0,"comment_status":"closed","ping_status":"closed","template":"","meta":{"_bbp_topic_count":0,"_bbp_reply_count":0,"_bbp_total_topic_count":0,"_bbp_total_reply_count":0,"_bbp_voice_count":0,"_bbp_anonymous_reply_count":0,"_bbp_topic_count_hidden":0,"_bbp_reply_count_hidden":0,"_bbp_forum_subforum_count":0,"site-sidebar-layout":"default","site-content-layout":"","ast-site-content-layout":"default","site-content-style":"default","site-sidebar-style":"default","ast-global-header-display":"","ast-banner-title-visibility":"","ast-main-header-display":"","ast-hfb-above-header-display":"","ast-hfb-below-header-display":"","ast-hfb-mobile-header-display":"","site-post-title":"","ast-breadcrumbs-content":"","ast-featured-img":"","footer-sml-layout":"","theme-transparent-header-meta":"default","adv-header-id-meta":"","stick-header-meta":"","header-above-stick-meta":"","header-main-stick-meta":"","header-below-stick-meta":"","astra-migrate-meta-layouts":"set","ast-page-background-enabled":"default","ast-page-background-meta":{"desktop":{"background-color":"var(--ast-global-color-4)","background-image":"","background-repeat":"repeat","background-position":"center center","background-size":"auto","background-attachment":"scroll","background-type":"","background-media":"","overlay-type":"","overlay-color":"","overlay-opacity":"","overlay-gradient":""},"tablet":{"background-color":"","background-image":"","background-repeat":"repeat","background-position":"center center","background-size":"auto","background-attachment":"scroll","background-type":"","background-media":"","overlay-type":"","overlay-color":"","overlay-opacity":"","overlay-gradient":""},"mobile":{"background-color":"","background-image":"","background-repeat":"repeat","background-position":"center center","background-size":"auto","background-attachment":"scroll","background-type":"","background-media":"","overlay-type":"","overlay-color":"","overlay-opacity":"","overlay-gradient":""}},"ast-content-background-meta":{"desktop":{"background-color":"var(--ast-global-color-5)","background-image":"","background-repeat":"repeat","background-position":"center center","background-size":"auto","background-attachment":"scroll","background-type":"","background-media":"","overlay-type":"","overlay-color":"","overlay-opacity":"","overlay-gradient":""},"tablet":{"background-color":"var(--ast-global-color-5)","background-image":"","background-repeat":"repeat","background-position":"center center","background-size":"auto","background-attachment":"scroll","background-type":"","background-media":"","overlay-type":"","overlay-color":"","overlay-opacity":"","overlay-gradient":""},"mobile":{"background-color":"var(--ast-global-color-5)","background-image":"","background-repeat":"repeat","background-position":"center center","background-size":"auto","background-attachment":"scroll","background-type":"","background-media":"","overlay-type":"","overlay-color":"","overlay-opacity":"","overlay-gradient":""}},"footnotes":""},"class_list":["post-5375","page","type-page","status-publish","hentry"],"post_mailing_queue_ids":[],"_links":{"self":[{"href":"https:\/\/agora.xtec.cat\/escsantangel\/wp-json\/wp\/v2\/pages\/5375","targetHints":{"allow":["GET"]}}],"collection":[{"href":"https:\/\/agora.xtec.cat\/escsantangel\/wp-json\/wp\/v2\/pages"}],"about":[{"href":"https:\/\/agora.xtec.cat\/escsantangel\/wp-json\/wp\/v2\/types\/page"}],"author":[{"embeddable":true,"href":"https:\/\/agora.xtec.cat\/escsantangel\/wp-json\/wp\/v2\/users\/1"}],"replies":[{"embeddable":true,"href":"https:\/\/agora.xtec.cat\/escsantangel\/wp-json\/wp\/v2\/comments?post=5375"}],"version-history":[{"count":5,"href":"https:\/\/agora.xtec.cat\/escsantangel\/wp-json\/wp\/v2\/pages\/5375\/revisions"}],"predecessor-version":[{"id":5865,"href":"https:\/\/agora.xtec.cat\/escsantangel\/wp-json\/wp\/v2\/pages\/5375\/revisions\/5865"}],"wp:attachment":[{"href":"https:\/\/agora.xtec.cat\/escsantangel\/wp-json\/wp\/v2\/media?parent=5375"}],"curies":[{"name":"wp","href":"https:\/\/api.w.org\/{rel}","templated":true}]}}