{"id":5372,"date":"2025-12-12T14:48:14","date_gmt":"2025-12-12T13:48:14","guid":{"rendered":"https:\/\/agora.xtec.cat\/escsantangel\/?page_id=5372"},"modified":"2026-01-30T09:11:20","modified_gmt":"2026-01-30T08:11:20","slug":"projectes","status":"publish","type":"page","link":"https:\/\/agora.xtec.cat\/escsantangel\/lescola\/projectes\/","title":{"rendered":"Projectes"},"content":{"rendered":"\n<p>Actualment, l\u2019escola est\u00e0 duent a terme diversos projectes. Aquests projectes<br>enriqueixen les nostres experi\u00e8ncies d\u2019aprenentatge i enforteixen la nostra l\u00ednia de<br>centre.<\/p>\n\n\n\n<figure class=\"wp-block-image aligncenter size-full\"><a href=\"https:\/\/agora.xtec.cat\/escsantangel\/wp-content\/uploads\/usu340\/2026\/01\/xarxa_11zon-2.jpg\"><img loading=\"lazy\" decoding=\"async\" width=\"377\" height=\"133\" src=\"https:\/\/agora.xtec.cat\/escsantangel\/wp-content\/uploads\/usu340\/2026\/01\/xarxa_11zon-2.jpg\" alt=\"\" class=\"wp-image-5780\" srcset=\"https:\/\/agora.xtec.cat\/escsantangel\/wp-content\/uploads\/usu340\/2026\/01\/xarxa_11zon-2.jpg 377w, https:\/\/agora.xtec.cat\/escsantangel\/wp-content\/uploads\/usu340\/2026\/01\/xarxa_11zon-2-300x106.jpg 300w\" sizes=\"auto, (max-width: 377px) 100vw, 377px\" \/><\/a><\/figure>\n\n\n\n<p class=\"has-text-align-center\"><strong>Xarxa de compet\u00e8ncies<\/strong><br>El curs 2018-19 l\u2019escola va entrar a formar part de la Xarxa de Compet\u00e8ncies amb<br>l\u2019objectiu d\u2019enriquir el nostre Projecte Educatiu de Centre.<\/p>\n\n\n\n<p class=\"has-text-align-center\">La Xarxa de Compet\u00e8ncies \u00e9s una modalitat de formaci\u00f3 i desenvolupament<br>professional docent basat en l\u2019aprenentatge entre iguals i en xarxa, promoguda pel<br>Departament d\u2019Educaci\u00f3, dins el seu pla de formaci\u00f3 permanent. La Xarxa de<br>Compet\u00e8ncies est\u00e0 formada per equips docents de centres d\u2019educaci\u00f3 infantil,<br>prim\u00e0ria, secund\u00e0ria i batxillerat que volen iniciar, mantenir o consolidar processos<br>de reflexi\u00f3-acci\u00f3 en equip i en xarxa per transformar l\u2019escola en un espai que<br>afavoreixi l\u2019aprenentatge i ajudi els docents a millorar el seu desenvolupament<br>professional i als centres a constituir-se en organitzacions que aprenen.<\/p>\n\n\n\n<figure class=\"wp-block-image aligncenter size-full\"><a href=\"https:\/\/agora.xtec.cat\/escsantangel\/wp-content\/uploads\/usu340\/2026\/01\/florence_11zon-1.png\"><img loading=\"lazy\" decoding=\"async\" width=\"410\" height=\"123\" src=\"https:\/\/agora.xtec.cat\/escsantangel\/wp-content\/uploads\/usu340\/2026\/01\/florence_11zon-1.png\" alt=\"\" class=\"wp-image-5782\" srcset=\"https:\/\/agora.xtec.cat\/escsantangel\/wp-content\/uploads\/usu340\/2026\/01\/florence_11zon-1.png 410w, https:\/\/agora.xtec.cat\/escsantangel\/wp-content\/uploads\/usu340\/2026\/01\/florence_11zon-1-300x90.png 300w\" sizes=\"auto, (max-width: 410px) 100vw, 410px\" \/><\/a><\/figure>\n\n\n\n<p class=\"has-text-align-center\"><strong>Programa Florence<\/strong><br>El curs 2024-25 l\u2019escola va decidir emprendre el programa Florence, el qual t\u00e9 com<br>a objectiu millorar la compet\u00e8ncia matem\u00e0tica del nostre alumnat a trav\u00e9s de<br>recursos did\u00e0ctics i materials manipulatius, i amb l\u2019acompanyament i formaci\u00f3 d\u2019un<br>assessor.<\/p>\n\n\n\n<figure class=\"wp-block-image aligncenter size-full\"><a href=\"https:\/\/agora.xtec.cat\/escsantangel\/wp-content\/uploads\/usu340\/2026\/01\/erg_11zon-2-1.png\"><img loading=\"lazy\" decoding=\"async\" width=\"225\" height=\"225\" src=\"https:\/\/agora.xtec.cat\/escsantangel\/wp-content\/uploads\/usu340\/2026\/01\/erg_11zon-2-1.png\" alt=\"\" class=\"wp-image-5785\" srcset=\"https:\/\/agora.xtec.cat\/escsantangel\/wp-content\/uploads\/usu340\/2026\/01\/erg_11zon-2-1.png 225w, https:\/\/agora.xtec.cat\/escsantangel\/wp-content\/uploads\/usu340\/2026\/01\/erg_11zon-2-1-150x150.png 150w\" sizes=\"auto, (max-width: 225px) 100vw, 225px\" \/><\/a><\/figure>\n\n\n\n<p class=\"has-text-align-center\"><strong>Programa Enfocament Restauratiu Global<\/strong><br>El curs 2025-26 , el centre ha iniciat el cam\u00ed amb l\u2019ERG. El programa d&#8217;innovaci\u00f3<br>pedag\u00f2gica Enfocament Restauratiu Global proporciona als centres educatius els<br>recursos i formaci\u00f3 per promoure la necessitat de canvi cap a una comunitat<br>educativa restaurativa tenint en compte els valors i principis de l&#8217;Enfocament<br>Restauratiu Global, les noves habilitats a aprendre per construir relacions i crear<br>comunitat, donar resposta positiva al conflicte, reparar danys i restaurar relacions<br>definint els elements estructurals i organitzatius dins del projecte de conviv\u00e8ncia de<br>centre.<\/p>\n\n\n\n<figure class=\"wp-block-image aligncenter size-full\"><a href=\"https:\/\/agora.xtec.cat\/escsantangel\/wp-content\/uploads\/usu340\/2026\/01\/competencia-lectora_11zon-1-1.jpg\"><img loading=\"lazy\" decoding=\"async\" width=\"230\" height=\"219\" src=\"https:\/\/agora.xtec.cat\/escsantangel\/wp-content\/uploads\/usu340\/2026\/01\/competencia-lectora_11zon-1-1.jpg\" alt=\"\" class=\"wp-image-5787\"\/><\/a><\/figure>\n\n\n\n<p class=\"has-text-align-center\"><strong>Xarxa de Compet\u00e8ncia Lectora<\/strong><br>El curs 24\/25, dintre el Pla per a la millora de la compet\u00e8ncia lectora es va crear la<br>Xarxa de compet\u00e8ncia lectora, de la qual el centre en forma part.<br>La XCL vol promoure l\u2019aprenentatge entre iguals, mitjan\u00e7ant la reflexi\u00f3, l\u2019intercanvi<br>de coneixements i de bones pr\u00e0ctiques. Pret\u00e9n tamb\u00e9, fer emergir bones pr\u00e0ctiques<br>de lectura aix\u00ed com oferir i compartir materials, eines, estrat\u00e8gies i activitats per<br>millorar la comprensi\u00f3 lectora d\u2019infants i joves.<\/p>\n\n\n\n<figure class=\"wp-block-image aligncenter size-full\"><a href=\"https:\/\/agora.xtec.cat\/escsantangel\/wp-content\/uploads\/usu340\/2026\/01\/pacte_11zon-2-2.png\"><img loading=\"lazy\" decoding=\"async\" width=\"225\" height=\"225\" src=\"https:\/\/agora.xtec.cat\/escsantangel\/wp-content\/uploads\/usu340\/2026\/01\/pacte_11zon-2-2.png\" alt=\"\" class=\"wp-image-5788\" srcset=\"https:\/\/agora.xtec.cat\/escsantangel\/wp-content\/uploads\/usu340\/2026\/01\/pacte_11zon-2-2.png 225w, https:\/\/agora.xtec.cat\/escsantangel\/wp-content\/uploads\/usu340\/2026\/01\/pacte_11zon-2-2-150x150.png 150w\" sizes=\"auto, (max-width: 225px) 100vw, 225px\" \/><\/a><\/figure>\n\n\n\n<p class=\"has-text-align-center\"><strong>PACTE<\/strong><br>El PACTE va ser un projecte el qual el centre ha format part, des del 2021 fins al<br>2025, i s\u2019ha quedat la seva ess\u00e8ncia en la nostra l\u00ednia d\u2019escola.<\/p>\n\n\n\n<p class=\"has-text-align-center\">El Departament d\u2019Educaci\u00f3 va crear el Programa d&#8217;innovaci\u00f3 pedag\u00f2gica<br>d\u2019acceleraci\u00f3 de la transformaci\u00f3 educativa amb la finalitat de proporcionar als<br>centres participants els recursos i les eines necess\u00e0ries per impulsar la<br>transformaci\u00f3 del centre a trav\u00e9s de l\u2019actualitzaci\u00f3 del projecte educatiu de centre<br>amb una revisi\u00f3 del prop\u00f2sit institucional, l\u2019organitzaci\u00f3 del centre, les metodologies<br>de treball, la cultura de l\u2019avaluaci\u00f3 i la incorporaci\u00f3 de mesures d\u2019inclusi\u00f3 i equitat<br>educatives, per esdevenir una organitzaci\u00f3 escolar aut\u00f2noma, centrada en<br>l\u2019alumne\/a, amb capacitat d\u2019interactuar amb l\u2019entorn.<\/p>\n\n\n<\/p>\n<p><!--a=1--><\/p>","protected":false},"excerpt":{"rendered":"<p>Actualment, l\u2019escola est\u00e0 duent a terme diversos projectes. Aquests projectesenriqueixen les nostres experi\u00e8ncies d\u2019aprenentatge i enforteixen la nostra l\u00ednia decentre. Xarxa de compet\u00e8nciesEl curs 2018-19 l\u2019escola va entrar a formar part de la Xarxa de Compet\u00e8ncies ambl\u2019objectiu d\u2019enriquir el nostre Projecte Educatiu de Centre. La Xarxa de Compet\u00e8ncies \u00e9s una modalitat de formaci\u00f3 i desenvolupamentprofessional [&hellip;]<\/p>\n","protected":false},"author":1,"featured_media":0,"parent":22,"menu_order":0,"comment_status":"closed","ping_status":"closed","template":"","meta":{"_bbp_topic_count":0,"_bbp_reply_count":0,"_bbp_total_topic_count":0,"_bbp_total_reply_count":0,"_bbp_voice_count":0,"_bbp_anonymous_reply_count":0,"_bbp_topic_count_hidden":0,"_bbp_reply_count_hidden":0,"_bbp_forum_subforum_count":0,"site-sidebar-layout":"default","site-content-layout":"","ast-site-content-layout":"default","site-content-style":"default","site-sidebar-style":"default","ast-global-header-display":"","ast-banner-title-visibility":"","ast-main-header-display":"","ast-hfb-above-header-display":"","ast-hfb-below-header-display":"","ast-hfb-mobile-header-display":"","site-post-title":"","ast-breadcrumbs-content":"","ast-featured-img":"","footer-sml-layout":"","theme-transparent-header-meta":"default","adv-header-id-meta":"","stick-header-meta":"","header-above-stick-meta":"","header-main-stick-meta":"","header-below-stick-meta":"","astra-migrate-meta-layouts":"set","ast-page-background-enabled":"default","ast-page-background-meta":{"desktop":{"background-color":"var(--ast-global-color-4)","background-image":"","background-repeat":"repeat","background-position":"center center","background-size":"auto","background-attachment":"scroll","background-type":"","background-media":"","overlay-type":"","overlay-color":"","overlay-opacity":"","overlay-gradient":""},"tablet":{"background-color":"","background-image":"","background-repeat":"repeat","background-position":"center center","background-size":"auto","background-attachment":"scroll","background-type":"","background-media":"","overlay-type":"","overlay-color":"","overlay-opacity":"","overlay-gradient":""},"mobile":{"background-color":"","background-image":"","background-repeat":"repeat","background-position":"center center","background-size":"auto","background-attachment":"scroll","background-type":"","background-media":"","overlay-type":"","overlay-color":"","overlay-opacity":"","overlay-gradient":""}},"ast-content-background-meta":{"desktop":{"background-color":"var(--ast-global-color-5)","background-image":"","background-repeat":"repeat","background-position":"center center","background-size":"auto","background-attachment":"scroll","background-type":"","background-media":"","overlay-type":"","overlay-color":"","overlay-opacity":"","overlay-gradient":""},"tablet":{"background-color":"var(--ast-global-color-5)","background-image":"","background-repeat":"repeat","background-position":"center center","background-size":"auto","background-attachment":"scroll","background-type":"","background-media":"","overlay-type":"","overlay-color":"","overlay-opacity":"","overlay-gradient":""},"mobile":{"background-color":"var(--ast-global-color-5)","background-image":"","background-repeat":"repeat","background-position":"center center","background-size":"auto","background-attachment":"scroll","background-type":"","background-media":"","overlay-type":"","overlay-color":"","overlay-opacity":"","overlay-gradient":""}},"footnotes":""},"class_list":["post-5372","page","type-page","status-publish","hentry"],"post_mailing_queue_ids":[],"_links":{"self":[{"href":"https:\/\/agora.xtec.cat\/escsantangel\/wp-json\/wp\/v2\/pages\/5372","targetHints":{"allow":["GET"]}}],"collection":[{"href":"https:\/\/agora.xtec.cat\/escsantangel\/wp-json\/wp\/v2\/pages"}],"about":[{"href":"https:\/\/agora.xtec.cat\/escsantangel\/wp-json\/wp\/v2\/types\/page"}],"author":[{"embeddable":true,"href":"https:\/\/agora.xtec.cat\/escsantangel\/wp-json\/wp\/v2\/users\/1"}],"replies":[{"embeddable":true,"href":"https:\/\/agora.xtec.cat\/escsantangel\/wp-json\/wp\/v2\/comments?post=5372"}],"version-history":[{"count":6,"href":"https:\/\/agora.xtec.cat\/escsantangel\/wp-json\/wp\/v2\/pages\/5372\/revisions"}],"predecessor-version":[{"id":5789,"href":"https:\/\/agora.xtec.cat\/escsantangel\/wp-json\/wp\/v2\/pages\/5372\/revisions\/5789"}],"up":[{"embeddable":true,"href":"https:\/\/agora.xtec.cat\/escsantangel\/wp-json\/wp\/v2\/pages\/22"}],"wp:attachment":[{"href":"https:\/\/agora.xtec.cat\/escsantangel\/wp-json\/wp\/v2\/media?parent=5372"}],"curies":[{"name":"wp","href":"https:\/\/api.w.org\/{rel}","templated":true}]}}