{"id":5363,"date":"2025-12-12T13:18:52","date_gmt":"2025-12-12T12:18:52","guid":{"rendered":"https:\/\/agora.xtec.cat\/escsantangel\/?page_id=5363"},"modified":"2026-01-14T13:08:01","modified_gmt":"2026-01-14T12:08:01","slug":"canals-de-comunicacio","status":"publish","type":"page","link":"https:\/\/agora.xtec.cat\/escsantangel\/canals-de-comunicacio\/","title":{"rendered":"Canals de comunicaci\u00f3"},"content":{"rendered":"<p>Actualment el centre utilitza el seg\u00fcent compte d&#8217;Instagram per publicacions peri\u00f2diques: <a href=\"https:\/\/www.instagram.com\/escolasantangel?igsh=MXF1YTlpbXpzbGIzOQ==\">COMPTE INSTAGRAM<\/a><\/p>\n<p><a href=\"https:\/\/agora.xtec.cat\/escsantangel\/wp-content\/uploads\/usu340\/2023\/09\/Canals-de-comunicacio-de-lescola.png\"><img loading=\"lazy\" decoding=\"async\" class=\"aligncenter wp-image-4592 size-large\" src=\"https:\/\/agora.xtec.cat\/escsantangel\/wp-content\/uploads\/usu340\/2023\/09\/Canals-de-comunicacio-de-lescola-1024x724.png\" alt=\"\" width=\"1024\" height=\"724\" srcset=\"https:\/\/agora.xtec.cat\/escsantangel\/wp-content\/uploads\/usu340\/2023\/09\/Canals-de-comunicacio-de-lescola-1024x724.png 1024w, https:\/\/agora.xtec.cat\/escsantangel\/wp-content\/uploads\/usu340\/2023\/09\/Canals-de-comunicacio-de-lescola-300x212.png 300w, https:\/\/agora.xtec.cat\/escsantangel\/wp-content\/uploads\/usu340\/2023\/09\/Canals-de-comunicacio-de-lescola-768x543.png 768w, https:\/\/agora.xtec.cat\/escsantangel\/wp-content\/uploads\/usu340\/2023\/09\/Canals-de-comunicacio-de-lescola-1536x1086.png 1536w, https:\/\/agora.xtec.cat\/escsantangel\/wp-content\/uploads\/usu340\/2023\/09\/Canals-de-comunicacio-de-lescola.png 2000w\" sizes=\"auto, (max-width: 1024px) 100vw, 1024px\" \/><\/a><\/p>\n<p><!--a=1--><\/p>\n<p><!--a=1--><\/p>\n<p><!--a=1--><\/p>\n","protected":false},"excerpt":{"rendered":"<p>Actualment el centre utilitza el seg\u00fcent compte d&#8217;Instagram per publicacions peri\u00f2diques: COMPTE INSTAGRAM<\/p>\n","protected":false},"author":1,"featured_media":0,"parent":0,"menu_order":0,"comment_status":"closed","ping_status":"closed","template":"","meta":{"_bbp_topic_count":0,"_bbp_reply_count":0,"_bbp_total_topic_count":0,"_bbp_total_reply_count":0,"_bbp_voice_count":0,"_bbp_anonymous_reply_count":0,"_bbp_topic_count_hidden":0,"_bbp_reply_count_hidden":0,"_bbp_forum_subforum_count":0,"site-sidebar-layout":"default","site-content-layout":"","ast-site-content-layout":"default","site-content-style":"default","site-sidebar-style":"default","ast-global-header-display":"","ast-banner-title-visibility":"","ast-main-header-display":"","ast-hfb-above-header-display":"","ast-hfb-below-header-display":"","ast-hfb-mobile-header-display":"","site-post-title":"","ast-breadcrumbs-content":"","ast-featured-img":"","footer-sml-layout":"","theme-transparent-header-meta":"default","adv-header-id-meta":"","stick-header-meta":"","header-above-stick-meta":"","header-main-stick-meta":"","header-below-stick-meta":"","astra-migrate-meta-layouts":"set","ast-page-background-enabled":"default","ast-page-background-meta":{"desktop":{"background-color":"var(--ast-global-color-4)","background-image":"","background-repeat":"repeat","background-position":"center center","background-size":"auto","background-attachment":"scroll","background-type":"","background-media":"","overlay-type":"","overlay-color":"","overlay-opacity":"","overlay-gradient":""},"tablet":{"background-color":"","background-image":"","background-repeat":"repeat","background-position":"center center","background-size":"auto","background-attachment":"scroll","background-type":"","background-media":"","overlay-type":"","overlay-color":"","overlay-opacity":"","overlay-gradient":""},"mobile":{"background-color":"","background-image":"","background-repeat":"repeat","background-position":"center center","background-size":"auto","background-attachment":"scroll","background-type":"","background-media":"","overlay-type":"","overlay-color":"","overlay-opacity":"","overlay-gradient":""}},"ast-content-background-meta":{"desktop":{"background-color":"var(--ast-global-color-5)","background-image":"","background-repeat":"repeat","background-position":"center center","background-size":"auto","background-attachment":"scroll","background-type":"","background-media":"","overlay-type":"","overlay-color":"","overlay-opacity":"","overlay-gradient":""},"tablet":{"background-color":"var(--ast-global-color-5)","background-image":"","background-repeat":"repeat","background-position":"center center","background-size":"auto","background-attachment":"scroll","background-type":"","background-media":"","overlay-type":"","overlay-color":"","overlay-opacity":"","overlay-gradient":""},"mobile":{"background-color":"var(--ast-global-color-5)","background-image":"","background-repeat":"repeat","background-position":"center center","background-size":"auto","background-attachment":"scroll","background-type":"","background-media":"","overlay-type":"","overlay-color":"","overlay-opacity":"","overlay-gradient":""}},"footnotes":""},"class_list":["post-5363","page","type-page","status-publish","hentry"],"post_mailing_queue_ids":[],"_links":{"self":[{"href":"https:\/\/agora.xtec.cat\/escsantangel\/wp-json\/wp\/v2\/pages\/5363","targetHints":{"allow":["GET"]}}],"collection":[{"href":"https:\/\/agora.xtec.cat\/escsantangel\/wp-json\/wp\/v2\/pages"}],"about":[{"href":"https:\/\/agora.xtec.cat\/escsantangel\/wp-json\/wp\/v2\/types\/page"}],"author":[{"embeddable":true,"href":"https:\/\/agora.xtec.cat\/escsantangel\/wp-json\/wp\/v2\/users\/1"}],"replies":[{"embeddable":true,"href":"https:\/\/agora.xtec.cat\/escsantangel\/wp-json\/wp\/v2\/comments?post=5363"}],"version-history":[{"count":3,"href":"https:\/\/agora.xtec.cat\/escsantangel\/wp-json\/wp\/v2\/pages\/5363\/revisions"}],"predecessor-version":[{"id":5415,"href":"https:\/\/agora.xtec.cat\/escsantangel\/wp-json\/wp\/v2\/pages\/5363\/revisions\/5415"}],"wp:attachment":[{"href":"https:\/\/agora.xtec.cat\/escsantangel\/wp-json\/wp\/v2\/media?parent=5363"}],"curies":[{"name":"wp","href":"https:\/\/api.w.org\/{rel}","templated":true}]}}