{"id":28,"date":"2014-09-18T12:29:35","date_gmt":"2014-09-18T12:29:35","guid":{"rendered":"http:\/\/agora.xtec.cat\/escsantangel\/?page_id=28"},"modified":"2026-01-30T09:30:11","modified_gmt":"2026-01-30T08:30:11","slug":"consell-escolar","status":"publish","type":"page","link":"https:\/\/agora.xtec.cat\/escsantangel\/lescola\/consell-escolar\/","title":{"rendered":"Consell escolar"},"content":{"rendered":"<p align=\"center\"><strong>PRESIDENTA:<\/strong><\/p>\n<p align=\"center\">Maria Cinta Juan Cid<\/p>\n<p align=\"center\"><strong>CAP D&#8217;ESTUDIS:<\/strong><\/p>\n<p align=\"center\">M\u00aa Luz Curto Esmel<\/p>\n<p align=\"center\"><strong>SECRETARI:<\/strong><\/p>\n<p align=\"center\">Dani Ru\u00e9 Auxachs<\/p>\n<p align=\"center\"><b>REPRESENTANTS FAM\u00cdLIES:<\/b><\/p>\n<p align=\"center\">Carme Aznar Pedret<\/p>\n<p align=\"center\">Cristina Torres Bertomeu<\/p>\n<p align=\"center\">Judit Queral Ferr\u00e9<\/p>\n<p align=\"center\">Anna Monlla\u00f3<\/p>\n<p align=\"center\"><strong><b>REPRESENTANT AFA<\/b>:<\/strong><\/p>\n<p align=\"center\">Elisabet Cabrera<\/p>\n<p align=\"center\"><b>REPRESENTANTS MESTRES:<\/b><\/p>\n<p align=\"center\">Sonia Borja<\/p>\n<p align=\"center\">Ester Garcia<\/p>\n<p align=\"center\">Micael Di\u00e9guez<\/p>\n<p align=\"center\">Montserrat Codorniu<\/p>\n<p align=\"center\"><strong>REPRESENTANT AJUNTAMENT:<\/strong><\/p>\n<p align=\"center\">Laia Bertomeu Gil<\/p>\n<p align=\"center\"><strong>REPRESENTANT PAS:<\/strong><\/p>\n<p align=\"center\">M\u00aa Carmen D\u00edaz<\/p>\n<p align=\"center\"><span style=\"text-decoration: underline;\"><strong>COMISSIONS ADJUNTES AL CONSELL ESCOLAR<\/strong><\/span><\/p>\n<p align=\"center\"><em><strong>*COMISSI\u00d3 PERMANENT: <\/strong><\/em>Cinta Juan, Laia Bertomeu, Elisabet Cabrera<\/p>\n<p align=\"center\"><em><strong>*COMISSI\u00d3 ECON\u00d2MICA: <\/strong><\/em>Cinta Juan, Dani Ru\u00e9, Laia Bertomeu, Elisabet Cabrera, Ester Garcia<\/p>\n<p align=\"center\"><em><strong>*COMISSI\u00d3 DE CONVIV\u00c8NCIA:<\/strong><\/em> Mari Luz Curto, Sonia Borja, Montserrat Codorniu,\u00a0 Carme Aznar, Judit Queral, Anna Monlla\u00f3.<\/p>\n<p align=\"center\"><em><strong>*COMISSI\u00d3 DE MANTENIMENT:<\/strong><\/em> Cinta Juan, Laia Bertomeu, Micael Di\u00e9guez, Cristina Torres<\/p>\n<p align=\"center\"><strong>*REFERENT DE COEDUCACI\u00d3: <\/strong>Mari Luz Curto<\/p>\n","protected":false},"excerpt":{"rendered":"<p>PRESIDENTA: Maria Cinta Juan Cid CAP D&#8217;ESTUDIS: M\u00aa Luz Curto Esmel SECRETARI: Dani Ru\u00e9 Auxachs REPRESENTANTS FAM\u00cdLIES: Carme Aznar Pedret Cristina Torres Bertomeu Judit Queral Ferr\u00e9 Anna Monlla\u00f3 REPRESENTANT AFA: Elisabet Cabrera REPRESENTANTS MESTRES: Sonia Borja Ester Garcia Micael Di\u00e9guez Montserrat Codorniu REPRESENTANT AJUNTAMENT: Laia Bertomeu Gil REPRESENTANT PAS: M\u00aa Carmen D\u00edaz COMISSIONS ADJUNTES AL [&hellip;]<\/p>\n","protected":false},"author":2,"featured_media":0,"parent":22,"menu_order":30,"comment_status":"closed","ping_status":"closed","template":"","meta":{"_bbp_topic_count":0,"_bbp_reply_count":0,"_bbp_total_topic_count":0,"_bbp_total_reply_count":0,"_bbp_voice_count":0,"_bbp_anonymous_reply_count":0,"_bbp_topic_count_hidden":0,"_bbp_reply_count_hidden":0,"_bbp_forum_subforum_count":0,"site-sidebar-layout":"default","site-content-layout":"","ast-site-content-layout":"default","site-content-style":"default","site-sidebar-style":"default","ast-global-header-display":"","ast-banner-title-visibility":"","ast-main-header-display":"","ast-hfb-above-header-display":"","ast-hfb-below-header-display":"","ast-hfb-mobile-header-display":"","site-post-title":"","ast-breadcrumbs-content":"","ast-featured-img":"","footer-sml-layout":"","theme-transparent-header-meta":"","adv-header-id-meta":"","stick-header-meta":"","header-above-stick-meta":"","header-main-stick-meta":"","header-below-stick-meta":"","astra-migrate-meta-layouts":"set","ast-page-background-enabled":"default","ast-page-background-meta":{"desktop":{"background-color":"var(--ast-global-color-4)","background-image":"","background-repeat":"repeat","background-position":"center center","background-size":"auto","background-attachment":"scroll","background-type":"","background-media":"","overlay-type":"","overlay-color":"","overlay-opacity":"","overlay-gradient":""},"tablet":{"background-color":"","background-image":"","background-repeat":"repeat","background-position":"center center","background-size":"auto","background-attachment":"scroll","background-type":"","background-media":"","overlay-type":"","overlay-color":"","overlay-opacity":"","overlay-gradient":""},"mobile":{"background-color":"","background-image":"","background-repeat":"repeat","background-position":"center center","background-size":"auto","background-attachment":"scroll","background-type":"","background-media":"","overlay-type":"","overlay-color":"","overlay-opacity":"","overlay-gradient":""}},"ast-content-background-meta":{"desktop":{"background-color":"var(--ast-global-color-5)","background-image":"","background-repeat":"repeat","background-position":"center center","background-size":"auto","background-attachment":"scroll","background-type":"","background-media":"","overlay-type":"","overlay-color":"","overlay-opacity":"","overlay-gradient":""},"tablet":{"background-color":"var(--ast-global-color-5)","background-image":"","background-repeat":"repeat","background-position":"center center","background-size":"auto","background-attachment":"scroll","background-type":"","background-media":"","overlay-type":"","overlay-color":"","overlay-opacity":"","overlay-gradient":""},"mobile":{"background-color":"var(--ast-global-color-5)","background-image":"","background-repeat":"repeat","background-position":"center center","background-size":"auto","background-attachment":"scroll","background-type":"","background-media":"","overlay-type":"","overlay-color":"","overlay-opacity":"","overlay-gradient":""}},"footnotes":""},"class_list":["post-28","page","type-page","status-publish","hentry"],"post_mailing_queue_ids":[],"_links":{"self":[{"href":"https:\/\/agora.xtec.cat\/escsantangel\/wp-json\/wp\/v2\/pages\/28","targetHints":{"allow":["GET"]}}],"collection":[{"href":"https:\/\/agora.xtec.cat\/escsantangel\/wp-json\/wp\/v2\/pages"}],"about":[{"href":"https:\/\/agora.xtec.cat\/escsantangel\/wp-json\/wp\/v2\/types\/page"}],"author":[{"embeddable":true,"href":"https:\/\/agora.xtec.cat\/escsantangel\/wp-json\/wp\/v2\/users\/2"}],"replies":[{"embeddable":true,"href":"https:\/\/agora.xtec.cat\/escsantangel\/wp-json\/wp\/v2\/comments?post=28"}],"version-history":[{"count":6,"href":"https:\/\/agora.xtec.cat\/escsantangel\/wp-json\/wp\/v2\/pages\/28\/revisions"}],"predecessor-version":[{"id":5793,"href":"https:\/\/agora.xtec.cat\/escsantangel\/wp-json\/wp\/v2\/pages\/28\/revisions\/5793"}],"up":[{"embeddable":true,"href":"https:\/\/agora.xtec.cat\/escsantangel\/wp-json\/wp\/v2\/pages\/22"}],"wp:attachment":[{"href":"https:\/\/agora.xtec.cat\/escsantangel\/wp-json\/wp\/v2\/media?parent=28"}],"curies":[{"name":"wp","href":"https:\/\/api.w.org\/{rel}","templated":true}]}}