{"id":26,"date":"2014-09-18T12:24:32","date_gmt":"2014-09-18T12:24:32","guid":{"rendered":"http:\/\/agora.xtec.cat\/escsantangel\/?page_id=26"},"modified":"2015-10-23T09:48:24","modified_gmt":"2015-10-23T08:48:24","slug":"historia","status":"publish","type":"page","link":"https:\/\/agora.xtec.cat\/escsantangel\/lescola\/historia\/","title":{"rendered":"Hist\u00f2ria"},"content":{"rendered":"<p>L&#8217;Escola SANT \u00c0NGEL de Camarles \u00e9s una escola p\u00fablica d&#8217;una l\u00ednia d&#8217;Ensenyament Primari i Educaci\u00f3 Infantil, ubicada en el municipi de Camarles en la comarca d&#8217;El Baix Ebre.<\/p>\n<p>Est\u00e0 formada per quatre unitats d&#8217;Educaci\u00f3 Infantil i vuit d&#8217;Ensenyament Primari.<br \/>\nEn aquesta p\u00e0gina us mostrem un petit reportatge fotogr\u00e0fic dels alumnes que fa temps van passar per la nostra escola: qui eren i algunes de les activitats que feien.<\/p>\n<p>1967 &#8211; Grup d&#8217;alumnes<br \/>\n<a href=\"http:\/\/agora.xtec.cat\/escsantangel\/wp-content\/uploads\/usu340\/2014\/09\/1967.jpg\"><img loading=\"lazy\" decoding=\"async\" class=\"alignnone size-full wp-image-246\" src=\"http:\/\/agora.xtec.cat\/escsantangel\/wp-content\/uploads\/usu340\/2014\/09\/1967.jpg\" alt=\"1967\" width=\"295\" height=\"203\" \/><\/a><\/p>\n<p>1970 &#8211; Coral del centre<\/p>\n<p><a href=\"http:\/\/agora.xtec.cat\/escsantangel\/wp-content\/uploads\/usu340\/2014\/09\/1970.jpg\"><img loading=\"lazy\" decoding=\"async\" class=\"alignnone size-medium wp-image-247\" src=\"http:\/\/agora.xtec.cat\/escsantangel\/wp-content\/uploads\/usu340\/2014\/09\/1970-300x205.jpg\" alt=\"1970\" width=\"300\" height=\"205\" srcset=\"https:\/\/agora.xtec.cat\/escsantangel\/wp-content\/uploads\/usu340\/2014\/09\/1970-300x205.jpg 300w, https:\/\/agora.xtec.cat\/escsantangel\/wp-content\/uploads\/usu340\/2014\/09\/1970.jpg 354w\" sizes=\"auto, (max-width: 300px) 100vw, 300px\" \/><\/a><\/p>\n<p>1971 &#8211; Exhibici\u00f3 d&#8217;E. F\u00edsica<\/p>\n<p><a href=\"http:\/\/agora.xtec.cat\/escsantangel\/wp-content\/uploads\/usu340\/2014\/09\/19711.jpg\"><img loading=\"lazy\" decoding=\"async\" class=\"alignnone size-full wp-image-253\" src=\"http:\/\/agora.xtec.cat\/escsantangel\/wp-content\/uploads\/usu340\/2014\/09\/19711.jpg\" alt=\"19711\" width=\"295\" height=\"165\" \/><\/a><\/p>\n<p>1971 &#8211; Exhibici\u00f3 d&#8217;E. F\u00edsica<\/p>\n<p><a href=\"http:\/\/agora.xtec.cat\/escsantangel\/wp-content\/uploads\/usu340\/2014\/09\/19712.jpg\"><img loading=\"lazy\" decoding=\"async\" class=\"alignnone size-full wp-image-254\" src=\"http:\/\/agora.xtec.cat\/escsantangel\/wp-content\/uploads\/usu340\/2014\/09\/19712.jpg\" alt=\"19712\" width=\"295\" height=\"169\" \/><\/a><\/p>\n<p>1973- Festival<\/p>\n<p><a href=\"http:\/\/agora.xtec.cat\/escsantangel\/wp-content\/uploads\/usu340\/2014\/09\/1973.jpg\"><img loading=\"lazy\" decoding=\"async\" class=\"alignnone size-full wp-image-248\" src=\"http:\/\/agora.xtec.cat\/escsantangel\/wp-content\/uploads\/usu340\/2014\/09\/1973.jpg\" alt=\"1973\" width=\"236\" height=\"166\" \/><\/a><\/p>\n<p>1.977 &#8211; Festa fi de curs<\/p>\n<p><a href=\"http:\/\/agora.xtec.cat\/escsantangel\/wp-content\/uploads\/usu340\/2014\/09\/1977.jpg\"><img loading=\"lazy\" decoding=\"async\" class=\"alignnone size-full wp-image-249\" src=\"http:\/\/agora.xtec.cat\/escsantangel\/wp-content\/uploads\/usu340\/2014\/09\/1977.jpg\" alt=\"1977\" width=\"295\" height=\"211\" \/><\/a><\/p>\n<p>1978 &#8211; Treballant a l&#8217;aula<\/p>\n<p><a href=\"http:\/\/agora.xtec.cat\/escsantangel\/wp-content\/uploads\/usu340\/2014\/09\/1978.jpg\"><img loading=\"lazy\" decoding=\"async\" class=\"alignnone size-medium wp-image-250\" src=\"http:\/\/agora.xtec.cat\/escsantangel\/wp-content\/uploads\/usu340\/2014\/09\/1978-300x214.jpg\" alt=\"1978\" width=\"300\" height=\"214\" srcset=\"https:\/\/agora.xtec.cat\/escsantangel\/wp-content\/uploads\/usu340\/2014\/09\/1978-300x214.jpg 300w, https:\/\/agora.xtec.cat\/escsantangel\/wp-content\/uploads\/usu340\/2014\/09\/1978.jpg 354w\" sizes=\"auto, (max-width: 300px) 100vw, 300px\" \/><\/a><\/p>\n<p>1978 &#8211; Viatge de fi d&#8217;estudis<\/p>\n<p><a href=\"http:\/\/agora.xtec.cat\/escsantangel\/wp-content\/uploads\/usu340\/2014\/09\/19782.jpg\"><img loading=\"lazy\" decoding=\"async\" class=\"alignnone size-full wp-image-255\" src=\"http:\/\/agora.xtec.cat\/escsantangel\/wp-content\/uploads\/usu340\/2014\/09\/19782.jpg\" alt=\"19782\" width=\"295\" height=\"200\" \/><\/a><\/p>\n<p>1981 &#8211; Viatge de fi d&#8217;estudis<\/p>\n<p><a href=\"http:\/\/agora.xtec.cat\/escsantangel\/wp-content\/uploads\/usu340\/2014\/09\/1981.jpg\"><img loading=\"lazy\" decoding=\"async\" class=\"alignnone size-medium wp-image-251\" src=\"http:\/\/agora.xtec.cat\/escsantangel\/wp-content\/uploads\/usu340\/2014\/09\/1981-300x200.jpg\" alt=\"1981\" width=\"300\" height=\"200\" srcset=\"https:\/\/agora.xtec.cat\/escsantangel\/wp-content\/uploads\/usu340\/2014\/09\/1981-300x200.jpg 300w, https:\/\/agora.xtec.cat\/escsantangel\/wp-content\/uploads\/usu340\/2014\/09\/1981.jpg 354w\" sizes=\"auto, (max-width: 300px) 100vw, 300px\" \/><\/a><\/p>\n<p>1984 &#8211; Viatge de fi d&#8217;estudis<\/p>\n<p><a href=\"http:\/\/agora.xtec.cat\/escsantangel\/wp-content\/uploads\/usu340\/2014\/09\/1984.jpg\"><img loading=\"lazy\" decoding=\"async\" class=\"alignnone size-full wp-image-252\" src=\"http:\/\/agora.xtec.cat\/escsantangel\/wp-content\/uploads\/usu340\/2014\/09\/1984.jpg\" alt=\"1984\" width=\"295\" height=\"209\" \/><\/a><\/p>\n","protected":false},"excerpt":{"rendered":"<p>L&#8217;Escola SANT \u00c0NGEL de Camarles \u00e9s una escola p\u00fablica d&#8217;una l\u00ednia d&#8217;Ensenyament Primari i Educaci\u00f3 Infantil, ubicada en el municipi de Camarles en la comarca d&#8217;El Baix Ebre. Est\u00e0 formada per quatre unitats d&#8217;Educaci\u00f3 Infantil i vuit d&#8217;Ensenyament Primari. En aquesta p\u00e0gina us mostrem un petit reportatge fotogr\u00e0fic dels alumnes que fa temps van passar [&hellip;]<\/p>\n","protected":false},"author":2,"featured_media":0,"parent":22,"menu_order":20,"comment_status":"closed","ping_status":"closed","template":"page-templates\/side-menu.php","meta":{"_bbp_topic_count":0,"_bbp_reply_count":0,"_bbp_total_topic_count":0,"_bbp_total_reply_count":0,"_bbp_voice_count":0,"_bbp_anonymous_reply_count":0,"_bbp_topic_count_hidden":0,"_bbp_reply_count_hidden":0,"_bbp_forum_subforum_count":0,"site-sidebar-layout":"default","site-content-layout":"","ast-site-content-layout":"","site-content-style":"default","site-sidebar-style":"default","ast-global-header-display":"","ast-banner-title-visibility":"","ast-main-header-display":"","ast-hfb-above-header-display":"","ast-hfb-below-header-display":"","ast-hfb-mobile-header-display":"","site-post-title":"","ast-breadcrumbs-content":"","ast-featured-img":"","footer-sml-layout":"","theme-transparent-header-meta":"","adv-header-id-meta":"","stick-header-meta":"","header-above-stick-meta":"","header-main-stick-meta":"","header-below-stick-meta":"","astra-migrate-meta-layouts":"default","ast-page-background-enabled":"default","ast-page-background-meta":{"desktop":{"background-color":"var(--ast-global-color-4)","background-image":"","background-repeat":"repeat","background-position":"center center","background-size":"auto","background-attachment":"scroll","background-type":"","background-media":"","overlay-type":"","overlay-color":"","overlay-opacity":"","overlay-gradient":""},"tablet":{"background-color":"","background-image":"","background-repeat":"repeat","background-position":"center center","background-size":"auto","background-attachment":"scroll","background-type":"","background-media":"","overlay-type":"","overlay-color":"","overlay-opacity":"","overlay-gradient":""},"mobile":{"background-color":"","background-image":"","background-repeat":"repeat","background-position":"center center","background-size":"auto","background-attachment":"scroll","background-type":"","background-media":"","overlay-type":"","overlay-color":"","overlay-opacity":"","overlay-gradient":""}},"ast-content-background-meta":{"desktop":{"background-color":"var(--ast-global-color-5)","background-image":"","background-repeat":"repeat","background-position":"center center","background-size":"auto","background-attachment":"scroll","background-type":"","background-media":"","overlay-type":"","overlay-color":"","overlay-opacity":"","overlay-gradient":""},"tablet":{"background-color":"var(--ast-global-color-5)","background-image":"","background-repeat":"repeat","background-position":"center center","background-size":"auto","background-attachment":"scroll","background-type":"","background-media":"","overlay-type":"","overlay-color":"","overlay-opacity":"","overlay-gradient":""},"mobile":{"background-color":"var(--ast-global-color-5)","background-image":"","background-repeat":"repeat","background-position":"center center","background-size":"auto","background-attachment":"scroll","background-type":"","background-media":"","overlay-type":"","overlay-color":"","overlay-opacity":"","overlay-gradient":""}},"footnotes":""},"class_list":["post-26","page","type-page","status-publish","hentry"],"post_mailing_queue_ids":[],"_links":{"self":[{"href":"https:\/\/agora.xtec.cat\/escsantangel\/wp-json\/wp\/v2\/pages\/26","targetHints":{"allow":["GET"]}}],"collection":[{"href":"https:\/\/agora.xtec.cat\/escsantangel\/wp-json\/wp\/v2\/pages"}],"about":[{"href":"https:\/\/agora.xtec.cat\/escsantangel\/wp-json\/wp\/v2\/types\/page"}],"author":[{"embeddable":true,"href":"https:\/\/agora.xtec.cat\/escsantangel\/wp-json\/wp\/v2\/users\/2"}],"replies":[{"embeddable":true,"href":"https:\/\/agora.xtec.cat\/escsantangel\/wp-json\/wp\/v2\/comments?post=26"}],"version-history":[{"count":3,"href":"https:\/\/agora.xtec.cat\/escsantangel\/wp-json\/wp\/v2\/pages\/26\/revisions"}],"predecessor-version":[{"id":345,"href":"https:\/\/agora.xtec.cat\/escsantangel\/wp-json\/wp\/v2\/pages\/26\/revisions\/345"}],"up":[{"embeddable":true,"href":"https:\/\/agora.xtec.cat\/escsantangel\/wp-json\/wp\/v2\/pages\/22"}],"wp:attachment":[{"href":"https:\/\/agora.xtec.cat\/escsantangel\/wp-json\/wp\/v2\/media?parent=26"}],"curies":[{"name":"wp","href":"https:\/\/api.w.org\/{rel}","templated":true}]}}