{"id":1869,"date":"2019-10-03T11:52:17","date_gmt":"2019-10-03T09:52:17","guid":{"rendered":"http:\/\/agora.xtec.cat\/escsantangel\/?page_id=1869"},"modified":"2026-02-02T12:57:48","modified_gmt":"2026-02-02T11:57:48","slug":"documents-del-centre","status":"publish","type":"page","link":"https:\/\/agora.xtec.cat\/escsantangel\/documents-del-centre\/","title":{"rendered":"Documents de centre"},"content":{"rendered":"<p style=\"text-align: center;\"><a href=\"https:\/\/agora.xtec.cat\/escsantangel\/wp-content\/uploads\/usu340\/2019\/09\/PEC-Escola-Sant-%C3%80ngel.pdf\">PEC<\/a><\/p>\n<p style=\"text-align: center;\"><a href=\"https:\/\/agora.xtec.cat\/escsantangel\/wp-content\/uploads\/usu340\/2022\/03\/Projecte-Linguistic.pdf\">PROJECTE LING\u00dc\u00cdSTIC<\/a><\/p>\n<p style=\"text-align: center;\"><a href=\"https:\/\/agora.xtec.cat\/escsantangel\/wp-content\/uploads\/usu340\/2025\/01\/PLA-DE-COMUNICACIO-ESCOLA-SANT-ANGEL.pdf\">PLA DE COMUNICACI\u00d3 ESCOLA SANT \u00c0NGEL<\/a><\/p>\n<p style=\"text-align: center;\"><a href=\"https:\/\/agora.xtec.cat\/escsantangel\/wp-content\/uploads\/usu340\/2020\/10\/Pla-datenci%C3%B3-a-la-diversitat.pdf\">PLA D&#8217;ATENCI\u00d3 A LA DIVERSITAT<\/a><\/p>\n<p style=\"text-align: center;\"><a href=\"https:\/\/agora.xtec.cat\/escsantangel\/wp-content\/uploads\/usu340\/2024\/01\/PLA-ACOLLIDA-DE-CENTRE.pdf\">PLA D&#8217;ACOLLIDA<\/a><\/p>\n<p style=\"text-align: center;\">PLA DE CONVIV\u00c8NCIA<\/p>\n<p style=\"text-align: center;\"><a href=\"https:\/\/agora.xtec.cat\/escsantangel\/wp-content\/uploads\/usu340\/2020\/01\/Pla-de-lectura-de-centre.pdf\">PLA DE LECTURA DEL CENTRE<\/a><\/p>\n<p style=\"text-align: center;\"><a href=\"https:\/\/agora.xtec.cat\/escsantangel\/wp-content\/uploads\/usu340\/2024\/06\/Normes-d_organitzacio-i-funcionament-de-centre-2021.docx.pdf\">NOFC<\/a><\/p>\n<p style=\"text-align: center;\"><a href=\"https:\/\/sites.google.com\/xtec.cat\/edc-camarles?usp=sharing&amp;pli=1\">ESTRAT\u00c8GIA DIGITAL DE CENTRE<\/a><\/p>\n<p style=\"text-align: center;\"><a href=\"https:\/\/agora.xtec.cat\/escsantangel\/wp-content\/uploads\/usu340\/2024\/06\/PROJECTE-DIRECCIO-2023-2027.pdf\">PROJECTE DE DIRECCI\u00d3 2<\/a><a href=\"https:\/\/agora.xtec.cat\/escsantangel\/wp-content\/uploads\/usu340\/2024\/06\/PROJECTE-DIRECCIO-2023-2027.pdf\">023-2027<\/a><\/p>\n<p style=\"text-align: center;\"><a href=\"https:\/\/agora.xtec.cat\/escsantangel\/wp-content\/uploads\/usu340\/2024\/10\/PROGRAMACIO-GENERAL-ANUAL-24_25.pdf\">PROGRAMACI\u00d3 GENERAL ANUAL 24-25<\/a><\/p>\n<p style=\"text-align: center;\"><a href=\"https:\/\/agora.xtec.cat\/escsantangel\/documents-del-centre\/acords-del-consell-escolar\/\">ACORDS DEL CONSELL ESCOLAR<\/a><\/p>\n<p style=\"text-align: center;\"><a href=\"https:\/\/agora.xtec.cat\/escsantangel\/wp-content\/uploads\/usu340\/2025\/02\/2025.pdf\">PRESSUPOST 2025<\/a><\/p>\n<p style=\"text-align: center;\"><a href=\"https:\/\/docs.google.com\/document\/d\/1Lqw9ps7ORCSIu33X7k-cab_A_hKjEZjFaYWwriE-eKI\/edit?pli=1\">PROGRAMACI\u00d3 CDI I ROB\u00d2TICA<\/a><\/p>\n<p><!--a=1--><\/p>\n<p><!--a=1--><\/p>\n<p><!--a=1--><\/p>\n<p><!--a=1--><\/p>\n<p><!--a=1--><\/p>\n","protected":false},"excerpt":{"rendered":"<p>PEC PROJECTE LING\u00dc\u00cdSTIC PLA DE COMUNICACI\u00d3 ESCOLA SANT \u00c0NGEL PLA D&#8217;ATENCI\u00d3 A LA DIVERSITAT PLA D&#8217;ACOLLIDA PLA DE CONVIV\u00c8NCIA PLA DE LECTURA DEL CENTRE NOFC ESTRAT\u00c8GIA DIGITAL DE CENTRE PROJECTE DE DIRECCI\u00d3 2023-2027 PROGRAMACI\u00d3 GENERAL ANUAL 24-25 ACORDS DEL CONSELL ESCOLAR PRESSUPOST 2025 PROGRAMACI\u00d3 CDI I ROB\u00d2TICA<\/p>\n","protected":false},"author":3,"featured_media":0,"parent":0,"menu_order":0,"comment_status":"closed","ping_status":"closed","template":"","meta":{"_bbp_topic_count":0,"_bbp_reply_count":0,"_bbp_total_topic_count":0,"_bbp_total_reply_count":0,"_bbp_voice_count":0,"_bbp_anonymous_reply_count":0,"_bbp_topic_count_hidden":0,"_bbp_reply_count_hidden":0,"_bbp_forum_subforum_count":0,"site-sidebar-layout":"default","site-content-layout":"","ast-site-content-layout":"default","site-content-style":"default","site-sidebar-style":"default","ast-global-header-display":"","ast-banner-title-visibility":"","ast-main-header-display":"","ast-hfb-above-header-display":"","ast-hfb-below-header-display":"","ast-hfb-mobile-header-display":"","site-post-title":"","ast-breadcrumbs-content":"","ast-featured-img":"","footer-sml-layout":"","theme-transparent-header-meta":"default","adv-header-id-meta":"","stick-header-meta":"","header-above-stick-meta":"","header-main-stick-meta":"","header-below-stick-meta":"","astra-migrate-meta-layouts":"set","ast-page-background-enabled":"default","ast-page-background-meta":{"desktop":{"background-color":"var(--ast-global-color-4)","background-image":"","background-repeat":"repeat","background-position":"center center","background-size":"auto","background-attachment":"scroll","background-type":"","background-media":"","overlay-type":"","overlay-color":"","overlay-opacity":"","overlay-gradient":""},"tablet":{"background-color":"","background-image":"","background-repeat":"repeat","background-position":"center center","background-size":"auto","background-attachment":"scroll","background-type":"","background-media":"","overlay-type":"","overlay-color":"","overlay-opacity":"","overlay-gradient":""},"mobile":{"background-color":"","background-image":"","background-repeat":"repeat","background-position":"center center","background-size":"auto","background-attachment":"scroll","background-type":"","background-media":"","overlay-type":"","overlay-color":"","overlay-opacity":"","overlay-gradient":""}},"ast-content-background-meta":{"desktop":{"background-color":"var(--ast-global-color-5)","background-image":"","background-repeat":"repeat","background-position":"center center","background-size":"auto","background-attachment":"scroll","background-type":"","background-media":"","overlay-type":"","overlay-color":"","overlay-opacity":"","overlay-gradient":""},"tablet":{"background-color":"var(--ast-global-color-5)","background-image":"","background-repeat":"repeat","background-position":"center center","background-size":"auto","background-attachment":"scroll","background-type":"","background-media":"","overlay-type":"","overlay-color":"","overlay-opacity":"","overlay-gradient":""},"mobile":{"background-color":"var(--ast-global-color-5)","background-image":"","background-repeat":"repeat","background-position":"center center","background-size":"auto","background-attachment":"scroll","background-type":"","background-media":"","overlay-type":"","overlay-color":"","overlay-opacity":"","overlay-gradient":""}},"footnotes":""},"class_list":["post-1869","page","type-page","status-publish","hentry"],"post_mailing_queue_ids":[],"_links":{"self":[{"href":"https:\/\/agora.xtec.cat\/escsantangel\/wp-json\/wp\/v2\/pages\/1869","targetHints":{"allow":["GET"]}}],"collection":[{"href":"https:\/\/agora.xtec.cat\/escsantangel\/wp-json\/wp\/v2\/pages"}],"about":[{"href":"https:\/\/agora.xtec.cat\/escsantangel\/wp-json\/wp\/v2\/types\/page"}],"author":[{"embeddable":true,"href":"https:\/\/agora.xtec.cat\/escsantangel\/wp-json\/wp\/v2\/users\/3"}],"replies":[{"embeddable":true,"href":"https:\/\/agora.xtec.cat\/escsantangel\/wp-json\/wp\/v2\/comments?post=1869"}],"version-history":[{"count":6,"href":"https:\/\/agora.xtec.cat\/escsantangel\/wp-json\/wp\/v2\/pages\/1869\/revisions"}],"predecessor-version":[{"id":5822,"href":"https:\/\/agora.xtec.cat\/escsantangel\/wp-json\/wp\/v2\/pages\/1869\/revisions\/5822"}],"wp:attachment":[{"href":"https:\/\/agora.xtec.cat\/escsantangel\/wp-json\/wp\/v2\/media?parent=1869"}],"curies":[{"name":"wp","href":"https:\/\/api.w.org\/{rel}","templated":true}]}}