{"id":1862,"date":"2019-10-03T10:24:39","date_gmt":"2019-10-03T08:24:39","guid":{"rendered":"http:\/\/agora.xtec.cat\/escsantangel\/?page_id=1862"},"modified":"2026-02-09T13:06:28","modified_gmt":"2026-02-09T12:06:28","slug":"acords-del-consell-escolar","status":"publish","type":"page","link":"https:\/\/agora.xtec.cat\/escsantangel\/documents-del-centre\/acords-del-consell-escolar\/","title":{"rendered":"Acords del Consell Escolar"},"content":{"rendered":"<p>\u00a0<\/p>\n<p style=\"text-align: center;\"><span style=\"text-decoration: underline;\"><strong>Curs 2025-2026<\/strong><\/span><\/p>\n<p style=\"text-align: center;\"><a href=\"https:\/\/agora.xtec.cat\/escsantangel\/wp-content\/uploads\/usu340\/2026\/02\/Acords-CE.-4_2_2026.pdf\">Acords CE. 4_2_2026<\/a><\/p>\n<p style=\"text-align: center;\"><a href=\"https:\/\/agora.xtec.cat\/escsantangel\/wp-content\/uploads\/usu340\/2026\/02\/Acords-comissio-economica-CE.-27_1_2025.pdf\">Acords comissi\u00f3 econ\u00f2mica CE. 27_1_2025<\/a><\/p>\n<p style=\"text-align: center;\"><a href=\"https:\/\/agora.xtec.cat\/escsantangel\/wp-content\/uploads\/usu340\/2025\/12\/Acords-C.E.-9_12_2025.pdf\">Acords C.E. 9_12_2025<\/a><\/p>\n<p style=\"text-align: center;\"><a href=\"https:\/\/agora.xtec.cat\/escsantangel\/wp-content\/uploads\/usu340\/2025\/10\/Acords-C.E.-20_10_2025-1.pdf\">Acords C.E. 20_10_2025 (1)<\/a><\/p>\n<p style=\"text-align: center;\"><span style=\"text-decoration: underline;\"><strong>Curs 2024-2025<\/strong><\/span><\/p>\n<p style=\"text-align: center;\"><a href=\"https:\/\/agora.xtec.cat\/escsantangel\/wp-content\/uploads\/usu340\/2024\/10\/Acords-C.E.-16-10-2024.pdf\">Acords C.E. 16_10_2024<\/a><\/p>\n<p style=\"text-align: center;\"><a href=\"https:\/\/agora.xtec.cat\/escsantangel\/wp-content\/uploads\/usu340\/2025\/01\/Acords-CE.-27_1_2025.pdf\">Acords CE. 27_1_2025<\/a><\/p>\n<p style=\"text-align: center;\"><a href=\"https:\/\/agora.xtec.cat\/escsantangel\/wp-content\/uploads\/usu340\/2025\/06\/ACORDS-C.E.-10-6-25.pdf\">ACORDS C.E. 10-6-25<\/a><\/p>\n<p style=\"text-align: center;\"><a href=\"https:\/\/agora.xtec.cat\/escsantangel\/wp-content\/uploads\/usu340\/2025\/01\/Acords-comissio-economica-CE.-27_1_2025.pdf\">Acords comissi\u00f3 econ\u00f2mica CE. 27_1_2025<\/a><\/p>\n<p style=\"text-align: center;\"><span style=\"text-decoration: underline;\"><strong>Curs 2.023-2.024<\/strong><\/span><\/p>\n<p style=\"text-align: center;\"><a href=\"https:\/\/agora.xtec.cat\/escsantangel\/wp-content\/uploads\/usu340\/2024\/06\/Acords-C.E.-4_6_2024.pdf\">Acords C.E. 4_6_2024<\/a><\/p>\n<p style=\"text-align: center;\"><a href=\"https:\/\/agora.xtec.cat\/escsantangel\/wp-content\/uploads\/usu340\/2024\/02\/Acords-C.E.-5_2_2024.pdf\">Acords C.E. 5_2_2024<\/a><\/p>\n<p style=\"text-align: center;\"><a href=\"https:\/\/agora.xtec.cat\/escsantangel\/wp-content\/uploads\/usu340\/2024\/02\/Acords-Comissio-Economica-CE.-5_2_2024.pdf\">Acords Comissi\u00f3 Econ\u00f2mica CE. 5_2_2024<\/a><\/p>\n<p style=\"text-align: center;\"><a href=\"https:\/\/agora.xtec.cat\/escsantangel\/wp-content\/uploads\/usu340\/2023\/12\/Acords-C.E.-4_12_2023.pdf\">Acords C.E. 4_12_2023<\/a><\/p>\n<p style=\"text-align: center;\"><a href=\"https:\/\/agora.xtec.cat\/escsantangel\/wp-content\/uploads\/usu340\/2023\/10\/Acords-C.E.-10_10_2023.pdf\">Acords C.E. 10_10_2023<\/a><\/p>\n<p><!--a=1--><\/p>\n<p><!--a=1--><\/p>\n\n\n<p><\/p>\n","protected":false},"excerpt":{"rendered":"<p>\u00a0 Curs 2025-2026 Acords CE. 4_2_2026 Acords comissi\u00f3 econ\u00f2mica CE. 27_1_2025 Acords C.E. 9_12_2025 Acords C.E. 20_10_2025 (1) Curs 2024-2025 Acords C.E. 16_10_2024 Acords CE. 27_1_2025 ACORDS C.E. 10-6-25 Acords comissi\u00f3 econ\u00f2mica CE. 27_1_2025 Curs 2.023-2.024 Acords C.E. 4_6_2024 Acords C.E. 5_2_2024 Acords Comissi\u00f3 Econ\u00f2mica CE. 5_2_2024 Acords C.E. 4_12_2023 Acords C.E. 10_10_2023<\/p>\n","protected":false},"author":3,"featured_media":0,"parent":1869,"menu_order":0,"comment_status":"closed","ping_status":"closed","template":"","meta":{"_bbp_topic_count":0,"_bbp_reply_count":0,"_bbp_total_topic_count":0,"_bbp_total_reply_count":0,"_bbp_voice_count":0,"_bbp_anonymous_reply_count":0,"_bbp_topic_count_hidden":0,"_bbp_reply_count_hidden":0,"_bbp_forum_subforum_count":0,"site-sidebar-layout":"default","site-content-layout":"","ast-site-content-layout":"default","site-content-style":"default","site-sidebar-style":"default","ast-global-header-display":"","ast-banner-title-visibility":"","ast-main-header-display":"","ast-hfb-above-header-display":"","ast-hfb-below-header-display":"","ast-hfb-mobile-header-display":"","site-post-title":"","ast-breadcrumbs-content":"","ast-featured-img":"","footer-sml-layout":"","theme-transparent-header-meta":"","adv-header-id-meta":"","stick-header-meta":"","header-above-stick-meta":"","header-main-stick-meta":"","header-below-stick-meta":"","astra-migrate-meta-layouts":"set","ast-page-background-enabled":"default","ast-page-background-meta":{"desktop":{"background-color":"var(--ast-global-color-4)","background-image":"","background-repeat":"repeat","background-position":"center center","background-size":"auto","background-attachment":"scroll","background-type":"","background-media":"","overlay-type":"","overlay-color":"","overlay-opacity":"","overlay-gradient":""},"tablet":{"background-color":"","background-image":"","background-repeat":"repeat","background-position":"center center","background-size":"auto","background-attachment":"scroll","background-type":"","background-media":"","overlay-type":"","overlay-color":"","overlay-opacity":"","overlay-gradient":""},"mobile":{"background-color":"","background-image":"","background-repeat":"repeat","background-position":"center center","background-size":"auto","background-attachment":"scroll","background-type":"","background-media":"","overlay-type":"","overlay-color":"","overlay-opacity":"","overlay-gradient":""}},"ast-content-background-meta":{"desktop":{"background-color":"var(--ast-global-color-5)","background-image":"","background-repeat":"repeat","background-position":"center center","background-size":"auto","background-attachment":"scroll","background-type":"","background-media":"","overlay-type":"","overlay-color":"","overlay-opacity":"","overlay-gradient":""},"tablet":{"background-color":"var(--ast-global-color-5)","background-image":"","background-repeat":"repeat","background-position":"center center","background-size":"auto","background-attachment":"scroll","background-type":"","background-media":"","overlay-type":"","overlay-color":"","overlay-opacity":"","overlay-gradient":""},"mobile":{"background-color":"var(--ast-global-color-5)","background-image":"","background-repeat":"repeat","background-position":"center center","background-size":"auto","background-attachment":"scroll","background-type":"","background-media":"","overlay-type":"","overlay-color":"","overlay-opacity":"","overlay-gradient":""}},"footnotes":""},"class_list":["post-1862","page","type-page","status-publish","hentry"],"post_mailing_queue_ids":[],"_links":{"self":[{"href":"https:\/\/agora.xtec.cat\/escsantangel\/wp-json\/wp\/v2\/pages\/1862","targetHints":{"allow":["GET"]}}],"collection":[{"href":"https:\/\/agora.xtec.cat\/escsantangel\/wp-json\/wp\/v2\/pages"}],"about":[{"href":"https:\/\/agora.xtec.cat\/escsantangel\/wp-json\/wp\/v2\/types\/page"}],"author":[{"embeddable":true,"href":"https:\/\/agora.xtec.cat\/escsantangel\/wp-json\/wp\/v2\/users\/3"}],"replies":[{"embeddable":true,"href":"https:\/\/agora.xtec.cat\/escsantangel\/wp-json\/wp\/v2\/comments?post=1862"}],"version-history":[{"count":5,"href":"https:\/\/agora.xtec.cat\/escsantangel\/wp-json\/wp\/v2\/pages\/1862\/revisions"}],"predecessor-version":[{"id":5833,"href":"https:\/\/agora.xtec.cat\/escsantangel\/wp-json\/wp\/v2\/pages\/1862\/revisions\/5833"}],"up":[{"embeddable":true,"href":"https:\/\/agora.xtec.cat\/escsantangel\/wp-json\/wp\/v2\/pages\/1869"}],"wp:attachment":[{"href":"https:\/\/agora.xtec.cat\/escsantangel\/wp-json\/wp\/v2\/media?parent=1862"}],"curies":[{"name":"wp","href":"https:\/\/api.w.org\/{rel}","templated":true}]}}