{"id":9184,"date":"2017-11-26T11:46:10","date_gmt":"2017-11-26T10:46:10","guid":{"rendered":"http:\/\/agora.xtec.cat\/escsantamaria\/?page_id=9184"},"modified":"2025-11-22T20:45:09","modified_gmt":"2025-11-22T19:45:09","slug":"radio-snt","status":"publish","type":"page","link":"https:\/\/agora.xtec.cat\/escsantamaria\/projectes\/radio-snt\/","title":{"rendered":"R\u00e0dio S@nt@"},"content":{"rendered":"<p style=\"text-align: justify;\"><strong>Qu\u00e8 \u00e9s R\u00e0dio S@nt@?<\/strong><br \/>\nDespr\u00e9s d&#8217;haver realitzat una prova pilot durant el curs 2016-17, durant el curs 2017-2018 vam iniciar el projecte R\u00e0dio S@nta, un projecte coordinat per Daniel Romero i en el qual participen tots els nens i nenes d&#8217;Educaci\u00f3 Prim\u00e0ria de l&#8217;escola. R\u00e0dio S@nt@ \u00e9s l&#8217;emissora de r\u00e0dio de la nostra escola, una r\u00e0dio de totes i tots per al m\u00f3n.<\/p>\n<p style=\"text-align: justify;\"><strong>Com ho fem?<\/strong><br \/>\nAl llarg del curs pengem a la web 10 programes, un per cada grup d&#8217;Educaci\u00f3 Prim\u00e0ria (1r i 2n fan un programa per nivell). Els nens i nenes preparen el gui\u00f3 del programa amb els tutors i tutores a les sessions de Llengua Catalana. Una vegada redactats els textos, enregistren amb el coordinador del projecte, que s&#8217;encarrega tamb\u00e9 de realitzar el muntatge final i de penjar el programa a la web i a les xarxes socials. En aquest proper curs 19-20, els alumnes de la Comunitat de Grans participaran en l&#8217;edici\u00f3 i muntatge dels programes utilitzant dispositius m\u00f2bils (tauletes i Chromebooks).<\/p>\n<p style=\"text-align: justify;\"><strong>Quins s\u00f3n els objectius d&#8217;aquest projecte?<\/strong><\/p>\n<p><span style=\"font-family: Arial;\">&#8211; Millorar la compet\u00e8ncia comunicativa (expressi\u00f3 oral i escrita).<\/span><br \/>\n&#8211; Millorar la compet\u00e8ncia digital (edici\u00f3 d&#8217;\u00e0udios per part dels grans).<br \/>\n&#8211; Motivar l&#8217;alumnat a escriure i llegir textos relacionats amb els seus interessos.<br \/>\n&#8211; Treballar diferents tipologies textuals (textos period\u00edstics, narratius, descriptius&#8230;).<br \/>\n<span style=\"font-family: Arial;\">&#8211; Investigar i buscar informaci\u00f3 sobre els temes treballats.<\/span><br \/>\n<span style=\"font-family: Arial;\">&#8211; Identificar la r\u00e0dio com a mitj\u00e0 de comunicaci\u00f3.<\/span><br \/>\n&#8211; Potenciar el treball cooperatiu.<br \/>\n<span style=\"font-family: Arial;\">&#8211; Gaudir fent els programes de r\u00e0dio.<\/span><\/p>\n<p>Aqu\u00ed teniu els programes enregistrats fins ara. Esperem que us agradin!<\/p>\n","protected":false},"excerpt":{"rendered":"<p>Qu\u00e8 \u00e9s R\u00e0dio S@nt@?<br \/>\nDespr\u00e9s d&#8217;haver realitzat una prova pilot durant el curs 2016-17, durant el curs 2017-2018 vam iniciar el projecte R\u00e0dio S@nta, un projecte coordinat per Daniel Romero i en el qual participen tots els nens i nenes d&#8217;Educaci\u00f3 Prim\u00e0ria de l&#8217;escola. R\u00e0dio S@nt@&hellip;  <a href=\"https:\/\/agora.xtec.cat\/escsantamaria\/projectes\/radio-snt\/\" title=\"Read R\u00e0dio S@nt@\">Llegeix m\u00e9s\u00bb<\/a><\/p>\n","protected":false},"author":3,"featured_media":0,"parent":1501,"menu_order":10,"comment_status":"closed","ping_status":"closed","template":"page-templates\/side-menu.php","meta":{"_bbp_topic_count":0,"_bbp_reply_count":0,"_bbp_total_topic_count":0,"_bbp_total_reply_count":0,"_bbp_voice_count":0,"_bbp_anonymous_reply_count":0,"_bbp_topic_count_hidden":0,"_bbp_reply_count_hidden":0,"_bbp_forum_subforum_count":0,"footnotes":""},"class_list":["post-9184","page","type-page","status-publish","hentry"],"post_mailing_queue_ids":[],"_links":{"self":[{"href":"https:\/\/agora.xtec.cat\/escsantamaria\/wp-json\/wp\/v2\/pages\/9184","targetHints":{"allow":["GET"]}}],"collection":[{"href":"https:\/\/agora.xtec.cat\/escsantamaria\/wp-json\/wp\/v2\/pages"}],"about":[{"href":"https:\/\/agora.xtec.cat\/escsantamaria\/wp-json\/wp\/v2\/types\/page"}],"author":[{"embeddable":true,"href":"https:\/\/agora.xtec.cat\/escsantamaria\/wp-json\/wp\/v2\/users\/3"}],"replies":[{"embeddable":true,"href":"https:\/\/agora.xtec.cat\/escsantamaria\/wp-json\/wp\/v2\/comments?post=9184"}],"version-history":[{"count":4,"href":"https:\/\/agora.xtec.cat\/escsantamaria\/wp-json\/wp\/v2\/pages\/9184\/revisions"}],"predecessor-version":[{"id":17472,"href":"https:\/\/agora.xtec.cat\/escsantamaria\/wp-json\/wp\/v2\/pages\/9184\/revisions\/17472"}],"up":[{"embeddable":true,"href":"https:\/\/agora.xtec.cat\/escsantamaria\/wp-json\/wp\/v2\/pages\/1501"}],"wp:attachment":[{"href":"https:\/\/agora.xtec.cat\/escsantamaria\/wp-json\/wp\/v2\/media?parent=9184"}],"curies":[{"name":"wp","href":"https:\/\/api.w.org\/{rel}","templated":true}]}}