{"id":515,"date":"2016-07-25T23:59:41","date_gmt":"2016-07-25T22:59:41","guid":{"rendered":"http:\/\/agora.xtec.cat\/escsantamaria\/?page_id=515"},"modified":"2023-09-04T19:14:29","modified_gmt":"2023-09-04T17:14:29","slug":"ampa","status":"publish","type":"page","link":"https:\/\/agora.xtec.cat\/escsantamaria\/ampa\/","title":{"rendered":"AMPA"},"content":{"rendered":"<p><strong>QUINES GESTIONS FA L&#8217;AMPA DE L&#8217;ESCOLA?<\/strong><\/p>\n<p>En aquest document podreu trobar tota la informaci\u00f3 sobre les tasques realitzades per l&#8217;AMPA i els serveis que gestiona (menjador, acollida, extraescolars, venta de llibres i xandalls, etc.):<\/p>\n<p>&nbsp;<\/p>\n<p><iframe loading=\"lazy\" src=\"https:\/\/drive.google.com\/file\/d\/1NZUvc93avITApS21RvJMsleaMeAjdZIG\/preview\" width=\"640\" height=\"480\"><\/iframe><\/p>\n<p><strong>L&#8217;AMPA A LES XARXES<\/strong><\/p>\n<p><a href=\"https:\/\/www.facebook.com\/AMPA-Escola-Santa-Maria-del-Mar-570981176665331\" target=\"_blank\" rel=\"noopener\">P\u00e0gina de Facebook de l&#8217;AMPA de l&#8217;Escola Santa Maria del Mar<\/a><\/p>\n<p><a href=\"https:\/\/instagram.com\/ampasantamariadelmar?igshid=MzRlODBiNWFIZA==\" target=\"_blank\" rel=\"noopener\">P\u00e0gina d&#8217;Instagram de l&#8217;AMPA de l&#8217;Escola Santa Maria del Mar\u00a0\u00a0<\/a><\/p>\n<p>&nbsp;<\/p>\n<p><strong>CONTACTE<\/strong><\/p>\n<p>Podeu contactar amb l&#8217;AMPA de l&#8217;escola per tel\u00e8fon o enviant un correu a l&#8217;adre\u00e7a seg\u00fcent:<\/p>\n<p>ampa@santamariadelmar.cat<\/p>\n<p>Tel\u00e8fon: 977388352<\/p>\n<p>L&#8217;horari d&#8217;atenci\u00f3 a l&#8217;oficina de l&#8217;AMPA ser\u00e0 de dilluns a divendres de 9.05 a 10h.<\/p>\n<p>&nbsp;<\/p>\n<p>&nbsp;<\/p>\n","protected":false},"excerpt":{"rendered":"<p>QUINES GESTIONS FA L&#8217;AMPA DE L&#8217;ESCOLA?<br \/>\nEn aquest document podreu trobar tota la informaci\u00f3 sobre les tasques realitzades per l&#8217;AMPA i els serveis que gestiona (menjador, acollida, extraescolars, venta de llibres i xandalls, etc.):<br \/>\n&nbsp;<\/p>\n<p>L&#8217;AMPA A LES XARXES<br \/>\n<a href=\"https:\/\/www.facebook.com\/AMPA-Escola-Santa-Maria-del-Mar-570981176665331\" target=\"_blank\" rel=\"noopener\">P\u00e0gina de Facebook de l&#8217;AMPA de l&#8217;Escola&hellip;  <a href=\"https:\/\/agora.xtec.cat\/escsantamaria\/ampa\/\" title=\"Read AMPA\">Llegeix m\u00e9s\u00bb<\/a><\/p>\n","protected":false},"author":3,"featured_media":0,"parent":0,"menu_order":0,"comment_status":"closed","ping_status":"closed","template":"","meta":{"_bbp_topic_count":0,"_bbp_reply_count":0,"_bbp_total_topic_count":0,"_bbp_total_reply_count":0,"_bbp_voice_count":0,"_bbp_anonymous_reply_count":0,"_bbp_topic_count_hidden":0,"_bbp_reply_count_hidden":0,"_bbp_forum_subforum_count":0,"footnotes":""},"class_list":["post-515","page","type-page","status-publish","hentry"],"post_mailing_queue_ids":[],"_links":{"self":[{"href":"https:\/\/agora.xtec.cat\/escsantamaria\/wp-json\/wp\/v2\/pages\/515","targetHints":{"allow":["GET"]}}],"collection":[{"href":"https:\/\/agora.xtec.cat\/escsantamaria\/wp-json\/wp\/v2\/pages"}],"about":[{"href":"https:\/\/agora.xtec.cat\/escsantamaria\/wp-json\/wp\/v2\/types\/page"}],"author":[{"embeddable":true,"href":"https:\/\/agora.xtec.cat\/escsantamaria\/wp-json\/wp\/v2\/users\/3"}],"replies":[{"embeddable":true,"href":"https:\/\/agora.xtec.cat\/escsantamaria\/wp-json\/wp\/v2\/comments?post=515"}],"version-history":[{"count":4,"href":"https:\/\/agora.xtec.cat\/escsantamaria\/wp-json\/wp\/v2\/pages\/515\/revisions"}],"predecessor-version":[{"id":15453,"href":"https:\/\/agora.xtec.cat\/escsantamaria\/wp-json\/wp\/v2\/pages\/515\/revisions\/15453"}],"wp:attachment":[{"href":"https:\/\/agora.xtec.cat\/escsantamaria\/wp-json\/wp\/v2\/media?parent=515"}],"curies":[{"name":"wp","href":"https:\/\/api.w.org\/{rel}","templated":true}]}}