{"id":448,"date":"2016-02-14T22:17:37","date_gmt":"2016-02-14T21:17:37","guid":{"rendered":"http:\/\/agora.xtec.cat\/escsantamaria\/?page_id=448"},"modified":"2019-07-09T17:01:34","modified_gmt":"2019-07-09T15:01:34","slug":"us-de-les-noves-tecnologies","status":"publish","type":"page","link":"https:\/\/agora.xtec.cat\/escsantamaria\/projectes\/us-de-les-noves-tecnologies\/","title":{"rendered":"\u00das de noves tecnologies a l&#8217;aula"},"content":{"rendered":"<p>&nbsp;<\/p>\n<p><strong>PROGRAMA D&#8217;INNOVACI\u00d3 TECNOLOGIES DIGITALS PER A L&#8217;APRENENTATGE: EL CENTRE DIGITAL<\/strong><\/p>\n<p style=\"text-align: justify;\">\u00a0 \u00a0Descobrir, experimentar i manipular \u00e9s essencial per aconseguir despertar la curiositat dels infants. Les tecnologies de l\u2019aprenentatge i el coneixement (TAC) permeten que els nostres alumnes puguin fer-ho i els converteixen en els protagonistes del seu propi aprenentatge.<\/p>\n<p style=\"text-align: justify;\">\u00a0 \u00a0Per tal d\u2019aconseguir una bona integraci\u00f3 de les TAC, el nostre centre forma part del \u201cPrograma d\u2019Innovaci\u00f3 Tecnologies Digitals per a l&#8217;Aprenentatge: Centre Digital\u201d del Departament d\u2019Educaci\u00f3. Hem elaborat un Pla TAC, un document en el qual es defineixen els objectius i es planifiquen les actuacions en relaci\u00f3 a les noves tecnologies. Dins d\u2019aquest document destaquen especialment els seg\u00fcents projectes: la programaci\u00f3 i rob\u00f2tica educativa (amb robots<em> Arduino, Lego Wedo 2.0 i BeeBots<\/em>) i el treball en entorns col\u00b7laboratius (utilitzant eines com <em>Edmodo o GSuite for Education<\/em>, entre d\u2019altres).<\/p>\n<p>&nbsp;<\/p>\n<p><strong>PROGRAMA D&#8217;INNOVACI\u00d3 R\u00c0DIO S@NT@<\/strong><\/p>\n<p>&nbsp;<\/p>\n<p><img loading=\"lazy\" decoding=\"async\" class=\"wp-image-10221 alignleft\" src=\"https:\/\/agora.xtec.cat\/escsantamaria\/wp-content\/uploads\/usu1256\/2018\/10\/logo.png\" alt=\"\" width=\"299\" height=\"216\" srcset=\"https:\/\/agora.xtec.cat\/escsantamaria\/wp-content\/uploads\/usu1256\/2018\/10\/logo.png 500w, https:\/\/agora.xtec.cat\/escsantamaria\/wp-content\/uploads\/usu1256\/2018\/10\/logo-300x217.png 300w\" sizes=\"auto, (max-width: 299px) 100vw, 299px\" \/><\/p>\n<p>&nbsp;<\/p>\n<p>&nbsp;<\/p>\n<p>&nbsp;<\/p>\n<p>&nbsp;<\/p>\n<p>&nbsp;<\/p>\n<p>&nbsp;<\/p>\n<p style=\"text-align: left;\"><strong style=\"font-family: inherit; font-size: 1em; text-align: justify;\">Qu\u00e8 \u00e9s R\u00e0dio S@nt@?<\/strong><\/p>\n<p style=\"text-align: justify;\">\u00a0 \u00a0Despr\u00e9s d\u2019haver realitzat una prova pilot durant el curs 2016-17, durant el curs 2017-18 vam iniciar el projecte R\u00e0dio S@nta, un projecte coordinat per Daniel Romero i en el qual participen tots els nens i nenes d\u2019Educaci\u00f3 Prim\u00e0ria de l\u2019escola. R\u00e0dio S@nt@ \u00e9s l\u2019emissora de r\u00e0dio de la nostra escola, una r\u00e0dio de totes i tots per al m\u00f3n.<\/p>\n<p style=\"text-align: justify;\"><strong>Com ho fem?<\/strong><\/p>\n<p style=\"text-align: justify;\">\u00a0 \u00a0Al llarg del curs pengem a la web 10 programes, un per cada grup d\u2019Educaci\u00f3 Prim\u00e0ria (1r i 2n fan un programa per nivell). Els nens i nenes preparen el gui\u00f3 del programa amb els tutors i tutores a les sessions de Llengua Catalana. Una vegada redactats els textos, enregistren amb el coordinador del projecte, que s\u2019encarrega tamb\u00e9 de realitzar el muntatge final i de penjar el programa a la web i a les xarxes socials. En aquest proper curs 19-20, els alumnes de la Comunitat de Grans participaran en l\u2019edici\u00f3 i muntatge dels programes utilitzant dispositius m\u00f2bils (tauletes i Chromebooks).<\/p>\n<p><strong>R\u00e0dio S@nt@ ha estat recentment reconegut com a projecte d\u2019innovaci\u00f3 educativa pel Departament d\u2019Educaci\u00f3.<\/strong><\/p>\n<p>&nbsp;<\/p>\n<p><strong>PROGRAMACI\u00d3 I ROB\u00d2TICA EDUCATIVA (DE P3 A 6\u00e8)<\/strong><\/p>\n<p style=\"text-align: justify;\">\u00a0 \u00a0El nou curr\u00edculum crea un marc en el qual el professorat ha de provocar curiositat, proposar reptes i donar prou temps per investigar i reflexionar. En aquest context, la programaci\u00f3 i la rob\u00f2tica afavoreixen el treball competencial en el qual l\u2019alumnat n\u2019\u00e9s el protagonista actiu. A l\u2019Escola Santa Maria del Mar treballem la programaci\u00f3 i la rob\u00f2tica educativa en tots els cursos, des de P3 fins a 6\u00e8:<\/p>\n<p>&nbsp;<\/p>\n<p><iframe loading=\"lazy\" src=\"https:\/\/docs.google.com\/presentation\/d\/e\/2PACX-1vQpg019e1iSX0usCqhMQHfDdooS0ShNLXzBa8C83anVhlOJdOLXuQFFBRZlnRbjV8KroiVZeyStioTb\/embed?start=false&amp;loop=false&amp;delayms=60000\" width=\"960\" height=\"569\" frameborder=\"0\" allowfullscreen=\"allowfullscreen\"><\/iframe><\/p>\n<p>&nbsp;<\/p>\n<p style=\"text-align: justify;\"><strong>MOBILITZA&#8217;T: PROGRAMA M\u00d2BILS.EDU<\/strong><\/p>\n<p style=\"text-align: justify;\">\u00a0 \u00a0&#8220;M\u00f2bils.edu&#8221; \u00e9s un pla del Departament d\u2019Educaci\u00f3 que impulsa l\u2019\u00fas de dispositius m\u00f2bils com a tecnologies educatives, integrades en les pr\u00e0ctiques d\u2019aula per adquirir la compet\u00e8ncia digital de l\u2019alumnat i la millora en la resta de compet\u00e8ncies, liderat per la Direcci\u00f3 General d\u2019Innovaci\u00f3, Recerca i Cultura digital. Els objectius principals d&#8217;aquest pla s\u00f3n:<\/p>\n<ol>\n<li>Acompanyar els centres i la comunitat educativa en el proc\u00e9s de transformaci\u00f3 educativa<\/li>\n<li>Millorar la compet\u00e8ncia digital dels alumnes afavorint l\u2019assoliment de les altres compet\u00e8ncies<\/li>\n<li>Posar en valor el paper inclusiu de la tecnologia per assolir l\u2019\u00e8xit educatiu de tot l\u2019alumnat<\/li>\n<\/ol>\n<p>&nbsp;<\/p>\n<p><iframe loading=\"lazy\" title=\"Pla m\u00f2bils.edu per millorar l&#039;\u00e8xit educatiu\" width=\"500\" height=\"281\" src=\"https:\/\/www.youtube.com\/embed\/2vTamla7i60?feature=oembed\" frameborder=\"0\" allow=\"accelerometer; autoplay; clipboard-write; encrypted-media; gyroscope; picture-in-picture; web-share\" referrerpolicy=\"strict-origin-when-cross-origin\" allowfullscreen><\/iframe><\/p>\n<p>L&#8217;Escola Santa Maria del Mar ha sol\u00b7licitat l&#8217;ingr\u00e9s en aquest programa. Per qu\u00e8 volem formar part de &#8220;m\u00f2bils.edu&#8221;?<\/p>\n<div data-url=\"https:\/\/issuu.com\/danielromero18\/docs\/per_qu__volem_participar_la_program\" style=\"width: 500px; height: 625px;\" class=\"issuuembed\"><\/div>\n<p><script type=\"text\/javascript\" src=\"\/\/e.issuu.com\/embed.js\" async=\"true\"><\/script><\/p>\n<p>&nbsp;<\/p>\n<p><strong>ENTORNS DE TREBALL COL\u00b7LABORATIUS: GSUITE FOR EDUCATION I EDMODO<\/strong><\/p>\n<p><iframe loading=\"lazy\" src=\"https:\/\/docs.google.com\/presentation\/d\/e\/2PACX-1vSDdHDCQENoz3yXEFKlt613fTYFl4P2fETLJ4QcF4Ifl1oJc8opB-4VDszh7Kn8x1pySjeqv4RiXd5Q\/embed?start=false&amp;loop=false&amp;delayms=60000\" width=\"960\" height=\"569\" frameborder=\"0\" allowfullscreen=\"allowfullscreen\"><\/iframe><\/p>\n<p>&nbsp;<\/p>\n<p style=\"text-align: justify;\">\n","protected":false},"excerpt":{"rendered":"<p>&nbsp;<br \/>\nPROGRAMA D&#8217;INNOVACI\u00d3 TECNOLOGIES DIGITALS PER A L&#8217;APRENENTATGE: EL CENTRE DIGITAL<br \/>\n\u00a0 \u00a0Descobrir, experimentar i manipular \u00e9s essencial per aconseguir despertar la curiositat dels infants. Les tecnologies de l\u2019aprenentatge i el coneixement (TAC) permeten que els nostres alumnes puguin fer-ho i els converteixen en els protagonistes del&hellip;  <a href=\"https:\/\/agora.xtec.cat\/escsantamaria\/projectes\/us-de-les-noves-tecnologies\/\" title=\"Read \u00das de noves tecnologies a l&#8217;aula\">Llegeix m\u00e9s\u00bb<\/a><\/p>\n","protected":false},"author":1,"featured_media":0,"parent":1501,"menu_order":1,"comment_status":"closed","ping_status":"closed","template":"page-templates\/side-menu.php","meta":{"_bbp_topic_count":0,"_bbp_reply_count":0,"_bbp_total_topic_count":0,"_bbp_total_reply_count":0,"_bbp_voice_count":0,"_bbp_anonymous_reply_count":0,"_bbp_topic_count_hidden":0,"_bbp_reply_count_hidden":0,"_bbp_forum_subforum_count":0,"footnotes":""},"class_list":["post-448","page","type-page","status-publish","hentry"],"post_mailing_queue_ids":[],"_links":{"self":[{"href":"https:\/\/agora.xtec.cat\/escsantamaria\/wp-json\/wp\/v2\/pages\/448","targetHints":{"allow":["GET"]}}],"collection":[{"href":"https:\/\/agora.xtec.cat\/escsantamaria\/wp-json\/wp\/v2\/pages"}],"about":[{"href":"https:\/\/agora.xtec.cat\/escsantamaria\/wp-json\/wp\/v2\/types\/page"}],"author":[{"embeddable":true,"href":"https:\/\/agora.xtec.cat\/escsantamaria\/wp-json\/wp\/v2\/users\/1"}],"replies":[{"embeddable":true,"href":"https:\/\/agora.xtec.cat\/escsantamaria\/wp-json\/wp\/v2\/comments?post=448"}],"version-history":[{"count":4,"href":"https:\/\/agora.xtec.cat\/escsantamaria\/wp-json\/wp\/v2\/pages\/448\/revisions"}],"predecessor-version":[{"id":11218,"href":"https:\/\/agora.xtec.cat\/escsantamaria\/wp-json\/wp\/v2\/pages\/448\/revisions\/11218"}],"up":[{"embeddable":true,"href":"https:\/\/agora.xtec.cat\/escsantamaria\/wp-json\/wp\/v2\/pages\/1501"}],"wp:attachment":[{"href":"https:\/\/agora.xtec.cat\/escsantamaria\/wp-json\/wp\/v2\/media?parent=448"}],"curies":[{"name":"wp","href":"https:\/\/api.w.org\/{rel}","templated":true}]}}