{"id":34,"date":"2014-09-18T12:32:18","date_gmt":"2014-09-18T11:32:18","guid":{"rendered":"http:\/\/agora.xtec.cat\/escsantamaria\/?page_id=34"},"modified":"2024-06-18T22:34:16","modified_gmt":"2024-06-18T20:34:16","slug":"oferta-educativa","status":"publish","type":"page","link":"https:\/\/agora.xtec.cat\/escsantamaria\/lescola\/oferta-educativa\/","title":{"rendered":"Oferta educativa"},"content":{"rendered":"<p class=\"paragraph_style_3\"><strong>OFERTA EDUCATIVA<\/strong><\/p>\n<p class=\"paragraph_style_3\"><span class=\"style_1\">L<\/span>\u2018Escola Santa Maria del Mar \u00e9s una escola p\u00fablica depenent del Departament d\u2019Ensenyament de la Generalitat de Catalunya.<\/p>\n<p class=\"paragraph_style_4\">El nivells educatius impartits al centre s\u00f3n:<\/p>\n<ul>\n<li class=\"paragraph_style_4\">\u00a0Educaci\u00f3 Infantil: I3, I4 i I5.<\/li>\n<li class=\"paragraph_style_4\">\u00a0Educaci\u00f3 prim\u00e0ria: 1r, 2n, 3r, 4t, 5\u00e8 i 6\u00e8.<\/li>\n<\/ul>\n","protected":false},"excerpt":{"rendered":"<p>OFERTA EDUCATIVA<br \/>\nL\u2018Escola Santa Maria del Mar \u00e9s una escola p\u00fablica depenent del Departament d\u2019Ensenyament de la Generalitat de Catalunya.<br \/>\nEl nivells educatius impartits al centre s\u00f3n:<\/p>\n<ul>\n<li class=\"paragraph_style_4\">\u00a0Educaci\u00f3 Infantil: I3, I4 i I5.<\/li>\n<li class=\"paragraph_style_4\">\u00a0Educaci\u00f3 prim\u00e0ria: 1r, 2n, 3r, 4t, 5\u00e8 i 6\u00e8.<\/li>\n<\/ul>\n","protected":false},"author":1,"featured_media":0,"parent":22,"menu_order":7,"comment_status":"closed","ping_status":"closed","template":"page-templates\/side-menu.php","meta":{"_bbp_topic_count":0,"_bbp_reply_count":0,"_bbp_total_topic_count":0,"_bbp_total_reply_count":0,"_bbp_voice_count":0,"_bbp_anonymous_reply_count":0,"_bbp_topic_count_hidden":0,"_bbp_reply_count_hidden":0,"_bbp_forum_subforum_count":0,"footnotes":""},"class_list":["post-34","page","type-page","status-publish","hentry"],"post_mailing_queue_ids":[],"_links":{"self":[{"href":"https:\/\/agora.xtec.cat\/escsantamaria\/wp-json\/wp\/v2\/pages\/34","targetHints":{"allow":["GET"]}}],"collection":[{"href":"https:\/\/agora.xtec.cat\/escsantamaria\/wp-json\/wp\/v2\/pages"}],"about":[{"href":"https:\/\/agora.xtec.cat\/escsantamaria\/wp-json\/wp\/v2\/types\/page"}],"author":[{"embeddable":true,"href":"https:\/\/agora.xtec.cat\/escsantamaria\/wp-json\/wp\/v2\/users\/1"}],"replies":[{"embeddable":true,"href":"https:\/\/agora.xtec.cat\/escsantamaria\/wp-json\/wp\/v2\/comments?post=34"}],"version-history":[{"count":4,"href":"https:\/\/agora.xtec.cat\/escsantamaria\/wp-json\/wp\/v2\/pages\/34\/revisions"}],"predecessor-version":[{"id":16280,"href":"https:\/\/agora.xtec.cat\/escsantamaria\/wp-json\/wp\/v2\/pages\/34\/revisions\/16280"}],"up":[{"embeddable":true,"href":"https:\/\/agora.xtec.cat\/escsantamaria\/wp-json\/wp\/v2\/pages\/22"}],"wp:attachment":[{"href":"https:\/\/agora.xtec.cat\/escsantamaria\/wp-json\/wp\/v2\/media?parent=34"}],"curies":[{"name":"wp","href":"https:\/\/api.w.org\/{rel}","templated":true}]}}