{"id":32,"date":"2014-09-18T12:31:33","date_gmt":"2014-09-18T11:31:33","guid":{"rendered":"http:\/\/agora.xtec.cat\/escsantamaria\/?page_id=32"},"modified":"2026-01-23T09:40:52","modified_gmt":"2026-01-23T08:40:52","slug":"calendari-del-curs","status":"publish","type":"page","link":"https:\/\/agora.xtec.cat\/escsantamaria\/lescola\/calendari-del-curs\/","title":{"rendered":"Calendari del curs 2025-2026"},"content":{"rendered":"<h4 style=\"text-align: justify;\"><strong>Inici de curs:<\/strong><\/h4>\n<p>8 de setembre de 2025.<\/p>\n<h4 style=\"text-align: justify;\"><strong>Vacances:<\/strong><\/h4>\n<p style=\"text-align: justify;\">NADAL: del 20 de desembre de 2025 al 7 de gener de 2026 (ambd\u00f3s inclosos).<\/p>\n<p style=\"text-align: justify;\">SETMANA SANTA: del 28 de mar\u00e7 al 6 d\u2019abril de 2026 (ambd\u00f3s inclosos).<\/p>\n<p style=\"text-align: justify;\">FINAL DE CURS: 19 de juny de 2026.<\/p>\n<h4 style=\"text-align: justify;\"><strong>Dies festius de lliure disposici\u00f3:<\/strong><\/h4>\n<p>31 d\u2019octubre de 2025, 9 de febrer de 2026, 4 de maig de 2026, 25 de maig de 2026.<\/p>\n<h4 style=\"text-align: justify;\"><strong>Festius:<\/strong><\/h4>\n<p>11 de setembre de 2025, 12 d\u2019octubre de 2025, 1 de novembre de 2025, 6 i 8 de desembre de 2025, 1 de maig de 2026 i 24 de juny de 2026.<\/p>\n<h4 style=\"text-align: justify;\"><strong>Festius locals:<\/strong><\/h4>\n<p>30 d\u2019octubre de 2025 i 6 de febrer de 2026.<\/p>\n<h4 style=\"text-align: justify;\"><strong>Jornada continuada:<\/strong><\/h4>\n<p>19 de desembre de 2025, i del 8 al 19 de juny de 2026 (ambd\u00f3s inclosos).<\/p>\n<p style=\"text-align: justify;\">L\u2019<b>horari lectiu<\/b> del centre \u00e9s de 9 a 12.30h i de 15.00 a 16.30h per a tots els alumnes del centre.<\/p>\n<p><strong>L&#8217;horari lectiu amb jornada continuada<\/strong> \u00e9s de 9 a 13h.<\/p>\n<p style=\"text-align: justify;\">Per als alumnes que inicien l\u2019escolaritzaci\u00f3 a I3 s\u2019organitza un breu per\u00edode d\u2019adaptaci\u00f3 que suposa una certa modificaci\u00f3 dels horaris dels primers dies de classe, i que es fa saber a les fam\u00edlies en les reunions pr\u00e8vies corresponents.<\/p>\n<p><a href=\"https:\/\/agora.xtec.cat\/escsantamaria\/wp-content\/uploads\/usu1256\/2025\/06\/Calendari-escolar-del-curs-2025-26.pdf\" target=\"_blank\" rel=\"noopener\">Calendari escolar del curs 2025-2026 (PDF descarregable)<\/a><\/p>\n<p>&nbsp;<\/p>\n","protected":false},"excerpt":{"rendered":"<p>Inici de curs:<br \/>\n8 de setembre de 2025.<br \/>\nVacances:<br \/>\nNADAL: del 20 de desembre de 2025 al 7 de gener de 2026 (ambd\u00f3s inclosos).<br \/>\nSETMANA SANTA: del 28 de mar\u00e7 al 6 d\u2019abril de 2026 (ambd\u00f3s inclosos).<br \/>\nFINAL DE CURS: 19 de juny de 2026.<br \/>\nDies festius de lliure disposici\u00f3:<br \/>\n31 d\u2019octubre&hellip;  <a href=\"https:\/\/agora.xtec.cat\/escsantamaria\/lescola\/calendari-del-curs\/\" title=\"Read Calendari del curs 2025-2026\">Llegeix m\u00e9s\u00bb<\/a><\/p>\n","protected":false},"author":1,"featured_media":0,"parent":22,"menu_order":6,"comment_status":"closed","ping_status":"closed","template":"page-templates\/side-menu.php","meta":{"_bbp_topic_count":0,"_bbp_reply_count":0,"_bbp_total_topic_count":0,"_bbp_total_reply_count":0,"_bbp_voice_count":0,"_bbp_anonymous_reply_count":0,"_bbp_topic_count_hidden":0,"_bbp_reply_count_hidden":0,"_bbp_forum_subforum_count":0,"footnotes":""},"class_list":["post-32","page","type-page","status-publish","hentry"],"post_mailing_queue_ids":[],"_links":{"self":[{"href":"https:\/\/agora.xtec.cat\/escsantamaria\/wp-json\/wp\/v2\/pages\/32","targetHints":{"allow":["GET"]}}],"collection":[{"href":"https:\/\/agora.xtec.cat\/escsantamaria\/wp-json\/wp\/v2\/pages"}],"about":[{"href":"https:\/\/agora.xtec.cat\/escsantamaria\/wp-json\/wp\/v2\/types\/page"}],"author":[{"embeddable":true,"href":"https:\/\/agora.xtec.cat\/escsantamaria\/wp-json\/wp\/v2\/users\/1"}],"replies":[{"embeddable":true,"href":"https:\/\/agora.xtec.cat\/escsantamaria\/wp-json\/wp\/v2\/comments?post=32"}],"version-history":[{"count":7,"href":"https:\/\/agora.xtec.cat\/escsantamaria\/wp-json\/wp\/v2\/pages\/32\/revisions"}],"predecessor-version":[{"id":17574,"href":"https:\/\/agora.xtec.cat\/escsantamaria\/wp-json\/wp\/v2\/pages\/32\/revisions\/17574"}],"up":[{"embeddable":true,"href":"https:\/\/agora.xtec.cat\/escsantamaria\/wp-json\/wp\/v2\/pages\/22"}],"wp:attachment":[{"href":"https:\/\/agora.xtec.cat\/escsantamaria\/wp-json\/wp\/v2\/media?parent=32"}],"curies":[{"name":"wp","href":"https:\/\/api.w.org\/{rel}","templated":true}]}}