{"id":30,"date":"2014-09-18T12:30:23","date_gmt":"2014-09-18T11:30:23","guid":{"rendered":"http:\/\/agora.xtec.cat\/escsantamaria\/?page_id=30"},"modified":"2026-02-23T17:44:38","modified_gmt":"2026-02-23T16:44:38","slug":"instal%c2%b7lacions","status":"publish","type":"page","link":"https:\/\/agora.xtec.cat\/escsantamaria\/lescola\/instal%c2%b7lacions\/","title":{"rendered":"Instal\u00b7lacions"},"content":{"rendered":"<p><img loading=\"lazy\" decoding=\"async\" class=\"aligncenter wp-image-11211\" src=\"https:\/\/agora.xtec.cat\/escsantamaria\/wp-content\/uploads\/usu1256\/2019\/07\/IMG_20190709_133224-1024x768.jpg\" alt=\"\" width=\"651\" height=\"488\" srcset=\"https:\/\/agora.xtec.cat\/escsantamaria\/wp-content\/uploads\/usu1256\/2019\/07\/IMG_20190709_133224-1024x768.jpg 1024w, https:\/\/agora.xtec.cat\/escsantamaria\/wp-content\/uploads\/usu1256\/2019\/07\/IMG_20190709_133224-300x225.jpg 300w, https:\/\/agora.xtec.cat\/escsantamaria\/wp-content\/uploads\/usu1256\/2019\/07\/IMG_20190709_133224-768x576.jpg 768w, https:\/\/agora.xtec.cat\/escsantamaria\/wp-content\/uploads\/usu1256\/2019\/07\/IMG_20190709_133224-200x150.jpg 200w, https:\/\/agora.xtec.cat\/escsantamaria\/wp-content\/uploads\/usu1256\/2019\/07\/IMG_20190709_133224.jpg 1152w\" sizes=\"auto, (max-width: 651px) 100vw, 651px\" \/><\/p>\n<p><u>EQUIPAMENTS DEL CENTRE<\/u>:<\/p>\n<ul>\n<li>6 aules d\u2019Educaci\u00f3 Infantil, totes elles dotades de panells digitals interactius.<\/li>\n<\/ul>\n<p><a href=\"https:\/\/agora.xtec.cat\/escsantamaria\/wp-content\/uploads\/usu1256\/2020\/04\/Aula-P3-A-2.jpg\"><img loading=\"lazy\" decoding=\"async\" class=\"aligncenter wp-image-12355\" src=\"https:\/\/agora.xtec.cat\/escsantamaria\/wp-content\/uploads\/usu1256\/2020\/04\/Aula-P3-A-2-1024x576.jpg\" alt=\"\" width=\"648\" height=\"364\" srcset=\"https:\/\/agora.xtec.cat\/escsantamaria\/wp-content\/uploads\/usu1256\/2020\/04\/Aula-P3-A-2-1024x576.jpg 1024w, https:\/\/agora.xtec.cat\/escsantamaria\/wp-content\/uploads\/usu1256\/2020\/04\/Aula-P3-A-2-300x169.jpg 300w, https:\/\/agora.xtec.cat\/escsantamaria\/wp-content\/uploads\/usu1256\/2020\/04\/Aula-P3-A-2-768x432.jpg 768w, https:\/\/agora.xtec.cat\/escsantamaria\/wp-content\/uploads\/usu1256\/2020\/04\/Aula-P3-A-2.jpg 1920w\" sizes=\"auto, (max-width: 648px) 100vw, 648px\" \/><\/a><\/p>\n<p style=\"text-align: center;\">Aula I3 A<\/p>\n<ul>\n<li>Un gimn\u00e0s \/ aula de Psicomotricitat amb terra de parquet, molt ben equipat, amb projector i equip de m\u00fasica.<\/li>\n<\/ul>\n<p><a href=\"https:\/\/agora.xtec.cat\/escsantamaria\/wp-content\/uploads\/usu1256\/2020\/04\/Aula-de-Psicomotricitat.jpg\"><img loading=\"lazy\" decoding=\"async\" class=\"aligncenter wp-image-12356\" src=\"https:\/\/agora.xtec.cat\/escsantamaria\/wp-content\/uploads\/usu1256\/2020\/04\/Aula-de-Psicomotricitat-1024x576.jpg\" alt=\"\" width=\"655\" height=\"368\" srcset=\"https:\/\/agora.xtec.cat\/escsantamaria\/wp-content\/uploads\/usu1256\/2020\/04\/Aula-de-Psicomotricitat-1024x576.jpg 1024w, https:\/\/agora.xtec.cat\/escsantamaria\/wp-content\/uploads\/usu1256\/2020\/04\/Aula-de-Psicomotricitat-300x169.jpg 300w, https:\/\/agora.xtec.cat\/escsantamaria\/wp-content\/uploads\/usu1256\/2020\/04\/Aula-de-Psicomotricitat-768x432.jpg 768w, https:\/\/agora.xtec.cat\/escsantamaria\/wp-content\/uploads\/usu1256\/2020\/04\/Aula-de-Psicomotricitat.jpg 1920w\" sizes=\"auto, (max-width: 655px) 100vw, 655px\" \/><\/a><\/p>\n<p style=\"text-align: center;\">Aula de psicomotricitat<\/p>\n<ul>\n<li>13 aules d\u2019Educaci\u00f3 Prim\u00e0ria amb panell digital interactiu.<\/li>\n<\/ul>\n<p><a href=\"https:\/\/agora.xtec.cat\/escsantamaria\/wp-content\/uploads\/usu1256\/2020\/04\/Aula-1r-A.jpg\"><img loading=\"lazy\" decoding=\"async\" class=\"aligncenter wp-image-12359\" src=\"https:\/\/agora.xtec.cat\/escsantamaria\/wp-content\/uploads\/usu1256\/2020\/04\/Aula-1r-A-1024x576.jpg\" alt=\"\" width=\"664\" height=\"374\" srcset=\"https:\/\/agora.xtec.cat\/escsantamaria\/wp-content\/uploads\/usu1256\/2020\/04\/Aula-1r-A-1024x576.jpg 1024w, https:\/\/agora.xtec.cat\/escsantamaria\/wp-content\/uploads\/usu1256\/2020\/04\/Aula-1r-A-300x169.jpg 300w, https:\/\/agora.xtec.cat\/escsantamaria\/wp-content\/uploads\/usu1256\/2020\/04\/Aula-1r-A-768x432.jpg 768w, https:\/\/agora.xtec.cat\/escsantamaria\/wp-content\/uploads\/usu1256\/2020\/04\/Aula-1r-A.jpg 1366w\" sizes=\"auto, (max-width: 664px) 100vw, 664px\" \/><\/a><\/p>\n<p>&nbsp;<\/p>\n<ul>\n<li>10 aules inform\u00e0tica port\u00e0tils: 2 carros port\u00e0tils amb 28 port\u00e0tils Chromebook, 1 carro port\u00e0til amb tablets Lenovo (CI), 1 carro port\u00e0til amb tablets BQ\/Lenovo (CM) i 1 maleta amb 15 tablets Lenovo (EI). A m\u00e9s, tots els alumnes de 5\u00e8 i 6\u00e8 disposen del seu propi port\u00e0til Chromebook a l&#8217;aula.<\/li>\n<\/ul>\n<p><a href=\"https:\/\/agora.xtec.cat\/escsantamaria\/wp-content\/uploads\/usu1256\/2020\/04\/tablets.jpg\"><img loading=\"lazy\" decoding=\"async\" class=\"aligncenter wp-image-12364\" src=\"https:\/\/agora.xtec.cat\/escsantamaria\/wp-content\/uploads\/usu1256\/2020\/04\/tablets-1024x576.jpg\" alt=\"\" width=\"659\" height=\"371\" srcset=\"https:\/\/agora.xtec.cat\/escsantamaria\/wp-content\/uploads\/usu1256\/2020\/04\/tablets-1024x576.jpg 1024w, https:\/\/agora.xtec.cat\/escsantamaria\/wp-content\/uploads\/usu1256\/2020\/04\/tablets-300x169.jpg 300w, https:\/\/agora.xtec.cat\/escsantamaria\/wp-content\/uploads\/usu1256\/2020\/04\/tablets-768x432.jpg 768w, https:\/\/agora.xtec.cat\/escsantamaria\/wp-content\/uploads\/usu1256\/2020\/04\/tablets.jpg 1366w\" sizes=\"auto, (max-width: 659px) 100vw, 659px\" \/><\/a><\/p>\n<p>&nbsp;<\/p>\n<ul>\n<li>Aula de ci\u00e8ncies amb material de laboratori, rob\u00f2tica, r\u00e0dio i audiovisuals. Com a material de rob\u00f2tica, disposem de robots Tale-bot, Beebots, mTiny. A m\u00e9s, disposem de kits de rob\u00f2tica de Lego (Wedo 2.0 i Spike Prime) i plaques Microbit.<\/li>\n<\/ul>\n<p><img loading=\"lazy\" decoding=\"async\" class=\"aligncenter\" src=\"https:\/\/agora.xtec.cat\/escsantamaria\/wp-content\/uploads\/usu1256\/2025\/01\/IMG20250121152724-1024x576.jpg\" width=\"657\" height=\"369\" \/><\/p>\n<p><img decoding=\"async\" class=\"aligncenter\" src=\"https:\/\/agora.xtec.cat\/escsantamaria\/wp-content\/uploads\/usu1256\/2024\/11\/5e.jpg\" \/><\/p>\n<p>&nbsp;<\/p>\n<ul>\n<li>Biblioteca d\u2019escola i biblioteques a totes les aules.<\/li>\n<\/ul>\n<p><img loading=\"lazy\" decoding=\"async\" class=\"aligncenter wp-image-16852\" src=\"https:\/\/agora.xtec.cat\/escsantamaria\/wp-content\/uploads\/usu1256\/2025\/02\/biblio-1024x576.jpg\" alt=\"\" width=\"634\" height=\"356\" srcset=\"https:\/\/agora.xtec.cat\/escsantamaria\/wp-content\/uploads\/usu1256\/2025\/02\/biblio-1024x576.jpg 1024w, https:\/\/agora.xtec.cat\/escsantamaria\/wp-content\/uploads\/usu1256\/2025\/02\/biblio-300x169.jpg 300w, https:\/\/agora.xtec.cat\/escsantamaria\/wp-content\/uploads\/usu1256\/2025\/02\/biblio-768x432.jpg 768w, https:\/\/agora.xtec.cat\/escsantamaria\/wp-content\/uploads\/usu1256\/2025\/02\/biblio-1536x864.jpg 1536w, https:\/\/agora.xtec.cat\/escsantamaria\/wp-content\/uploads\/usu1256\/2025\/02\/biblio-2048x1153.jpg 2048w\" sizes=\"auto, (max-width: 634px) 100vw, 634px\" \/><\/p>\n<p>&nbsp;<\/p>\n<ul>\n<li>Secretaria i sala de reunions<\/li>\n<\/ul>\n<p><a href=\"https:\/\/agora.xtec.cat\/escsantamaria\/wp-content\/uploads\/usu1256\/2020\/04\/despatxos.jpg\"><img loading=\"lazy\" decoding=\"async\" class=\"aligncenter wp-image-12375\" src=\"https:\/\/agora.xtec.cat\/escsantamaria\/wp-content\/uploads\/usu1256\/2020\/04\/despatxos.jpg\" alt=\"\" width=\"635\" height=\"424\" srcset=\"https:\/\/agora.xtec.cat\/escsantamaria\/wp-content\/uploads\/usu1256\/2020\/04\/despatxos.jpg 985w, https:\/\/agora.xtec.cat\/escsantamaria\/wp-content\/uploads\/usu1256\/2020\/04\/despatxos-300x200.jpg 300w, https:\/\/agora.xtec.cat\/escsantamaria\/wp-content\/uploads\/usu1256\/2020\/04\/despatxos-768x512.jpg 768w\" sizes=\"auto, (max-width: 635px) 100vw, 635px\" \/><\/a><\/p>\n<ul>\n<li>Espais de lectura i per treballar en petit grup repartits per l\u2019escola.<\/li>\n<\/ul>\n<p><a href=\"https:\/\/agora.xtec.cat\/escsantamaria\/wp-content\/uploads\/usu1256\/2020\/04\/raco1.jpg\"><img loading=\"lazy\" decoding=\"async\" class=\"aligncenter wp-image-12378\" src=\"https:\/\/agora.xtec.cat\/escsantamaria\/wp-content\/uploads\/usu1256\/2020\/04\/raco1.jpg\" alt=\"\" width=\"636\" height=\"477\" srcset=\"https:\/\/agora.xtec.cat\/escsantamaria\/wp-content\/uploads\/usu1256\/2020\/04\/raco1.jpg 960w, https:\/\/agora.xtec.cat\/escsantamaria\/wp-content\/uploads\/usu1256\/2020\/04\/raco1-300x225.jpg 300w, https:\/\/agora.xtec.cat\/escsantamaria\/wp-content\/uploads\/usu1256\/2020\/04\/raco1-768x576.jpg 768w, https:\/\/agora.xtec.cat\/escsantamaria\/wp-content\/uploads\/usu1256\/2020\/04\/raco1-200x150.jpg 200w\" sizes=\"auto, (max-width: 636px) 100vw, 636px\" \/><\/a><\/p>\n<p>&nbsp;<\/p>\n<p><a href=\"https:\/\/agora.xtec.cat\/escsantamaria\/wp-content\/uploads\/usu1256\/2020\/04\/raco2.jpg\"><img loading=\"lazy\" decoding=\"async\" class=\"aligncenter wp-image-12379\" src=\"https:\/\/agora.xtec.cat\/escsantamaria\/wp-content\/uploads\/usu1256\/2020\/04\/raco2.jpg\" alt=\"\" width=\"640\" height=\"480\" srcset=\"https:\/\/agora.xtec.cat\/escsantamaria\/wp-content\/uploads\/usu1256\/2020\/04\/raco2.jpg 960w, https:\/\/agora.xtec.cat\/escsantamaria\/wp-content\/uploads\/usu1256\/2020\/04\/raco2-300x225.jpg 300w, https:\/\/agora.xtec.cat\/escsantamaria\/wp-content\/uploads\/usu1256\/2020\/04\/raco2-768x576.jpg 768w, https:\/\/agora.xtec.cat\/escsantamaria\/wp-content\/uploads\/usu1256\/2020\/04\/raco2-200x150.jpg 200w\" sizes=\"auto, (max-width: 640px) 100vw, 640px\" \/><\/a><\/p>\n<p>&nbsp;<\/p>\n<ul>\n<li>Pati exclusiu per als alumnes d\u2019Educaci\u00f3 Infantil amb un espai de joc infantil (gronxadors, caseta, sorral amb galledes, pales i raclets).<\/li>\n<\/ul>\n<p><a href=\"https:\/\/agora.xtec.cat\/escsantamaria\/wp-content\/uploads\/usu1256\/2020\/04\/Pati-dEducaci\u00f3-Infantil.jpg\"><img loading=\"lazy\" decoding=\"async\" class=\"aligncenter wp-image-12368\" src=\"https:\/\/agora.xtec.cat\/escsantamaria\/wp-content\/uploads\/usu1256\/2020\/04\/Pati-dEducaci\u00f3-Infantil-1024x576.jpg\" alt=\"\" width=\"637\" height=\"358\" srcset=\"https:\/\/agora.xtec.cat\/escsantamaria\/wp-content\/uploads\/usu1256\/2020\/04\/Pati-dEducaci\u00f3-Infantil-1024x576.jpg 1024w, https:\/\/agora.xtec.cat\/escsantamaria\/wp-content\/uploads\/usu1256\/2020\/04\/Pati-dEducaci\u00f3-Infantil-300x169.jpg 300w, https:\/\/agora.xtec.cat\/escsantamaria\/wp-content\/uploads\/usu1256\/2020\/04\/Pati-dEducaci\u00f3-Infantil-768x432.jpg 768w, https:\/\/agora.xtec.cat\/escsantamaria\/wp-content\/uploads\/usu1256\/2020\/04\/Pati-dEducaci\u00f3-Infantil.jpg 1920w\" sizes=\"auto, (max-width: 637px) 100vw, 637px\" \/><\/a><\/p>\n<ul>\n<li>Pati amb dues pistes poliesportives polivalents.<\/li>\n<\/ul>\n<p><img loading=\"lazy\" decoding=\"async\" class=\"aligncenter wp-image-12370\" src=\"https:\/\/agora.xtec.cat\/escsantamaria\/wp-content\/uploads\/usu1256\/2020\/04\/pati-1024x576.jpg\" alt=\"\" width=\"636\" height=\"358\" srcset=\"https:\/\/agora.xtec.cat\/escsantamaria\/wp-content\/uploads\/usu1256\/2020\/04\/pati-1024x576.jpg 1024w, https:\/\/agora.xtec.cat\/escsantamaria\/wp-content\/uploads\/usu1256\/2020\/04\/pati-300x169.jpg 300w, https:\/\/agora.xtec.cat\/escsantamaria\/wp-content\/uploads\/usu1256\/2020\/04\/pati-768x432.jpg 768w, https:\/\/agora.xtec.cat\/escsantamaria\/wp-content\/uploads\/usu1256\/2020\/04\/pati.jpg 1366w\" sizes=\"auto, (max-width: 636px) 100vw, 636px\" \/><\/p>\n<ul>\n<li>Patis de sorra (alumnes de Cicle Inicial i alumnes de Cicles Mitj\u00e0 i Superior).<\/li>\n<\/ul>\n<p><a href=\"https:\/\/agora.xtec.cat\/escsantamaria\/wp-content\/uploads\/usu1256\/2020\/04\/pati-sorra.jpg\"><img loading=\"lazy\" decoding=\"async\" class=\"aligncenter wp-image-12369\" src=\"https:\/\/agora.xtec.cat\/escsantamaria\/wp-content\/uploads\/usu1256\/2020\/04\/pati-sorra-1024x576.jpg\" alt=\"\" width=\"635\" height=\"357\" srcset=\"https:\/\/agora.xtec.cat\/escsantamaria\/wp-content\/uploads\/usu1256\/2020\/04\/pati-sorra-1024x576.jpg 1024w, https:\/\/agora.xtec.cat\/escsantamaria\/wp-content\/uploads\/usu1256\/2020\/04\/pati-sorra-300x169.jpg 300w, https:\/\/agora.xtec.cat\/escsantamaria\/wp-content\/uploads\/usu1256\/2020\/04\/pati-sorra-768x432.jpg 768w, https:\/\/agora.xtec.cat\/escsantamaria\/wp-content\/uploads\/usu1256\/2020\/04\/pati-sorra.jpg 1366w\" sizes=\"auto, (max-width: 635px) 100vw, 635px\" \/><\/a><\/p>\n<ul>\n<li>Zona de jocs coberta<\/li>\n<\/ul>\n<p><a href=\"https:\/\/agora.xtec.cat\/escsantamaria\/wp-content\/uploads\/usu1256\/2020\/04\/piramide.jpg\"><img loading=\"lazy\" decoding=\"async\" class=\"aligncenter wp-image-12371\" src=\"https:\/\/agora.xtec.cat\/escsantamaria\/wp-content\/uploads\/usu1256\/2020\/04\/piramide-1024x576.jpg\" alt=\"\" width=\"640\" height=\"360\" srcset=\"https:\/\/agora.xtec.cat\/escsantamaria\/wp-content\/uploads\/usu1256\/2020\/04\/piramide-1024x576.jpg 1024w, https:\/\/agora.xtec.cat\/escsantamaria\/wp-content\/uploads\/usu1256\/2020\/04\/piramide-300x169.jpg 300w, https:\/\/agora.xtec.cat\/escsantamaria\/wp-content\/uploads\/usu1256\/2020\/04\/piramide-768x432.jpg 768w, https:\/\/agora.xtec.cat\/escsantamaria\/wp-content\/uploads\/usu1256\/2020\/04\/piramide.jpg 1366w\" sizes=\"auto, (max-width: 640px) 100vw, 640px\" \/><\/a><\/p>\n<ul>\n<li>Roc\u00f2drom<\/li>\n<\/ul>\n<p><a href=\"https:\/\/agora.xtec.cat\/escsantamaria\/wp-content\/uploads\/usu1256\/2020\/04\/Roc\u00f2drom.jpg\"><img loading=\"lazy\" decoding=\"async\" class=\"aligncenter wp-image-12373\" src=\"https:\/\/agora.xtec.cat\/escsantamaria\/wp-content\/uploads\/usu1256\/2020\/04\/Roc\u00f2drom.jpg\" alt=\"\" width=\"642\" height=\"362\" srcset=\"https:\/\/agora.xtec.cat\/escsantamaria\/wp-content\/uploads\/usu1256\/2020\/04\/Roc\u00f2drom.jpg 960w, https:\/\/agora.xtec.cat\/escsantamaria\/wp-content\/uploads\/usu1256\/2020\/04\/Roc\u00f2drom-300x169.jpg 300w, https:\/\/agora.xtec.cat\/escsantamaria\/wp-content\/uploads\/usu1256\/2020\/04\/Roc\u00f2drom-768x432.jpg 768w\" sizes=\"auto, (max-width: 642px) 100vw, 642px\" \/><\/a><\/p>\n<ul>\n<li>Hort<\/li>\n<\/ul>\n<p><a href=\"https:\/\/agora.xtec.cat\/escsantamaria\/wp-content\/uploads\/usu1256\/2020\/04\/hort.jpg\"><img loading=\"lazy\" decoding=\"async\" class=\"aligncenter wp-image-12362\" src=\"https:\/\/agora.xtec.cat\/escsantamaria\/wp-content\/uploads\/usu1256\/2020\/04\/hort-1024x576.jpg\" alt=\"\" width=\"644\" height=\"362\" srcset=\"https:\/\/agora.xtec.cat\/escsantamaria\/wp-content\/uploads\/usu1256\/2020\/04\/hort-1024x576.jpg 1024w, https:\/\/agora.xtec.cat\/escsantamaria\/wp-content\/uploads\/usu1256\/2020\/04\/hort-300x169.jpg 300w, https:\/\/agora.xtec.cat\/escsantamaria\/wp-content\/uploads\/usu1256\/2020\/04\/hort-768x432.jpg 768w, https:\/\/agora.xtec.cat\/escsantamaria\/wp-content\/uploads\/usu1256\/2020\/04\/hort.jpg 1366w\" sizes=\"auto, (max-width: 644px) 100vw, 644px\" \/><\/a><\/p>\n<p>&nbsp;<\/p>\n<ul>\n<li>Pista coberta (en construcci\u00f3)<\/li>\n<\/ul>\n<p><img loading=\"lazy\" decoding=\"async\" class=\"aligncenter  wp-image-17649\" src=\"https:\/\/agora.xtec.cat\/escsantamaria\/wp-content\/uploads\/usu1256\/2026\/02\/IMG-20260223-WA0036-1024x806.jpg\" alt=\"\" width=\"640\" height=\"504\" srcset=\"https:\/\/agora.xtec.cat\/escsantamaria\/wp-content\/uploads\/usu1256\/2026\/02\/IMG-20260223-WA0036-1024x806.jpg 1024w, https:\/\/agora.xtec.cat\/escsantamaria\/wp-content\/uploads\/usu1256\/2026\/02\/IMG-20260223-WA0036-300x236.jpg 300w, https:\/\/agora.xtec.cat\/escsantamaria\/wp-content\/uploads\/usu1256\/2026\/02\/IMG-20260223-WA0036-768x605.jpg 768w, https:\/\/agora.xtec.cat\/escsantamaria\/wp-content\/uploads\/usu1256\/2026\/02\/IMG-20260223-WA0036.jpg 1200w\" sizes=\"auto, (max-width: 640px) 100vw, 640px\" \/><\/p>\n<p>&nbsp;<\/p>\n<ul>\n<li>Ascensor<\/li>\n<li>Aula de m\u00fasica amb piano i panell digital interactiu<\/li>\n<li>Aula d\u2019acollida per a alumnes nouvinguts, amb panell digital i 6 ordinadors<\/li>\n<li>4 aules d\u2019Educaci\u00f3 Especial.<\/li>\n<li>Sala de mestres<\/li>\n<li>Despatx de direcci\u00f3<\/li>\n<li>Vestuaris per a nens i per a nenes<\/li>\n<li>Menjador amb cuina pr\u00f2pia.<\/li>\n<\/ul>\n<p><img loading=\"lazy\" decoding=\"async\" class=\"aligncenter wp-image-11212\" src=\"https:\/\/agora.xtec.cat\/escsantamaria\/wp-content\/uploads\/usu1256\/2019\/07\/IMG_20190709_133349-1024x768.jpg\" alt=\"\" width=\"651\" height=\"488\" srcset=\"https:\/\/agora.xtec.cat\/escsantamaria\/wp-content\/uploads\/usu1256\/2019\/07\/IMG_20190709_133349-1024x768.jpg 1024w, https:\/\/agora.xtec.cat\/escsantamaria\/wp-content\/uploads\/usu1256\/2019\/07\/IMG_20190709_133349-300x225.jpg 300w, https:\/\/agora.xtec.cat\/escsantamaria\/wp-content\/uploads\/usu1256\/2019\/07\/IMG_20190709_133349-768x576.jpg 768w, https:\/\/agora.xtec.cat\/escsantamaria\/wp-content\/uploads\/usu1256\/2019\/07\/IMG_20190709_133349-200x150.jpg 200w, https:\/\/agora.xtec.cat\/escsantamaria\/wp-content\/uploads\/usu1256\/2019\/07\/IMG_20190709_133349.jpg 1217w\" sizes=\"auto, (max-width: 651px) 100vw, 651px\" \/><\/p>\n","protected":false},"excerpt":{"rendered":"<p>EQUIPAMENTS DEL CENTRE:<\/p>\n<ul>\n<li>6 aules d\u2019Educaci\u00f3 Infantil, totes elles dotades de panells digitals interactius.<\/li>\n<\/ul>\n<p><a href=\"https:\/\/agora.xtec.cat\/escsantamaria\/wp-content\/uploads\/usu1256\/2020\/04\/Aula-P3-A-2.jpg\"><\/a><br \/>\nAula I3 A<\/p>\n<ul>\n<li>Un gimn\u00e0s \/ aula de Psicomotricitat amb terra de parquet, molt ben equipat, amb projector i equip de m\u00fasica.<\/li>\n<\/ul>\n<p><a href=\"https:\/\/agora.xtec.cat\/escsantamaria\/wp-content\/uploads\/usu1256\/2020\/04\/Aula-de-Psicomotricitat.jpg\"><\/a><br \/>\nAula de psicomotricitat<\/p>\n<ul>\n<li>13 aules d\u2019Educaci\u00f3 Prim\u00e0ria amb panell digital interactiu.<\/li>\n<\/ul>\n<p><a href=\"https:\/\/agora.xtec.cat\/escsantamaria\/wp-content\/uploads\/usu1256\/2020\/04\/Aula-1r-A.jpg\"><\/a><br \/>\n&nbsp;<\/p>\n<ul>\n<li>10&hellip;  <a href=\"https:\/\/agora.xtec.cat\/escsantamaria\/lescola\/instal%c2%b7lacions\/\" title=\"Read Instal\u00b7lacions\">Llegeix m\u00e9s\u00bb<\/a><br \/>\n","protected":false},"author":1,"featured_media":0,"parent":22,"menu_order":5,"comment_status":"closed","ping_status":"closed","template":"page-templates\/side-menu.php","meta":{"_bbp_topic_count":0,"_bbp_reply_count":0,"_bbp_total_topic_count":0,"_bbp_total_reply_count":0,"_bbp_voice_count":0,"_bbp_anonymous_reply_count":0,"_bbp_topic_count_hidden":0,"_bbp_reply_count_hidden":0,"_bbp_forum_subforum_count":0,"footnotes":""},"class_list":["post-30","page","type-page","status-publish","hentry"],"post_mailing_queue_ids":[],"_links":{"self":[{"href":"https:\/\/agora.xtec.cat\/escsantamaria\/wp-json\/wp\/v2\/pages\/30","targetHints":{"allow":["GET"]}}],"collection":[{"href":"https:\/\/agora.xtec.cat\/escsantamaria\/wp-json\/wp\/v2\/pages"}],"about":[{"href":"https:\/\/agora.xtec.cat\/escsantamaria\/wp-json\/wp\/v2\/types\/page"}],"author":[{"embeddable":true,"href":"https:\/\/agora.xtec.cat\/escsantamaria\/wp-json\/wp\/v2\/users\/1"}],"replies":[{"embeddable":true,"href":"https:\/\/agora.xtec.cat\/escsantamaria\/wp-json\/wp\/v2\/comments?post=30"}],"version-history":[{"count":6,"href":"https:\/\/agora.xtec.cat\/escsantamaria\/wp-json\/wp\/v2\/pages\/30\/revisions"}],"predecessor-version":[{"id":17650,"href":"https:\/\/agora.xtec.cat\/escsantamaria\/wp-json\/wp\/v2\/pages\/30\/revisions\/17650"}],"up":[{"embeddable":true,"href":"https:\/\/agora.xtec.cat\/escsantamaria\/wp-json\/wp\/v2\/pages\/22"}],"wp:attachment":[{"href":"https:\/\/agora.xtec.cat\/escsantamaria\/wp-json\/wp\/v2\/media?parent=30"}],"curies":[{"name":"wp","href":"https:\/\/api.w.org\/{rel}","templated":true}]}}