{"id":28,"date":"2014-09-18T12:29:35","date_gmt":"2014-09-18T11:29:35","guid":{"rendered":"http:\/\/agora.xtec.cat\/escsantamaria\/?page_id=28"},"modified":"2026-03-08T23:45:12","modified_gmt":"2026-03-08T22:45:12","slug":"consell-escolar","status":"publish","type":"page","link":"https:\/\/agora.xtec.cat\/escsantamaria\/lescola\/consell-escolar\/","title":{"rendered":"Consell Escolar"},"content":{"rendered":"<p><strong>Qu\u00e8 \u00e9s el consell escolar?<\/strong><\/p>\n<p>El consell escolar del centre \u00e9s l\u2019\u00f2rgan col\u00b7legiat de participaci\u00f3 de la comunitat escolar en el govern del centre. Corresponen al consell escolar les funcions establertes a la Llei 12\/2009, de 10 de juliol, d\u2019educaci\u00f3.<\/p>\n<p>&nbsp;<\/p>\n<p><strong>COMPOSICI\u00d3 DEL CONSELL ESCOLAR CURS 2025-2026<\/strong><\/p>\n<p><strong style=\"font-family: inherit; font-size: 1em;\">Director: <\/strong>Joan Mas<\/p>\n<p><strong>Cap d\u2019Estudis:<\/strong> Anna Mercad\u00e9<\/p>\n<p><strong>Secretari: <\/strong>Daniel Romero<\/p>\n<p><strong>Representants del Claustre: <\/strong>Cristina L\u00f3pez, Lourdes Casanovas, Carolina Mart\u00ednez, Meritxell Monell, Rafael L\u00f3pez i Immaculada Torres.<\/p>\n<p><strong>Representants dels pares\/mares: <\/strong>Ana Bel\u00e9n Gallardo, Maria Romanyuk, Marc Galdeano, Antonio Casti\u00f1eira i Marcos Salvador.<\/p>\n<p><strong>Representant de l\u2019AMPA: <\/strong>Yolanda Bautista.<\/p>\n<p><strong>Representants del personal no docent (PAS i PAE):<\/strong> Yolanda Padilla i Joan Ros.<\/p>\n<p><strong>Representant de l\u2019Ajuntament: <\/strong>Elena Zukhova.<\/p>\n<p>&nbsp;<\/p>\n<p><strong>Funcions del consell escolar dels centres p\u00fablics:<\/strong><\/p>\n<p>a) Aprovar el projecte educatiu i les modificacions corresponents per una majoria de tres cinquenes parts dels membres.<\/p>\n<p>b) Aprovar la programaci\u00f3 general anual del centre i avaluar-ne el desenvolupament i els resultats.<\/p>\n<p>c) Aprovar les propostes d\u2019acords de co-responsabilitat, convenis i altres acords de col\u00b7\u0097col\u00b7laboraci\u00f3 del centre amb entitats o institucions.<\/p>\n<p>d) Aprovar les normes d\u2019organitzaci\u00f3 i funcionament i les modificacions corresponents.<\/p>\n<p>e) Aprovar la carta de comprom\u00eds educatiu.<\/p>\n<p>f) Aprovar el pressupost del centre i el rendiment de comptes.<\/p>\n<p>g) Intervenir en el procediment d\u2019admissi\u00f3 d\u2019alumnes.<\/p>\n<p>h) Participar en el procediment de selecci\u00f3 i en la proposta de cessament del director o directora.<\/p>\n<p>i) Intervenir en la resoluci\u00f3 dels conflictes i, si escau, revisar les sancions als alumnes.<\/p>\n<p>j) Aprovar les directrius per a la programaci\u00f3 d\u2019activitats escolars complement\u00e0ries i d\u2019activitats extraescolars, i avaluar-ne el desenvolupament.<\/p>\n<p>k) Participar en les an\u00e0lisis i les avaluacions del funcionament general del centre i con\u00e8ixer l\u2019evoluci\u00f3 del rendiment escolar.<\/p>\n<p>l) Aprovar els criteris de col\u00b7laboraci\u00f3 amb altres centres i amb l\u2019entorn.<\/p>\n<p>m) Qualsevol altra que li sigui atribu\u00efda per les normes legals o reglament\u00e0ries.<\/p>\n<p>&nbsp;<\/p>\n<p><strong>ACORDS DEL CONSELL ESCOLAR: CURS 2025-26<\/strong><\/p>\n<p><a href=\"https:\/\/agora.xtec.cat\/escsantamaria\/wp-content\/uploads\/usu1256\/2026\/01\/Acord-Consell-Escolar-05-09-25.pdf\" target=\"_blank\" rel=\"noopener\">Acords Consell Escolar 05\/09\/25<\/a><\/p>\n<p><a href=\"https:\/\/agora.xtec.cat\/escsantamaria\/wp-content\/uploads\/usu1256\/2026\/01\/Acord-Consell-Escolar-14-10-25.pdf\" target=\"_blank\" rel=\"noopener\">Acords Consell Escolar 14\/10\/25<\/a><\/p>\n<p><a href=\"https:\/\/agora.xtec.cat\/escsantamaria\/wp-content\/uploads\/usu1256\/2026\/01\/Acord-Consell-Escolar-27-11-25.pdf\" target=\"_blank\" rel=\"noopener\">Acords Consell Escolar 27\/11\/25<\/a><\/p>\n<p><a href=\"https:\/\/agora.xtec.cat\/escsantamaria\/wp-content\/uploads\/usu1256\/2026\/03\/Acord-Consell-Escolar-22-01-26.docx.pdf\" target=\"_blank\" rel=\"noopener\">Acords Consell Escolar 22\/01\/26<\/a><\/p>\n<p><a href=\"https:\/\/agora.xtec.cat\/escsantamaria\/wp-content\/uploads\/usu1256\/2026\/03\/Acord-Consell-Escolar-05-03-26.docx-1.pdf\" target=\"_blank\" rel=\"noopener\">Acords Consell Escolar 05\/03\/26<\/a><\/p>\n<p>&nbsp;<\/p>\n<p><strong>ACORDS DEL CONSELL ESCOLAR: CURS 2024-25<\/strong><\/p>\n<p><a href=\"https:\/\/agora.xtec.cat\/escsantamaria\/wp-content\/uploads\/usu1256\/2025\/06\/Acord-Consell-Escolar-30.06.pdf\" target=\"_blank\" rel=\"noopener\">Acords Consell Escolar 30\/06\/25<\/a><\/p>\n<p><a href=\"https:\/\/agora.xtec.cat\/escsantamaria\/wp-content\/uploads\/usu1256\/2025\/05\/Acord-Consell-Escolar-8.5.pdf\" target=\"_blank\" rel=\"noopener\">Acords Consell Escolar 08\/05\/25<\/a><\/p>\n<p><a href=\"https:\/\/agora.xtec.cat\/escsantamaria\/wp-content\/uploads\/usu1256\/2025\/02\/Acord-Consell-Escolar-20.2-1.pdf\" target=\"_blank\" rel=\"noopener\">Acords Consell Escolar 20\/02\/25<\/a><\/p>\n<p><a href=\"https:\/\/agora.xtec.cat\/escsantamaria\/wp-content\/uploads\/usu1256\/2025\/01\/Acord-Consell-Escolar-16.1.pdf\" target=\"_blank\" rel=\"noopener\">Acords Consell Escolar 16\/01\/25<\/a><\/p>\n<p><a href=\"https:\/\/agora.xtec.cat\/escsantamaria\/wp-content\/uploads\/usu1256\/2025\/01\/Acord-Consell-Escolar-7.11.pdf\" target=\"_blank\" rel=\"noopener\">Acords Consell Escolar 07\/11\/25<\/a><\/p>\n<p><a href=\"https:\/\/agora.xtec.cat\/escsantamaria\/wp-content\/uploads\/usu1256\/2025\/01\/Acord-Consell-Escolar-10.10.pdf\" target=\"_blank\" rel=\"noopener\">Acords Consell Escolar 10\/10\/25<\/a><\/p>\n<p><a href=\"https:\/\/agora.xtec.cat\/escsantamaria\/wp-content\/uploads\/usu1256\/2025\/01\/Acords-Consell-Escolar-19.09.pdf\" target=\"_blank\" rel=\"noopener\">Acords Consell Escolar 19\/09\/25<\/a><\/p>\n<p>&nbsp;<\/p>\n<p><strong>ACORDS DEL CONSELL ESCOLAR: CURS 2023-24<\/strong><\/p>\n<p><a href=\"https:\/\/agora.xtec.cat\/escsantamaria\/wp-content\/uploads\/usu1256\/2023\/10\/Acords-Consell-Escolar-28.9.pdf\" target=\"_blank\" rel=\"noopener\">Acords Consell Escolar 28\/09\/23<\/a><\/p>\n<p><a href=\"https:\/\/agora.xtec.cat\/escsantamaria\/wp-content\/uploads\/usu1256\/2023\/11\/Acords-Consell-Escolar-6.11-1.pdf\" target=\"_blank\" rel=\"noopener\">Acords Consell Escolar 06\/11\/23<\/a><\/p>\n<p><a href=\"https:\/\/agora.xtec.cat\/escsantamaria\/wp-content\/uploads\/usu1256\/2024\/01\/3.-Acords-Consell-Escolar-14.12.pdf\">Acords Consell Escolar 14\/12\/23<\/a><\/p>\n<p><a href=\"https:\/\/agora.xtec.cat\/escsantamaria\/wp-content\/uploads\/usu1256\/2024\/01\/Acords-Consell-Escolar-18.01.pdf\">Acords Consell Escolar 18\/01\/24<\/a><\/p>\n<p><a href=\"https:\/\/agora.xtec.cat\/escsantamaria\/wp-content\/uploads\/usu1256\/2024\/03\/5.-Acords-Consell-Escolar-22.02.pdf\" target=\"_blank\" rel=\"noopener\">Acords Consell Escolar 22\/02\/24<\/a><\/p>\n<p><a href=\"https:\/\/agora.xtec.cat\/escsantamaria\/wp-content\/uploads\/usu1256\/2024\/05\/6.-Acords-Consell-Escolar-25.04.pdf\" target=\"_blank\" rel=\"noopener\">Acords Consell Escolar 25\/04\/24<\/a><\/p>\n<p><a href=\"https:\/\/agora.xtec.cat\/escsantamaria\/wp-content\/uploads\/usu1256\/2024\/05\/6.-Acords-Consell-Escolar-25.04.pdf\" target=\"_blank\" rel=\"noopener\">Acords Consell Escolar 22\/05\/24<\/a><\/p>\n<p>&nbsp;<\/p>\n<p><strong>ACORDS DEL CONSELL ESCOLAR: CURS 2022-23<\/strong><\/p>\n<p><a href=\"https:\/\/agora.xtec.cat\/escsantamaria\/wp-content\/uploads\/usu1256\/2023\/02\/Acords-Consell-subvencions-ajuntament-21-9-22.pdf\" target=\"_blank\" rel=\"noopener\">Acords Consell Escolar 21\/09\/22<\/a><\/p>\n<p><a href=\"https:\/\/agora.xtec.cat\/escsantamaria\/wp-content\/uploads\/usu1256\/2023\/02\/Acords-Consell-PGA-6-10-22-1.pdf\" target=\"_blank\" rel=\"noopener\">Acords Consell Escolar 06\/10\/22<\/a><\/p>\n<p><a href=\"https:\/\/agora.xtec.cat\/escsantamaria\/wp-content\/uploads\/usu1256\/2023\/02\/Acords-Consell-Escolar-1-desembre-2022.pdf\" target=\"_blank\" rel=\"noopener\">Acords Consell Escolar 01\/12\/22<\/a><\/p>\n<p><a href=\"https:\/\/agora.xtec.cat\/escsantamaria\/wp-content\/uploads\/usu1256\/2023\/02\/Acords-Consell-Escolar-12-gener-2023.pdf\" target=\"_blank\" rel=\"noopener\">Acords Consell Escolar 12\/01\/23 (comissi\u00f3 permanent)<\/a><\/p>\n<p><a href=\"https:\/\/agora.xtec.cat\/escsantamaria\/wp-content\/uploads\/usu1256\/2023\/02\/Acords-Consell-Escolar-31-gener-2023.pdf\" target=\"_blank\" rel=\"noopener\">Acords Consell Escolar 31\/01\/23<\/a><\/p>\n<p><a href=\"https:\/\/agora.xtec.cat\/escsantamaria\/wp-content\/uploads\/usu1256\/2023\/02\/Acords-Consell-Escolar-20-febrer-2023-.pdf\" target=\"_blank\" rel=\"noopener\">Acords Consell Escolar 20\/02\/23 (comissi\u00f3 permanent)<\/a><\/p>\n<p><a href=\"https:\/\/agora.xtec.cat\/escsantamaria\/wp-content\/uploads\/usu1256\/2023\/03\/acords-consell-escolar-9-3-22.pdf\" target=\"_blank\" rel=\"noopener\">Acords Consell Escolar 09\/03\/2023<\/a><\/p>\n<p><a href=\"https:\/\/agora.xtec.cat\/escsantamaria\/wp-content\/uploads\/usu1256\/2023\/07\/acords-consell-escolar-13-abril-de-2023.pdf\" target=\"_blank\" rel=\"noopener\">Acords Consell Escolar 13\/04\/2023<\/a><\/p>\n<p><a href=\"https:\/\/agora.xtec.cat\/escsantamaria\/wp-content\/uploads\/usu1256\/2023\/07\/Acords-Consell-Escolar-12-juny-2023.pdf\" target=\"_blank\" rel=\"noopener\">Acords Consell Escolar 12\/06\/2023<\/a><\/p>\n<p>Acords Consell Escolar 28\/06\/2023<\/p>\n<p>&nbsp;<\/p>\n<p><strong>ACORDS DEL CONSELL ESCOLAR: CURS 2021-22<\/strong><\/p>\n<p><a href=\"https:\/\/agora.xtec.cat\/escsantamaria\/wp-content\/uploads\/usu1256\/2021\/10\/Consell-Pla-obertur.pdf\" target=\"_blank\" rel=\"noopener\">Acords del Consell Escolar del 16\/09\/2021<\/a><\/p>\n<p><a href=\"https:\/\/agora.xtec.cat\/escsantamaria\/wp-content\/uploads\/usu1256\/2021\/10\/Consell-PGA.pdf\" target=\"_blank\" rel=\"noopener\">Acords del Consell Escolar del 7\/10\/2021<\/a><\/p>\n<p><a href=\"https:\/\/agora.xtec.cat\/escsantamaria\/wp-content\/uploads\/usu1256\/2022\/02\/Acords-Consell-Escolar-18.11.21.pdf\" target=\"_blank\" rel=\"noopener\">Acords del Consell Escolar del 18\/11\/2021<\/a><\/p>\n<p><a href=\"https:\/\/agora.xtec.cat\/escsantamaria\/wp-content\/uploads\/usu1256\/2022\/02\/Acords-Consell-Escolar-16-de-desembre-21.pdf\" target=\"_blank\" rel=\"noopener\">Acords del Consell Escolar del 16\/12\/2021<\/a><\/p>\n<p><a href=\"https:\/\/agora.xtec.cat\/escsantamaria\/wp-content\/uploads\/usu1256\/2022\/02\/Acords-Consell-Escolar-13-de-gener-de-2022.pdf\" target=\"_blank\" rel=\"noopener\">Acords del Consell Escolar del 13\/01\/2022<\/a><\/p>\n<p><a href=\"https:\/\/agora.xtec.cat\/escsantamaria\/wp-content\/uploads\/usu1256\/2022\/02\/Acords-Consell-Escolar-27-de-gener-de-2022.pdf\" target=\"_blank\" rel=\"noopener\">Acords del Consell Escolar del 27\/01\/2022<\/a><\/p>\n<p><a href=\"https:\/\/agora.xtec.cat\/escsantamaria\/wp-content\/uploads\/usu1256\/2022\/06\/Acords-Consell-Escolar-3-de-marc-de-2022.pdf\" target=\"_blank\" rel=\"noopener\">Acords del Consell Escolar del 03\/03\/2022<\/a><\/p>\n<p><a href=\"https:\/\/agora.xtec.cat\/escsantamaria\/wp-content\/uploads\/usu1256\/2022\/06\/Acords-Consell-Escolar-21-de-marc.pdf\" target=\"_blank\" rel=\"noopener\">Acords del Consell Escolar del 21\/03\/2022 (extraordinari)<\/a><\/p>\n<p><a href=\"https:\/\/agora.xtec.cat\/escsantamaria\/wp-content\/uploads\/usu1256\/2022\/06\/Acords-Consell-Escolar-7-abril.pdf\" target=\"_blank\" rel=\"noopener\">Acords del Consell Escolar del 07\/04\/2022 (extraordinari)<\/a><\/p>\n<p>Acords del Consell Escolar del 26\/05\/2022<\/p>\n<p>Acords del Consell Escolar del 23\/06\/2022<\/p>\n<p>&nbsp;<\/p>\n<p>&nbsp;<\/p>\n<p>&nbsp;<\/p>\n<p>&nbsp;<\/p>\n","protected":false},"excerpt":{"rendered":"<p>Qu\u00e8 \u00e9s el consell escolar?<br \/>\nEl consell escolar del centre \u00e9s l\u2019\u00f2rgan col\u00b7legiat de participaci\u00f3 de la comunitat escolar en el govern del centre. Corresponen al consell escolar les funcions establertes a la Llei 12\/2009, de 10 de juliol, d\u2019educaci\u00f3.<br \/>\n&nbsp;<br \/>\nCOMPOSICI\u00d3 DEL CONSELL ESCOLAR CURS 2025-2026<br \/>\nDirector: Joan&hellip;  <a href=\"https:\/\/agora.xtec.cat\/escsantamaria\/lescola\/consell-escolar\/\" title=\"Read Consell Escolar\">Llegeix m\u00e9s\u00bb<\/a><\/p>\n","protected":false},"author":1,"featured_media":0,"parent":22,"menu_order":4,"comment_status":"closed","ping_status":"closed","template":"page-templates\/side-menu.php","meta":{"_bbp_topic_count":0,"_bbp_reply_count":0,"_bbp_total_topic_count":0,"_bbp_total_reply_count":0,"_bbp_voice_count":0,"_bbp_anonymous_reply_count":0,"_bbp_topic_count_hidden":0,"_bbp_reply_count_hidden":0,"_bbp_forum_subforum_count":0,"footnotes":""},"class_list":["post-28","page","type-page","status-publish","hentry"],"post_mailing_queue_ids":[],"_links":{"self":[{"href":"https:\/\/agora.xtec.cat\/escsantamaria\/wp-json\/wp\/v2\/pages\/28","targetHints":{"allow":["GET"]}}],"collection":[{"href":"https:\/\/agora.xtec.cat\/escsantamaria\/wp-json\/wp\/v2\/pages"}],"about":[{"href":"https:\/\/agora.xtec.cat\/escsantamaria\/wp-json\/wp\/v2\/types\/page"}],"author":[{"embeddable":true,"href":"https:\/\/agora.xtec.cat\/escsantamaria\/wp-json\/wp\/v2\/users\/1"}],"replies":[{"embeddable":true,"href":"https:\/\/agora.xtec.cat\/escsantamaria\/wp-json\/wp\/v2\/comments?post=28"}],"version-history":[{"count":7,"href":"https:\/\/agora.xtec.cat\/escsantamaria\/wp-json\/wp\/v2\/pages\/28\/revisions"}],"predecessor-version":[{"id":17704,"href":"https:\/\/agora.xtec.cat\/escsantamaria\/wp-json\/wp\/v2\/pages\/28\/revisions\/17704"}],"up":[{"embeddable":true,"href":"https:\/\/agora.xtec.cat\/escsantamaria\/wp-json\/wp\/v2\/pages\/22"}],"wp:attachment":[{"href":"https:\/\/agora.xtec.cat\/escsantamaria\/wp-json\/wp\/v2\/media?parent=28"}],"curies":[{"name":"wp","href":"https:\/\/api.w.org\/{rel}","templated":true}]}}