{"id":1375,"date":"2017-01-20T15:45:13","date_gmt":"2017-01-20T14:45:13","guid":{"rendered":"http:\/\/agora.xtec.cat\/escsantamaria\/?page_id=1375"},"modified":"2023-10-24T17:22:00","modified_gmt":"2023-10-24T15:22:00","slug":"padrins-lectors","status":"publish","type":"page","link":"https:\/\/agora.xtec.cat\/escsantamaria\/projectes\/padrins-lectors\/","title":{"rendered":"Apadrinament lector i Llegim en parella"},"content":{"rendered":"<p><strong>Padrins lectors<\/strong><\/p>\n<p style=\"text-align: justify;\"><span style=\"font-weight: 400;\">Aquest projecte es va iniciar el curs 2015-2016 per tal de millorar la comprensi\u00f3 lectora i el gust per la lectura. Els alumnes de 5\u00e8 i 6\u00e8 apadrinen un alumne de P5 o 1r, amb el que comparteixen moments de lectura al llarg de dos cursos. La valoraci\u00f3 \u00e9s molt positiva, ja que els m\u00e9s petits veuen als alumnes m\u00e9s grans com a experts i\u00a0 aquests s\u2019esforcen en la pr\u00e0ctica de la lectura.<\/span><\/p>\n<p><img loading=\"lazy\" decoding=\"async\" class=\"wp-image-11143 aligncenter\" src=\"https:\/\/agora.xtec.cat\/escsantamaria\/wp-content\/uploads\/usu1256\/2019\/07\/IMG_20190328_151536-1024x768.jpg\" alt=\"\" width=\"500\" height=\"375\" srcset=\"https:\/\/agora.xtec.cat\/escsantamaria\/wp-content\/uploads\/usu1256\/2019\/07\/IMG_20190328_151536-1024x768.jpg 1024w, https:\/\/agora.xtec.cat\/escsantamaria\/wp-content\/uploads\/usu1256\/2019\/07\/IMG_20190328_151536-300x225.jpg 300w, https:\/\/agora.xtec.cat\/escsantamaria\/wp-content\/uploads\/usu1256\/2019\/07\/IMG_20190328_151536-768x576.jpg 768w, https:\/\/agora.xtec.cat\/escsantamaria\/wp-content\/uploads\/usu1256\/2019\/07\/IMG_20190328_151536-200x150.jpg 200w\" sizes=\"auto, (max-width: 500px) 100vw, 500px\" \/><\/p>\n<p><img loading=\"lazy\" decoding=\"async\" class=\"wp-image-11144 aligncenter\" src=\"https:\/\/agora.xtec.cat\/escsantamaria\/wp-content\/uploads\/usu1256\/2019\/07\/IMG_20190328_151551-1024x768.jpg\" alt=\"\" width=\"500\" height=\"375\" srcset=\"https:\/\/agora.xtec.cat\/escsantamaria\/wp-content\/uploads\/usu1256\/2019\/07\/IMG_20190328_151551-1024x768.jpg 1024w, https:\/\/agora.xtec.cat\/escsantamaria\/wp-content\/uploads\/usu1256\/2019\/07\/IMG_20190328_151551-300x225.jpg 300w, https:\/\/agora.xtec.cat\/escsantamaria\/wp-content\/uploads\/usu1256\/2019\/07\/IMG_20190328_151551-768x576.jpg 768w, https:\/\/agora.xtec.cat\/escsantamaria\/wp-content\/uploads\/usu1256\/2019\/07\/IMG_20190328_151551-200x150.jpg 200w\" sizes=\"auto, (max-width: 500px) 100vw, 500px\" \/><\/p>\n<p><strong>Llegim i escrivim en parella<\/strong><\/p>\n<p style=\"text-align: justify;\">Els alumnes de 2n i 4t del nostre centre participen en el programa <em>Llegim i escrivim en parella<\/em>.<\/p>\n<p style=\"text-align: justify;\"><em>Llegim i escrivim en parella<\/em> parteix d\u2019una experi\u00e8ncia exitosa pr\u00e8via: el programa\u00a0<em>Llegim en parella<\/em>, amb m\u00e9s de 10 anys de treball, nombroses xarxes de professorat,\u00a0centenars de fam\u00edlies i milers d\u2019alumnes que hi participen amb l\u2019objectiu de millorar la\u00a0comprensi\u00f3 lectora.<\/p>\n<p style=\"text-align: justify;\">El programa <em>Llegim i escrivim en parella<\/em> est\u00e0 basat en la tutoria entre iguals, \u00e9s a dir,\u00a0parelles d\u2019alumnes que aprenen a trav\u00e9s d\u2019una activitat estructurada. Per una banda,\u00a0el tutor apr\u00e8n, perqu\u00e8 ensenyar pot ser una bona manera d\u2019aprendre. I, per altra\u00a0banda, el tutorat tamb\u00e9 apr\u00e8n, perqu\u00e8 rep l\u2019ajuda ajustada i permanent del seu\u00a0company tutor. El programa combina la tutoria entre l\u2019alumnat i la tutoria familiar.<\/p>\n<p><img loading=\"lazy\" decoding=\"async\" class=\"aligncenter wp-image-11145\" src=\"https:\/\/agora.xtec.cat\/escsantamaria\/wp-content\/uploads\/usu1256\/2019\/07\/IMG-20170310-WA0019-1024x576.jpg\" alt=\"\" width=\"683\" height=\"384\" srcset=\"https:\/\/agora.xtec.cat\/escsantamaria\/wp-content\/uploads\/usu1256\/2019\/07\/IMG-20170310-WA0019-1024x576.jpg 1024w, https:\/\/agora.xtec.cat\/escsantamaria\/wp-content\/uploads\/usu1256\/2019\/07\/IMG-20170310-WA0019-300x169.jpg 300w, https:\/\/agora.xtec.cat\/escsantamaria\/wp-content\/uploads\/usu1256\/2019\/07\/IMG-20170310-WA0019-768x432.jpg 768w, https:\/\/agora.xtec.cat\/escsantamaria\/wp-content\/uploads\/usu1256\/2019\/07\/IMG-20170310-WA0019.jpg 1081w\" sizes=\"auto, (max-width: 683px) 100vw, 683px\" \/><\/p>\n<p>&nbsp;<\/p>\n<p style=\"text-align: justify;\">Els objectius del programa s\u00f3n la millora de la compet\u00e8ncia lectora, especialment la\u00a0comprensi\u00f3 lectora, i la compet\u00e8ncia en expressi\u00f3 escrita, espec\u00edficament en el proc\u00e9s\u00a0de composici\u00f3 de textos.<\/p>\n<p>&nbsp;<\/p>\n<p><iframe loading=\"lazy\" src=\"https:\/\/player.vimeo.com\/video\/69425092\" width=\"640\" height=\"480\" frameborder=\"0\" allowfullscreen=\"allowfullscreen\"><\/iframe><\/p>\n<p><a href=\"https:\/\/vimeo.com\/69425092\">Llegim Poliny\u00e0<\/a> from <a href=\"https:\/\/vimeo.com\/user6445756\">eli<\/a> on <a href=\"https:\/\/vimeo.com\">Vimeo<\/a>.<\/p>\n","protected":false},"excerpt":{"rendered":"<p>Padrins lectors<br \/>\nAquest projecte es va iniciar el curs 2015-2016 per tal de millorar la comprensi\u00f3 lectora i el gust per la lectura. Els alumnes de 5\u00e8 i 6\u00e8 apadrinen un alumne de P5 o 1r, amb el que comparteixen moments de lectura al llarg de&hellip;  <a href=\"https:\/\/agora.xtec.cat\/escsantamaria\/projectes\/padrins-lectors\/\" title=\"Read Apadrinament lector i Llegim en parella\">Llegeix m\u00e9s\u00bb<\/a><\/p>\n","protected":false},"author":3,"featured_media":0,"parent":1501,"menu_order":8,"comment_status":"closed","ping_status":"closed","template":"page-templates\/side-menu.php","meta":{"_bbp_topic_count":0,"_bbp_reply_count":0,"_bbp_total_topic_count":0,"_bbp_total_reply_count":0,"_bbp_voice_count":0,"_bbp_anonymous_reply_count":0,"_bbp_topic_count_hidden":0,"_bbp_reply_count_hidden":0,"_bbp_forum_subforum_count":0,"footnotes":""},"class_list":["post-1375","page","type-page","status-publish","hentry"],"post_mailing_queue_ids":[],"_links":{"self":[{"href":"https:\/\/agora.xtec.cat\/escsantamaria\/wp-json\/wp\/v2\/pages\/1375","targetHints":{"allow":["GET"]}}],"collection":[{"href":"https:\/\/agora.xtec.cat\/escsantamaria\/wp-json\/wp\/v2\/pages"}],"about":[{"href":"https:\/\/agora.xtec.cat\/escsantamaria\/wp-json\/wp\/v2\/types\/page"}],"author":[{"embeddable":true,"href":"https:\/\/agora.xtec.cat\/escsantamaria\/wp-json\/wp\/v2\/users\/3"}],"replies":[{"embeddable":true,"href":"https:\/\/agora.xtec.cat\/escsantamaria\/wp-json\/wp\/v2\/comments?post=1375"}],"version-history":[{"count":5,"href":"https:\/\/agora.xtec.cat\/escsantamaria\/wp-json\/wp\/v2\/pages\/1375\/revisions"}],"predecessor-version":[{"id":15525,"href":"https:\/\/agora.xtec.cat\/escsantamaria\/wp-json\/wp\/v2\/pages\/1375\/revisions\/15525"}],"up":[{"embeddable":true,"href":"https:\/\/agora.xtec.cat\/escsantamaria\/wp-json\/wp\/v2\/pages\/1501"}],"wp:attachment":[{"href":"https:\/\/agora.xtec.cat\/escsantamaria\/wp-json\/wp\/v2\/media?parent=1375"}],"curies":[{"name":"wp","href":"https:\/\/api.w.org\/{rel}","templated":true}]}}