{"id":12075,"date":"2020-04-13T20:09:26","date_gmt":"2020-04-13T18:09:26","guid":{"rendered":"http:\/\/agora.xtec.cat\/escsantamaria\/?page_id=12075"},"modified":"2020-04-19T11:39:16","modified_gmt":"2020-04-19T09:39:16","slug":"pasqua","status":"publish","type":"page","link":"https:\/\/agora.xtec.cat\/escsantamaria\/activitats-joemquedoacasa\/pasqua\/","title":{"rendered":"Pasqua"},"content":{"rendered":"<p>El Marc i la Luc\u00eda ens han volgut felicitar la Pasqua. Bona Pasqua a tothom!<\/p>\n<p><a href=\"https:\/\/agora.xtec.cat\/escsantamaria\/wp-content\/uploads\/usu1256\/2020\/04\/20200412_151724-min.jpg\"><img loading=\"lazy\" decoding=\"async\" class=\"aligncenter wp-image-12083\" src=\"https:\/\/agora.xtec.cat\/escsantamaria\/wp-content\/uploads\/usu1256\/2020\/04\/20200412_151724-min-1024x768.jpg\" alt=\"\" width=\"720\" height=\"540\" srcset=\"https:\/\/agora.xtec.cat\/escsantamaria\/wp-content\/uploads\/usu1256\/2020\/04\/20200412_151724-min-1024x768.jpg 1024w, https:\/\/agora.xtec.cat\/escsantamaria\/wp-content\/uploads\/usu1256\/2020\/04\/20200412_151724-min-300x225.jpg 300w, https:\/\/agora.xtec.cat\/escsantamaria\/wp-content\/uploads\/usu1256\/2020\/04\/20200412_151724-min-768x576.jpg 768w, https:\/\/agora.xtec.cat\/escsantamaria\/wp-content\/uploads\/usu1256\/2020\/04\/20200412_151724-min-200x150.jpg 200w\" sizes=\"auto, (max-width: 720px) 100vw, 720px\" \/><\/a><\/p>\n<p>&nbsp;<\/p>\n<p><a href=\"https:\/\/agora.xtec.cat\/escsantamaria\/wp-content\/uploads\/usu1256\/2020\/04\/20200412_151719-min.jpg\"><img loading=\"lazy\" decoding=\"async\" class=\"aligncenter wp-image-12084\" src=\"https:\/\/agora.xtec.cat\/escsantamaria\/wp-content\/uploads\/usu1256\/2020\/04\/20200412_151719-min-1024x768.jpg\" alt=\"\" width=\"713\" height=\"535\" srcset=\"https:\/\/agora.xtec.cat\/escsantamaria\/wp-content\/uploads\/usu1256\/2020\/04\/20200412_151719-min-1024x768.jpg 1024w, https:\/\/agora.xtec.cat\/escsantamaria\/wp-content\/uploads\/usu1256\/2020\/04\/20200412_151719-min-300x225.jpg 300w, https:\/\/agora.xtec.cat\/escsantamaria\/wp-content\/uploads\/usu1256\/2020\/04\/20200412_151719-min-768x576.jpg 768w, https:\/\/agora.xtec.cat\/escsantamaria\/wp-content\/uploads\/usu1256\/2020\/04\/20200412_151719-min-200x150.jpg 200w\" sizes=\"auto, (max-width: 713px) 100vw, 713px\" \/><\/a><\/p>\n<p>El Jon (2n) i la Laia (P4) han fet la mona a casa. Quina bona pinta!<\/p>\n<p><a href=\"https:\/\/agora.xtec.cat\/escsantamaria\/wp-content\/uploads\/usu1256\/2020\/04\/IMG_20200412_173054_resized_20200412_101339871.jpg\"><img loading=\"lazy\" decoding=\"async\" class=\"aligncenter wp-image-12076\" src=\"https:\/\/agora.xtec.cat\/escsantamaria\/wp-content\/uploads\/usu1256\/2020\/04\/IMG_20200412_173054_resized_20200412_101339871-1024x768.jpg\" alt=\"\" width=\"617\" height=\"463\" srcset=\"https:\/\/agora.xtec.cat\/escsantamaria\/wp-content\/uploads\/usu1256\/2020\/04\/IMG_20200412_173054_resized_20200412_101339871-1024x768.jpg 1024w, https:\/\/agora.xtec.cat\/escsantamaria\/wp-content\/uploads\/usu1256\/2020\/04\/IMG_20200412_173054_resized_20200412_101339871-300x225.jpg 300w, https:\/\/agora.xtec.cat\/escsantamaria\/wp-content\/uploads\/usu1256\/2020\/04\/IMG_20200412_173054_resized_20200412_101339871-768x576.jpg 768w, https:\/\/agora.xtec.cat\/escsantamaria\/wp-content\/uploads\/usu1256\/2020\/04\/IMG_20200412_173054_resized_20200412_101339871-200x150.jpg 200w, https:\/\/agora.xtec.cat\/escsantamaria\/wp-content\/uploads\/usu1256\/2020\/04\/IMG_20200412_173054_resized_20200412_101339871.jpg 2000w\" sizes=\"auto, (max-width: 617px) 100vw, 617px\" \/><\/a><\/p>\n<p><a href=\"https:\/\/agora.xtec.cat\/escsantamaria\/wp-content\/uploads\/usu1256\/2020\/04\/IMG_20200412_173425_resized_20200412_101341469.jpg\"><img loading=\"lazy\" decoding=\"async\" class=\"aligncenter wp-image-12077\" src=\"https:\/\/agora.xtec.cat\/escsantamaria\/wp-content\/uploads\/usu1256\/2020\/04\/IMG_20200412_173425_resized_20200412_101341469-1024x768.jpg\" alt=\"\" width=\"620\" height=\"465\" srcset=\"https:\/\/agora.xtec.cat\/escsantamaria\/wp-content\/uploads\/usu1256\/2020\/04\/IMG_20200412_173425_resized_20200412_101341469-1024x768.jpg 1024w, https:\/\/agora.xtec.cat\/escsantamaria\/wp-content\/uploads\/usu1256\/2020\/04\/IMG_20200412_173425_resized_20200412_101341469-300x225.jpg 300w, https:\/\/agora.xtec.cat\/escsantamaria\/wp-content\/uploads\/usu1256\/2020\/04\/IMG_20200412_173425_resized_20200412_101341469-768x576.jpg 768w, https:\/\/agora.xtec.cat\/escsantamaria\/wp-content\/uploads\/usu1256\/2020\/04\/IMG_20200412_173425_resized_20200412_101341469-200x150.jpg 200w, https:\/\/agora.xtec.cat\/escsantamaria\/wp-content\/uploads\/usu1256\/2020\/04\/IMG_20200412_173425_resized_20200412_101341469.jpg 2000w\" sizes=\"auto, (max-width: 620px) 100vw, 620px\" \/><\/a><\/p>\n<p><a href=\"https:\/\/agora.xtec.cat\/escsantamaria\/wp-content\/uploads\/usu1256\/2020\/04\/IMG_20200412_173757_resized_20200412_101340266.jpg\"><img loading=\"lazy\" decoding=\"async\" class=\"aligncenter wp-image-12078\" src=\"https:\/\/agora.xtec.cat\/escsantamaria\/wp-content\/uploads\/usu1256\/2020\/04\/IMG_20200412_173757_resized_20200412_101340266-1024x768.jpg\" alt=\"\" width=\"628\" height=\"471\" srcset=\"https:\/\/agora.xtec.cat\/escsantamaria\/wp-content\/uploads\/usu1256\/2020\/04\/IMG_20200412_173757_resized_20200412_101340266-1024x768.jpg 1024w, https:\/\/agora.xtec.cat\/escsantamaria\/wp-content\/uploads\/usu1256\/2020\/04\/IMG_20200412_173757_resized_20200412_101340266-300x225.jpg 300w, https:\/\/agora.xtec.cat\/escsantamaria\/wp-content\/uploads\/usu1256\/2020\/04\/IMG_20200412_173757_resized_20200412_101340266-768x576.jpg 768w, https:\/\/agora.xtec.cat\/escsantamaria\/wp-content\/uploads\/usu1256\/2020\/04\/IMG_20200412_173757_resized_20200412_101340266-200x150.jpg 200w, https:\/\/agora.xtec.cat\/escsantamaria\/wp-content\/uploads\/usu1256\/2020\/04\/IMG_20200412_173757_resized_20200412_101340266.jpg 2000w\" sizes=\"auto, (max-width: 628px) 100vw, 628px\" \/><\/a><\/p>\n<p>L&#8217;Amelia (P5) i l&#8217;\u00c1lvaro (P3) tamb\u00e9 han fet la seva mona! Sou uns grans xefs!<\/p>\n<p><a href=\"https:\/\/agora.xtec.cat\/escsantamaria\/wp-content\/uploads\/usu1256\/2020\/04\/amelia2.jpg\"><img loading=\"lazy\" decoding=\"async\" class=\"aligncenter wp-image-12079\" src=\"https:\/\/agora.xtec.cat\/escsantamaria\/wp-content\/uploads\/usu1256\/2020\/04\/amelia2-768x1024.jpg\" alt=\"\" width=\"529\" height=\"706\" srcset=\"https:\/\/agora.xtec.cat\/escsantamaria\/wp-content\/uploads\/usu1256\/2020\/04\/amelia2-768x1024.jpg 768w, https:\/\/agora.xtec.cat\/escsantamaria\/wp-content\/uploads\/usu1256\/2020\/04\/amelia2-225x300.jpg 225w, https:\/\/agora.xtec.cat\/escsantamaria\/wp-content\/uploads\/usu1256\/2020\/04\/amelia2.jpg 1512w\" sizes=\"auto, (max-width: 529px) 100vw, 529px\" \/><\/a><\/p>\n<p>&nbsp;<\/p>\n<p><a href=\"https:\/\/agora.xtec.cat\/escsantamaria\/wp-content\/uploads\/usu1256\/2020\/04\/amelia8.jpg\"><img loading=\"lazy\" decoding=\"async\" class=\"aligncenter wp-image-12080\" src=\"https:\/\/agora.xtec.cat\/escsantamaria\/wp-content\/uploads\/usu1256\/2020\/04\/amelia8-768x1024.jpg\" alt=\"\" width=\"529\" height=\"705\" srcset=\"https:\/\/agora.xtec.cat\/escsantamaria\/wp-content\/uploads\/usu1256\/2020\/04\/amelia8-768x1024.jpg 768w, https:\/\/agora.xtec.cat\/escsantamaria\/wp-content\/uploads\/usu1256\/2020\/04\/amelia8-225x300.jpg 225w, https:\/\/agora.xtec.cat\/escsantamaria\/wp-content\/uploads\/usu1256\/2020\/04\/amelia8.jpg 1512w\" sizes=\"auto, (max-width: 529px) 100vw, 529px\" \/><\/a><\/p>\n<p>&nbsp;<\/p>\n<p><a href=\"https:\/\/agora.xtec.cat\/escsantamaria\/wp-content\/uploads\/usu1256\/2020\/04\/amelia9.jpg\"><img loading=\"lazy\" decoding=\"async\" class=\"aligncenter wp-image-12081\" src=\"https:\/\/agora.xtec.cat\/escsantamaria\/wp-content\/uploads\/usu1256\/2020\/04\/amelia9-768x1024.jpg\" alt=\"\" width=\"531\" height=\"708\" srcset=\"https:\/\/agora.xtec.cat\/escsantamaria\/wp-content\/uploads\/usu1256\/2020\/04\/amelia9-768x1024.jpg 768w, https:\/\/agora.xtec.cat\/escsantamaria\/wp-content\/uploads\/usu1256\/2020\/04\/amelia9-225x300.jpg 225w, https:\/\/agora.xtec.cat\/escsantamaria\/wp-content\/uploads\/usu1256\/2020\/04\/amelia9.jpg 1512w\" sizes=\"auto, (max-width: 531px) 100vw, 531px\" \/><\/a><\/p>\n<p>El Mart\u00edn (P4) tamb\u00e9 ha volgut compartir amb nosaltres la seva mona de Pasqua! Moltes gr\u00e0cies Mart\u00edn, t\u00e9 molt bona pinta!<\/p>\n<p><a href=\"https:\/\/agora.xtec.cat\/escsantamaria\/wp-content\/uploads\/usu1256\/2020\/04\/IMG_20200412_200058-min.jpg\"><img loading=\"lazy\" decoding=\"async\" class=\"aligncenter wp-image-12117\" src=\"https:\/\/agora.xtec.cat\/escsantamaria\/wp-content\/uploads\/usu1256\/2020\/04\/IMG_20200412_200058-min-766x1024.jpg\" alt=\"\" width=\"538\" height=\"719\" srcset=\"https:\/\/agora.xtec.cat\/escsantamaria\/wp-content\/uploads\/usu1256\/2020\/04\/IMG_20200412_200058-min-766x1024.jpg 766w, https:\/\/agora.xtec.cat\/escsantamaria\/wp-content\/uploads\/usu1256\/2020\/04\/IMG_20200412_200058-min-224x300.jpg 224w, https:\/\/agora.xtec.cat\/escsantamaria\/wp-content\/uploads\/usu1256\/2020\/04\/IMG_20200412_200058-min-768x1027.jpg 768w\" sizes=\"auto, (max-width: 538px) 100vw, 538px\" \/><\/a><\/p>\n<p>&nbsp;<\/p>\n<p><a href=\"https:\/\/agora.xtec.cat\/escsantamaria\/wp-content\/uploads\/usu1256\/2020\/04\/IMG_20200412_183950-min.jpg\"><img loading=\"lazy\" decoding=\"async\" class=\"aligncenter wp-image-12118\" src=\"https:\/\/agora.xtec.cat\/escsantamaria\/wp-content\/uploads\/usu1256\/2020\/04\/IMG_20200412_183950-min-766x1024.jpg\" alt=\"\" width=\"535\" height=\"715\" srcset=\"https:\/\/agora.xtec.cat\/escsantamaria\/wp-content\/uploads\/usu1256\/2020\/04\/IMG_20200412_183950-min-766x1024.jpg 766w, https:\/\/agora.xtec.cat\/escsantamaria\/wp-content\/uploads\/usu1256\/2020\/04\/IMG_20200412_183950-min-224x300.jpg 224w, https:\/\/agora.xtec.cat\/escsantamaria\/wp-content\/uploads\/usu1256\/2020\/04\/IMG_20200412_183950-min-768x1027.jpg 768w\" sizes=\"auto, (max-width: 535px) 100vw, 535px\" \/><\/a><\/p>\n<p>Aqu\u00ed tenim a la Valentina (2n) fent la mona molt ben acompanyada!<\/p>\n<p>&nbsp;<\/p>\n<p>&nbsp;<\/p>\n<p>&nbsp;<\/p>\n<p><a href=\"https:\/\/agora.xtec.cat\/escsantamaria\/wp-content\/uploads\/usu1256\/2020\/04\/Valentina-2nB-min.jpg\"><img loading=\"lazy\" decoding=\"async\" class=\"aligncenter wp-image-12121\" src=\"https:\/\/agora.xtec.cat\/escsantamaria\/wp-content\/uploads\/usu1256\/2020\/04\/Valentina-2nB-min-574x1024.jpg\" alt=\"\" width=\"545\" height=\"972\" srcset=\"https:\/\/agora.xtec.cat\/escsantamaria\/wp-content\/uploads\/usu1256\/2020\/04\/Valentina-2nB-min-574x1024.jpg 574w, https:\/\/agora.xtec.cat\/escsantamaria\/wp-content\/uploads\/usu1256\/2020\/04\/Valentina-2nB-min-168x300.jpg 168w, https:\/\/agora.xtec.cat\/escsantamaria\/wp-content\/uploads\/usu1256\/2020\/04\/Valentina-2nB-min-768x1371.jpg 768w\" sizes=\"auto, (max-width: 545px) 100vw, 545px\" \/><\/a><\/p>\n<p>El Pau (2n) ja est\u00e0 preparat per menjar-se la seva mona! Bon profit Pau!<\/p>\n<p><a href=\"https:\/\/agora.xtec.cat\/escsantamaria\/wp-content\/uploads\/usu1256\/2020\/04\/Pau-2nB-min.jpg\"><img loading=\"lazy\" decoding=\"async\" class=\"aligncenter wp-image-12122\" src=\"https:\/\/agora.xtec.cat\/escsantamaria\/wp-content\/uploads\/usu1256\/2020\/04\/Pau-2nB-min-766x1024.jpg\" alt=\"\" width=\"542\" height=\"725\" srcset=\"https:\/\/agora.xtec.cat\/escsantamaria\/wp-content\/uploads\/usu1256\/2020\/04\/Pau-2nB-min-766x1024.jpg 766w, https:\/\/agora.xtec.cat\/escsantamaria\/wp-content\/uploads\/usu1256\/2020\/04\/Pau-2nB-min-224x300.jpg 224w, https:\/\/agora.xtec.cat\/escsantamaria\/wp-content\/uploads\/usu1256\/2020\/04\/Pau-2nB-min-768x1027.jpg 768w\" sizes=\"auto, (max-width: 542px) 100vw, 542px\" \/><\/a><\/p>\n<p>L&#8217;Atika i la Fatima (2n) ens desitgen una bona Pasqua! Moltes gr\u00e0cies noies!<\/p>\n<p><a href=\"https:\/\/agora.xtec.cat\/escsantamaria\/wp-content\/uploads\/usu1256\/2020\/04\/Aatika-i-Fatima-2nB.jpg\"><img loading=\"lazy\" decoding=\"async\" class=\"aligncenter wp-image-12123\" src=\"https:\/\/agora.xtec.cat\/escsantamaria\/wp-content\/uploads\/usu1256\/2020\/04\/Aatika-i-Fatima-2nB-1024x1024.jpg\" alt=\"\" width=\"535\" height=\"535\" srcset=\"https:\/\/agora.xtec.cat\/escsantamaria\/wp-content\/uploads\/usu1256\/2020\/04\/Aatika-i-Fatima-2nB-1024x1024.jpg 1024w, https:\/\/agora.xtec.cat\/escsantamaria\/wp-content\/uploads\/usu1256\/2020\/04\/Aatika-i-Fatima-2nB-150x150.jpg 150w, https:\/\/agora.xtec.cat\/escsantamaria\/wp-content\/uploads\/usu1256\/2020\/04\/Aatika-i-Fatima-2nB-300x300.jpg 300w, https:\/\/agora.xtec.cat\/escsantamaria\/wp-content\/uploads\/usu1256\/2020\/04\/Aatika-i-Fatima-2nB-768x768.jpg 768w, https:\/\/agora.xtec.cat\/escsantamaria\/wp-content\/uploads\/usu1256\/2020\/04\/Aatika-i-Fatima-2nB.jpg 1241w\" sizes=\"auto, (max-width: 535px) 100vw, 535px\" \/><\/a><\/p>\n<p>Bona Pasqua i molts petons per a tu tamb\u00e9 Ezequiel! (2n)<\/p>\n<p><a href=\"https:\/\/agora.xtec.cat\/escsantamaria\/wp-content\/uploads\/usu1256\/2020\/04\/Ezequiel_2nB-e1586888741696.jpg\"><img loading=\"lazy\" decoding=\"async\" class=\"aligncenter wp-image-12124 \" src=\"https:\/\/agora.xtec.cat\/escsantamaria\/wp-content\/uploads\/usu1256\/2020\/04\/Ezequiel_2nB-e1586888741696-768x1024.jpg\" alt=\"\" width=\"548\" height=\"731\" srcset=\"https:\/\/agora.xtec.cat\/escsantamaria\/wp-content\/uploads\/usu1256\/2020\/04\/Ezequiel_2nB-e1586888741696-768x1024.jpg 768w, https:\/\/agora.xtec.cat\/escsantamaria\/wp-content\/uploads\/usu1256\/2020\/04\/Ezequiel_2nB-e1586888741696-225x300.jpg 225w\" sizes=\"auto, (max-width: 548px) 100vw, 548px\" \/><\/a><\/p>\n<p>Mireu quina mona m\u00e9s &#8220;futbolera&#8221; ha fet l&#8217;Adri\u00e0! (2n) Nyam nyam!<\/p>\n<p><a href=\"https:\/\/agora.xtec.cat\/escsantamaria\/wp-content\/uploads\/usu1256\/2020\/04\/IMG_20200412_081414_283.jpg\"><img loading=\"lazy\" decoding=\"async\" class=\"aligncenter wp-image-12194\" src=\"https:\/\/agora.xtec.cat\/escsantamaria\/wp-content\/uploads\/usu1256\/2020\/04\/IMG_20200412_081414_283-1024x1024.jpg\" alt=\"\" width=\"464\" height=\"464\" srcset=\"https:\/\/agora.xtec.cat\/escsantamaria\/wp-content\/uploads\/usu1256\/2020\/04\/IMG_20200412_081414_283-1024x1024.jpg 1024w, https:\/\/agora.xtec.cat\/escsantamaria\/wp-content\/uploads\/usu1256\/2020\/04\/IMG_20200412_081414_283-150x150.jpg 150w, https:\/\/agora.xtec.cat\/escsantamaria\/wp-content\/uploads\/usu1256\/2020\/04\/IMG_20200412_081414_283-300x300.jpg 300w, https:\/\/agora.xtec.cat\/escsantamaria\/wp-content\/uploads\/usu1256\/2020\/04\/IMG_20200412_081414_283-768x768.jpg 768w\" sizes=\"auto, (max-width: 464px) 100vw, 464px\" \/><\/a><\/p>\n<p>&nbsp;<\/p>\n<p>&nbsp;<\/p>\n","protected":false},"excerpt":{"rendered":"<p>El Marc i la Luc\u00eda ens han volgut felicitar la Pasqua. Bona Pasqua a tothom!<br \/>\n<a href=\"https:\/\/agora.xtec.cat\/escsantamaria\/wp-content\/uploads\/usu1256\/2020\/04\/20200412_151724-min.jpg\"><\/a><br \/>\n&nbsp;<br \/>\n<a href=\"https:\/\/agora.xtec.cat\/escsantamaria\/wp-content\/uploads\/usu1256\/2020\/04\/20200412_151719-min.jpg\"><\/a><br \/>\nEl Jon (2n) i la Laia (P4) han fet la mona a casa. Quina bona pinta!<br \/>\n<a href=\"https:\/\/agora.xtec.cat\/escsantamaria\/wp-content\/uploads\/usu1256\/2020\/04\/IMG_20200412_173054_resized_20200412_101339871.jpg\"><\/a><br \/>\n<a href=\"https:\/\/agora.xtec.cat\/escsantamaria\/wp-content\/uploads\/usu1256\/2020\/04\/IMG_20200412_173425_resized_20200412_101341469.jpg\"><\/a><br \/>\n<a href=\"https:\/\/agora.xtec.cat\/escsantamaria\/wp-content\/uploads\/usu1256\/2020\/04\/IMG_20200412_173757_resized_20200412_101340266.jpg\"><\/a><br \/>\nL&#8217;Amelia (P5) i l&#8217;\u00c1lvaro (P3) tamb\u00e9 han fet la seva mona!&hellip;  <a href=\"https:\/\/agora.xtec.cat\/escsantamaria\/activitats-joemquedoacasa\/pasqua\/\" title=\"Read Pasqua\">Llegeix m\u00e9s\u00bb<\/a><\/p>\n","protected":false},"author":3,"featured_media":0,"parent":11724,"menu_order":12,"comment_status":"closed","ping_status":"closed","template":"page-templates\/side-menu.php","meta":{"_bbp_topic_count":0,"_bbp_reply_count":0,"_bbp_total_topic_count":0,"_bbp_total_reply_count":0,"_bbp_voice_count":0,"_bbp_anonymous_reply_count":0,"_bbp_topic_count_hidden":0,"_bbp_reply_count_hidden":0,"_bbp_forum_subforum_count":0,"footnotes":""},"class_list":["post-12075","page","type-page","status-publish","hentry"],"post_mailing_queue_ids":[],"_links":{"self":[{"href":"https:\/\/agora.xtec.cat\/escsantamaria\/wp-json\/wp\/v2\/pages\/12075","targetHints":{"allow":["GET"]}}],"collection":[{"href":"https:\/\/agora.xtec.cat\/escsantamaria\/wp-json\/wp\/v2\/pages"}],"about":[{"href":"https:\/\/agora.xtec.cat\/escsantamaria\/wp-json\/wp\/v2\/types\/page"}],"author":[{"embeddable":true,"href":"https:\/\/agora.xtec.cat\/escsantamaria\/wp-json\/wp\/v2\/users\/3"}],"replies":[{"embeddable":true,"href":"https:\/\/agora.xtec.cat\/escsantamaria\/wp-json\/wp\/v2\/comments?post=12075"}],"version-history":[{"count":4,"href":"https:\/\/agora.xtec.cat\/escsantamaria\/wp-json\/wp\/v2\/pages\/12075\/revisions"}],"predecessor-version":[{"id":12196,"href":"https:\/\/agora.xtec.cat\/escsantamaria\/wp-json\/wp\/v2\/pages\/12075\/revisions\/12196"}],"up":[{"embeddable":true,"href":"https:\/\/agora.xtec.cat\/escsantamaria\/wp-json\/wp\/v2\/pages\/11724"}],"wp:attachment":[{"href":"https:\/\/agora.xtec.cat\/escsantamaria\/wp-json\/wp\/v2\/media?parent=12075"}],"curies":[{"name":"wp","href":"https:\/\/api.w.org\/{rel}","templated":true}]}}