{"id":11928,"date":"2020-03-26T13:46:20","date_gmt":"2020-03-26T12:46:20","guid":{"rendered":"http:\/\/agora.xtec.cat\/escsantamaria\/?page_id=11928"},"modified":"2020-03-26T13:46:30","modified_gmt":"2020-03-26T12:46:30","slug":"app-tok-app-school","status":"publish","type":"page","link":"https:\/\/agora.xtec.cat\/escsantamaria\/app-tok-app-school\/","title":{"rendered":"APP Tok App School"},"content":{"rendered":"<p style=\"text-align: justify;\">Benvolgudes fam\u00edlies,<\/p>\n<p style=\"text-align: justify;\">Com ja sabeu, fa uns mesos vam implementar un sistema de comunicaci\u00f3 a trav\u00e9s de l&#8217;app Tok App School. En aquests dies de confinament, es fa encara m\u00e9s necessari disposar de diversos canals de comunicaci\u00f3 que ens permetin arribar a totes les fam\u00edlies.<\/p>\n<p style=\"text-align: justify;\">Per tot aix\u00f2, \u00e9s important que totes aquelles fam\u00edlies que disposeu d&#8217;smartphone descarregueu i configureu aquesta aplicaci\u00f3. Us demanem tamb\u00e9 que, en cas de canviar de n\u00famero de tel\u00e8fon, ens ho feu saber\u00a0<span class=\"text_exposed_show\">a trav\u00e9s del correu e3004931@xtec.cat.<\/span><\/p>\n<div class=\"text_exposed_show\">\n<p style=\"text-align: justify;\">Us deixem un breu tutorial per facilitar-vos el proc\u00e9s d&#8217;instal\u00b7laci\u00f3 de l&#8217;app:<\/p>\n<p>https:\/\/www.youtube.com\/watch?v=h5B6V1eX790<\/p>\n<p>Moltes gr\u00e0cies per la vostra col\u00b7laboraci\u00f3!<\/p>\n<p><a class=\"_58cn\" href=\"https:\/\/www.facebook.com\/hashtag\/josocdelsanta?source=feed_text&amp;epa=HASHTAG&amp;__xts__%5B0%5D=68.ARBu56YidKsXdJesF9WvlPz4Ppq7PhfTyN_3nA2KICOiylzNIDD4ev6XTDmvB0b__yUUFh0w3DZVsC-0F3l7hmcu5vFG-4z9u_q6D6MO4K_LhVr1JlNBvjZaFwXG9rB11Euqbhp7M-TLwSWlEk_fI1DGJaPdczOmHJtxs2aRGe2_vIi5a9V9K_t-xsB9GQ84tR4OTxl7r6s3-QBZDjNedzobP2LBMf5axqi7VO6jg9B3rrtjYSbV_CDvCigGzT0LDQiWu-N81qiu_ZyqNQPXl97X8RJREXf5bjXYUvcDPc5msDkfETBCenumR75Rsndf7ioskd3faXH6ygKnTa7BMYrtSQtj&amp;__tn__=%2ANK-R\" data-ft=\"{&quot;type&quot;:104,&quot;tn&quot;:&quot;*N&quot;}\"><span class=\"_5afx\"><span class=\"_58cl _5afz\" aria-label=\"hashtag\">#<\/span><span class=\"_58cm\">josocdelsanta<\/span><\/span><\/a>\u00a0<a class=\"_58cn\" href=\"https:\/\/www.facebook.com\/hashtag\/joemquedoacasa?source=feed_text&amp;epa=HASHTAG&amp;__xts__%5B0%5D=68.ARBu56YidKsXdJesF9WvlPz4Ppq7PhfTyN_3nA2KICOiylzNIDD4ev6XTDmvB0b__yUUFh0w3DZVsC-0F3l7hmcu5vFG-4z9u_q6D6MO4K_LhVr1JlNBvjZaFwXG9rB11Euqbhp7M-TLwSWlEk_fI1DGJaPdczOmHJtxs2aRGe2_vIi5a9V9K_t-xsB9GQ84tR4OTxl7r6s3-QBZDjNedzobP2LBMf5axqi7VO6jg9B3rrtjYSbV_CDvCigGzT0LDQiWu-N81qiu_ZyqNQPXl97X8RJREXf5bjXYUvcDPc5msDkfETBCenumR75Rsndf7ioskd3faXH6ygKnTa7BMYrtSQtj&amp;__tn__=%2ANK-R\" data-ft=\"{&quot;type&quot;:104,&quot;tn&quot;:&quot;*N&quot;}\"><span class=\"_5afx\"><span class=\"_58cl _5afz\" aria-label=\"hashtag\">#<\/span><span class=\"_58cm\">joemquedoacasa<\/span><\/span><\/a><\/p>\n<\/div>\n","protected":false},"excerpt":{"rendered":"<p>Benvolgudes fam\u00edlies,<br \/>\nCom ja sabeu, fa uns mesos vam implementar un sistema de comunicaci\u00f3 a trav\u00e9s de l&#8217;app Tok App School. En aquests dies de confinament, es fa encara m\u00e9s necessari disposar de diversos canals de comunicaci\u00f3 que ens permetin arribar a totes les fam\u00edlies.<br \/>\nPer tot&hellip;  <a href=\"https:\/\/agora.xtec.cat\/escsantamaria\/app-tok-app-school\/\" title=\"Read APP Tok App School\">Llegeix m\u00e9s\u00bb<\/a><\/p>\n","protected":false},"author":3,"featured_media":0,"parent":0,"menu_order":0,"comment_status":"closed","ping_status":"closed","template":"","meta":{"_bbp_topic_count":0,"_bbp_reply_count":0,"_bbp_total_topic_count":0,"_bbp_total_reply_count":0,"_bbp_voice_count":0,"_bbp_anonymous_reply_count":0,"_bbp_topic_count_hidden":0,"_bbp_reply_count_hidden":0,"_bbp_forum_subforum_count":0,"footnotes":""},"class_list":["post-11928","page","type-page","status-publish","hentry"],"post_mailing_queue_ids":[],"_links":{"self":[{"href":"https:\/\/agora.xtec.cat\/escsantamaria\/wp-json\/wp\/v2\/pages\/11928","targetHints":{"allow":["GET"]}}],"collection":[{"href":"https:\/\/agora.xtec.cat\/escsantamaria\/wp-json\/wp\/v2\/pages"}],"about":[{"href":"https:\/\/agora.xtec.cat\/escsantamaria\/wp-json\/wp\/v2\/types\/page"}],"author":[{"embeddable":true,"href":"https:\/\/agora.xtec.cat\/escsantamaria\/wp-json\/wp\/v2\/users\/3"}],"replies":[{"embeddable":true,"href":"https:\/\/agora.xtec.cat\/escsantamaria\/wp-json\/wp\/v2\/comments?post=11928"}],"version-history":[{"count":1,"href":"https:\/\/agora.xtec.cat\/escsantamaria\/wp-json\/wp\/v2\/pages\/11928\/revisions"}],"predecessor-version":[{"id":11929,"href":"https:\/\/agora.xtec.cat\/escsantamaria\/wp-json\/wp\/v2\/pages\/11928\/revisions\/11929"}],"wp:attachment":[{"href":"https:\/\/agora.xtec.cat\/escsantamaria\/wp-json\/wp\/v2\/media?parent=11928"}],"curies":[{"name":"wp","href":"https:\/\/api.w.org\/{rel}","templated":true}]}}