{"id":11923,"date":"2020-03-26T01:08:00","date_gmt":"2020-03-26T00:08:00","guid":{"rendered":"http:\/\/agora.xtec.cat\/escsantamaria\/?page_id=11923"},"modified":"2020-03-26T01:08:00","modified_gmt":"2020-03-26T00:08:00","slug":"experiments","status":"publish","type":"page","link":"https:\/\/agora.xtec.cat\/escsantamaria\/activitats-joemquedoacasa\/experiments\/","title":{"rendered":"Experiments"},"content":{"rendered":"<p>Envia\u2019ns els teus experiments al correu <a href=\"mailto:e3004031@xtec.cat\">e3004031@xtec.cat<\/a>\u00a0i les afegirem a aquesta secci\u00f3.<\/p>\n<p>Animeu-vos a participar!<\/p>\n<p>A l\u2019Ona (P3) i a la Sara, els agrada molt la pel\u00b7l\u00edcula de la Frozen, com a molts nens i nenes de la seva edat. Per aquest motiu, s\u2019han posat les disfresses i han fet neu a casa. Han barrejat tres gots de bicarbonat s\u00f2dic i, a poc a poc, hi han afegit un got d\u2019aigua freda i, vual\u00e0, ja tenim neu! S\u2019ho han passat d\u2019all\u00f2 m\u00e9s b\u00e9 fent el seu propi Olaf!<\/p>\n<p><a href=\"https:\/\/agora.xtec.cat\/escsantamaria\/wp-content\/uploads\/usu1256\/2020\/03\/Sara-Ona-2.jpg\"><img loading=\"lazy\" decoding=\"async\" class=\"aligncenter size-large wp-image-11910\" src=\"https:\/\/agora.xtec.cat\/escsantamaria\/wp-content\/uploads\/usu1256\/2020\/03\/Sara-Ona-2-768x1024.jpg\" alt=\"\" width=\"768\" height=\"1024\" srcset=\"https:\/\/agora.xtec.cat\/escsantamaria\/wp-content\/uploads\/usu1256\/2020\/03\/Sara-Ona-2-768x1024.jpg 768w, https:\/\/agora.xtec.cat\/escsantamaria\/wp-content\/uploads\/usu1256\/2020\/03\/Sara-Ona-2-225x300.jpg 225w, https:\/\/agora.xtec.cat\/escsantamaria\/wp-content\/uploads\/usu1256\/2020\/03\/Sara-Ona-2.jpg 1575w\" sizes=\"auto, (max-width: 768px) 100vw, 768px\" \/><\/a><\/p>\n","protected":false},"excerpt":{"rendered":"<p>Envia\u2019ns els teus experiments al correu <a href=\"mailto:e3004031@xtec.cat\">e3004031@xtec.cat<\/a>\u00a0i les afegirem a aquesta secci\u00f3.<br \/>\nAnimeu-vos a participar!<br \/>\nA l\u2019Ona (P3) i a la Sara, els agrada molt la pel\u00b7l\u00edcula de la Frozen, com a molts nens i nenes de la seva edat. Per aquest motiu, s\u2019han posat les&hellip;  <a href=\"https:\/\/agora.xtec.cat\/escsantamaria\/activitats-joemquedoacasa\/experiments\/\" title=\"Read Experiments\">Llegeix m\u00e9s\u00bb<\/a><\/p>\n","protected":false},"author":3,"featured_media":0,"parent":11724,"menu_order":10,"comment_status":"closed","ping_status":"closed","template":"page-templates\/side-menu.php","meta":{"_bbp_topic_count":0,"_bbp_reply_count":0,"_bbp_total_topic_count":0,"_bbp_total_reply_count":0,"_bbp_voice_count":0,"_bbp_anonymous_reply_count":0,"_bbp_topic_count_hidden":0,"_bbp_reply_count_hidden":0,"_bbp_forum_subforum_count":0,"footnotes":""},"class_list":["post-11923","page","type-page","status-publish","hentry"],"post_mailing_queue_ids":[],"_links":{"self":[{"href":"https:\/\/agora.xtec.cat\/escsantamaria\/wp-json\/wp\/v2\/pages\/11923","targetHints":{"allow":["GET"]}}],"collection":[{"href":"https:\/\/agora.xtec.cat\/escsantamaria\/wp-json\/wp\/v2\/pages"}],"about":[{"href":"https:\/\/agora.xtec.cat\/escsantamaria\/wp-json\/wp\/v2\/types\/page"}],"author":[{"embeddable":true,"href":"https:\/\/agora.xtec.cat\/escsantamaria\/wp-json\/wp\/v2\/users\/3"}],"replies":[{"embeddable":true,"href":"https:\/\/agora.xtec.cat\/escsantamaria\/wp-json\/wp\/v2\/comments?post=11923"}],"version-history":[{"count":1,"href":"https:\/\/agora.xtec.cat\/escsantamaria\/wp-json\/wp\/v2\/pages\/11923\/revisions"}],"predecessor-version":[{"id":11924,"href":"https:\/\/agora.xtec.cat\/escsantamaria\/wp-json\/wp\/v2\/pages\/11923\/revisions\/11924"}],"up":[{"embeddable":true,"href":"https:\/\/agora.xtec.cat\/escsantamaria\/wp-json\/wp\/v2\/pages\/11724"}],"wp:attachment":[{"href":"https:\/\/agora.xtec.cat\/escsantamaria\/wp-json\/wp\/v2\/media?parent=11923"}],"curies":[{"name":"wp","href":"https:\/\/api.w.org\/{rel}","templated":true}]}}