{"id":11905,"date":"2020-03-25T15:38:39","date_gmt":"2020-03-25T14:38:39","guid":{"rendered":"http:\/\/agora.xtec.cat\/escsantamaria\/?page_id=11905"},"modified":"2020-03-25T15:38:39","modified_gmt":"2020-03-25T14:38:39","slug":"formigues-cooperatives","status":"publish","type":"page","link":"https:\/\/agora.xtec.cat\/escsantamaria\/projectes\/formigues-cooperatives\/","title":{"rendered":"Formigues cooperatives"},"content":{"rendered":"<h5>QU\u00c8 \u00c9S?<\/h5>\n<p style=\"text-align: justify;\">Formigues cooperatives \u00e9s un projecte telem\u00e0tic cooperatiu d\u2019\u00e0mbit educatiu, on alumnes de diferents escoles de Catalunya despr\u00e9s d\u2019experimentar reptes cooperatius a la classe d\u2019eduaci\u00f3 f\u00edsica n\u2019inventen de nous, els comparteixen amb altres escoles, els proven, els milloren i en fan una valoraci\u00f3.<\/p>\n<p style=\"text-align: justify;\">El projecte es desenvolupa principalment en catal\u00e0 i des de l\u2019\u00e0rea d\u2019educaci\u00f3 f\u00edsica, per\u00f2 requereix d\u2019altres moments com pot ser l\u2019\u00fas de les noves tecnologies, tutoria i \/o llengua.<\/p>\n<h5>QU\u00c8 \u00c9S UN REPTE COOPERATIU?<\/h5>\n<ul>\n<li>Un\u00a0repte que nom\u00e9s es pot superar amb la participaci\u00f3 activa de tots els membres del grup.<\/li>\n<li>Si un repte nom\u00e9s el poden aconseguir una part dels components del grup, no \u00e9s cooperatiu.<\/li>\n<li>Hi ha d\u2019haver un objectiu clar a aconseguir i un element motivador (temps, dist\u00e0ncia, punts, limitacions d\u2019espai o normes.) \u2013 El repte ha de ser adequat a l\u2019edat (ni molt f\u00e0cil ni molt dif\u00edcil).<\/li>\n<li>Inventar reptes diferents (no variants) als que faciliten els coordinadors del projecte.<\/li>\n<\/ul>\n<p><iframe loading=\"lazy\" title=\"Formigues Cooperatives - Projecte EF\" src=\"https:\/\/player.vimeo.com\/video\/296732168?dnt=1&amp;app_id=122963\" width=\"500\" height=\"281\" frameborder=\"0\" allow=\"autoplay; fullscreen; picture-in-picture; clipboard-write\"><\/iframe><\/p>\n<h5>QUI HI PARTICIPA?<\/h5>\n<p>En l&#8217;actualitat 85 escoles participen en aquest projecte. En el nostre cas, participen tots els nens i nenes de 5\u00e8 de Prim\u00e0ria de l&#8217;escola.<\/p>\n<h5>M\u00c9S INFO<\/h5>\n<p><a href=\"http:\/\/formiguescooperatives.cat\" target=\"_blank\" rel=\"noopener noreferrer\">formiguescooperatives.cat<\/a><\/p>\n<p><a href=\"https:\/\/agora.xtec.cat\/escsantamaria\/wp-content\/uploads\/usu1256\/2020\/03\/sin_titulo.jpg\"><img loading=\"lazy\" decoding=\"async\" class=\"aligncenter size-full wp-image-11906\" src=\"https:\/\/agora.xtec.cat\/escsantamaria\/wp-content\/uploads\/usu1256\/2020\/03\/sin_titulo.jpg\" alt=\"\" width=\"385\" height=\"280\" srcset=\"https:\/\/agora.xtec.cat\/escsantamaria\/wp-content\/uploads\/usu1256\/2020\/03\/sin_titulo.jpg 385w, https:\/\/agora.xtec.cat\/escsantamaria\/wp-content\/uploads\/usu1256\/2020\/03\/sin_titulo-300x218.jpg 300w\" sizes=\"auto, (max-width: 385px) 100vw, 385px\" \/><\/a><\/p>\n","protected":false},"excerpt":{"rendered":"<p>QU\u00c8 \u00c9S?<br \/>\nFormigues cooperatives \u00e9s un projecte telem\u00e0tic cooperatiu d\u2019\u00e0mbit educatiu, on alumnes de diferents escoles de Catalunya despr\u00e9s d\u2019experimentar reptes cooperatius a la classe d\u2019eduaci\u00f3 f\u00edsica n\u2019inventen de nous, els comparteixen amb altres escoles, els proven, els milloren i en fan una valoraci\u00f3.<br \/>\nEl projecte es&hellip;  <a href=\"https:\/\/agora.xtec.cat\/escsantamaria\/projectes\/formigues-cooperatives\/\" title=\"Read Formigues cooperatives\">Llegeix m\u00e9s\u00bb<\/a><\/p>\n","protected":false},"author":3,"featured_media":0,"parent":1501,"menu_order":14,"comment_status":"closed","ping_status":"closed","template":"page-templates\/side-menu.php","meta":{"_bbp_topic_count":0,"_bbp_reply_count":0,"_bbp_total_topic_count":0,"_bbp_total_reply_count":0,"_bbp_voice_count":0,"_bbp_anonymous_reply_count":0,"_bbp_topic_count_hidden":0,"_bbp_reply_count_hidden":0,"_bbp_forum_subforum_count":0,"footnotes":""},"class_list":["post-11905","page","type-page","status-publish","hentry"],"post_mailing_queue_ids":[],"_links":{"self":[{"href":"https:\/\/agora.xtec.cat\/escsantamaria\/wp-json\/wp\/v2\/pages\/11905","targetHints":{"allow":["GET"]}}],"collection":[{"href":"https:\/\/agora.xtec.cat\/escsantamaria\/wp-json\/wp\/v2\/pages"}],"about":[{"href":"https:\/\/agora.xtec.cat\/escsantamaria\/wp-json\/wp\/v2\/types\/page"}],"author":[{"embeddable":true,"href":"https:\/\/agora.xtec.cat\/escsantamaria\/wp-json\/wp\/v2\/users\/3"}],"replies":[{"embeddable":true,"href":"https:\/\/agora.xtec.cat\/escsantamaria\/wp-json\/wp\/v2\/comments?post=11905"}],"version-history":[{"count":1,"href":"https:\/\/agora.xtec.cat\/escsantamaria\/wp-json\/wp\/v2\/pages\/11905\/revisions"}],"predecessor-version":[{"id":11907,"href":"https:\/\/agora.xtec.cat\/escsantamaria\/wp-json\/wp\/v2\/pages\/11905\/revisions\/11907"}],"up":[{"embeddable":true,"href":"https:\/\/agora.xtec.cat\/escsantamaria\/wp-json\/wp\/v2\/pages\/1501"}],"wp:attachment":[{"href":"https:\/\/agora.xtec.cat\/escsantamaria\/wp-json\/wp\/v2\/media?parent=11905"}],"curies":[{"name":"wp","href":"https:\/\/api.w.org\/{rel}","templated":true}]}}