{"id":11890,"date":"2020-03-25T12:48:54","date_gmt":"2020-03-25T11:48:54","guid":{"rendered":"http:\/\/agora.xtec.cat\/escsantamaria\/?page_id=11890"},"modified":"2020-04-07T21:13:00","modified_gmt":"2020-04-07T19:13:00","slug":"angles","status":"publish","type":"page","link":"https:\/\/agora.xtec.cat\/escsantamaria\/activitats-joemquedoacasa\/angles\/","title":{"rendered":"Angl\u00e8s"},"content":{"rendered":"<h5>RECURSOS GENERALS<\/h5>\n<p>&nbsp;<\/p>\n<p><a href=\"https:\/\/www.sesamestreet.org\" target=\"_blank\" rel=\"noopener noreferrer\">https:\/\/www.sesamestreet.org<\/a><\/p>\n<p><a href=\"https:\/\/supersimple.com\" target=\"_blank\" rel=\"noopener noreferrer\">https:\/\/supersimple.com<\/a><\/p>\n<p><a href=\"https:\/\/www.starfall.com\/h\/index-kindergarten.php\" target=\"_blank\" rel=\"noopener noreferrer\">https:\/\/www.starfall.com\/h\/index-kindergarten.php<\/a><\/p>\n<p><a href=\"http:\/\/pilarinthebox.com\" target=\"_blank\" rel=\"noopener noreferrer\">http:\/\/pilarinthebox.com<\/a><\/p>\n<p><a href=\"https:\/\/learnenglishkids.britishcouncil.org\/es\" target=\"_blank\" rel=\"noopener noreferrer\">https:\/\/learnenglishkids.britishcouncil.org\/es<\/a><\/p>\n<p><a href=\"http:\/\/www.kizclub.com\/index.html\" target=\"_blank\" rel=\"noopener noreferrer\">http:\/\/www.kizclub.com\/index.html<\/a><\/p>\n<p><a href=\"https:\/\/www.facebook.com\/petitlondoner\/\" target=\"_blank\" rel=\"noopener noreferrer\">https:\/\/www.facebook.com\/petitlondoner\/<\/a><\/p>\n<p>&nbsp;<\/p>\n<h5>RECURSOS PER A EDUCACI\u00d3 INFANTIL<\/h5>\n<p>&nbsp;<\/p>\n<p>HELLO<img decoding=\"async\" class=\"CToWUd\" src=\"https:\/\/mail.google.com\/mail\/e\/1f44b\" alt=\"?\" data-goomoji=\"1f44b\" data-image-whitelisted=\"\" \/>\u00a0<img decoding=\"async\" class=\"CToWUd\" src=\"https:\/\/mail.google.com\/mail\/e\/2764\" alt=\"\u2764\" data-goomoji=\"2764\" data-image-whitelisted=\"\" \/>\ufe0f<img decoding=\"async\" class=\"CToWUd\" src=\"https:\/\/mail.google.com\/mail\/e\/1f64b\" alt=\"?\" data-goomoji=\"1f64b\" data-image-whitelisted=\"\" \/><\/p>\n<p>-Hello Hello! Can You Clap Your Hands? | Original Kids Song | Super Simple Songs<\/p>\n<p><a href=\"https:\/\/youtu.be\/fN1Cyr0ZK9M\" target=\"_blank\" rel=\"noopener noreferrer\">https:\/\/youtu.be\/fN1Cyr0ZK9M<\/a><\/p>\n<p>-Hello! | Super Simple Songs<\/p>\n<p><a href=\"https:\/\/youtu.be\/tVlcKp3bWH8\" target=\"_blank\" rel=\"noopener noreferrer\">https:\/\/youtu.be\/tVlcKp3bWH8<\/a><\/p>\n<p>&nbsp;<\/p>\n<p>DAYS OF THE WEEK and MONTHS Of The YEAR\u00a0<img decoding=\"async\" class=\"CToWUd\" src=\"https:\/\/mail.google.com\/mail\/e\/1f4c5\" alt=\"?\" data-goomoji=\"1f4c5\" data-image-whitelisted=\"\" \/><\/p>\n<p>-Days of The Week Song For Kids<\/p>\n<p><a href=\"https:\/\/youtu.be\/36n93jvjkDs\" target=\"_blank\" rel=\"noopener noreferrer\">https:\/\/youtu.be\/36n93jvjkDs<\/a><\/p>\n<p>-Days of the Week Song | The Singing Walrus<\/p>\n<p><a href=\"https:\/\/youtu.be\/mXMofxtDPUQ\" target=\"_blank\" rel=\"noopener noreferrer\">https:\/\/youtu.be\/mXMofxtDPUQ<\/a><\/p>\n<p>-Months of the Year Song | Learn English Kids<\/p>\n<p><a href=\"https:\/\/youtu.be\/v608v42dKeI\" target=\"_blank\" rel=\"noopener noreferrer\">https:\/\/youtu.be\/v608v42dKeI<\/a><\/p>\n<p>&nbsp;<\/p>\n<p><img decoding=\"async\" class=\"CToWUd\" src=\"https:\/\/mail.google.com\/mail\/e\/1f522\" alt=\"?\" data-goomoji=\"1f522\" data-image-whitelisted=\"\" \/>\u00a0NUMBERS<\/p>\n<p>-Numbers Song Let&#8217;s Count 1-10 New Version<\/p>\n<p><a href=\"https:\/\/youtu.be\/85M1yxIcHpw\" target=\"_blank\" rel=\"noopener noreferrer\">https:\/\/youtu.be\/85M1yxIcHpw<\/a><\/p>\n<p>-Count And Move 1-20 (HD) | Super Simple Songs<\/p>\n<p><a href=\"https:\/\/youtu.be\/Aq4UAss33qA\" target=\"_blank\" rel=\"noopener noreferrer\">https:\/\/youtu.be\/Aq4UAss33qA<\/a><\/p>\n<p>-Number song 1-20 for children | Counting numbers | The Singing Walrus<\/p>\n<p><a href=\"https:\/\/youtu.be\/D0Ajq682yrA\" target=\"_blank\" rel=\"noopener noreferrer\">https:\/\/youtu.be\/D0Ajq682yrA<\/a><\/p>\n<p>-Counting To 100 by 1s | Counting Numbers | Children, Preschool, Core Curriculum<\/p>\n<p><a href=\"https:\/\/youtu.be\/SxgCA1qOW20\" target=\"_blank\" rel=\"noopener noreferrer\">https:\/\/youtu.be\/SxgCA1qOW20<\/a><\/p>\n<p>&nbsp;<\/p>\n<p>ABC\u00a0<img decoding=\"async\" class=\"CToWUd\" src=\"https:\/\/mail.google.com\/mail\/e\/1f18e\" alt=\"?\" data-goomoji=\"1f18e\" data-image-whitelisted=\"\" \/><\/p>\n<p>-The Alphabet Chant + More | ABC Songs | Super Simple Songs<\/p>\n<p><a href=\"https:\/\/youtu.be\/cR-Qr1V8e_w\" target=\"_blank\" rel=\"noopener noreferrer\">https:\/\/youtu.be\/cR-Qr1V8e_w<\/a><\/p>\n<p>-The ABC Song<\/p>\n<p><a href=\"https:\/\/youtu.be\/75p-N9YKqNo\" target=\"_blank\" rel=\"noopener noreferrer\">https:\/\/youtu.be\/75p-N9YKqNo<\/a><\/p>\n<p>-The Alphabet Song | Kids Songs | Super Simple Songs<\/p>\n<p><a href=\"https:\/\/youtu.be\/vD98OvvDNEs\" target=\"_blank\" rel=\"noopener noreferrer\">https:\/\/youtu.be\/vD98OvvDNEs<\/a><\/p>\n<p>&nbsp;<\/p>\n<p><img decoding=\"async\" class=\"CToWUd\" src=\"https:\/\/mail.google.com\/mail\/e\/1f418\" alt=\"?\" data-goomoji=\"1f418\" data-image-whitelisted=\"\" \/>ANIMALS<img decoding=\"async\" class=\"CToWUd\" src=\"https:\/\/mail.google.com\/mail\/e\/1f981\" alt=\"?\" data-goomoji=\"1f981\" data-image-whitelisted=\"\" \/><\/p>\n<p>-What Do You See? Song | Wild Animals | Learn English Kids<\/p>\n<p><a href=\"https:\/\/youtu.be\/p5qwOxlvyhk\" target=\"_blank\" rel=\"noopener noreferrer\">https:\/\/youtu.be\/p5qwOxlvyhk<\/a><\/p>\n<p>-Walking In The Jungle | Super Simple Songs<\/p>\n<p><a href=\"https:\/\/youtu.be\/GoSq-yZcJ-4\" target=\"_blank\" rel=\"noopener noreferrer\">https:\/\/youtu.be\/GoSq-yZcJ-4<\/a><\/p>\n<p>&nbsp;<\/p>\n<p>&nbsp;<\/p>\n<h5>RECURSOS PER A 1r<\/h5>\n<p>&nbsp;<\/p>\n<p>&nbsp;<\/p>\n<p><img decoding=\"async\" class=\"CToWUd\" src=\"https:\/\/mail.google.com\/mail\/e\/2764\" alt=\"\u2764\" data-goomoji=\"2764\" data-image-whitelisted=\"\" \/>\ufe0fFAMILY Vocabulary<\/p>\n<p>-Family members &amp; tree &#8211; Learn English educational video for kids<\/p>\n<p><a href=\"https:\/\/youtu.be\/FHaObkHEkHQ\" target=\"_blank\" rel=\"noopener noreferrer\">https:\/\/youtu.be\/FHaObkHEkHQ<\/a><\/p>\n<p>&nbsp;<\/p>\n<p><img decoding=\"async\" class=\"CToWUd\" src=\"https:\/\/mail.google.com\/mail\/e\/1f357\" alt=\"?\" data-goomoji=\"1f357\" data-image-whitelisted=\"\" \/>FOOD?<\/p>\n<p>-Learn Food Vocabulary | Talking Flashcards<\/p>\n<p><a href=\"https:\/\/youtu.be\/lW5TXrKbsq4\" target=\"_blank\" rel=\"noopener noreferrer\">https:\/\/youtu.be\/lW5TXrKbsq4<\/a><\/p>\n<p>-Learn Food for Kids | What Is It? Game for Kids | Maple Leaf Learning<\/p>\n<p><a href=\"https:\/\/youtu.be\/BilStuLzW6s\" target=\"_blank\" rel=\"noopener noreferrer\">https:\/\/youtu.be\/BilStuLzW6s<\/a><\/p>\n<p>-Do You Like Broccoli Ice Cream? | Super Simple Songs<\/p>\n<p><a href=\"https:\/\/youtu.be\/frN3nvhIHUk\" target=\"_blank\" rel=\"noopener noreferrer\">https:\/\/youtu.be\/frN3nvhIHUk<\/a><\/p>\n<p>-Do You Like Spaghetti Yogurt? | Super Simple Songs<\/p>\n<p><a href=\"https:\/\/youtu.be\/ddDN30evKPc\" target=\"_blank\" rel=\"noopener noreferrer\">https:\/\/youtu.be\/ddDN30evKPc<\/a><\/p>\n<p>-Kids vocabulary &#8211; Fruits &amp; Vegetables 1 &#8211; Learn English for kids &#8211; English educational video<\/p>\n<p><a href=\"https:\/\/youtu.be\/utwgf_G91Eo\" target=\"_blank\" rel=\"noopener noreferrer\">https:\/\/youtu.be\/utwgf_G91Eo<\/a><\/p>\n<p><a href=\"http:\/\/www.kizclub.com\/food.htm\" target=\"_blank\" rel=\"noopener noreferrer\">http:\/\/www.kizclub.com\/food.htm<\/a><\/p>\n<p>El Rafael (P3) ens ha enviat un v\u00eddeo practicant angl\u00e8s amb el seu pare. Molt b\u00e9 Rafael, segueix aix\u00ed!<\/p>\n<p><iframe loading=\"lazy\" title=\"Rafael (P3) practica l&#039;angl\u00e8s!\" width=\"500\" height=\"281\" src=\"https:\/\/www.youtube.com\/embed\/vWSzg_7C-pY?feature=oembed\" frameborder=\"0\" allow=\"accelerometer; autoplay; clipboard-write; encrypted-media; gyroscope; picture-in-picture; web-share\" referrerpolicy=\"strict-origin-when-cross-origin\" allowfullscreen><\/iframe><\/p>\n<p>&nbsp;<\/p>\n","protected":false},"excerpt":{"rendered":"<p>RECURSOS GENERALS<br \/>\n&nbsp;<br \/>\n<a href=\"https:\/\/www.sesamestreet.org\" target=\"_blank\" rel=\"noopener noreferrer\">https:\/\/www.sesamestreet.org<\/a><br \/>\n<a href=\"https:\/\/supersimple.com\" target=\"_blank\" rel=\"noopener noreferrer\">https:\/\/supersimple.com<\/a><br \/>\n<a href=\"https:\/\/www.starfall.com\/h\/index-kindergarten.php\" target=\"_blank\" rel=\"noopener noreferrer\">https:\/\/www.starfall.com\/h\/index-kindergarten.php<\/a><br \/>\n<a href=\"http:\/\/pilarinthebox.com\" target=\"_blank\" rel=\"noopener noreferrer\">http:\/\/pilarinthebox.com<\/a><br \/>\n<a href=\"https:\/\/learnenglishkids.britishcouncil.org\/es\" target=\"_blank\" rel=\"noopener noreferrer\">https:\/\/learnenglishkids.britishcouncil.org\/es<\/a><br \/>\n<a href=\"http:\/\/www.kizclub.com\/index.html\" target=\"_blank\" rel=\"noopener noreferrer\">http:\/\/www.kizclub.com\/index.html<\/a><br \/>\n<a href=\"https:\/\/www.facebook.com\/petitlondoner\/\" target=\"_blank\" rel=\"noopener noreferrer\">https:\/\/www.facebook.com\/petitlondoner\/<\/a><br \/>\n&nbsp;<br \/>\nRECURSOS PER A EDUCACI\u00d3 INFANTIL<br \/>\n&nbsp;<br \/>\nHELLO\u00a0\ufe0f<br \/>\n-Hello Hello! Can You Clap Your Hands? | Original Kids Song |&hellip;  <a href=\"https:\/\/agora.xtec.cat\/escsantamaria\/activitats-joemquedoacasa\/angles\/\" title=\"Read Angl\u00e8s\">Llegeix m\u00e9s\u00bb<\/a><\/p>\n","protected":false},"author":3,"featured_media":0,"parent":11724,"menu_order":8,"comment_status":"closed","ping_status":"closed","template":"page-templates\/side-menu.php","meta":{"_bbp_topic_count":0,"_bbp_reply_count":0,"_bbp_total_topic_count":0,"_bbp_total_reply_count":0,"_bbp_voice_count":0,"_bbp_anonymous_reply_count":0,"_bbp_topic_count_hidden":0,"_bbp_reply_count_hidden":0,"_bbp_forum_subforum_count":0,"footnotes":""},"class_list":["post-11890","page","type-page","status-publish","hentry"],"post_mailing_queue_ids":[],"_links":{"self":[{"href":"https:\/\/agora.xtec.cat\/escsantamaria\/wp-json\/wp\/v2\/pages\/11890","targetHints":{"allow":["GET"]}}],"collection":[{"href":"https:\/\/agora.xtec.cat\/escsantamaria\/wp-json\/wp\/v2\/pages"}],"about":[{"href":"https:\/\/agora.xtec.cat\/escsantamaria\/wp-json\/wp\/v2\/types\/page"}],"author":[{"embeddable":true,"href":"https:\/\/agora.xtec.cat\/escsantamaria\/wp-json\/wp\/v2\/users\/3"}],"replies":[{"embeddable":true,"href":"https:\/\/agora.xtec.cat\/escsantamaria\/wp-json\/wp\/v2\/comments?post=11890"}],"version-history":[{"count":4,"href":"https:\/\/agora.xtec.cat\/escsantamaria\/wp-json\/wp\/v2\/pages\/11890\/revisions"}],"predecessor-version":[{"id":12048,"href":"https:\/\/agora.xtec.cat\/escsantamaria\/wp-json\/wp\/v2\/pages\/11890\/revisions\/12048"}],"up":[{"embeddable":true,"href":"https:\/\/agora.xtec.cat\/escsantamaria\/wp-json\/wp\/v2\/pages\/11724"}],"wp:attachment":[{"href":"https:\/\/agora.xtec.cat\/escsantamaria\/wp-json\/wp\/v2\/media?parent=11890"}],"curies":[{"name":"wp","href":"https:\/\/api.w.org\/{rel}","templated":true}]}}