{"id":11854,"date":"2020-03-23T12:39:50","date_gmt":"2020-03-23T11:39:50","guid":{"rendered":"http:\/\/agora.xtec.cat\/escsantamaria\/?page_id=11854"},"modified":"2020-03-23T13:33:45","modified_gmt":"2020-03-23T12:33:45","slug":"aprendemosencasatve","status":"publish","type":"page","link":"https:\/\/agora.xtec.cat\/escsantamaria\/activitats-joemquedoacasa\/aprendemosencasatve\/","title":{"rendered":"&#8220;Aprendemos en casa&#8221; TVE"},"content":{"rendered":"<h4>&#8220;Aprendemos en casa&#8221;<\/h4>\n<p>RTVE estrena avui dilluns &#8220;Aprendemos en casa&#8221;, una iniciativa del Ministerio de Educaci\u00f3n y Formaci\u00f3n Profesional per facilitar l&#8217;educaci\u00f3 des de la televisi\u00f3 p\u00fablica al llarg del temps que durin les mesures d&#8217;a\u00efllament per contenir el coronavirus.<\/p>\n<p>El dilluns 23 comen\u00e7a l&#8217;emissi\u00f3 d&#8217;aquest espai en la franja de mat\u00ed de Clan i La 2, que reforcen aix\u00ed el paper de la televisi\u00f3 lineal amb aquest projecte destinat a tota la poblaci\u00f3, especialment a aquelles fam\u00edlies que no disposen de connexi\u00f3 a internet.<\/p>\n<h4>Clan, de 6 a 12 anys<\/h4>\n<p>Les tres hores de Clan (de 9 a 12h) estaran destinades als alumnes d&#8217;Educaci\u00f3 Prim\u00e0ria:<\/p>\n<div class=\"section\">\n<ul>\n<li>De 6 a 8 anys (de 9 a 10h).<\/li>\n<li>de 8 a 10 anys (de 10 a 11h).<\/li>\n<li>de 10 a 12 anys (d&#8217;11 a 12h).<\/li>\n<\/ul>\n<p>Cada dia de la setmana es treballar\u00e0 una mat\u00e8ria:<\/p>\n<ul>\n<li>Matem\u00e0tiques, dilluns.<\/li>\n<li>Ci\u00e8ncies Socials, dimarts.<\/li>\n<li>E. Art\u00edstica i E.F\u00edsica, dimecres.<\/li>\n<li>Lleng\u00fces, dijous.<\/li>\n<li>Ci\u00e8ncies Naturals, divendres.<\/li>\n<\/ul>\n<\/div>\n<div class=\"section\"><\/div>\n<div class=\"section\">\n<h4>Educlan i &#8220;Mu\u00e9vete en casa&#8221;<\/h4>\n<\/div>\n<div class=\"section\">\n<p>RTVE amplia Educlan, un contingut de Clan en mitjans digitals (web, app i televisions smart). El canal ja compta amb 300 v\u00eddeos destinats als m\u00e9s petits.<\/p>\n<p>&#8220;Mu\u00e9vete en casa&#8221; \u00e9s un espai de La 2, presentat pel professor de fitness Cesc Escol\u00e0.<\/p>\n<h4>Enlla\u00e7 web RTVE<\/h4>\n<p><a href=\"https:\/\/www.rtve.es\/rtve\/20200320\/rtve-aprendemos-casa\/2010489.shtml\" target=\"_blank\" rel=\"noopener noreferrer\">https:\/\/www.rtve.es\/rtve\/20200320\/rtve-aprendemos-casa\/2010489.shtml<\/a><\/p>\n<p><a href=\"https:\/\/agora.xtec.cat\/escsantamaria\/wp-content\/uploads\/usu1256\/2020\/03\/Aprendemos-casa-programa-educativo-TVE_2215288486_14434034_1819x1024.jpg\"><img loading=\"lazy\" decoding=\"async\" class=\"aligncenter size-large wp-image-11861\" src=\"https:\/\/agora.xtec.cat\/escsantamaria\/wp-content\/uploads\/usu1256\/2020\/03\/Aprendemos-casa-programa-educativo-TVE_2215288486_14434034_1819x1024-1024x577.jpg\" alt=\"\" width=\"1024\" height=\"577\" srcset=\"https:\/\/agora.xtec.cat\/escsantamaria\/wp-content\/uploads\/usu1256\/2020\/03\/Aprendemos-casa-programa-educativo-TVE_2215288486_14434034_1819x1024-1024x577.jpg 1024w, https:\/\/agora.xtec.cat\/escsantamaria\/wp-content\/uploads\/usu1256\/2020\/03\/Aprendemos-casa-programa-educativo-TVE_2215288486_14434034_1819x1024-300x169.jpg 300w, https:\/\/agora.xtec.cat\/escsantamaria\/wp-content\/uploads\/usu1256\/2020\/03\/Aprendemos-casa-programa-educativo-TVE_2215288486_14434034_1819x1024-768x433.jpg 768w, https:\/\/agora.xtec.cat\/escsantamaria\/wp-content\/uploads\/usu1256\/2020\/03\/Aprendemos-casa-programa-educativo-TVE_2215288486_14434034_1819x1024.jpg 1818w\" sizes=\"auto, (max-width: 1024px) 100vw, 1024px\" \/><\/a><\/p>\n<p>&nbsp;<\/p>\n<\/div>\n","protected":false},"excerpt":{"rendered":"<p>&#8220;Aprendemos en casa&#8221;<br \/>\nRTVE estrena avui dilluns &#8220;Aprendemos en casa&#8221;, una iniciativa del Ministerio de Educaci\u00f3n y Formaci\u00f3n Profesional per facilitar l&#8217;educaci\u00f3 des de la televisi\u00f3 p\u00fablica al llarg del temps que durin les mesures d&#8217;a\u00efllament per contenir el coronavirus.<br \/>\nEl dilluns 23 comen\u00e7a l&#8217;emissi\u00f3 d&#8217;aquest espai&hellip;  <a href=\"https:\/\/agora.xtec.cat\/escsantamaria\/activitats-joemquedoacasa\/aprendemosencasatve\/\" title=\"Read &#8220;Aprendemos en casa&#8221; TVE\">Llegeix m\u00e9s\u00bb<\/a><\/p>\n","protected":false},"author":3,"featured_media":0,"parent":11724,"menu_order":0,"comment_status":"closed","ping_status":"closed","template":"page-templates\/side-menu.php","meta":{"_bbp_topic_count":0,"_bbp_reply_count":0,"_bbp_total_topic_count":0,"_bbp_total_reply_count":0,"_bbp_voice_count":0,"_bbp_anonymous_reply_count":0,"_bbp_topic_count_hidden":0,"_bbp_reply_count_hidden":0,"_bbp_forum_subforum_count":0,"footnotes":""},"class_list":["post-11854","page","type-page","status-publish","hentry"],"post_mailing_queue_ids":[],"_links":{"self":[{"href":"https:\/\/agora.xtec.cat\/escsantamaria\/wp-json\/wp\/v2\/pages\/11854","targetHints":{"allow":["GET"]}}],"collection":[{"href":"https:\/\/agora.xtec.cat\/escsantamaria\/wp-json\/wp\/v2\/pages"}],"about":[{"href":"https:\/\/agora.xtec.cat\/escsantamaria\/wp-json\/wp\/v2\/types\/page"}],"author":[{"embeddable":true,"href":"https:\/\/agora.xtec.cat\/escsantamaria\/wp-json\/wp\/v2\/users\/3"}],"replies":[{"embeddable":true,"href":"https:\/\/agora.xtec.cat\/escsantamaria\/wp-json\/wp\/v2\/comments?post=11854"}],"version-history":[{"count":3,"href":"https:\/\/agora.xtec.cat\/escsantamaria\/wp-json\/wp\/v2\/pages\/11854\/revisions"}],"predecessor-version":[{"id":11862,"href":"https:\/\/agora.xtec.cat\/escsantamaria\/wp-json\/wp\/v2\/pages\/11854\/revisions\/11862"}],"up":[{"embeddable":true,"href":"https:\/\/agora.xtec.cat\/escsantamaria\/wp-json\/wp\/v2\/pages\/11724"}],"wp:attachment":[{"href":"https:\/\/agora.xtec.cat\/escsantamaria\/wp-json\/wp\/v2\/media?parent=11854"}],"curies":[{"name":"wp","href":"https:\/\/api.w.org\/{rel}","templated":true}]}}