{"id":11744,"date":"2020-03-16T14:39:00","date_gmt":"2020-03-16T13:39:00","guid":{"rendered":"http:\/\/agora.xtec.cat\/escsantamaria\/?page_id=11744"},"modified":"2020-04-06T16:24:06","modified_gmt":"2020-04-06T14:24:06","slug":"enigmes","status":"publish","type":"page","link":"https:\/\/agora.xtec.cat\/escsantamaria\/activitats-joemquedoacasa\/enigmes\/","title":{"rendered":"Enigmes i jocs"},"content":{"rendered":"<h4 style=\"text-align: center;\">EL SENYOR ENIGMA<\/h4>\n<p>En aquest enlla\u00e7 podeu trobar enigmes per solucionar en fam\u00edlia. Animeu-vos que s\u00f3n molt divertits:\u00a0<a href=\"http:\/\/senyorenigma.blogspot.com\/\">http:\/\/senyorenigma.blogspot.com\/<\/a><\/p>\n<h4 style=\"text-align: center;\">JUGA A CASA!<\/h4>\n<p>L&#8217;Oriol Ripoll, especialista en gamificaci\u00f3, ens ha fet arribar uns jocs molt interessants als quals podem jugar durant aquests dies de confinament!<\/p>\n<p><a href=\"https:\/\/d65f3f3b-0dee-45dc-8e12-62efc51799a6.filesusr.com\/ugd\/560c0f_57accf1f39244f04b7b6b18b8a3cb78d.pdf\"><img loading=\"lazy\" decoding=\"async\" class=\"aligncenter wp-image-12024 size-full\" src=\"https:\/\/agora.xtec.cat\/escsantamaria\/wp-content\/uploads\/usu1256\/2020\/04\/descarga.jpg\" alt=\"\" width=\"197\" height=\"256\" \/><\/a><\/p>\n<p style=\"text-align: center;\"><a href=\"https:\/\/d65f3f3b-0dee-45dc-8e12-62efc51799a6.filesusr.com\/ugd\/560c0f_57accf1f39244f04b7b6b18b8a3cb78d.pdf\" target=\"_blank\" rel=\"noopener noreferrer\">Enlla\u00e7 PDF &#8220;Juga a casa&#8221;<\/a><\/p>\n<p>Envia&#8217;ns els teus enigmes al correu <a href=\"mailto:e3004031@xtec.cat\">e3004031@xtec.cat\u00a0<\/a> i els afegirem a aquesta secci\u00f3.<\/p>\n<p>Animeu-vos a participar!<\/p>\n<p>&nbsp;<\/p>\n","protected":false},"excerpt":{"rendered":"<p>EL SENYOR ENIGMA<br \/>\nEn aquest enlla\u00e7 podeu trobar enigmes per solucionar en fam\u00edlia. Animeu-vos que s\u00f3n molt divertits:\u00a0<a href=\"http:\/\/senyorenigma.blogspot.com\/\">http:\/\/senyorenigma.blogspot.com\/<\/a><br \/>\nJUGA A CASA!<br \/>\nL&#8217;Oriol Ripoll, especialista en gamificaci\u00f3, ens ha fet arribar uns jocs molt interessants als quals podem jugar durant aquests dies de confinament!<br \/>\n<a href=\"https:\/\/d65f3f3b-0dee-45dc-8e12-62efc51799a6.filesusr.com\/ugd\/560c0f_57accf1f39244f04b7b6b18b8a3cb78d.pdf\"><\/a><br \/>\n<a href=\"https:\/\/d65f3f3b-0dee-45dc-8e12-62efc51799a6.filesusr.com\/ugd\/560c0f_57accf1f39244f04b7b6b18b8a3cb78d.pdf\" target=\"_blank\" rel=\"noopener&hellip;  <a href=\"https:\/\/agora.xtec.cat\/escsantamaria\/activitats-joemquedoacasa\/enigmes\/\" title=\"Read Enigmes i jocs\">Llegeix m\u00e9s\u00bb<\/a><\/p>\n","protected":false},"author":3,"featured_media":0,"parent":11724,"menu_order":5,"comment_status":"closed","ping_status":"closed","template":"page-templates\/side-menu.php","meta":{"_bbp_topic_count":0,"_bbp_reply_count":0,"_bbp_total_topic_count":0,"_bbp_total_reply_count":0,"_bbp_voice_count":0,"_bbp_anonymous_reply_count":0,"_bbp_topic_count_hidden":0,"_bbp_reply_count_hidden":0,"_bbp_forum_subforum_count":0,"footnotes":""},"class_list":["post-11744","page","type-page","status-publish","hentry"],"post_mailing_queue_ids":[],"_links":{"self":[{"href":"https:\/\/agora.xtec.cat\/escsantamaria\/wp-json\/wp\/v2\/pages\/11744","targetHints":{"allow":["GET"]}}],"collection":[{"href":"https:\/\/agora.xtec.cat\/escsantamaria\/wp-json\/wp\/v2\/pages"}],"about":[{"href":"https:\/\/agora.xtec.cat\/escsantamaria\/wp-json\/wp\/v2\/types\/page"}],"author":[{"embeddable":true,"href":"https:\/\/agora.xtec.cat\/escsantamaria\/wp-json\/wp\/v2\/users\/3"}],"replies":[{"embeddable":true,"href":"https:\/\/agora.xtec.cat\/escsantamaria\/wp-json\/wp\/v2\/comments?post=11744"}],"version-history":[{"count":3,"href":"https:\/\/agora.xtec.cat\/escsantamaria\/wp-json\/wp\/v2\/pages\/11744\/revisions"}],"predecessor-version":[{"id":12027,"href":"https:\/\/agora.xtec.cat\/escsantamaria\/wp-json\/wp\/v2\/pages\/11744\/revisions\/12027"}],"up":[{"embeddable":true,"href":"https:\/\/agora.xtec.cat\/escsantamaria\/wp-json\/wp\/v2\/pages\/11724"}],"wp:attachment":[{"href":"https:\/\/agora.xtec.cat\/escsantamaria\/wp-json\/wp\/v2\/media?parent=11744"}],"curies":[{"name":"wp","href":"https:\/\/api.w.org\/{rel}","templated":true}]}}