{"id":11742,"date":"2020-03-16T14:38:37","date_gmt":"2020-03-16T13:38:37","guid":{"rendered":"http:\/\/agora.xtec.cat\/escsantamaria\/?page_id=11742"},"modified":"2020-03-18T19:23:08","modified_gmt":"2020-03-18T18:23:08","slug":"pagines-web","status":"publish","type":"page","link":"https:\/\/agora.xtec.cat\/escsantamaria\/activitats-joemquedoacasa\/pagines-web\/","title":{"rendered":"P\u00e0gines web"},"content":{"rendered":"<p>Envia&#8217;ns enlla\u00e7os que et semblin interessants al correu <a href=\"mailto:e3004031@xtec.cat\">e3004031@xtec.cat<\/a> i les afegirem a aquesta secci\u00f3.<\/p>\n<p>Animeu-vos a participar!<\/p>\n<p>WEBS DE RECURSOS RECOMANADES:<\/p>\n<p><a href=\"http:\/\/www.edu365.cat\">www.edu365.cat<\/a><\/p>\n<p><a href=\"https:\/\/projectes.xtec.cat\/programacioirobotica\/minireptes-scratch\/mini-reptes-scratch-inicials\/\" target=\"_blank\" rel=\"noopener noreferrer\">Mini-reptes Scratch (alumnes de 5\u00e8 i 6\u00e8)<\/a><\/p>\n<p><a href=\"http:\/\/code.org\">Code.org (programaci\u00f3 E. Prim\u00e0ria)<\/a><\/p>\n<p><a href=\"https:\/\/natibergada.cat\/recursos-educatius-per-aprendre-des-de-casa\" target=\"_blank\" rel=\"noopener noreferrer\">Web recursos Nati Bergad\u00e0\u00a0<\/a><\/p>\n<p><a href=\"http:\/\/www.ayudaparamaestros.com\/2020\/03\/28-videos-con-ejercicios-fisicos-yoga-y.html\" target=\"_blank\" rel=\"noopener noreferrer\">V\u00eddeos con ejercicios f\u00edsicos, yoga y zumba para ni\u00f1os<\/a><\/p>\n","protected":false},"excerpt":{"rendered":"<p>Envia&#8217;ns enlla\u00e7os que et semblin interessants al correu <a href=\"mailto:e3004031@xtec.cat\">e3004031@xtec.cat<\/a> i les afegirem a aquesta secci\u00f3.<br \/>\nAnimeu-vos a participar!<br \/>\nWEBS DE RECURSOS RECOMANADES:<br \/>\n<a href=\"http:\/\/www.edu365.cat\">www.edu365.cat<\/a><br \/>\n<a href=\"https:\/\/projectes.xtec.cat\/programacioirobotica\/minireptes-scratch\/mini-reptes-scratch-inicials\/\" target=\"_blank\" rel=\"noopener noreferrer\">Mini-reptes Scratch (alumnes de 5\u00e8 i 6\u00e8)<\/a><br \/>\n<a href=\"http:\/\/code.org\">Code.org (programaci\u00f3 E. Prim\u00e0ria)<\/a><br \/>\n<a href=\"https:\/\/natibergada.cat\/recursos-educatius-per-aprendre-des-de-casa\" target=\"_blank\" rel=\"noopener noreferrer\">Web recursos Nati Bergad\u00e0\u00a0<\/a><br \/>\n<a href=\"http:\/\/www.ayudaparamaestros.com\/2020\/03\/28-videos-con-ejercicios-fisicos-yoga-y.html\" target=\"_blank\"&hellip;  <a href=\"https:\/\/agora.xtec.cat\/escsantamaria\/activitats-joemquedoacasa\/pagines-web\/\" title=\"Read P\u00e0gines web\">Llegeix m\u00e9s\u00bb<\/a><\/p>\n","protected":false},"author":3,"featured_media":0,"parent":11724,"menu_order":4,"comment_status":"closed","ping_status":"closed","template":"page-templates\/side-menu.php","meta":{"_bbp_topic_count":0,"_bbp_reply_count":0,"_bbp_total_topic_count":0,"_bbp_total_reply_count":0,"_bbp_voice_count":0,"_bbp_anonymous_reply_count":0,"_bbp_topic_count_hidden":0,"_bbp_reply_count_hidden":0,"_bbp_forum_subforum_count":0,"footnotes":""},"class_list":["post-11742","page","type-page","status-publish","hentry"],"post_mailing_queue_ids":[],"_links":{"self":[{"href":"https:\/\/agora.xtec.cat\/escsantamaria\/wp-json\/wp\/v2\/pages\/11742","targetHints":{"allow":["GET"]}}],"collection":[{"href":"https:\/\/agora.xtec.cat\/escsantamaria\/wp-json\/wp\/v2\/pages"}],"about":[{"href":"https:\/\/agora.xtec.cat\/escsantamaria\/wp-json\/wp\/v2\/types\/page"}],"author":[{"embeddable":true,"href":"https:\/\/agora.xtec.cat\/escsantamaria\/wp-json\/wp\/v2\/users\/3"}],"replies":[{"embeddable":true,"href":"https:\/\/agora.xtec.cat\/escsantamaria\/wp-json\/wp\/v2\/comments?post=11742"}],"version-history":[{"count":3,"href":"https:\/\/agora.xtec.cat\/escsantamaria\/wp-json\/wp\/v2\/pages\/11742\/revisions"}],"predecessor-version":[{"id":11829,"href":"https:\/\/agora.xtec.cat\/escsantamaria\/wp-json\/wp\/v2\/pages\/11742\/revisions\/11829"}],"up":[{"embeddable":true,"href":"https:\/\/agora.xtec.cat\/escsantamaria\/wp-json\/wp\/v2\/pages\/11724"}],"wp:attachment":[{"href":"https:\/\/agora.xtec.cat\/escsantamaria\/wp-json\/wp\/v2\/media?parent=11742"}],"curies":[{"name":"wp","href":"https:\/\/api.w.org\/{rel}","templated":true}]}}