{"id":11726,"date":"2020-03-15T21:18:52","date_gmt":"2020-03-15T20:18:52","guid":{"rendered":"http:\/\/agora.xtec.cat\/escsantamaria\/?page_id=11726"},"modified":"2020-04-22T18:43:17","modified_gmt":"2020-04-22T16:43:17","slug":"booktubers","status":"publish","type":"page","link":"https:\/\/agora.xtec.cat\/escsantamaria\/activitats-joemquedoacasa\/booktubers\/","title":{"rendered":"Booktubers"},"content":{"rendered":"<p>&nbsp;<\/p>\n<p style=\"text-align: justify;\"><strong>Benvinguts a l&#8217;espai booktubers de l&#8217;Escola Santa Maria del Mar!\u00a0<\/strong><\/p>\n<p style=\"text-align: justify;\">Sou alumnes de Prim\u00e0ria? Us agrada la lectura? Voleu sentir-vos &#8220;youtubers&#8221; per un dia? Doncs aquest \u00e9s el vostre espai!<\/p>\n<p style=\"text-align: justify;\">Volem que aprofiteu aquests dies tan durs de confinament per llegir algun llibre que us agradi.<strong> Una vegada acabeu el llibre, ens agradaria que ens envieu una ressenya (en v\u00eddeo)<\/strong> que contingui els seg\u00fcents apartats:<\/p>\n<ul style=\"text-align: justify;\">\n<li>Nom i autor\/a del llibre<\/li>\n<li>Explicaci\u00f3 breu de l&#8217;argument (sense spoilers!)<\/li>\n<li>Opini\u00f3 personal (m&#8217;agrada\/no m&#8217;agrada i per qu\u00e8)<\/li>\n<\/ul>\n<p style=\"text-align: justify;\">Podeu enviar els vostres v\u00eddeos al correu<a href=\"e3004931@xtec.cat\"> e3004931@xtec.cat, <\/a>tot i que si el v\u00eddeo ocupa m\u00e9s de 20mb, haureu de penjar-lo al n\u00favol (Youtube, Google Drive&#8230;) i enviar-nos l&#8217;enlla\u00e7. Podeu demanar ajuda als vostres familiars o enviar-nos un missatge si teniu dificultats per enregistrar o enviar els v\u00eddeos, estarem encantats d&#8217;ajudar-vos. Tots els v\u00eddeos rebuts es compartiran en aquest espai de la nostra p\u00e0gina web i els alumnes participants rebran un petit obsequi.<\/p>\n<p style=\"text-align: justify;\">ANIMEU-VOS A PARTICIPAR!<\/p>\n<p style=\"text-align: justify;\">Qu\u00e8 s\u00f3n els booktubers?<\/p>\n<p><iframe loading=\"lazy\" title=\"TV3 - Generaci\u00f3 Digital - Qu\u00e8 s\u00f3n els &quot;booktubers&quot;?\" width=\"500\" height=\"281\" src=\"https:\/\/www.youtube.com\/embed\/yHcZU6_2DHw?feature=oembed\" frameborder=\"0\" allow=\"accelerometer; autoplay; clipboard-write; encrypted-media; gyroscope; picture-in-picture; web-share\" referrerpolicy=\"strict-origin-when-cross-origin\" allowfullscreen><\/iframe><\/p>\n<p>Booktubers interessants<\/p>\n<p><a href=\"https:\/\/www.educaciontrespuntocero.com\/recursos\/booktubers-recomendar-alumnos\/\" target=\"_blank\" rel=\"noopener noreferrer\">https:\/\/www.educaciontrespuntocero.com\/recursos\/booktubers-recomendar-alumnos\/<\/a><\/p>\n<h4>V\u00cdDEOS REBUTS<\/h4>\n<p>Hiba (5\u00e8) &#8211; Quin temps far\u00e0 dem\u00e0?<\/p>\n<p><iframe loading=\"lazy\" title=\"Booktubers (Hiba) - Quin temps far\u00e0 dem\u00e0?\" width=\"500\" height=\"281\" src=\"https:\/\/www.youtube.com\/embed\/NBt8rIpfe8o?feature=oembed\" frameborder=\"0\" allow=\"accelerometer; autoplay; clipboard-write; encrypted-media; gyroscope; picture-in-picture; web-share\" referrerpolicy=\"strict-origin-when-cross-origin\" allowfullscreen><\/iframe><\/p>\n<p>\u00c8lia (3r)- Tea Stilton: Misteri entre bastidors<\/p>\n<p><iframe loading=\"lazy\" title=\"\u00c8lia (3r) Booktubers\" width=\"500\" height=\"281\" src=\"https:\/\/www.youtube.com\/embed\/Q-9oJd2L9jk?feature=oembed\" frameborder=\"0\" allow=\"accelerometer; autoplay; clipboard-write; encrypted-media; gyroscope; picture-in-picture; web-share\" referrerpolicy=\"strict-origin-when-cross-origin\" allowfullscreen><\/iframe><\/p>\n<p>GORKA (3r B) &#8211; Tom &#8216;o clock, assalt al Museu de Cera<\/p>\n<p><iframe loading=\"lazy\" title=\"Tom o&#039;clock, assalt al Museu de Cera - Gorka 3rB\" width=\"500\" height=\"281\" src=\"https:\/\/www.youtube.com\/embed\/aSLxzAjzMFE?feature=oembed\" frameborder=\"0\" allow=\"accelerometer; autoplay; clipboard-write; encrypted-media; gyroscope; picture-in-picture; web-share\" referrerpolicy=\"strict-origin-when-cross-origin\" allowfullscreen><\/iframe><\/p>\n","protected":false},"excerpt":{"rendered":"<p>&nbsp;<br \/>\nBenvinguts a l&#8217;espai booktubers de l&#8217;Escola Santa Maria del Mar!\u00a0<br \/>\nSou alumnes de Prim\u00e0ria? Us agrada la lectura? Voleu sentir-vos &#8220;youtubers&#8221; per un dia? Doncs aquest \u00e9s el vostre espai!<br \/>\nVolem que aprofiteu aquests dies tan durs de confinament per llegir algun llibre que us agradi. Una&hellip;  <a href=\"https:\/\/agora.xtec.cat\/escsantamaria\/activitats-joemquedoacasa\/booktubers\/\" title=\"Read Booktubers\">Llegeix m\u00e9s\u00bb<\/a><\/p>\n","protected":false},"author":3,"featured_media":0,"parent":11724,"menu_order":1,"comment_status":"closed","ping_status":"closed","template":"page-templates\/side-menu.php","meta":{"_bbp_topic_count":0,"_bbp_reply_count":0,"_bbp_total_topic_count":0,"_bbp_total_reply_count":0,"_bbp_voice_count":0,"_bbp_anonymous_reply_count":0,"_bbp_topic_count_hidden":0,"_bbp_reply_count_hidden":0,"_bbp_forum_subforum_count":0,"footnotes":""},"class_list":["post-11726","page","type-page","status-publish","hentry"],"post_mailing_queue_ids":[],"_links":{"self":[{"href":"https:\/\/agora.xtec.cat\/escsantamaria\/wp-json\/wp\/v2\/pages\/11726","targetHints":{"allow":["GET"]}}],"collection":[{"href":"https:\/\/agora.xtec.cat\/escsantamaria\/wp-json\/wp\/v2\/pages"}],"about":[{"href":"https:\/\/agora.xtec.cat\/escsantamaria\/wp-json\/wp\/v2\/types\/page"}],"author":[{"embeddable":true,"href":"https:\/\/agora.xtec.cat\/escsantamaria\/wp-json\/wp\/v2\/users\/3"}],"replies":[{"embeddable":true,"href":"https:\/\/agora.xtec.cat\/escsantamaria\/wp-json\/wp\/v2\/comments?post=11726"}],"version-history":[{"count":4,"href":"https:\/\/agora.xtec.cat\/escsantamaria\/wp-json\/wp\/v2\/pages\/11726\/revisions"}],"predecessor-version":[{"id":12268,"href":"https:\/\/agora.xtec.cat\/escsantamaria\/wp-json\/wp\/v2\/pages\/11726\/revisions\/12268"}],"up":[{"embeddable":true,"href":"https:\/\/agora.xtec.cat\/escsantamaria\/wp-json\/wp\/v2\/pages\/11724"}],"wp:attachment":[{"href":"https:\/\/agora.xtec.cat\/escsantamaria\/wp-json\/wp\/v2\/media?parent=11726"}],"curies":[{"name":"wp","href":"https:\/\/api.w.org\/{rel}","templated":true}]}}