{"id":11724,"date":"2020-03-15T21:18:28","date_gmt":"2020-03-15T20:18:28","guid":{"rendered":"http:\/\/agora.xtec.cat\/escsantamaria\/?page_id=11724"},"modified":"2020-03-23T14:10:53","modified_gmt":"2020-03-23T13:10:53","slug":"activitats-joemquedoacasa","status":"publish","type":"page","link":"https:\/\/agora.xtec.cat\/escsantamaria\/activitats-joemquedoacasa\/","title":{"rendered":"Activitats #joemquedoacasa"},"content":{"rendered":"<h4>PRESENTACI\u00d3 ACTIVITATS #JOEMQUEDOACASA<\/h4>\n<p style=\"text-align: justify;\">Benvolgudes fam\u00edlies,<\/p>\n<p style=\"text-align: justify;\">Com ja sabeu, hem creat un apartat a la web amb recursos, anomenat &#8220;Activitats #joemquedoacasa&#8221;. Al llarg d&#8217;aquests dies <strong>hem anat ampliant aquest espai<\/strong> amb programes de televisi\u00f3, recomanacions del Departament d&#8217;Educaci\u00f3, activitats proposades pels mestres, activitats i v\u00eddeos que heu enviat les fam\u00edlies, etc. Us convidem a entrar per veure totes les novetats!<\/p>\n<p style=\"text-align: justify;\"><strong>Volem ajudar-vos i acompanyar-vos\u00a0<\/strong><span class=\"text_exposed_show\"><strong>durant aquests dies de confinament<\/strong>. Per aquest motiu, a m\u00e9s de les recomanacions que trobareu en aquest apartat de la web, anireu rebent missatges i tasques a trav\u00e9s de Tok App School (a 5\u00e8 i 6\u00e8 tamb\u00e9 a trav\u00e9s d&#8217;Edmodo).<\/span><\/p>\n<div class=\"text_exposed_show\" style=\"text-align: justify;\">\n<p>Per facilitar-vos el contacte amb els mestres, hem afegit un apartat amb les <strong>adreces de correu electr\u00f2nic que hem creat per a cada mestre\/a<\/strong>. Escriviu-nos si teniu algun dubte o si simplement voleu compartir alguna cosa amb nosaltres, estarem encantats d&#8217;ajudar-vos.<\/p>\n<p>Aprofitem per enviar-vos molts \u00e0nims i una abra\u00e7ada molt forta. Estem segurs que aviat podrem retrobar-nos!<\/p>\n<p>#elsantaesquedaacasa #juntsguanyarem<\/p>\n<\/div>\n<h4 style=\"text-align: justify;\"><strong>COM ENVIO LES MEVES ACTIVITATS?\u00a0<\/strong><\/h4>\n<p style=\"text-align: justify;\"><strong>Us animeu a compartir amb nosaltres activitats que realitzeu a casa durant aquests dies de confinament? Poden ser jocs, manualitats, enigmes, contes&#8230;<\/strong>Creiem que compartir aquests recursos pot ajudar els nostres nens i nenes a passar estones entretingudes durant aquests durs dies de confinament.<\/p>\n<p style=\"text-align: justify;\">Per fer-ho, nom\u00e9s cal que envieu un correu a <a href=\"mailto:e3004931@xtec.cat\">e3004931@xtec.cat <\/a>i nosaltres ens encarregarem de penjar les activitats proposades en aquest espai. A la barra lateral esquerra (part inferior si entreu des d&#8217;un m\u00f2bil) trobareu publicades les activitats per categories (manualitats, contes, enigmes&#8230;).<\/p>\n<p style=\"text-align: justify;\">Tamb\u00e9 hem inaugurat un nou espai, l&#8217;espai <strong>Booktubers, <\/strong>en el qual els alumnes de Prim\u00e0ria poden compartir v\u00eddeo-ressenyes dels seus llibres favorits:<\/p>\n<p style=\"text-align: justify;\"><a href=\"https:\/\/agora.xtec.cat\/escsantamaria\/activitats-joemquedoacasa\/booktubers\/\" target=\"_blank\" rel=\"noopener noreferrer\">https:\/\/agora.xtec.cat\/escsantamaria\/activitats-joemquedoacasa\/booktubers\/<\/a><\/p>\n<p style=\"text-align: justify;\">Moltes gr\u00e0cies per la vostra col\u00b7laboraci\u00f3!<\/p>\n<p style=\"text-align: justify;\"><img loading=\"lazy\" decoding=\"async\" class=\"size-full wp-image-11735\" src=\"https:\/\/agora.xtec.cat\/escsantamaria\/wp-content\/uploads\/usu1256\/2020\/03\/JOEMQUEDOACASA.png\" alt=\"\" width=\"728\" height=\"90\" srcset=\"https:\/\/agora.xtec.cat\/escsantamaria\/wp-content\/uploads\/usu1256\/2020\/03\/JOEMQUEDOACASA.png 728w, https:\/\/agora.xtec.cat\/escsantamaria\/wp-content\/uploads\/usu1256\/2020\/03\/JOEMQUEDOACASA-300x37.png 300w\" sizes=\"auto, (max-width: 728px) 100vw, 728px\" \/><\/p>\n<p>&nbsp;<\/p>\n","protected":false},"excerpt":{"rendered":"<p>PRESENTACI\u00d3 ACTIVITATS #JOEMQUEDOACASA<br \/>\nBenvolgudes fam\u00edlies,<br \/>\nCom ja sabeu, hem creat un apartat a la web amb recursos, anomenat &#8220;Activitats #joemquedoacasa&#8221;. Al llarg d&#8217;aquests dies hem anat ampliant aquest espai amb programes de televisi\u00f3, recomanacions del Departament d&#8217;Educaci\u00f3, activitats proposades pels mestres, activitats i v\u00eddeos que heu enviat&hellip;  <a href=\"https:\/\/agora.xtec.cat\/escsantamaria\/activitats-joemquedoacasa\/\" title=\"Read Activitats #joemquedoacasa\">Llegeix m\u00e9s\u00bb<\/a><\/p>\n","protected":false},"author":3,"featured_media":0,"parent":0,"menu_order":0,"comment_status":"closed","ping_status":"closed","template":"page-templates\/side-menu.php","meta":{"_bbp_topic_count":0,"_bbp_reply_count":0,"_bbp_total_topic_count":0,"_bbp_total_reply_count":0,"_bbp_voice_count":0,"_bbp_anonymous_reply_count":0,"_bbp_topic_count_hidden":0,"_bbp_reply_count_hidden":0,"_bbp_forum_subforum_count":0,"footnotes":""},"class_list":["post-11724","page","type-page","status-publish","hentry"],"post_mailing_queue_ids":[],"_links":{"self":[{"href":"https:\/\/agora.xtec.cat\/escsantamaria\/wp-json\/wp\/v2\/pages\/11724","targetHints":{"allow":["GET"]}}],"collection":[{"href":"https:\/\/agora.xtec.cat\/escsantamaria\/wp-json\/wp\/v2\/pages"}],"about":[{"href":"https:\/\/agora.xtec.cat\/escsantamaria\/wp-json\/wp\/v2\/types\/page"}],"author":[{"embeddable":true,"href":"https:\/\/agora.xtec.cat\/escsantamaria\/wp-json\/wp\/v2\/users\/3"}],"replies":[{"embeddable":true,"href":"https:\/\/agora.xtec.cat\/escsantamaria\/wp-json\/wp\/v2\/comments?post=11724"}],"version-history":[{"count":4,"href":"https:\/\/agora.xtec.cat\/escsantamaria\/wp-json\/wp\/v2\/pages\/11724\/revisions"}],"predecessor-version":[{"id":11867,"href":"https:\/\/agora.xtec.cat\/escsantamaria\/wp-json\/wp\/v2\/pages\/11724\/revisions\/11867"}],"wp:attachment":[{"href":"https:\/\/agora.xtec.cat\/escsantamaria\/wp-json\/wp\/v2\/media?parent=11724"}],"curies":[{"name":"wp","href":"https:\/\/api.w.org\/{rel}","templated":true}]}}