{"id":11634,"date":"2020-02-20T12:42:32","date_gmt":"2020-02-20T11:42:32","guid":{"rendered":"http:\/\/agora.xtec.cat\/escsantamaria\/?page_id=11634"},"modified":"2020-02-20T12:54:22","modified_gmt":"2020-02-20T11:54:22","slug":"7-la-musica","status":"publish","type":"page","link":"https:\/\/agora.xtec.cat\/escsantamaria\/projectes\/cantania-2020\/7-la-musica\/","title":{"rendered":"7. La m\u00fasica"},"content":{"rendered":"<p>CAN\u00c7\u00d3 AMB LLETRA<\/p>\n<p><iframe loading=\"lazy\" title=\"CANT\u00c0NIA 2020: VIRTUAL. 07 La M\u00fasica\" width=\"500\" height=\"281\" src=\"https:\/\/www.youtube.com\/embed\/omGWmepCyek?list=PLtlmtT5fn4zGNlpMWU78yC7elLV5CDk6N\" frameborder=\"0\" allow=\"accelerometer; autoplay; clipboard-write; encrypted-media; gyroscope; picture-in-picture; web-share\" referrerpolicy=\"strict-origin-when-cross-origin\" allowfullscreen><\/iframe><\/p>\n<p>&nbsp;<\/p>\n<p>COREOGRAFIA<\/p>\n<p>https:\/\/youtu.be\/hSAElV7ERsQ<\/p>\n","protected":false},"excerpt":{"rendered":"<p>CAN\u00c7\u00d3 AMB LLETRA<\/p>\n<p>&nbsp;<br \/>\nCOREOGRAFIA<br \/>\nhttps:\/\/youtu.be\/hSAElV7ERsQ<\/p>\n","protected":false},"author":3,"featured_media":0,"parent":11619,"menu_order":7,"comment_status":"closed","ping_status":"closed","template":"page-templates\/side-menu.php","meta":{"_bbp_topic_count":0,"_bbp_reply_count":0,"_bbp_total_topic_count":0,"_bbp_total_reply_count":0,"_bbp_voice_count":0,"_bbp_anonymous_reply_count":0,"_bbp_topic_count_hidden":0,"_bbp_reply_count_hidden":0,"_bbp_forum_subforum_count":0,"footnotes":""},"class_list":["post-11634","page","type-page","status-publish","hentry"],"post_mailing_queue_ids":[],"_links":{"self":[{"href":"https:\/\/agora.xtec.cat\/escsantamaria\/wp-json\/wp\/v2\/pages\/11634","targetHints":{"allow":["GET"]}}],"collection":[{"href":"https:\/\/agora.xtec.cat\/escsantamaria\/wp-json\/wp\/v2\/pages"}],"about":[{"href":"https:\/\/agora.xtec.cat\/escsantamaria\/wp-json\/wp\/v2\/types\/page"}],"author":[{"embeddable":true,"href":"https:\/\/agora.xtec.cat\/escsantamaria\/wp-json\/wp\/v2\/users\/3"}],"replies":[{"embeddable":true,"href":"https:\/\/agora.xtec.cat\/escsantamaria\/wp-json\/wp\/v2\/comments?post=11634"}],"version-history":[{"count":3,"href":"https:\/\/agora.xtec.cat\/escsantamaria\/wp-json\/wp\/v2\/pages\/11634\/revisions"}],"predecessor-version":[{"id":11650,"href":"https:\/\/agora.xtec.cat\/escsantamaria\/wp-json\/wp\/v2\/pages\/11634\/revisions\/11650"}],"up":[{"embeddable":true,"href":"https:\/\/agora.xtec.cat\/escsantamaria\/wp-json\/wp\/v2\/pages\/11619"}],"wp:attachment":[{"href":"https:\/\/agora.xtec.cat\/escsantamaria\/wp-json\/wp\/v2\/media?parent=11634"}],"curies":[{"name":"wp","href":"https:\/\/api.w.org\/{rel}","templated":true}]}}